{"id":30920,"date":"2024-04-09T23:02:44","date_gmt":"2024-04-09T23:02:44","guid":{"rendered":"https:\/\/cheveuxluxe.com\/index.php\/product\/loreal-fixateur-x-tenso-1l\/"},"modified":"2024-04-13T14:12:30","modified_gmt":"2024-04-13T14:12:30","slug":"loreal-fixateur-x-tenso-1l","status":"publish","type":"product","link":"https:\/\/cheveuxluxe.com\/index.php\/product\/loreal-fixateur-x-tenso-1l\/","title":{"rendered":"L&rsquo;Or\u00e9al Fixateur X-Tenso 1l"},"content":{"rendered":"<div class=\"product-content_bottom\">\n<div class=\"pdp-info\">\n<div class=\"pdp-tabs tab-container\">\n<div class=\"tab js-tab\">\n<h3 class=\"tab-title pdp-tabs_title js-tab-mobile-title open\"><span>Points cl\u00e9s<\/span><\/h3>\n<div class=\"tab-description pdp-tabs_description js-tab-description open\" itemprop=\"description\">\n<ul>\n<li> Lait fixateur<\/li>\n<li>Lissage professionnel<\/li>\n<li>Sans ammoniaque<\/li>\n<li>Cheveux brillants <\/li>\n<\/ul>\n<\/div>\n<\/div>\n<div class=\"tab js-tab\">\n<h3 class=\"tab-title pdp-tabs_title js-tab-mobile-title\"><span>Description<\/span><\/h3>\n<div class=\"tab-description pdp-tabs_description js-tab-description\" itemprop=\"description\">Le lait fixateur lissage X-Tenso de L\u2019Or\u00e9al est un soin de lissage professionnel qui s\u2019utilise apr\u00e8s l\u2019application et le rin\u00e7age de la cr\u00e8me de lissage X-Tenso. Il est la solution id\u00e9ale pour redonner souplesse et brillance \u00e0 la chevelure et raviver petit \u00e0 petit les cheveux ab\u00eem\u00e9s, fourchus ou cassants.Ce produit est une petite r\u00e9volution pour celles et ceux qui ont du mal \u00e0 dompter leur chevelure. Il permet un gain de temps quotidien pendant le lissage. Sa contenance de 1 litre est parfaite pour r\u00e9aliser plusieurs lissages. De plus, il est formul\u00e9 sans ammoniaque, pour un respect total de la chevelure. Des cheveux plus disciplin\u00e9s, avec plus de contr\u00f4le.Ce soin X-Tenso ne convient pas aux cheveux de type afro et cr\u00e9pus et ne s\u2019applique pas sur des cheveux d\u00e9j\u00e0 d\u00e9fris\u00e9s.<\/div>\n<\/div>\n<div class=\"tab js-tab\">\n<h3 class=\"tab-title pdp-tabs_title js-tab-mobile-title\"><span>Mode d&#8217;emploi<\/span><\/h3>\n<div class=\"tab-description pdp-tabs_description js-tab-description\">\u2013\u00a0Apr\u00e8s avoir pos\u00e9 puis rinc\u00e9 la cr\u00e8me de lissage X-Tenso, appliquez le lait fixateur lissage au pinceau (environ 100\u00a0ml, en fonction de la chevelure).\u2013\u00a0Laissez poser environ 10 minutes, puis rincez abondamment.\u2013\u00a0Proc\u00e9dez au coiffage habituel.<\/div>\n<\/div>\n<div class=\"tab js-tab\">\n<h3 class=\"tab-title pdp-tabs_title js-tab-mobile-title\"><span>Ingr\u00e9dients<\/span><\/h3>\n<div class=\"tab-description pdp-tabs_description js-tab-description\">AQUA \/ WATER, STEARETH-2, HYDROGEN PEROXIDE, GLYCERIN, BEHENTRIMONIUM CHLORIDE, TETRASODIUM ETIDRONATE, TETRASODIUM PYROPHOSPHATE, SODIUM SALICYLATE, PHOSPHORIC ACID, PARFUM \/ FRAGRANCE<\/div>\n<\/div>\n<div class=\"tab js-tab\">\n<h3 class=\"tab-title pdp-tabs_title js-tab-mobile-title\"><span>Livraison et stock<\/span><\/h3>\n<div class=\"tab-description pdp-tabs_description js-tab-description\">\n<div class=\"pdp-delivery_info\">\n<div class=\"content-asset\">Livraison et d\u00e9laisRetours et remboursements<\/div>\n<\/div>\n<\/div>\n<\/div>\n<\/div>\n<\/div>\n<\/div>\n","protected":false},"excerpt":{"rendered":"<p>Points cl\u00e9s Lait fixateur Lissage professionnel Sans ammoniaque Cheveux brillants Description Le lait fixateur lissage&hellip;<\/p>\n","protected":false},"featured_media":16225,"comment_status":"open","ping_status":"closed","template":"","meta":[],"pwb-brand":[649],"product_cat":[598],"product_tag":[325,127,599],"class_list":{"0":"post-30920","1":"product","2":"type-product","3":"status-publish","4":"has-post-thumbnail","6":"pwb-brand-loreal-professionnel","7":"product_cat-type-de-cheveux","8":"product_tag-loreal-professionnel","9":"product_tag-shampooing-et-coiffure","10":"product_tag-type-de-cheveux","12":"first","13":"instock","14":"taxable","15":"shipping-taxable","16":"purchasable","17":"product-type-simple","18":"layout-style-3","19":"col-md-4 col-sm-4 col-xs-6","20":"col-lg-3","21":"product-style-default"},"aioseo_notices":[],"brands":[{"id":649,"name":"L'Or\u00e9al Professionnel","slug":"loreal-professionnel"}],"_links":{"self":[{"href":"https:\/\/cheveuxluxe.com\/index.php\/wp-json\/wp\/v2\/product\/30920","targetHints":{"allow":["GET"]}}],"collection":[{"href":"https:\/\/cheveuxluxe.com\/index.php\/wp-json\/wp\/v2\/product"}],"about":[{"href":"https:\/\/cheveuxluxe.com\/index.php\/wp-json\/wp\/v2\/types\/product"}],"replies":[{"embeddable":true,"href":"https:\/\/cheveuxluxe.com\/index.php\/wp-json\/wp\/v2\/comments?post=30920"}],"version-history":[{"count":0,"href":"https:\/\/cheveuxluxe.com\/index.php\/wp-json\/wp\/v2\/product\/30920\/revisions"}],"wp:featuredmedia":[{"embeddable":true,"href":"https:\/\/cheveuxluxe.com\/index.php\/wp-json\/wp\/v2\/media\/16225"}],"wp:attachment":[{"href":"https:\/\/cheveuxluxe.com\/index.php\/wp-json\/wp\/v2\/media?parent=30920"}],"wp:term":[{"taxonomy":"pwb-brand","embeddable":true,"href":"https:\/\/cheveuxluxe.com\/index.php\/wp-json\/wp\/v2\/pwb-brand?post=30920"},{"taxonomy":"product_cat","embeddable":true,"href":"https:\/\/cheveuxluxe.com\/index.php\/wp-json\/wp\/v2\/product_cat?post=30920"},{"taxonomy":"product_tag","embeddable":true,"href":"https:\/\/cheveuxluxe.com\/index.php\/wp-json\/wp\/v2\/product_tag?post=30920"}],"curies":[{"name":"wp","href":"https:\/\/api.w.org\/{rel}","templated":true}]}}