{"id":30922,"date":"2024-04-09T23:02:47","date_gmt":"2024-04-09T23:02:47","guid":{"rendered":"https:\/\/cheveuxluxe.com\/index.php\/product\/loreal-professionnel-neutralisant-dulcia-advanced-1l\/"},"modified":"2024-04-13T14:21:57","modified_gmt":"2024-04-13T14:21:57","slug":"loreal-professionnel-neutralisant-dulcia-advanced-1l","status":"publish","type":"product","link":"https:\/\/cheveuxluxe.com\/index.php\/product\/loreal-professionnel-neutralisant-dulcia-advanced-1l\/","title":{"rendered":"L&rsquo;Or\u00e9al Professionnel Neutralisant Dulcia Advanced 1L"},"content":{"rendered":"<div class=\"product-content_bottom\">\n<div class=\"pdp-info\">\n<div class=\"pdp-tabs tab-container\">\n<div class=\"tab js-tab\">\n<h3 class=\"tab-title pdp-tabs_title js-tab-mobile-title open\"><span>Points cl\u00e9s<\/span><\/h3>\n<div class=\"tab-description pdp-tabs_description js-tab-description open\" itemprop=\"description\">\n<ul>\n<li> Fixe l\u2019action du r\u00e9ducteur<\/li>\n<li>Soin<\/li>\n<li>Ion\u00e8ne G<\/li>\n<li>Permanente<\/li>\n<li>Boucles souples et toniques <\/li>\n<\/ul>\n<\/div>\n<\/div>\n<div class=\"tab js-tab\">\n<h3 class=\"tab-title pdp-tabs_title js-tab-mobile-title\"><span>Description<\/span><\/h3>\n<div class=\"tab-description pdp-tabs_description js-tab-description\" itemprop=\"description\">Avec son apport en hydrog\u00e8ne et en agents protecteurs d\u2019hydratation Ion\u00e8ne G, le Neutralisant Dulcia Advanced de L\u2019Or\u00e9al p\u00e9n\u00e8tre au plus profond de la fibre capillaire pour la fixer dans sa nouvelle position. La chevelure garde plus longtemps ses boucles ou ses vagues souples et toniques. R\u00e9par\u00e9s en leur c\u0153ur, les cheveux restent hydrat\u00e9s, doux et brillants.L\u2019obtention de belles boucles passe par un changement de la nature du cheveu. Ainsi, apr\u00e8s le r\u00e9ducteur, qui casse la forme initiale du cheveu, le fixateur stabilise et bloque la nouvelle courbure de la fibre. Les maillons de la cha\u00eene int\u00e9rieure du cheveu sont soud\u00e9s et combl\u00e9s, pour un r\u00e9sultat durable et une chevelure saine.<\/div>\n<\/div>\n<div class=\"tab js-tab\">\n<h3 class=\"tab-title pdp-tabs_title js-tab-mobile-title\"><span>Mode d&#8217;emploi<\/span><\/h3>\n<div class=\"tab-description pdp-tabs_description js-tab-description\">\u2013\u00a0Apr\u00e8s le rin\u00e7age du r\u00e9ducteur et l\u2019essorage soigneux des rouleaux, appliquez 100\u00a0ml de Neutralisant Dulcia Advanced \u00e0 l\u2019\u00e9ponge sur chacune des m\u00e8ches enroul\u00e9es.\u2013\u00a0Laissez agir 5\u00a0minutes, puis d\u00e9roulez d\u00e9licatement les cheveux, sans tirer.Pour une efficacit\u00e9 optimale, le fixateur s\u2019utilise apr\u00e8s le r\u00e9ducteur Dulcia Advanced.<\/div>\n<\/div>\n<div class=\"tab js-tab\">\n<h3 class=\"tab-title pdp-tabs_title js-tab-mobile-title\"><span>Ingr\u00e9dients<\/span><\/h3>\n<div class=\"tab-description pdp-tabs_description js-tab-description\">AQUA \/ WATER, HYDROGEN PEROXIDE, LAURAMINE OXIDE, POLYQUATERNIUM-6, PHOSPHORIC ACID, TETRASODIUM ETIDRONATE, TETRASODIUM PYROPHOSPHATE, SODIUM SALICYLATE, BENZOPHENONE-4<\/div>\n<\/div>\n<div class=\"tab js-tab\">\n<h3 class=\"tab-title pdp-tabs_title js-tab-mobile-title\"><span>Livraison et stock<\/span><\/h3>\n<div class=\"tab-description pdp-tabs_description js-tab-description\">\n<div class=\"pdp-delivery_info\">\n<div class=\"content-asset\">Livraison et d\u00e9laisRetours et remboursements<\/div>\n<\/div>\n<\/div>\n<\/div>\n<\/div>\n<\/div>\n<\/div>\n","protected":false},"excerpt":{"rendered":"<p>Points cl\u00e9s Fixe l\u2019action du r\u00e9ducteur Soin Ion\u00e8ne G Permanente Boucles souples et toniques Description&hellip;<\/p>\n","protected":false},"featured_media":18718,"comment_status":"open","ping_status":"closed","template":"","meta":[],"pwb-brand":[649],"product_cat":[610],"product_tag":[611,325,127],"class_list":{"0":"post-30922","1":"product","2":"type-product","3":"status-publish","4":"has-post-thumbnail","6":"pwb-brand-loreal-professionnel","7":"product_cat-grands-formats","8":"product_tag-grands-formats","9":"product_tag-loreal-professionnel","10":"product_tag-shampooing-et-coiffure","12":"first","13":"instock","14":"taxable","15":"shipping-taxable","16":"purchasable","17":"product-type-simple","18":"layout-style-3","19":"col-md-4 col-sm-4 col-xs-6","20":"col-lg-3","21":"product-style-default"},"aioseo_notices":[],"brands":[{"id":649,"name":"L'Or\u00e9al Professionnel","slug":"loreal-professionnel"}],"_links":{"self":[{"href":"https:\/\/cheveuxluxe.com\/index.php\/wp-json\/wp\/v2\/product\/30922","targetHints":{"allow":["GET"]}}],"collection":[{"href":"https:\/\/cheveuxluxe.com\/index.php\/wp-json\/wp\/v2\/product"}],"about":[{"href":"https:\/\/cheveuxluxe.com\/index.php\/wp-json\/wp\/v2\/types\/product"}],"replies":[{"embeddable":true,"href":"https:\/\/cheveuxluxe.com\/index.php\/wp-json\/wp\/v2\/comments?post=30922"}],"version-history":[{"count":0,"href":"https:\/\/cheveuxluxe.com\/index.php\/wp-json\/wp\/v2\/product\/30922\/revisions"}],"wp:featuredmedia":[{"embeddable":true,"href":"https:\/\/cheveuxluxe.com\/index.php\/wp-json\/wp\/v2\/media\/18718"}],"wp:attachment":[{"href":"https:\/\/cheveuxluxe.com\/index.php\/wp-json\/wp\/v2\/media?parent=30922"}],"wp:term":[{"taxonomy":"pwb-brand","embeddable":true,"href":"https:\/\/cheveuxluxe.com\/index.php\/wp-json\/wp\/v2\/pwb-brand?post=30922"},{"taxonomy":"product_cat","embeddable":true,"href":"https:\/\/cheveuxluxe.com\/index.php\/wp-json\/wp\/v2\/product_cat?post=30922"},{"taxonomy":"product_tag","embeddable":true,"href":"https:\/\/cheveuxluxe.com\/index.php\/wp-json\/wp\/v2\/product_tag?post=30922"}],"curies":[{"name":"wp","href":"https:\/\/api.w.org\/{rel}","templated":true}]}}