{"id":30927,"date":"2024-04-09T23:02:51","date_gmt":"2024-04-09T23:02:51","guid":{"rendered":"https:\/\/cheveuxluxe.com\/index.php\/product\/loreal-lotion-de-permanente-advanced-tonique-2-75ml\/"},"modified":"2024-04-13T14:15:46","modified_gmt":"2024-04-13T14:15:46","slug":"loreal-lotion-de-permanente-advanced-tonique-2-75ml","status":"publish","type":"product","link":"https:\/\/cheveuxluxe.com\/index.php\/product\/loreal-lotion-de-permanente-advanced-tonique-2-75ml\/","title":{"rendered":"L&rsquo;Or\u00e9al Lotion de permanente Advanced Tonique 2 75ml"},"content":{"rendered":"<div class=\"product-content_bottom\">\n<div class=\"pdp-info\">\n<div class=\"pdp-tabs tab-container\">\n<div class=\"tab js-tab\">\n<h3 class=\"tab-title pdp-tabs_title js-tab-mobile-title open\"><span>Points cl\u00e9s<\/span><\/h3>\n<div class=\"tab-description pdp-tabs_description js-tab-description open\" itemprop=\"description\">\n<ul>\n<li> Lotion de Permanente fortifiante<\/li>\n<li>Hydratation intense<\/li>\n<li>Boucles sublimes<\/li>\n<li>Tenue longue dur\u00e9e <\/li>\n<\/ul>\n<\/div>\n<\/div>\n<div class=\"tab js-tab\">\n<h3 class=\"tab-title pdp-tabs_title js-tab-mobile-title\"><span>Description<\/span><\/h3>\n<div class=\"tab-description pdp-tabs_description js-tab-description\" itemprop=\"description\">Avec L\u2019Or\u00e9al Professionnel\u00ae, m\u00eame les cheveux sensibilis\u00e9s ont droit aux boucles a\u00e9riennes et parfaites qui durent ! D\u00e9clin\u00e9e en deux versions in\u00e9dites, la lotion de permanente Dulcia Advanced Tonique prend soin de la fibre capillaire, tout en apportant du tonus aux boucles.Sa formulation riche en ingr\u00e9dients hydratants r\u00e9tablit le taux d\u2019hydratation du cheveu jusqu\u2019au c\u0153ur de la fibre capillaire. Avec l\u2019Ion\u00e8ne G, ces agents actifs forment un v\u00e9ritable bouclier \u00e0 la surface du cheveu et comblent les zones fragilis\u00e9es et ab\u00eem\u00e9es.Ainsi renforc\u00e9e, la permanente des cheveux naturels ou sensibilis\u00e9s r\u00e9siste plus facilement aux agressions quotidiennes et prolonge la dur\u00e9e de vie des boucles. En moins de 15 minutes, le r\u00e9sultat est sans appel : des boucles d\u00e9finies, une brillance intense et un toucher soyeux incomparable !<\/div>\n<\/div>\n<div class=\"tab js-tab\">\n<h3 class=\"tab-title pdp-tabs_title js-tab-mobile-title\"><span>Mode d&#8217;emploi<\/span><\/h3>\n<div class=\"tab-description pdp-tabs_description js-tab-description\">Sur cheveux essor\u00e9s, enroulez les bigoudis m\u00e8che par m\u00e8che. Puis, appliquez minutieusement la lotion de permanente sur chacun des bigoudis. Laissez poser au maximum 15 minutes selon la lotion de permanente utilis\u00e9e. Rincez abondamment \u00e0 l\u2019eau claire.Appliquez le fixateur Dulcia Advanced ou Universel sur l\u2019ensemble des bigoudis et laissez agir de nouveau. D\u00e9roulez d\u00e9licatement les bigoudis, massez et rincez une derni\u00e8re fois \u00e0 l\u2019eau claire. Proc\u00e9dez ensuite au coiffage.<\/div>\n<\/div>\n<div class=\"tab js-tab\">\n<h3 class=\"tab-title pdp-tabs_title js-tab-mobile-title\"><span>Ingr\u00e9dients<\/span><\/h3>\n<div class=\"tab-description pdp-tabs_description js-tab-description\">AQUA \/ WATER, AMMONIUM THIOGLYCOLATE, DIAMMONIUM DITHIODIGLYCOLATE, ETHANOLAMINE, AMMONIUM BICARBONATE, OLETH-20, HEXADIMETHRINE CHLORIDE, AMODIMETHICONE, COCAMIDOPROPYL BETAINE, EDTA, GLYCERYL LAURATE, SODIUM CHLORIDE, CETRIMONIUM CHLORIDE, TRIDECETH-15, TRIDECETH-3, GLYCERIN, PHENOXYETHANOL, SODIUM BENZOATE, ACETIC ACID, AMMONIUM HYDROXIDE, PARFUM \/ FRAGRANCE<\/div>\n<\/div>\n<div class=\"tab js-tab\">\n<h3 class=\"tab-title pdp-tabs_title js-tab-mobile-title\"><span>Livraison et stock<\/span><\/h3>\n<div class=\"tab-description pdp-tabs_description js-tab-description\">\n<div class=\"pdp-delivery_info\">\n<div class=\"content-asset\">Livraison et d\u00e9laisRetours et remboursements<\/div>\n<\/div>\n<\/div>\n<\/div>\n<\/div>\n<\/div>\n<\/div>\n","protected":false},"excerpt":{"rendered":"<p>Points cl\u00e9s Lotion de Permanente fortifiante Hydratation intense Boucles sublimes Tenue longue dur\u00e9e Description Avec&hellip;<\/p>\n","protected":false},"featured_media":18383,"comment_status":"open","ping_status":"closed","template":"","meta":[],"pwb-brand":[649],"product_cat":[601],"product_tag":[325,127,156],"class_list":{"0":"post-30927","1":"product","2":"type-product","3":"status-publish","4":"has-post-thumbnail","6":"pwb-brand-loreal-professionnel","7":"product_cat-traitements-boucles-lissages","8":"product_tag-loreal-professionnel","9":"product_tag-shampooing-et-coiffure","10":"product_tag-traitements-boucles-lissages","12":"first","13":"instock","14":"taxable","15":"shipping-taxable","16":"purchasable","17":"product-type-simple","18":"layout-style-3","19":"col-md-4 col-sm-4 col-xs-6","20":"col-lg-3","21":"product-style-default"},"aioseo_notices":[],"brands":[{"id":649,"name":"L'Or\u00e9al Professionnel","slug":"loreal-professionnel"}],"_links":{"self":[{"href":"https:\/\/cheveuxluxe.com\/index.php\/wp-json\/wp\/v2\/product\/30927","targetHints":{"allow":["GET"]}}],"collection":[{"href":"https:\/\/cheveuxluxe.com\/index.php\/wp-json\/wp\/v2\/product"}],"about":[{"href":"https:\/\/cheveuxluxe.com\/index.php\/wp-json\/wp\/v2\/types\/product"}],"replies":[{"embeddable":true,"href":"https:\/\/cheveuxluxe.com\/index.php\/wp-json\/wp\/v2\/comments?post=30927"}],"version-history":[{"count":0,"href":"https:\/\/cheveuxluxe.com\/index.php\/wp-json\/wp\/v2\/product\/30927\/revisions"}],"wp:featuredmedia":[{"embeddable":true,"href":"https:\/\/cheveuxluxe.com\/index.php\/wp-json\/wp\/v2\/media\/18383"}],"wp:attachment":[{"href":"https:\/\/cheveuxluxe.com\/index.php\/wp-json\/wp\/v2\/media?parent=30927"}],"wp:term":[{"taxonomy":"pwb-brand","embeddable":true,"href":"https:\/\/cheveuxluxe.com\/index.php\/wp-json\/wp\/v2\/pwb-brand?post=30927"},{"taxonomy":"product_cat","embeddable":true,"href":"https:\/\/cheveuxluxe.com\/index.php\/wp-json\/wp\/v2\/product_cat?post=30927"},{"taxonomy":"product_tag","embeddable":true,"href":"https:\/\/cheveuxluxe.com\/index.php\/wp-json\/wp\/v2\/product_tag?post=30927"}],"curies":[{"name":"wp","href":"https:\/\/api.w.org\/{rel}","templated":true}]}}