{"id":30928,"date":"2024-04-09T23:02:54","date_gmt":"2024-04-09T23:02:54","guid":{"rendered":"https:\/\/cheveuxluxe.com\/index.php\/product\/wella-professionals-creatine-curl-wave-neutralizer-1l\/"},"modified":"2024-04-13T14:20:26","modified_gmt":"2024-04-13T14:20:26","slug":"wella-professionals-creatine-curl-wave-neutralizer-1l","status":"publish","type":"product","link":"https:\/\/cheveuxluxe.com\/index.php\/product\/wella-professionals-creatine-curl-wave-neutralizer-1l\/","title":{"rendered":"Wella Professionals Creatine+ Curl Wave Neutralizer 1l"},"content":{"rendered":"<div class=\"product-content_bottom\">\n<div class=\"pdp-info\">\n<div class=\"pdp-tabs tab-container\">\n<div class=\"tab js-tab\">\n<h3 class=\"tab-title pdp-tabs_title js-tab-mobile-title open\"><span>Points cl\u00e9s<\/span><\/h3>\n<div class=\"tab-description pdp-tabs_description js-tab-description open\" itemprop=\"description\">\n<ul>\n<li>Fixateur pour service de forme<\/li>\n<\/ul>\n<\/div>\n<\/div>\n<div class=\"tab js-tab\">\n<h3 class=\"tab-title pdp-tabs_title js-tab-mobile-title\"><span>Description<\/span><\/h3>\n<div class=\"tab-description pdp-tabs_description js-tab-description\" itemprop=\"description\">Notre nouvelle combinaison d\u2019agents de soin hautement hydratants. Services de forme durable : pour des cheveux plus brillants avec plus de rebond*<br \/>Services de lissage : pour des cheveux plus lisses et brillants avec moins de frisottis*<br \/>Con\u00e7us pour \u00eatre utilis\u00e9s en compl\u00e9ment de WELLAPLEX pour une meilleure qualit\u00e9 de cheveux.<\/p>\n<p>*par rapport \u00e0 nos services de forme durable ant\u00e9rieurs<\/p><\/div>\n<\/div>\n<div class=\"tab js-tab\">\n<h3 class=\"tab-title pdp-tabs_title js-tab-mobile-title\"><span>Mode d&#8217;emploi<\/span><\/h3>\n<div class=\"tab-description pdp-tabs_description js-tab-description\">Pr\u00eat \u00e0 l\u2019emploi. Le neutraliseur agit en synergie avec les r\u00e9ducteurs CREATINE+<br \/>Curl &amp; Wave correspondantes pour des r\u00e9sultats optimaux.<\/div>\n<\/div>\n<div class=\"tab js-tab\">\n<h3 class=\"tab-title pdp-tabs_title js-tab-mobile-title\"><span>Ingr\u00e9dients<\/span><\/h3>\n<div class=\"tab-description pdp-tabs_description js-tab-description\">Aqua, Hydrogen Peroxide, Propylene Glycol, PEG-35 Castor Oil, Laureth-4, PEG-40 Hydrogenated Castor Oil, Coco-Betaine, Phosphoric Acid, Creatine, Polyquaternium-35, Salicylic Acid, Sodium Cocoamphoacetate, Benzoic Acid<\/div>\n<\/div>\n<div class=\"tab js-tab\">\n<h3 class=\"tab-title pdp-tabs_title js-tab-mobile-title\"><span>Livraison et stock<\/span><\/h3>\n<div class=\"tab-description pdp-tabs_description js-tab-description\">\n<div class=\"pdp-delivery_info\">\n<div class=\"content-asset\">Livraison et d\u00e9laisRetours et remboursements<\/div>\n<\/div>\n<\/div>\n<\/div>\n<div class=\"tab js-tab\">\n<h3 class=\"tab-title pdp-tabs_title js-tab-mobile-title\"><span>Pr\u00e9cautions d&#8217;emploi<\/span><\/h3>\n<div class=\"tab-description pdp-tabs_description js-tab-description\">\u00c9viter tout contact avec les yeux.<br \/>Rincer imm\u00e9diatement si le produit entre en contact avec les yeux.Wella est en train de changer l&#8217;emballage. Il se peut donc que vous receviez l&#8217;emballage actuel ou l&rsquo;ancien emballage.Malheureusement, vous ne pourrez pas choisir lequel vous recevrez.Les pompes Wella Professionals compatibles sont actuellement disponibles qu&rsquo;en magasin.<\/div>\n<\/div>\n<\/div>\n<\/div>\n<\/div>\n","protected":false},"excerpt":{"rendered":"<p>Points cl\u00e9s Fixateur pour service de forme Description Notre nouvelle combinaison d\u2019agents de soin hautement&hellip;<\/p>\n","protected":false},"featured_media":19533,"comment_status":"open","ping_status":"closed","template":"","meta":[],"pwb-brand":[648],"product_cat":[610],"product_tag":[611,127,323],"class_list":{"0":"post-30928","1":"product","2":"type-product","3":"status-publish","4":"has-post-thumbnail","6":"pwb-brand-wella-professionals","7":"product_cat-grands-formats","8":"product_tag-grands-formats","9":"product_tag-shampooing-et-coiffure","10":"product_tag-wella-professionals","12":"first","13":"instock","14":"taxable","15":"shipping-taxable","16":"purchasable","17":"product-type-simple","18":"layout-style-3","19":"col-md-4 col-sm-4 col-xs-6","20":"col-lg-3","21":"product-has-gallery","22":"product-style-default"},"aioseo_notices":[],"brands":[{"id":648,"name":"Wella Professionals","slug":"wella-professionals"}],"_links":{"self":[{"href":"https:\/\/cheveuxluxe.com\/index.php\/wp-json\/wp\/v2\/product\/30928","targetHints":{"allow":["GET"]}}],"collection":[{"href":"https:\/\/cheveuxluxe.com\/index.php\/wp-json\/wp\/v2\/product"}],"about":[{"href":"https:\/\/cheveuxluxe.com\/index.php\/wp-json\/wp\/v2\/types\/product"}],"replies":[{"embeddable":true,"href":"https:\/\/cheveuxluxe.com\/index.php\/wp-json\/wp\/v2\/comments?post=30928"}],"version-history":[{"count":0,"href":"https:\/\/cheveuxluxe.com\/index.php\/wp-json\/wp\/v2\/product\/30928\/revisions"}],"wp:featuredmedia":[{"embeddable":true,"href":"https:\/\/cheveuxluxe.com\/index.php\/wp-json\/wp\/v2\/media\/19533"}],"wp:attachment":[{"href":"https:\/\/cheveuxluxe.com\/index.php\/wp-json\/wp\/v2\/media?parent=30928"}],"wp:term":[{"taxonomy":"pwb-brand","embeddable":true,"href":"https:\/\/cheveuxluxe.com\/index.php\/wp-json\/wp\/v2\/pwb-brand?post=30928"},{"taxonomy":"product_cat","embeddable":true,"href":"https:\/\/cheveuxluxe.com\/index.php\/wp-json\/wp\/v2\/product_cat?post=30928"},{"taxonomy":"product_tag","embeddable":true,"href":"https:\/\/cheveuxluxe.com\/index.php\/wp-json\/wp\/v2\/product_tag?post=30928"}],"curies":[{"name":"wp","href":"https:\/\/api.w.org\/{rel}","templated":true}]}}