{"id":30933,"date":"2024-04-09T23:03:07","date_gmt":"2024-04-09T23:03:07","guid":{"rendered":"https:\/\/cheveuxluxe.com\/index.php\/product\/loreal-dulcia-advanced\/"},"modified":"2024-04-13T14:15:46","modified_gmt":"2024-04-13T14:15:46","slug":"loreal-dulcia-advanced","status":"publish","type":"product","link":"https:\/\/cheveuxluxe.com\/index.php\/product\/loreal-dulcia-advanced\/","title":{"rendered":"L&rsquo;Or\u00e9al Dulcia Advanced"},"content":{"rendered":"<div class=\"product-content_bottom\">\n<div class=\"pdp-info\">\n<div class=\"pdp-tabs tab-container\">\n<div class=\"tab js-tab\">\n<h3 class=\"tab-title pdp-tabs_title js-tab-mobile-title open\"><span>Points cl\u00e9s<\/span><\/h3>\n<div class=\"tab-description pdp-tabs_description js-tab-description open\" itemprop=\"description\">\n<ul>\n<li> 4 forces<\/li>\n<li>Temps de pause modulable <\/li>\n<li>Respect de la fibre capillaire<\/li>\n<li>Prot\u00e8ge <\/li>\n<\/ul>\n<\/div>\n<\/div>\n<div class=\"tab js-tab\">\n<h3 class=\"tab-title pdp-tabs_title js-tab-mobile-title\"><span>Description<\/span><\/h3>\n<div class=\"tab-description pdp-tabs_description js-tab-description\" itemprop=\"description\">Sa particularit\u00e9 ? Vous pourrez r\u00e9pondre \u00e0 toutes les envies de vos clientes, quel que soit leur type de cheveux !Disponible en quatre forces, la gamme de permanentes Dulcia Advanced de L\u2019Or\u00e9al Professionnel\u00ae s\u2019applique aussi bien sur cheveux r\u00e9sistants naturels que sur des chevelures tr\u00e8s sensibilis\u00e9es. Son temps de pause modulable vous autorise toutes les inspirations : des cheveux tr\u00e8s boucl\u00e9s aux magnifiques ondulations naturelles, vous d\u00e9cidez du r\u00e9sultat !Et ce n\u2019est pas tout : la lotion permanente Dulcia Advanced de L\u2019Or\u00e9al Professionnel\u00ae respecte la fibre capillaire gr\u00e2ce \u00e0 son syst\u00e8me \u201cMoisture Look\u201d, v\u00e9ritable bouclier anti-appauvrissement enrichi en prot\u00e9ines et en lipides, qui assure l\u2019\u00e9quilibre entre agents r\u00e9ducteurs et alcalins. En compl\u00e9ment, la technologie Iog\u00e8ne G prot\u00e8ge et fortifie le cheveu en profondeur pour des cheveux resplendissants de beaut\u00e9 et de vitalit\u00e9 !<\/div>\n<\/div>\n<div class=\"tab js-tab\">\n<h3 class=\"tab-title pdp-tabs_title js-tab-mobile-title\"><span>Mode d&#8217;emploi<\/span><\/h3>\n<div class=\"tab-description pdp-tabs_description js-tab-description\">Lavez les cheveux avec un shampooing sp\u00e9cifique puis appliquez Pr\u00e9sifon Advanced en insistant sur les parties les plus sensibilis\u00e9es, suivi de la lotion r\u00e9ductrice. Le temps de pause (de 10 \u00e0 20 minutes) varie selon la force choisie et le r\u00e9sultat souhait\u00e9.Rincez abondamment, essorez m\u00e9ticuleusement \u00e0 l\u2019\u00e9ponge puis \u00e0 laserviette. Appliquez 100 ml de fixateur Dulcia Advanced \u00e0 l\u2019\u00e9ponge, faites mousser et laissez pauser 5 minutes. Rincez abondamment en remontant les boucles, puis essorez.Dulcia Advanced de L\u2019Or\u00e9al Professionnel\u00ae s\u2019applique en m\u00e9thode indirecte. Comptez au minimum 75 ml par cliente.<\/div>\n<\/div>\n<div class=\"tab js-tab\">\n<h3 class=\"tab-title pdp-tabs_title js-tab-mobile-title\"><span>Ingr\u00e9dients<\/span><\/h3>\n<div class=\"tab-description pdp-tabs_description js-tab-description\">AQUA \/ WATER, AMMONIUM THIOGLYCOLATE, AMMONIUM BICARBONATE, HEXADIMETHRINE CHLORIDE, AMODIMETHICONE, AMMONIUM HYDROXIDE, OLETH-20, COCAMIDOPROPYL BETAINE, GLYCERYL LAURATE, SODIUM CHLORIDE, EDTA, CETRIMONIUM CHLORIDE, TRIDECETH-15, TRIDECETH-3, GLYCERIN, PHENOXYETHANOL, SODIUM BENZOATE, ACETIC ACID, PARFUM \/ FRAGRANCE<\/div>\n<\/div>\n<div class=\"tab js-tab\">\n<h3 class=\"tab-title pdp-tabs_title js-tab-mobile-title\"><span>Livraison et stock<\/span><\/h3>\n<div class=\"tab-description pdp-tabs_description js-tab-description\">\n<div class=\"pdp-delivery_info\">\n<div class=\"content-asset\">Livraison et d\u00e9laisRetours et remboursements<\/div>\n<\/div>\n<\/div>\n<\/div>\n<\/div>\n<\/div>\n<\/div>\n","protected":false},"excerpt":{"rendered":"<p>Points cl\u00e9s 4 forces Temps de pause modulable Respect de la fibre capillaire Prot\u00e8ge Description&hellip;<\/p>\n","protected":false},"featured_media":30932,"comment_status":"open","ping_status":"closed","template":"","meta":[],"pwb-brand":[649],"product_cat":[601],"product_tag":[325,127,156],"class_list":{"0":"post-30933","1":"product","2":"type-product","3":"status-publish","4":"has-post-thumbnail","6":"pwb-brand-loreal-professionnel","7":"product_cat-traitements-boucles-lissages","8":"product_tag-loreal-professionnel","9":"product_tag-shampooing-et-coiffure","10":"product_tag-traitements-boucles-lissages","12":"first","13":"instock","14":"taxable","15":"shipping-taxable","16":"purchasable","17":"product-type-simple","18":"layout-style-3","19":"col-md-4 col-sm-4 col-xs-6","20":"col-lg-3","21":"product-style-default"},"aioseo_notices":[],"brands":[{"id":649,"name":"L'Or\u00e9al Professionnel","slug":"loreal-professionnel"}],"_links":{"self":[{"href":"https:\/\/cheveuxluxe.com\/index.php\/wp-json\/wp\/v2\/product\/30933","targetHints":{"allow":["GET"]}}],"collection":[{"href":"https:\/\/cheveuxluxe.com\/index.php\/wp-json\/wp\/v2\/product"}],"about":[{"href":"https:\/\/cheveuxluxe.com\/index.php\/wp-json\/wp\/v2\/types\/product"}],"replies":[{"embeddable":true,"href":"https:\/\/cheveuxluxe.com\/index.php\/wp-json\/wp\/v2\/comments?post=30933"}],"version-history":[{"count":0,"href":"https:\/\/cheveuxluxe.com\/index.php\/wp-json\/wp\/v2\/product\/30933\/revisions"}],"wp:featuredmedia":[{"embeddable":true,"href":"https:\/\/cheveuxluxe.com\/index.php\/wp-json\/wp\/v2\/media\/30932"}],"wp:attachment":[{"href":"https:\/\/cheveuxluxe.com\/index.php\/wp-json\/wp\/v2\/media?parent=30933"}],"wp:term":[{"taxonomy":"pwb-brand","embeddable":true,"href":"https:\/\/cheveuxluxe.com\/index.php\/wp-json\/wp\/v2\/pwb-brand?post=30933"},{"taxonomy":"product_cat","embeddable":true,"href":"https:\/\/cheveuxluxe.com\/index.php\/wp-json\/wp\/v2\/product_cat?post=30933"},{"taxonomy":"product_tag","embeddable":true,"href":"https:\/\/cheveuxluxe.com\/index.php\/wp-json\/wp\/v2\/product_tag?post=30933"}],"curies":[{"name":"wp","href":"https:\/\/api.w.org\/{rel}","templated":true}]}}