{"id":30937,"date":"2024-04-09T23:03:10","date_gmt":"2024-04-09T23:03:10","guid":{"rendered":"https:\/\/cheveuxluxe.com\/index.php\/product\/schwarzkopf-neutralisant-natural-styling-1l\/"},"modified":"2024-04-13T14:15:39","modified_gmt":"2024-04-13T14:15:39","slug":"schwarzkopf-neutralisant-natural-styling-1l","status":"publish","type":"product","link":"https:\/\/cheveuxluxe.com\/index.php\/product\/schwarzkopf-neutralisant-natural-styling-1l\/","title":{"rendered":"Schwarzkopf Neutralisant Natural Styling 1l"},"content":{"rendered":"<div class=\"product-content_bottom\">\n<div class=\"pdp-info\">\n<div class=\"pdp-tabs tab-container\">\n<div class=\"tab js-tab\">\n<h3 class=\"tab-title pdp-tabs_title js-tab-mobile-title open\"><span>Points cl\u00e9s<\/span><\/h3>\n<div class=\"tab-description pdp-tabs_description js-tab-description open\" itemprop=\"description\">\n<ul>\n<li> Neutralisant permanente<\/li>\n<li>Boucles parfaites<\/li>\n<li>Tenue longue dur\u00e9e<\/li>\n<li>R\u00e9sultat professionnel <\/li>\n<\/ul>\n<\/div>\n<\/div>\n<div class=\"tab js-tab\">\n<h3 class=\"tab-title pdp-tabs_title js-tab-mobile-title\"><span>Description<\/span><\/h3>\n<div class=\"tab-description pdp-tabs_description js-tab-description\" itemprop=\"description\">Soin, r\u00e9paration, protection : d\u00e9couvrez tous les bienfaits du neutralisant Naturel Styling de Schwarzkopf Professional\u00ae. Id\u00e9al pour cheveux normaux ou cheveux color\u00e9s, ce produit destin\u00e9 aux professionnels vous offre un r\u00e9sultat de permanente longue dur\u00e9e\u2026 en seulement quelques minutes !\u00c0 utiliser apr\u00e8s la pose de la lotion permanente Natural Styling, ce neutralisant poss\u00e8de une formulation exclusive qui agit au c\u0153ur du cheveu pour stopper l\u2019action de la permanente. Riche en ingr\u00e9dients nourrissants et r\u00e9parateurs, le neutralisant Natural styling fixe les boucles et leur donne de la vitalit\u00e9. R\u00e9sultat : des boucles ou ondulations parfaites, et pour longtemps !<\/div>\n<\/div>\n<div class=\"tab js-tab\">\n<h3 class=\"tab-title pdp-tabs_title js-tab-mobile-title\"><span>Mode d&#8217;emploi<\/span><\/h3>\n<div class=\"tab-description pdp-tabs_description js-tab-description\">Apr\u00e8s rin\u00e7age de la lotion permanente Natural Styling, appliquez minutieusement le neutralisant Natural Styling sur chaque bigoudi. Laissez poser quelques minutes avant de les d\u00e9rouler d\u00e9licatement. Massez les cheveux et rincez soigneusement \u00e0 l\u2019eau ti\u00e8de avant de proc\u00e9der au coiffage.<\/div>\n<\/div>\n<div class=\"tab js-tab\">\n<h3 class=\"tab-title pdp-tabs_title js-tab-mobile-title\"><span>Ingr\u00e9dients<\/span><\/h3>\n<div class=\"tab-description pdp-tabs_description js-tab-description\">Cetrimonium Chloride, Polyquaternium-6, Methylparaben, Linalool, Hexyl Cinnamal, Limonene, Citronellol, Hydrogen Peroxide, Cocamine Oxide, Phosphoric Acid, Parfum<\/div>\n<\/div>\n<div class=\"tab js-tab\">\n<h3 class=\"tab-title pdp-tabs_title js-tab-mobile-title\"><span>Livraison et stock<\/span><\/h3>\n<div class=\"tab-description pdp-tabs_description js-tab-description\">\n<div class=\"pdp-delivery_info\">\n<div class=\"content-asset\">Livraison et d\u00e9laisRetours et remboursements<\/div>\n<\/div>\n<\/div>\n<\/div>\n<div class=\"tab js-tab\">\n<h3 class=\"tab-title pdp-tabs_title js-tab-mobile-title\"><span>Pr\u00e9cautions d&#8217;emploi<\/span><\/h3>\n<div class=\"tab-description pdp-tabs_description js-tab-description\">Contient du peroxyde d&rsquo;hydrog\u00e8ne. \u00c9viter tout contact avec les yeux. En cas de contact du produit avec les yeux, rincer imm\u00e9diatement. Porter des gants appropri\u00e9s. Suivre les instructions. Tenir hors de port\u00e9e des enfants. R\u00e9serv\u00e9 aux professionnels.<\/div>\n<\/div>\n<\/div>\n<\/div>\n<\/div>\n","protected":false},"excerpt":{"rendered":"<p>Points cl\u00e9s Neutralisant permanente Boucles parfaites Tenue longue dur\u00e9e R\u00e9sultat professionnel Description Soin, r\u00e9paration, protection&hellip;<\/p>\n","protected":false},"featured_media":20307,"comment_status":"open","ping_status":"closed","template":"","meta":[],"pwb-brand":[646],"product_cat":[601],"product_tag":[319,127,156],"class_list":{"0":"post-30937","1":"product","2":"type-product","3":"status-publish","4":"has-post-thumbnail","6":"pwb-brand-schwarzkopf-professional","7":"product_cat-traitements-boucles-lissages","8":"product_tag-schwarzkopf-professional","9":"product_tag-shampooing-et-coiffure","10":"product_tag-traitements-boucles-lissages","12":"first","13":"instock","14":"taxable","15":"shipping-taxable","16":"purchasable","17":"product-type-simple","18":"layout-style-3","19":"col-md-4 col-sm-4 col-xs-6","20":"col-lg-3","21":"product-style-default"},"aioseo_notices":[],"brands":[{"id":646,"name":"Schwarzkopf Professional","slug":"schwarzkopf-professional"}],"_links":{"self":[{"href":"https:\/\/cheveuxluxe.com\/index.php\/wp-json\/wp\/v2\/product\/30937","targetHints":{"allow":["GET"]}}],"collection":[{"href":"https:\/\/cheveuxluxe.com\/index.php\/wp-json\/wp\/v2\/product"}],"about":[{"href":"https:\/\/cheveuxluxe.com\/index.php\/wp-json\/wp\/v2\/types\/product"}],"replies":[{"embeddable":true,"href":"https:\/\/cheveuxluxe.com\/index.php\/wp-json\/wp\/v2\/comments?post=30937"}],"version-history":[{"count":0,"href":"https:\/\/cheveuxluxe.com\/index.php\/wp-json\/wp\/v2\/product\/30937\/revisions"}],"wp:featuredmedia":[{"embeddable":true,"href":"https:\/\/cheveuxluxe.com\/index.php\/wp-json\/wp\/v2\/media\/20307"}],"wp:attachment":[{"href":"https:\/\/cheveuxluxe.com\/index.php\/wp-json\/wp\/v2\/media?parent=30937"}],"wp:term":[{"taxonomy":"pwb-brand","embeddable":true,"href":"https:\/\/cheveuxluxe.com\/index.php\/wp-json\/wp\/v2\/pwb-brand?post=30937"},{"taxonomy":"product_cat","embeddable":true,"href":"https:\/\/cheveuxluxe.com\/index.php\/wp-json\/wp\/v2\/product_cat?post=30937"},{"taxonomy":"product_tag","embeddable":true,"href":"https:\/\/cheveuxluxe.com\/index.php\/wp-json\/wp\/v2\/product_tag?post=30937"}],"curies":[{"name":"wp","href":"https:\/\/api.w.org\/{rel}","templated":true}]}}