{"id":30950,"date":"2024-04-09T23:03:51","date_gmt":"2024-04-09T23:03:51","guid":{"rendered":"https:\/\/cheveuxluxe.com\/index.php\/product\/s-pro-lotion-permanente-0-forte-1l\/"},"modified":"2024-04-13T14:15:36","modified_gmt":"2024-04-13T14:15:36","slug":"s-pro-lotion-permanente-0-forte-1l","status":"publish","type":"product","link":"https:\/\/cheveuxluxe.com\/index.php\/product\/s-pro-lotion-permanente-0-forte-1l\/","title":{"rendered":"S-PRO Lotion Permanente 0 Forte 1L"},"content":{"rendered":"<div class=\"product-content_bottom\">\n<div class=\"pdp-info\">\n<div class=\"pdp-tabs tab-container\">\n<div class=\"tab js-tab\">\n<h3 class=\"tab-title pdp-tabs_title js-tab-mobile-title open\"><span>Points cl\u00e9s<\/span><\/h3>\n<div class=\"tab-description pdp-tabs_description js-tab-description open\" itemprop=\"description\">\n<ul>\n<li>Lotion de permanente pour cheveux forts et r\u00e9sistants<\/li>\n<li>Fournit des r\u00e9sultats uniformes de la racine \u00e0 la pointe<\/li>\n<\/ul>\n<\/div>\n<\/div>\n<div class=\"tab js-tab\">\n<h3 class=\"tab-title pdp-tabs_title js-tab-mobile-title\"><span>Description<\/span><\/h3>\n<div class=\"tab-description pdp-tabs_description js-tab-description\" itemprop=\"description\">Lotion de permanente pour cheveux forts et r\u00e9sistants. Fournit des r\u00e9sultats uniformes de la racine \u00e0 la pointe.<\/div>\n<\/div>\n<div class=\"tab js-tab\">\n<h3 class=\"tab-title pdp-tabs_title js-tab-mobile-title\"><span>Mode d&#8217;emploi<\/span><\/h3>\n<div class=\"tab-description pdp-tabs_description js-tab-description\">Laver les cheveux et les s\u00e9cher \u00e0 l&rsquo;aide d&rsquo;une serviette. Enrouler les cheveux sur des bigoudis \u00e0 permanente de taille appropri\u00e9e et appliquer la lotion m\u00e8che par m\u00e8che en vous assurant que chacune est compl\u00e8tement recouverte de solution. Retirer imm\u00e9diatement toute solution entrant en contact avec le cuir chevelu \u00e0 l\u2019aide d&rsquo;ouate imbib\u00e9e d&rsquo;eau. Traiter pendant 5 \u00e0 20 min. en r\u00e9alisant fr\u00e9quemment des boucles d&rsquo;essai. Une fois atteinte la vigueur de boucle souhait\u00e9e, rincer \u00e0 l&rsquo;eau et neutraliser. L&rsquo;utilisation de chaleur ou d&rsquo;un capuchon en plastique raccourcira le temps de traitement.<\/div>\n<\/div>\n<div class=\"tab js-tab\">\n<h3 class=\"tab-title pdp-tabs_title js-tab-mobile-title\"><span>Ingr\u00e9dients<\/span><\/h3>\n<div class=\"tab-description pdp-tabs_description js-tab-description\">Aqua, Thioglycolic Acid, Ammonia, Ammonium Bicarbonate, Polysorbate-20, PEG-75, Lanolin, Parfum, Styrene\/VP Copolymer, Sorbic Acid<\/div>\n<\/div>\n<div class=\"tab js-tab\">\n<h3 class=\"tab-title pdp-tabs_title js-tab-mobile-title\"><span>Livraison et stock<\/span><\/h3>\n<div class=\"tab-description pdp-tabs_description js-tab-description\">\n<div class=\"pdp-delivery_info\">\n<div class=\"content-asset\">Livraison et d\u00e9laisRetours et remboursements<\/div>\n<\/div>\n<\/div>\n<\/div>\n<div class=\"tab js-tab\">\n<h3 class=\"tab-title pdp-tabs_title js-tab-mobile-title\"><span>Pr\u00e9cautions d&#8217;emploi<\/span><\/h3>\n<div class=\"tab-description pdp-tabs_description js-tab-description\">Pour un usage professionnel uniquement. Suivre les consignes d&rsquo;utilisation. Contient de l\u2019acide thioglycolique et de l\u2019ammoniaque. Le port de gants lors de l\u2019application est recommand\u00e9. Tenir \u00e0 l&rsquo;\u00e9cart des yeux et de la peau, rincer imm\u00e9diatement en cas de contact et consulter un m\u00e9decin si l&rsquo;irritation persiste. Ne pas utiliser sur des cheveux trait\u00e9s excessivement ou si le cuir chevelu est sensible, irrit\u00e9 ou douloureux. Ne jamais laisser la lotion inonder le cuir chevelu. Tenir hors de port\u00e9e des enfants.<\/div>\n<\/div>\n<\/div>\n<\/div>\n<\/div>\n","protected":false},"excerpt":{"rendered":"<p>Points cl\u00e9s Lotion de permanente pour cheveux forts et r\u00e9sistants Fournit des r\u00e9sultats uniformes de&hellip;<\/p>\n","protected":false},"featured_media":19460,"comment_status":"open","ping_status":"closed","template":"","meta":[],"pwb-brand":[653],"product_cat":[601],"product_tag":[347,127,156],"class_list":{"0":"post-30950","1":"product","2":"type-product","3":"status-publish","4":"has-post-thumbnail","6":"pwb-brand-s-pro","7":"product_cat-traitements-boucles-lissages","8":"product_tag-s-pro","9":"product_tag-shampooing-et-coiffure","10":"product_tag-traitements-boucles-lissages","12":"first","13":"instock","14":"taxable","15":"shipping-taxable","16":"purchasable","17":"product-type-simple","18":"layout-style-3","19":"col-md-4 col-sm-4 col-xs-6","20":"col-lg-3","21":"product-style-default"},"aioseo_notices":[],"brands":[{"id":653,"name":"S-PRO","slug":"s-pro"}],"_links":{"self":[{"href":"https:\/\/cheveuxluxe.com\/index.php\/wp-json\/wp\/v2\/product\/30950","targetHints":{"allow":["GET"]}}],"collection":[{"href":"https:\/\/cheveuxluxe.com\/index.php\/wp-json\/wp\/v2\/product"}],"about":[{"href":"https:\/\/cheveuxluxe.com\/index.php\/wp-json\/wp\/v2\/types\/product"}],"replies":[{"embeddable":true,"href":"https:\/\/cheveuxluxe.com\/index.php\/wp-json\/wp\/v2\/comments?post=30950"}],"version-history":[{"count":0,"href":"https:\/\/cheveuxluxe.com\/index.php\/wp-json\/wp\/v2\/product\/30950\/revisions"}],"wp:featuredmedia":[{"embeddable":true,"href":"https:\/\/cheveuxluxe.com\/index.php\/wp-json\/wp\/v2\/media\/19460"}],"wp:attachment":[{"href":"https:\/\/cheveuxluxe.com\/index.php\/wp-json\/wp\/v2\/media?parent=30950"}],"wp:term":[{"taxonomy":"pwb-brand","embeddable":true,"href":"https:\/\/cheveuxluxe.com\/index.php\/wp-json\/wp\/v2\/pwb-brand?post=30950"},{"taxonomy":"product_cat","embeddable":true,"href":"https:\/\/cheveuxluxe.com\/index.php\/wp-json\/wp\/v2\/product_cat?post=30950"},{"taxonomy":"product_tag","embeddable":true,"href":"https:\/\/cheveuxluxe.com\/index.php\/wp-json\/wp\/v2\/product_tag?post=30950"}],"curies":[{"name":"wp","href":"https:\/\/api.w.org\/{rel}","templated":true}]}}