{"id":30953,"date":"2024-04-09T23:03:55","date_gmt":"2024-04-09T23:03:55","guid":{"rendered":"https:\/\/cheveuxluxe.com\/index.php\/product\/s-pro-kit-dondulation-alcaline-1-cheveux-normaux\/"},"modified":"2024-04-13T14:15:37","modified_gmt":"2024-04-13T14:15:37","slug":"s-pro-kit-dondulation-alcaline-1-cheveux-normaux","status":"publish","type":"product","link":"https:\/\/cheveuxluxe.com\/index.php\/product\/s-pro-kit-dondulation-alcaline-1-cheveux-normaux\/","title":{"rendered":"S-PRO Kit d&rsquo;Ondulation Alcaline 1 Cheveux Normaux"},"content":{"rendered":"<div class=\"product-content_bottom\">\n<div class=\"pdp-info\">\n<div class=\"pdp-tabs tab-container\">\n<div class=\"tab js-tab\">\n<h3 class=\"tab-title pdp-tabs_title js-tab-mobile-title open\"><span>Points cl\u00e9s<\/span><\/h3>\n<div class=\"tab-description pdp-tabs_description js-tab-description open\" itemprop=\"description\">\n<ul>\n<li>Kit de permanente alcaline \u00e0 usage unique<\/li>\n<li>Sp\u00e9cialement con\u00e7u pour les cheveux normaux et r\u00e9sistants<\/li>\n<li>Avec une combinaison de vitamines et d&rsquo;extraits pour un traitement suppl\u00e9mentaire<\/li>\n<\/ul>\n<\/div>\n<\/div>\n<div class=\"tab js-tab\">\n<h3 class=\"tab-title pdp-tabs_title js-tab-mobile-title\"><span>Description<\/span><\/h3>\n<div class=\"tab-description pdp-tabs_description js-tab-description\" itemprop=\"description\">Kit de permanente alcaline classique \u00e0 usage unique, sp\u00e9cialement con\u00e7u pour les cheveux normaux et r\u00e9sistants. Avec une combinaison de vitamines et d&rsquo;extraits pour un traitement suppl\u00e9mentaire.<\/div>\n<\/div>\n<div class=\"tab js-tab\">\n<h3 class=\"tab-title pdp-tabs_title js-tab-mobile-title\"><span>Mode d&#8217;emploi<\/span><\/h3>\n<div class=\"tab-description pdp-tabs_description js-tab-description\">1. Laver, rincer et s\u00e9cher doucement les cheveux \u00e0 l&rsquo;aide d&rsquo;une serviette.<br \/>2. S\u00e9lectionner la taille de la tige en fonction de la quantit\u00e9 de boucles et du mouvement requis.<br \/>3. Proc\u00e9der \u00e0 l&rsquo;enroulement uniform\u00e9ment et sans tension. Placer une bande de coton \u00e0 la naissance des cheveux et une serviette au niveau de la nuque pour absorber la lotion qui pourrait tomber des tiges. L&rsquo;utilisation de la cr\u00e8me protectrice S-PRO permet de pr\u00e9server davantage la peau. Appliquer la lotion de permanente comme d&rsquo;habitude. Il est possible d\u2019appliquer une technique de mouillage pr\u00e9alable ou de mouillage post\u00e9rieur.<br \/>4. Une fois l&rsquo;application termin\u00e9e, enlever la bande de coton, tamponner la racine des cheveux avec de l&rsquo;eau et remplacer la bande par une neuve. Ceci permet d\u2019\u00e9viter toute irritation de la racine des cheveux si la bande a absorb\u00e9 de la lotion.<br \/>5. Bien que ce produit contienne un ralentisseur de permanente pour r\u00e9duire le risque de surtraitement, nous vous conseillons de r\u00e9aliser des boucles d\u2019essai afin de garder un contr\u00f4le total pendant le traitement.<br \/>6. Pour conna\u00eetre le temps de traitement, reportez-vous au tableau. Une fois le traitement termin\u00e9, rincer abondamment \u00e0 l&rsquo;eau pendant 5 minutes. Ensuite, \u00e9ponger soigneusement chaque tige avec une serviette et neutraliser.<br \/>7. Appliquer 2\/3 du neutralisant sur toutes les tiges, au-dessus et en dessous, puis sur le milieu de chaque tige et laisser agir pendant 5 minutes.<br \/>8. D\u00e9rouler d\u00e9licatement les tiges et appliquer avec pr\u00e9caution le tiers restant du neutralisant sur les longueurs et les pointes. Laisser agir encore 5 minutes. Rincer enfin les cheveux \u00e0 l&rsquo;eau ti\u00e8de pendant 5 minutes. Ne pas shampouiner les cheveux pendant 48 heures.<\/div>\n<\/div>\n<div class=\"tab js-tab\">\n<h3 class=\"tab-title pdp-tabs_title js-tab-mobile-title\"><span>Livraison et stock<\/span><\/h3>\n<div class=\"tab-description pdp-tabs_description js-tab-description\">\n<div class=\"pdp-delivery_info\">\n<div class=\"content-asset\">Livraison et d\u00e9laisRetours et remboursements<\/div>\n<\/div>\n<\/div>\n<\/div>\n<div class=\"tab js-tab\">\n<h3 class=\"tab-title pdp-tabs_title js-tab-mobile-title\"><span>Pr\u00e9cautions d&#8217;emploi<\/span><\/h3>\n<div class=\"tab-description pdp-tabs_description js-tab-description\">Toujours porter des gants lors de l&rsquo;application. Toujours utiliser des ustensiles non m\u00e9talliques. Ne pas utiliser sur des cheveux d\u00e9color\u00e9s ou doublement trait\u00e9s, ou sur des cheveux qui ont d\u00e9j\u00e0 \u00e9t\u00e9 trait\u00e9s avec du henn\u00e9 ou un restaurateur de couleur. Ne pas laisser la lotion inonder le cuir chevelu. Rincer imm\u00e9diatement si cela se produit. Ne pas utiliser si le cuir chevelu pr\u00e9sente des signes de douleur, d&rsquo;irritation, d&rsquo;\u00e9ruption cutan\u00e9e ou d&rsquo;abrasion. Avant de proc\u00e9der \u00e0 la permanente, v\u00e9rifier si les cheveux sont cass\u00e9s, d\u00e9color\u00e9s et poreux. Toujours r\u00e9aliser une boucle d&rsquo;essai. Conserver \u00e0 la verticale dans un endroit frais, \u00e0 l&rsquo;abri des rayons directs du soleil. Avertissements: Pour un usage professionnel uniquement. Toujours suivre les consignes d&rsquo;utilisation. La lotion de permanente contient du thioglycolate et de l\u2019ammoniaque. Peut entra\u00eener une sensibilisation cutan\u00e9e. En cas de contact avec la peau, rincer \u00e0 l&rsquo;eau. \u00c9viter tout contact avec les yeux. En cas de contact, rincer imm\u00e9diatement \u00e0 l&rsquo;eau et consulter un m\u00e9decin. Le neutralisant contient du peroxyde d&rsquo;hydrog\u00e8ne. \u00c9viter tout contact avec les yeux. En cas de contact, rincer imm\u00e9diatement \u00e0 l&rsquo;eau et consulter un m\u00e9decin. Tenir hors de port\u00e9e des enfants.<\/div>\n<\/div>\n<\/div>\n<\/div>\n<\/div>\n","protected":false},"excerpt":{"rendered":"<p>Points cl\u00e9s Kit de permanente alcaline \u00e0 usage unique Sp\u00e9cialement con\u00e7u pour les cheveux normaux&hellip;<\/p>\n","protected":false},"featured_media":18709,"comment_status":"open","ping_status":"closed","template":"","meta":[],"pwb-brand":[653],"product_cat":[601],"product_tag":[347,127,156],"class_list":{"0":"post-30953","1":"product","2":"type-product","3":"status-publish","4":"has-post-thumbnail","6":"pwb-brand-s-pro","7":"product_cat-traitements-boucles-lissages","8":"product_tag-s-pro","9":"product_tag-shampooing-et-coiffure","10":"product_tag-traitements-boucles-lissages","12":"first","13":"instock","14":"taxable","15":"shipping-taxable","16":"purchasable","17":"product-type-simple","18":"layout-style-3","19":"col-md-4 col-sm-4 col-xs-6","20":"col-lg-3","21":"product-style-default"},"aioseo_notices":[],"brands":[{"id":653,"name":"S-PRO","slug":"s-pro"}],"_links":{"self":[{"href":"https:\/\/cheveuxluxe.com\/index.php\/wp-json\/wp\/v2\/product\/30953","targetHints":{"allow":["GET"]}}],"collection":[{"href":"https:\/\/cheveuxluxe.com\/index.php\/wp-json\/wp\/v2\/product"}],"about":[{"href":"https:\/\/cheveuxluxe.com\/index.php\/wp-json\/wp\/v2\/types\/product"}],"replies":[{"embeddable":true,"href":"https:\/\/cheveuxluxe.com\/index.php\/wp-json\/wp\/v2\/comments?post=30953"}],"version-history":[{"count":0,"href":"https:\/\/cheveuxluxe.com\/index.php\/wp-json\/wp\/v2\/product\/30953\/revisions"}],"wp:featuredmedia":[{"embeddable":true,"href":"https:\/\/cheveuxluxe.com\/index.php\/wp-json\/wp\/v2\/media\/18709"}],"wp:attachment":[{"href":"https:\/\/cheveuxluxe.com\/index.php\/wp-json\/wp\/v2\/media?parent=30953"}],"wp:term":[{"taxonomy":"pwb-brand","embeddable":true,"href":"https:\/\/cheveuxluxe.com\/index.php\/wp-json\/wp\/v2\/pwb-brand?post=30953"},{"taxonomy":"product_cat","embeddable":true,"href":"https:\/\/cheveuxluxe.com\/index.php\/wp-json\/wp\/v2\/product_cat?post=30953"},{"taxonomy":"product_tag","embeddable":true,"href":"https:\/\/cheveuxluxe.com\/index.php\/wp-json\/wp\/v2\/product_tag?post=30953"}],"curies":[{"name":"wp","href":"https:\/\/api.w.org\/{rel}","templated":true}]}}