{"id":30954,"date":"2024-04-09T23:03:55","date_gmt":"2024-04-09T23:03:55","guid":{"rendered":"https:\/\/cheveuxluxe.com\/index.php\/product\/s-pro-kit-dondulation-acide-2-cheveux-sensibilises\/"},"modified":"2024-04-13T14:15:38","modified_gmt":"2024-04-13T14:15:38","slug":"s-pro-kit-dondulation-acide-2-cheveux-sensibilises","status":"publish","type":"product","link":"https:\/\/cheveuxluxe.com\/index.php\/product\/s-pro-kit-dondulation-acide-2-cheveux-sensibilises\/","title":{"rendered":"S-PRO Kit d&rsquo;Ondulation Acide 2 Cheveux Sensibilis\u00e9s"},"content":{"rendered":"<div class=\"product-content_bottom\">\n<div class=\"pdp-info\">\n<div class=\"pdp-tabs tab-container\">\n<div class=\"tab js-tab\">\n<h3 class=\"tab-title pdp-tabs_title js-tab-mobile-title open\"><span>Points cl\u00e9s<\/span><\/h3>\n<div class=\"tab-description pdp-tabs_description js-tab-description open\" itemprop=\"description\">\n<ul>\n<li>Kit d\u2019ondulation acide \u00e0 usage unique<\/li>\n<li>Sp\u00e9cialement con\u00e7u pour les cheveux fins \u00e0 sensibilis\u00e9s et trait\u00e9s chimiquement<\/li>\n<li>Aux prot\u00e9ines de soie et de bl\u00e9 pour des ondulations plus saines<\/li>\n<\/ul>\n<\/div>\n<\/div>\n<div class=\"tab js-tab\">\n<h3 class=\"tab-title pdp-tabs_title js-tab-mobile-title\"><span>Description<\/span><\/h3>\n<div class=\"tab-description pdp-tabs_description js-tab-description\" itemprop=\"description\">Kit d\u2019ondulation ACIDE \u00e0 usage unique, sp\u00e9cialement con\u00e7u pour les cheveux fins \u00e0 sensibilis\u00e9s et trait\u00e9s chimiquement. Avec ajout de prot\u00e9ines de soie et de bl\u00e9 pour des ondulations plus saines.<\/div>\n<\/div>\n<div class=\"tab js-tab\">\n<h3 class=\"tab-title pdp-tabs_title js-tab-mobile-title\"><span>Mode d&#8217;emploi<\/span><\/h3>\n<div class=\"tab-description pdp-tabs_description js-tab-description\">1. Laver, rincer et s\u00e9cher doucement les cheveux \u00e0 l&rsquo;aide d&rsquo;une serviette.<br \/>2. Choisir la taille de bigoudis permanente adapt\u00e9e \u00e0 la boucle dont vous avez besoin.<br \/>3. Enrouler les cheveux humides en douceur autour du bigoudi sans tension. Ne pas envelopper de lotion. Si les cheveux se dess\u00e8chent, les humidifier avec un jet d&rsquo;eau. Ne pas saturer les cheveux.<br \/>4. Humidifier l\u00e9g\u00e8rement avec de l&rsquo;eau une fois l\u2019enroulement termin\u00e9. Placer une bande de coton \u00e0 la naissance des cheveux et une serviette au niveau de la nuque pour absorber la lotion qui pourrait tomber des bigoudis. L&rsquo;utilisation de la cr\u00e8me protectrice S-PRO permet de pr\u00e9server davantage la peau.<br \/>5. Pr\u00e9parer l\u2019Acid Wave: D\u00e9visser le bouchon de l&rsquo;applicateur d\u2019Acid Wave (Partie B). Verser tout le contenu de l&rsquo;additif pour lotion d\u2019ondulation (partie A) dans le flacon contenant la Partie B. Remettre le bouchon de l&rsquo;applicateur. Retourner doucement le flacon \u00e0 quatre reprises &#8211; ne pas secouer. Retirer l&#8217;embout de la buse de l&rsquo;applicateur. L&rsquo;Acid Wave est maintenant pr\u00eat pour l&rsquo;application.<br \/>6. Appliquer une lotion d\u2019ondulation m\u00e9lang\u00e9e sur toutes les bigoudis enroul\u00e9s. Commencer \u00e0 l&rsquo;arri\u00e8re, du haut de l&rsquo;oreille jusqu\u2019\u00e0 la nuque, puis au sommet du cr\u00e2ne, sur le dessus \u00e0 l\u2019avant et sur les c\u00f4t\u00e9s. Appliquer de la lotion sur le dessus et le dessous de chaque bigoudi. S\u2019assurer que chaque boucle est bien satur\u00e9e.<br \/>7. Apr\u00e8s l&rsquo;application, enlever la bande de coton, tamponner la racine des cheveux avec de l&rsquo;eau et remplacer la bande par une neuve. Ceci permet d\u2019\u00e9viter toute irritation de la racine des cheveux si la bande a absorb\u00e9 de la lotion.<br \/>8. Pour conna\u00eetre le temps de traitement, reportez-vous au tableau situ\u00e9 sur le c\u00f4t\u00e9 de la bo\u00eete. Couvrir la t\u00eate avec un capuchon de laboratoire et le serrer \u00e0 l\u2019avant. S&rsquo;assurer que toutes les bigoudis sont couvertes. Commencer \u00e0 chronom\u00e9trer imm\u00e9diatement.<br \/>9. Lorsque la force d\u00e9sir\u00e9e est atteinte, rincer abondamment \u00e0 l&rsquo;eau pendant 3 \u00e0 5 minutes.<br \/>10. \u00c9ponger soigneusement chaque bigoudi, puis neutraliser.<br \/>11. \u00c0 partir du sommet du cr\u00e2ne, appliquer les 2\/3 du neutralisant sur le haut et le bas des boucles enroul\u00e9es. Laisser poser 5 minutes. D\u00e9rouler d\u00e9licatement les bigoudi et appliquer avec pr\u00e9caution le tiers restant du neutralisant sur les longueurs et les pointes. Laisser poser encore 2 minutes. Enfin, rincer abondamment les cheveux \u00e0 l&rsquo;eau ti\u00e8de. Ne pas shampouiner les cheveux pendant 48 heures.<\/div>\n<\/div>\n<div class=\"tab js-tab\">\n<h3 class=\"tab-title pdp-tabs_title js-tab-mobile-title\"><span>Livraison et stock<\/span><\/h3>\n<div class=\"tab-description pdp-tabs_description js-tab-description\">\n<div class=\"pdp-delivery_info\">\n<div class=\"content-asset\">Livraison et d\u00e9laisRetours et remboursements<\/div>\n<\/div>\n<\/div>\n<\/div>\n<div class=\"tab js-tab\">\n<h3 class=\"tab-title pdp-tabs_title js-tab-mobile-title\"><span>Pr\u00e9cautions d&#8217;emploi<\/span><\/h3>\n<div class=\"tab-description pdp-tabs_description js-tab-description\">Ne pas utiliser sur des cheveux totalement d\u00e9color\u00e9s ou doublement trait\u00e9s, ou sur des cheveux qui ont d\u00e9j\u00e0 \u00e9t\u00e9 trait\u00e9s avec du henn\u00e9 ou un restaurateur de couleur. Peut entra\u00eener une sensibilisation si le produit entre en contact avec la peau. Ne pas laisser la lotion inonder le cuir chevelu. Rincer imm\u00e9diatement si cela se produit. Ne pas utiliser si le cuir chevelu pr\u00e9sente des signes de douleur, d&rsquo;irritation, d&rsquo;\u00e9ruption cutan\u00e9e ou d&rsquo;abrasion. Avant de proc\u00e9der \u00e0 la permanente, v\u00e9rifier si les cheveux sont cass\u00e9s, d\u00e9color\u00e9s et poreux, et toujours r\u00e9aliser une boucle d\u2019essai. Toujours porter des gants de protection lors de l&rsquo;utilisation de ce produit et employer des ustensiles non m\u00e9talliques. Il n\u2019est pas n\u00e9cessaire de traiter les cheveux avant, pendant ou imm\u00e9diatement apr\u00e8s la permanente. Ce produit Acid Wave laissera les cheveux en parfait \u00e9tat. Avertissements: Pour un usage professionnel uniquement. Toujours suivre les consignes d&rsquo;utilisation. Acid Wave contient du thioglycolate et de l\u2019ammoniaque. Le neutralisant contient du peroxyde d&rsquo;hydrog\u00e8ne. La Partie A et la Partie B doivent \u00eatre m\u00e9lang\u00e9es avant l\u2019emploi. \u00c9viter tout contact avec les yeux et la peau. Si cela se produit, rincer imm\u00e9diatement et consulter un m\u00e9decin si l&rsquo;irritation persiste. Tenir hors de port\u00e9e des enfants.<\/div>\n<\/div>\n<\/div>\n<\/div>\n<\/div>\n","protected":false},"excerpt":{"rendered":"<p>Points cl\u00e9s Kit d\u2019ondulation acide \u00e0 usage unique Sp\u00e9cialement con\u00e7u pour les cheveux fins \u00e0&hellip;<\/p>\n","protected":false},"featured_media":18859,"comment_status":"open","ping_status":"closed","template":"","meta":[],"pwb-brand":[653],"product_cat":[601],"product_tag":[347,127,156],"class_list":{"0":"post-30954","1":"product","2":"type-product","3":"status-publish","4":"has-post-thumbnail","6":"pwb-brand-s-pro","7":"product_cat-traitements-boucles-lissages","8":"product_tag-s-pro","9":"product_tag-shampooing-et-coiffure","10":"product_tag-traitements-boucles-lissages","12":"first","13":"instock","14":"taxable","15":"shipping-taxable","16":"purchasable","17":"product-type-simple","18":"layout-style-3","19":"col-md-4 col-sm-4 col-xs-6","20":"col-lg-3","21":"product-style-default"},"aioseo_notices":[],"brands":[{"id":653,"name":"S-PRO","slug":"s-pro"}],"_links":{"self":[{"href":"https:\/\/cheveuxluxe.com\/index.php\/wp-json\/wp\/v2\/product\/30954","targetHints":{"allow":["GET"]}}],"collection":[{"href":"https:\/\/cheveuxluxe.com\/index.php\/wp-json\/wp\/v2\/product"}],"about":[{"href":"https:\/\/cheveuxluxe.com\/index.php\/wp-json\/wp\/v2\/types\/product"}],"replies":[{"embeddable":true,"href":"https:\/\/cheveuxluxe.com\/index.php\/wp-json\/wp\/v2\/comments?post=30954"}],"version-history":[{"count":0,"href":"https:\/\/cheveuxluxe.com\/index.php\/wp-json\/wp\/v2\/product\/30954\/revisions"}],"wp:featuredmedia":[{"embeddable":true,"href":"https:\/\/cheveuxluxe.com\/index.php\/wp-json\/wp\/v2\/media\/18859"}],"wp:attachment":[{"href":"https:\/\/cheveuxluxe.com\/index.php\/wp-json\/wp\/v2\/media?parent=30954"}],"wp:term":[{"taxonomy":"pwb-brand","embeddable":true,"href":"https:\/\/cheveuxluxe.com\/index.php\/wp-json\/wp\/v2\/pwb-brand?post=30954"},{"taxonomy":"product_cat","embeddable":true,"href":"https:\/\/cheveuxluxe.com\/index.php\/wp-json\/wp\/v2\/product_cat?post=30954"},{"taxonomy":"product_tag","embeddable":true,"href":"https:\/\/cheveuxluxe.com\/index.php\/wp-json\/wp\/v2\/product_tag?post=30954"}],"curies":[{"name":"wp","href":"https:\/\/api.w.org\/{rel}","templated":true}]}}