{"id":30963,"date":"2024-04-09T23:04:14","date_gmt":"2024-04-09T23:04:14","guid":{"rendered":"https:\/\/cheveuxluxe.com\/index.php\/product\/balmain-connecteur-plugplay-eu1-2\/"},"modified":"2024-04-13T14:15:49","modified_gmt":"2024-04-13T14:15:49","slug":"balmain-connecteur-plugplay-eu1-2","status":"publish","type":"product","link":"https:\/\/cheveuxluxe.com\/index.php\/product\/balmain-connecteur-plugplay-eu1-2\/","title":{"rendered":"Balmain Connecteur Plug&#038;Play EU1.2"},"content":{"rendered":"<div class=\"product-content_bottom\">\n<div class=\"pdp-info\">\n<div class=\"pdp-tabs tab-container\">\n<div class=\"tab js-tab\">\n<h3 class=\"tab-title pdp-tabs_title js-tab-mobile-title open\"><span>Points cl\u00e9s<\/span><\/h3>\n<div class=\"tab-description pdp-tabs_description js-tab-description open\" itemprop=\"description\">\n<ul>\n<li> Fixation des extensions Balmain\u00ae <\/li>\n<li>Poids plume <\/li>\n<li>Pose simple et s\u00e9curis\u00e9e <\/li>\n<li>Ergonomique <\/li>\n<\/ul>\n<\/div>\n<\/div>\n<div class=\"tab js-tab\">\n<h3 class=\"tab-title pdp-tabs_title js-tab-mobile-title\"><span>Description<\/span><\/h3>\n<div class=\"tab-description pdp-tabs_description js-tab-description\" itemprop=\"description\">Vous avez craqu\u00e9 pour les extensions Balmain\u00ae ? Posez-les avec un connecteur sur-mesure ! Con\u00e7ue dans le respect des normes d\u2019application de la marque, la forme des pointes de ce connecteur est adapt\u00e9e aux extensions, et vous assure une pose simple et s\u00e9curis\u00e9e. Le plus : ce connecteur monte en temp\u00e9rature rapidement, pour atteindre la temp\u00e9rature id\u00e9ale pour la pose (entre 140 et 160\u00b0C)&#8230; Parfait pour les plannings serr\u00e9s !Affichant un poids plume, ce connecteur prendra soin de vos poignets ! Son design ergonomique vous assure une prise en main agr\u00e9able, et son c\u00e2ble de 3 m\u00e8tres promet une grande libert\u00e9 de mouvement. Seules les extr\u00e9mit\u00e9s de cet appareil chauffent, pour vous garantir un usage s\u00e9curis\u00e9.On aime : sa simplicit\u00e9 d\u2019utilisation. Avec le Connecteur Plug&amp;Play, branchez et posez !<\/div>\n<\/div>\n<div class=\"tab js-tab\">\n<h3 class=\"tab-title pdp-tabs_title js-tab-mobile-title\"><span>Mode d&#8217;emploi<\/span><\/h3>\n<div class=\"tab-description pdp-tabs_description js-tab-description\">S\u00e9lectionnez la temp\u00e9rature d\u00e9sir\u00e9e. Branchez l\u2019appareil, et laissez-le monter en temp\u00e9rature. Prenez une extension et placez-la sur une m\u00e8che naturelle. Faites fondre la k\u00e9ratine de l\u2019extension, jusqu\u2019\u00e0 ce qu\u2019elle soit fix\u00e9e.<\/div>\n<\/div>\n<div class=\"tab js-tab\">\n<h3 class=\"tab-title pdp-tabs_title js-tab-mobile-title\"><span>Livraison et stock<\/span><\/h3>\n<div class=\"tab-description pdp-tabs_description js-tab-description\">\n<div class=\"pdp-delivery_info\">\n<div class=\"content-asset\">Livraison et d\u00e9laisRetours et remboursements<\/div>\n<\/div>\n<\/div>\n<\/div>\n<\/div>\n<\/div>\n<\/div>\n","protected":false},"excerpt":{"rendered":"<p>Points cl\u00e9s Fixation des extensions Balmain\u00ae Poids plume Pose simple et s\u00e9curis\u00e9e Ergonomique Description Vous&hellip;<\/p>\n","protected":false},"featured_media":16286,"comment_status":"open","ping_status":"closed","template":"","meta":[],"pwb-brand":[630],"product_cat":[602],"product_tag":[603,146,127],"class_list":{"0":"post-30963","1":"product","2":"type-product","3":"status-publish","4":"has-post-thumbnail","6":"pwb-brand-balmain","7":"product_cat-extensions-cheveux-perruques","8":"product_tag-balmain","9":"product_tag-extensions-cheveux-perruques","10":"product_tag-shampooing-et-coiffure","12":"first","13":"instock","14":"taxable","15":"shipping-taxable","16":"purchasable","17":"product-type-simple","18":"layout-style-3","19":"col-md-4 col-sm-4 col-xs-6","20":"col-lg-3","21":"product-style-default"},"aioseo_notices":[],"brands":[{"id":630,"name":"Balmain","slug":"balmain"}],"_links":{"self":[{"href":"https:\/\/cheveuxluxe.com\/index.php\/wp-json\/wp\/v2\/product\/30963","targetHints":{"allow":["GET"]}}],"collection":[{"href":"https:\/\/cheveuxluxe.com\/index.php\/wp-json\/wp\/v2\/product"}],"about":[{"href":"https:\/\/cheveuxluxe.com\/index.php\/wp-json\/wp\/v2\/types\/product"}],"replies":[{"embeddable":true,"href":"https:\/\/cheveuxluxe.com\/index.php\/wp-json\/wp\/v2\/comments?post=30963"}],"version-history":[{"count":0,"href":"https:\/\/cheveuxluxe.com\/index.php\/wp-json\/wp\/v2\/product\/30963\/revisions"}],"wp:featuredmedia":[{"embeddable":true,"href":"https:\/\/cheveuxluxe.com\/index.php\/wp-json\/wp\/v2\/media\/16286"}],"wp:attachment":[{"href":"https:\/\/cheveuxluxe.com\/index.php\/wp-json\/wp\/v2\/media?parent=30963"}],"wp:term":[{"taxonomy":"pwb-brand","embeddable":true,"href":"https:\/\/cheveuxluxe.com\/index.php\/wp-json\/wp\/v2\/pwb-brand?post=30963"},{"taxonomy":"product_cat","embeddable":true,"href":"https:\/\/cheveuxluxe.com\/index.php\/wp-json\/wp\/v2\/product_cat?post=30963"},{"taxonomy":"product_tag","embeddable":true,"href":"https:\/\/cheveuxluxe.com\/index.php\/wp-json\/wp\/v2\/product_tag?post=30963"}],"curies":[{"name":"wp","href":"https:\/\/api.w.org\/{rel}","templated":true}]}}