{"id":30965,"date":"2024-04-09T23:04:25","date_gmt":"2024-04-09T23:04:25","guid":{"rendered":"https:\/\/cheveuxluxe.com\/index.php\/product\/balmain-pince-depose-extensions-300\/"},"modified":"2024-04-13T14:15:49","modified_gmt":"2024-04-13T14:15:49","slug":"balmain-pince-depose-extensions-300","status":"publish","type":"product","link":"https:\/\/cheveuxluxe.com\/index.php\/product\/balmain-pince-depose-extensions-300\/","title":{"rendered":"Balmain Pince D\u00e9pose Extensions 300"},"content":{"rendered":"<div class=\"product-content_bottom\">\n<div class=\"pdp-info\">\n<div class=\"pdp-tabs tab-container\">\n<div class=\"tab js-tab\">\n<h3 class=\"tab-title pdp-tabs_title js-tab-mobile-title open\"><span>Points cl\u00e9s<\/span><\/h3>\n<div class=\"tab-description pdp-tabs_description js-tab-description open\" itemprop=\"description\">\n<ul>\n<li> D\u00e9pose rajouts<\/li>\n<li>Ergonomique<\/li>\n<li>d\u00e9connecte les extensions <\/li>\n<li>Outil<\/li>\n<li>K\u00e9ratine <\/li>\n<\/ul>\n<\/div>\n<\/div>\n<div class=\"tab js-tab\">\n<h3 class=\"tab-title pdp-tabs_title js-tab-mobile-title\"><span>Description<\/span><\/h3>\n<div class=\"tab-description pdp-tabs_description js-tab-description\" itemprop=\"description\">Si vous avez d\u00e9cid\u00e9 de retirer vos rajouts, cette Pince s\u2019utilise pour faciliter la D\u00e9pose des Extensions \u00e0 chaud en \u00e9crasant les petits morceaux de k\u00e9ratine qui permettaient de fixer les m\u00e8ches de cheveux.Cet outil est facile \u00e0 utiliser et \u00e0 prendre en main grace \u00e0 sa forme ergonomique. Cet outil est indispensable \u00e0 la d\u00e9pose des extensions de cheveux, son ressort central vous permet de casser plus facilement les petits morceaux de k\u00e9ratine et donc de d\u00e9solidariser les m\u00e8ches \u00e9trang\u00e8res \u00e0 votre chevelure sans risquer de casser vos cheveux.La Pince \u00e0 casser les points de k\u00e9ratine est \u00e0 utiliser associ\u00e9e au dissolvant Balmain.<\/div>\n<\/div>\n<div class=\"tab js-tab\">\n<h3 class=\"tab-title pdp-tabs_title js-tab-mobile-title\"><span>Mode d&#8217;emploi<\/span><\/h3>\n<div class=\"tab-description pdp-tabs_description js-tab-description\">Bien \u00e9craser les morceaux de k\u00e9ratine \u00e0 l\u2019aide de la Pince D\u00e9pose Extensions de Balmain.Verser quelques gouttes de dissolvant Balmain sur le point de k\u00e9ratine et bien \u00e9craser \u00e0 nouveau, r\u00e9p\u00e9ter si n\u00e9cessaire.Enlever les r\u00e9sidus de k\u00e9ratine \u00e0 l\u2019aide d\u2019un peigne.Laver et bien rincer les cheveux<\/div>\n<\/div>\n<div class=\"tab js-tab\">\n<h3 class=\"tab-title pdp-tabs_title js-tab-mobile-title\"><span>Livraison et stock<\/span><\/h3>\n<div class=\"tab-description pdp-tabs_description js-tab-description\">\n<div class=\"pdp-delivery_info\">\n<div class=\"content-asset\">Livraison et d\u00e9laisRetours et remboursements<\/div>\n<\/div>\n<\/div>\n<\/div>\n<\/div>\n<\/div>\n<\/div>\n","protected":false},"excerpt":{"rendered":"<p>Points cl\u00e9s D\u00e9pose rajouts Ergonomique d\u00e9connecte les extensions Outil K\u00e9ratine Description Si vous avez d\u00e9cid\u00e9&hellip;<\/p>\n","protected":false},"featured_media":30964,"comment_status":"open","ping_status":"closed","template":"","meta":[],"pwb-brand":[630],"product_cat":[602],"product_tag":[603,146,127],"class_list":{"0":"post-30965","1":"product","2":"type-product","3":"status-publish","4":"has-post-thumbnail","6":"pwb-brand-balmain","7":"product_cat-extensions-cheveux-perruques","8":"product_tag-balmain","9":"product_tag-extensions-cheveux-perruques","10":"product_tag-shampooing-et-coiffure","12":"first","13":"instock","14":"taxable","15":"shipping-taxable","16":"purchasable","17":"product-type-simple","18":"layout-style-3","19":"col-md-4 col-sm-4 col-xs-6","20":"col-lg-3","21":"product-style-default"},"aioseo_notices":[],"brands":[{"id":630,"name":"Balmain","slug":"balmain"}],"_links":{"self":[{"href":"https:\/\/cheveuxluxe.com\/index.php\/wp-json\/wp\/v2\/product\/30965","targetHints":{"allow":["GET"]}}],"collection":[{"href":"https:\/\/cheveuxluxe.com\/index.php\/wp-json\/wp\/v2\/product"}],"about":[{"href":"https:\/\/cheveuxluxe.com\/index.php\/wp-json\/wp\/v2\/types\/product"}],"replies":[{"embeddable":true,"href":"https:\/\/cheveuxluxe.com\/index.php\/wp-json\/wp\/v2\/comments?post=30965"}],"version-history":[{"count":0,"href":"https:\/\/cheveuxluxe.com\/index.php\/wp-json\/wp\/v2\/product\/30965\/revisions"}],"wp:featuredmedia":[{"embeddable":true,"href":"https:\/\/cheveuxluxe.com\/index.php\/wp-json\/wp\/v2\/media\/30964"}],"wp:attachment":[{"href":"https:\/\/cheveuxluxe.com\/index.php\/wp-json\/wp\/v2\/media?parent=30965"}],"wp:term":[{"taxonomy":"pwb-brand","embeddable":true,"href":"https:\/\/cheveuxluxe.com\/index.php\/wp-json\/wp\/v2\/pwb-brand?post=30965"},{"taxonomy":"product_cat","embeddable":true,"href":"https:\/\/cheveuxluxe.com\/index.php\/wp-json\/wp\/v2\/product_cat?post=30965"},{"taxonomy":"product_tag","embeddable":true,"href":"https:\/\/cheveuxluxe.com\/index.php\/wp-json\/wp\/v2\/product_tag?post=30965"}],"curies":[{"name":"wp","href":"https:\/\/api.w.org\/{rel}","templated":true}]}}