{"id":30996,"date":"2024-04-09T23:05:57","date_gmt":"2024-04-09T23:05:57","guid":{"rendered":"https:\/\/cheveuxluxe.com\/index.php\/product\/wunderbar-vegan-spray-thermo-protecteur-200ml\/"},"modified":"2024-04-13T14:25:33","modified_gmt":"2024-04-13T14:25:33","slug":"wunderbar-vegan-spray-thermo-protecteur-200ml","status":"publish","type":"product","link":"https:\/\/cheveuxluxe.com\/index.php\/product\/wunderbar-vegan-spray-thermo-protecteur-200ml\/","title":{"rendered":"Wunderbar Vegan Spray Thermo Protecteur 200ml"},"content":{"rendered":"<div class=\"product-content_bottom\">\n<div class=\"pdp-info\">\n<div class=\"pdp-tabs tab-container\">\n<div class=\"tab js-tab\">\n<h3 class=\"tab-title pdp-tabs_title js-tab-mobile-title open\"><span>Points cl\u00e9s<\/span><\/h3>\n<div class=\"tab-description pdp-tabs_description js-tab-description open\" itemprop=\"description\">\n<ul>\n<li>Un spray l\u00e9ger pour prot\u00e9ger les cheveux contre la chaleur tout en acc\u00e9l\u00e9rant leur s\u00e9chage<\/li>\n<li>La formule contient des ingr\u00e9dients qui acc\u00e9l\u00e8rent le s\u00e9chage des cheveux<\/li>\n<li>Procure brillance et \u00e9clat<\/li>\n<li>Le Fix Complexe 48h avec r\u00e9sines \u00e0 effet de m\u00e9moire permet de retravailler la coiffure<\/li>\n<li>Ce produit contient une formule adapt\u00e9e aux colorations\u00a0<\/li>\n<\/ul>\n<\/div>\n<\/div>\n<div class=\"tab js-tab\">\n<h3 class=\"tab-title pdp-tabs_title js-tab-mobile-title\"><span>Description<\/span><\/h3>\n<div class=\"tab-description pdp-tabs_description js-tab-description\" itemprop=\"description\">Le Wunderbar Vegan Heat Protect Spray garde vos cheveux doux et brillants tout en acc\u00e9l\u00e9rant le s\u00e9chage. Sa formule \u00e0 s\u00e9chage rapide r\u00e9unit des agents d\u00e9perlants et le Fix\u00a0Complex\u00a048h, une exclusivit\u00e9 Wunderbar enrichie en r\u00e9sines \u00e0 effet m\u00e9moire qui permet de retravailler les cheveux.<\/div>\n<\/div>\n<div class=\"tab js-tab\">\n<h3 class=\"tab-title pdp-tabs_title js-tab-mobile-title\"><span>Mode d&#8217;emploi<\/span><\/h3>\n<div class=\"tab-description pdp-tabs_description js-tab-description\">Pulv\u00e9riser \u00e0 une distance d\u2019environ 30 cm sur cheveux mouill\u00e9s avant de s\u00e9cher au s\u00e8che-cheveux ou avec un appareil de coiffure chauffant. Pour une protection maximale, appliquer m\u00e8che par m\u00e8che sur l\u2019ensemble des cheveux.<\/div>\n<\/div>\n<div class=\"tab js-tab\">\n<h3 class=\"tab-title pdp-tabs_title js-tab-mobile-title\"><span>Ingr\u00e9dients<\/span><\/h3>\n<div class=\"tab-description pdp-tabs_description js-tab-description\">AQUA (WATER\/EAU), ALCOHOL DENAT., PEG-40 HYDROGENATED CASTOR OIL, POLYURETHANE-14, AMP ACRYLATES COPOLYMER, ARGANIA SPINOSA KERNEL OIL, VERBASCUM DENSIFLORUM FLOWER\/STEM EXTRACT, TRIDECETH-8, AMINOMETHYL PROPANOL, PEG-12 DIMETHICONE, GLYCERIN, TETRASODIUM GLUTAMATE DIACETATE, CITRIC ACID, SODIUM GLUCEPTATE, PHENOXYETHANOL, CAPRYLYL GLYCOL, PHENETHYL ALCOHOL, ETHYLHEXYLGLYCERIN, BENZYL ALCOHOL, SODIUM BENZOATE, POTASSIUM SORBATE, PARFUM (FRAGRANCE), HEXYL CINNAMAL, HYDROXYCITRONELLAL, LIMONENE, LINALOOL, BENZYL SALICYLATE, ETHYLHEXYL METHOXYCINNAMATE, ALPHA ISOMETHYL IONONE, CITRAL<\/div>\n<\/div>\n<div class=\"tab js-tab\">\n<h3 class=\"tab-title pdp-tabs_title js-tab-mobile-title\"><span>Livraison et stock<\/span><\/h3>\n<div class=\"tab-description pdp-tabs_description js-tab-description\">\n<div class=\"pdp-delivery_info\">\n<div class=\"content-asset\">Livraison et d\u00e9laisRetours et remboursements<\/div>\n<\/div>\n<\/div>\n<\/div>\n<div class=\"tab js-tab\">\n<h3 class=\"tab-title pdp-tabs_title js-tab-mobile-title\"><span>Pr\u00e9cautions d&#8217;emploi<\/span><\/h3>\n<div class=\"tab-description pdp-tabs_description js-tab-description\">Ne pas pulv\u00e9riser sur les yeux ni sur une peau irrit\u00e9e.<\/div>\n<\/div>\n<\/div>\n<\/div>\n<\/div>\n","protected":false},"excerpt":{"rendered":"<p>Points cl\u00e9s Un spray l\u00e9ger pour prot\u00e9ger les cheveux contre la chaleur tout en acc\u00e9l\u00e9rant&hellip;<\/p>\n","protected":false},"featured_media":20444,"comment_status":"open","ping_status":"closed","template":"","meta":[],"pwb-brand":[655],"product_cat":[617],"product_tag":[274,273,352],"class_list":{"0":"post-30996","1":"product","2":"type-product","3":"status-publish","4":"has-post-thumbnail","6":"pwb-brand-wunderbar","7":"product_cat-coiffure","8":"product_tag-coiffure","9":"product_tag-vegan","10":"product_tag-wunderbar","12":"first","13":"instock","14":"taxable","15":"shipping-taxable","16":"purchasable","17":"product-type-simple","18":"layout-style-3","19":"col-md-4 col-sm-4 col-xs-6","20":"col-lg-3","21":"product-style-default"},"aioseo_notices":[],"brands":[{"id":655,"name":"Wunderbar","slug":"wunderbar"}],"_links":{"self":[{"href":"https:\/\/cheveuxluxe.com\/index.php\/wp-json\/wp\/v2\/product\/30996","targetHints":{"allow":["GET"]}}],"collection":[{"href":"https:\/\/cheveuxluxe.com\/index.php\/wp-json\/wp\/v2\/product"}],"about":[{"href":"https:\/\/cheveuxluxe.com\/index.php\/wp-json\/wp\/v2\/types\/product"}],"replies":[{"embeddable":true,"href":"https:\/\/cheveuxluxe.com\/index.php\/wp-json\/wp\/v2\/comments?post=30996"}],"version-history":[{"count":0,"href":"https:\/\/cheveuxluxe.com\/index.php\/wp-json\/wp\/v2\/product\/30996\/revisions"}],"wp:featuredmedia":[{"embeddable":true,"href":"https:\/\/cheveuxluxe.com\/index.php\/wp-json\/wp\/v2\/media\/20444"}],"wp:attachment":[{"href":"https:\/\/cheveuxluxe.com\/index.php\/wp-json\/wp\/v2\/media?parent=30996"}],"wp:term":[{"taxonomy":"pwb-brand","embeddable":true,"href":"https:\/\/cheveuxluxe.com\/index.php\/wp-json\/wp\/v2\/pwb-brand?post=30996"},{"taxonomy":"product_cat","embeddable":true,"href":"https:\/\/cheveuxluxe.com\/index.php\/wp-json\/wp\/v2\/product_cat?post=30996"},{"taxonomy":"product_tag","embeddable":true,"href":"https:\/\/cheveuxluxe.com\/index.php\/wp-json\/wp\/v2\/product_tag?post=30996"}],"curies":[{"name":"wp","href":"https:\/\/api.w.org\/{rel}","templated":true}]}}