{"id":31000,"date":"2024-04-09T23:06:01","date_gmt":"2024-04-09T23:06:01","guid":{"rendered":"https:\/\/cheveuxluxe.com\/index.php\/product\/schwarzkopf-professional-bonacure-clean-balance-eau-purifiante-anti-pollution-150ml\/"},"modified":"2024-04-13T14:27:31","modified_gmt":"2024-04-13T14:27:31","slug":"schwarzkopf-professional-bonacure-clean-balance-eau-purifiante-anti-pollution-150ml","status":"publish","type":"product","link":"https:\/\/cheveuxluxe.com\/index.php\/product\/schwarzkopf-professional-bonacure-clean-balance-eau-purifiante-anti-pollution-150ml\/","title":{"rendered":"Schwarzkopf Professional Bonacure Clean Balance Eau Purifiante Anti-Pollution 150ml"},"content":{"rendered":"<div class=\"product-content_bottom\">\n<div class=\"pdp-info\">\n<div class=\"pdp-tabs tab-container\">\n<div class=\"tab js-tab\">\n<h3 class=\"tab-title pdp-tabs_title js-tab-mobile-title open\"><span>Points cl\u00e9s<\/span><\/h3>\n<div class=\"tab-description pdp-tabs_description js-tab-description open\" itemprop=\"description\">\n<ul>\n<li>Formule ultral\u00e9g\u00e8re pour combattre l&rsquo;effet des dommages caus\u00e9s par la pollution m\u00e9tropolitaine<\/li>\n<li>Conditionne et hydrate les cheveux tout en les prot\u00e9geant des polluants ext\u00e9rieurs<\/li>\n<li>Pour une meilleure protection contre la chaleur, utiliser avant le s\u00e9chage ou apr\u00e8s le coiffage<\/li>\n<li>Jusqu&rsquo;\u00e0 24 heures de sensation de fra\u00eecheur dans les cheveux<\/li>\n<li>Formule v\u00e9gane*<\/li>\n<\/ul>\n<\/div>\n<\/div>\n<div class=\"tab js-tab\">\n<h3 class=\"tab-title pdp-tabs_title js-tab-mobile-title\"><span>Description<\/span><\/h3>\n<div class=\"tab-description pdp-tabs_description js-tab-description\" itemprop=\"description\">Une formule liquide ultral\u00e9g\u00e8re de Bonacure Clean Balance, sp\u00e9cialement formul\u00e9e avec du Tocoph\u00e9rol combattant les radicaux libres pour cr\u00e9er une fine couche \u00e0 la surface des cheveux afin de les prot\u00e9ger contre l&rsquo;accumulation de pollution et la chaleur.<\/p>\n<p>Produit capillaire Vegan*<\/p><\/div>\n<\/div>\n<div class=\"tab js-tab\">\n<h3 class=\"tab-title pdp-tabs_title js-tab-mobile-title\"><span>Mode d&#8217;emploi<\/span><\/h3>\n<div class=\"tab-description pdp-tabs_description js-tab-description\">Vaporisez le produit de soin capillaire uniform\u00e9ment sur les cheveux humides ou secs. Laisser agir.<\/div>\n<\/div>\n<div class=\"tab js-tab\">\n<h3 class=\"tab-title pdp-tabs_title js-tab-mobile-title\"><span>Ingr\u00e9dients<\/span><\/h3>\n<div class=\"tab-description pdp-tabs_description js-tab-description\">Aqua Alcohol denat. PEG-7 Glyceryl Cocoate Glycerin Stearamidopropyl Dimethylamine Moringa Oleifera Seed Extract Tocopheryl Acetate Soy Amino Acids Wheat Amino Acids Serine Threonine Arginine HCl Lactic Acid Parfum Cetrimonium Chloride Linalool Citronellol Alpha-Isomethyl Ionone Limonene Phenoxyethanol Citric Acid Geraniol Benzyl Alcohol Sodium Benzoate Potassium Sorbate<\/div>\n<\/div>\n<div class=\"tab js-tab\">\n<h3 class=\"tab-title pdp-tabs_title js-tab-mobile-title\"><span>Livraison et stock<\/span><\/h3>\n<div class=\"tab-description pdp-tabs_description js-tab-description\">\n<div class=\"pdp-delivery_info\">\n<div class=\"content-asset\">Livraison et d\u00e9laisRetours et remboursements<\/div>\n<\/div>\n<\/div>\n<\/div>\n<div class=\"tab js-tab\">\n<h3 class=\"tab-title pdp-tabs_title js-tab-mobile-title\"><span>Pr\u00e9cautions d&#8217;emploi<\/span><\/h3>\n<div class=\"tab-description pdp-tabs_description js-tab-description\">\u00c9viter le contact avec les yeux. Rincer imm\u00e9diatement si le produit entre en contact avec les yeux. Tenir hors de port\u00e9e des enfants.<\/div>\n<\/div>\n<\/div>\n<\/div>\n<\/div>\n","protected":false},"excerpt":{"rendered":"<p>Points cl\u00e9s Formule ultral\u00e9g\u00e8re pour combattre l&rsquo;effet des dommages caus\u00e9s par la pollution m\u00e9tropolitaine Conditionne&hellip;<\/p>\n","protected":false},"featured_media":20799,"comment_status":"open","ping_status":"closed","template":"","meta":[],"pwb-brand":[646],"product_cat":[617],"product_tag":[274,319,273],"class_list":{"0":"post-31000","1":"product","2":"type-product","3":"status-publish","4":"has-post-thumbnail","6":"pwb-brand-schwarzkopf-professional","7":"product_cat-coiffure","8":"product_tag-coiffure","9":"product_tag-schwarzkopf-professional","10":"product_tag-vegan","12":"first","13":"instock","14":"taxable","15":"shipping-taxable","16":"purchasable","17":"product-type-simple","18":"layout-style-3","19":"col-md-4 col-sm-4 col-xs-6","20":"col-lg-3","21":"product-has-gallery","22":"product-style-default"},"aioseo_notices":[],"brands":[{"id":646,"name":"Schwarzkopf Professional","slug":"schwarzkopf-professional"}],"_links":{"self":[{"href":"https:\/\/cheveuxluxe.com\/index.php\/wp-json\/wp\/v2\/product\/31000","targetHints":{"allow":["GET"]}}],"collection":[{"href":"https:\/\/cheveuxluxe.com\/index.php\/wp-json\/wp\/v2\/product"}],"about":[{"href":"https:\/\/cheveuxluxe.com\/index.php\/wp-json\/wp\/v2\/types\/product"}],"replies":[{"embeddable":true,"href":"https:\/\/cheveuxluxe.com\/index.php\/wp-json\/wp\/v2\/comments?post=31000"}],"version-history":[{"count":0,"href":"https:\/\/cheveuxluxe.com\/index.php\/wp-json\/wp\/v2\/product\/31000\/revisions"}],"wp:featuredmedia":[{"embeddable":true,"href":"https:\/\/cheveuxluxe.com\/index.php\/wp-json\/wp\/v2\/media\/20799"}],"wp:attachment":[{"href":"https:\/\/cheveuxluxe.com\/index.php\/wp-json\/wp\/v2\/media?parent=31000"}],"wp:term":[{"taxonomy":"pwb-brand","embeddable":true,"href":"https:\/\/cheveuxluxe.com\/index.php\/wp-json\/wp\/v2\/pwb-brand?post=31000"},{"taxonomy":"product_cat","embeddable":true,"href":"https:\/\/cheveuxluxe.com\/index.php\/wp-json\/wp\/v2\/product_cat?post=31000"},{"taxonomy":"product_tag","embeddable":true,"href":"https:\/\/cheveuxluxe.com\/index.php\/wp-json\/wp\/v2\/product_tag?post=31000"}],"curies":[{"name":"wp","href":"https:\/\/api.w.org\/{rel}","templated":true}]}}