{"id":31002,"date":"2024-04-09T23:06:04","date_gmt":"2024-04-09T23:06:04","guid":{"rendered":"https:\/\/cheveuxluxe.com\/index.php\/product\/revlon-professional-uniqone-traitement-capillaire-noix-de-coco-v2-150ml\/"},"modified":"2024-04-13T14:24:57","modified_gmt":"2024-04-13T14:24:57","slug":"revlon-professional-uniqone-traitement-capillaire-noix-de-coco-v2-150ml","status":"publish","type":"product","link":"https:\/\/cheveuxluxe.com\/index.php\/product\/revlon-professional-uniqone-traitement-capillaire-noix-de-coco-v2-150ml\/","title":{"rendered":"Revlon Professional Uniqone Traitement Capillaire Noix de Coco V2 150ml"},"content":{"rendered":"<div class=\"product-content_bottom\">\n<div class=\"pdp-info\">\n<div class=\"pdp-tabs tab-container\">\n<div class=\"tab js-tab\">\n<h3 class=\"tab-title pdp-tabs_title js-tab-mobile-title open\"><span>Points cl\u00e9s<\/span><\/h3>\n<div class=\"tab-description pdp-tabs_description js-tab-description open\" itemprop=\"description\">\n<ul>\n<li>R\u00e9pare les cheveux secs et abim\u00e9s<\/li>\n<li>Fortifie et r\u00e9duit la casse<\/li>\n<li>Nourrit et d\u00e9m\u00eale<\/li>\n<li>Hydrate instantan\u00e9ment<\/li>\n<li>Soin thermo-protecteur<\/li>\n<\/ul>\n<\/div>\n<\/div>\n<div class=\"tab js-tab\">\n<h3 class=\"tab-title pdp-tabs_title js-tab-mobile-title\"><span>Description<\/span><\/h3>\n<div class=\"tab-description pdp-tabs_description js-tab-description\" itemprop=\"description\">Lorsqu&rsquo;il est appliqu\u00e9 sur les cheveux humides, le traitement capillaire UniqOne\u2122 procure des cheveux lisses, soyeux, brillants et prot\u00e9g\u00e9s sans les alourdir.<\/p>\n<p>Lorsqu&rsquo;il est appliqu\u00e9 sur les cheveux secs, il rafra\u00eechit le coiffage, offrant une finition durable, douce et soyeuse sans les alourdir.<\/p>\n<p>Compl\u00e9ment id\u00e9al des coiffeurs, il garantit \u00e9galement le succ\u00e8s des ventes dans les salons.<\/p><\/div>\n<\/div>\n<div class=\"tab js-tab\">\n<h3 class=\"tab-title pdp-tabs_title js-tab-mobile-title\"><span>Mode d&#8217;emploi<\/span><\/h3>\n<div class=\"tab-description pdp-tabs_description js-tab-description\">1. Appliquer le traitement capillaire UniqOne\u2122 \u00e0 20 cm des cheveux, de la mi-longueur aux pointes (pour les cheveux secs : vaporiser dans la paume de la main).<br \/>Cheveux courts : 6-8 pulv\u00e9risations (2-3 pulv\u00e9risations pour les cheveux secs).<br \/>Cheveux moyens : 7-12 pulv\u00e9risations (3-5 pulv\u00e9risations pour les cheveux secs).<br \/>Cheveux longs : 10-15 pulv\u00e9risations (4-6 pulv\u00e9risations pour les cheveux secs).<\/p>\n<p>2. D\u00e9m\u00ealez les cheveux avec un peigne. Ne rincez pas (pour les cheveux secs : frottez-le entre vos mains et appliquez-le sur les mi-longueurs et les pointes).<\/p>\n<p>3. Terminez avec votre coiffage habituelle : brushing, fer \u00e0 lisser, naturel, etc.<\/p>\n<p>4. Utilisez votre produit de finition quotidien.<\/p><\/div>\n<\/div>\n<div class=\"tab js-tab\">\n<h3 class=\"tab-title pdp-tabs_title js-tab-mobile-title\"><span>Ingr\u00e9dients<\/span><\/h3>\n<div class=\"tab-description pdp-tabs_description js-tab-description\">AQUA\/WATER\/EAU, CETEARYL ALCOHOL, BEHENTRIMONIUM CHLORIDE, CYCLOPENTASILOXANE, DISODIUM EDTA, ISOPROPYL ALCOHOL, PANTHENOL, PROPYLENE GLYCOL, QUATERNIUM-80, BUTYL METHOXYDIBENZOYLMETHANE, ETHYLHEXYL METHOXYCINNAMATE, PARFUM (FRAGRANCE), BENZYL ALCOHOL, BENZYL SALICYLATE, COUMARIN, ETHYLPARABEN, METHYLPARABEN, PHENOXYETHANOL. B01838.<\/div>\n<\/div>\n<div class=\"tab js-tab\">\n<h3 class=\"tab-title pdp-tabs_title js-tab-mobile-title\"><span>Livraison et stock<\/span><\/h3>\n<div class=\"tab-description pdp-tabs_description js-tab-description\">\n<div class=\"pdp-delivery_info\">\n<div class=\"content-asset\">Livraison et d\u00e9laisRetours et remboursements<\/div>\n<\/div>\n<\/div>\n<\/div>\n<\/div>\n<\/div>\n<\/div>\n","protected":false},"excerpt":{"rendered":"<p>Points cl\u00e9s R\u00e9pare les cheveux secs et abim\u00e9s Fortifie et r\u00e9duit la casse Nourrit et&hellip;<\/p>\n","protected":false},"featured_media":20610,"comment_status":"open","ping_status":"closed","template":"","meta":[],"pwb-brand":[659],"product_cat":[617],"product_tag":[274,372,273],"class_list":{"0":"post-31002","1":"product","2":"type-product","3":"status-publish","4":"has-post-thumbnail","6":"pwb-brand-revlon","7":"product_cat-coiffure","8":"product_tag-coiffure","9":"product_tag-revlon","10":"product_tag-vegan","12":"first","13":"instock","14":"taxable","15":"shipping-taxable","16":"purchasable","17":"product-type-simple","18":"layout-style-3","19":"col-md-4 col-sm-4 col-xs-6","20":"col-lg-3","21":"product-style-default"},"aioseo_notices":[],"brands":[{"id":659,"name":"Revlon","slug":"revlon"}],"_links":{"self":[{"href":"https:\/\/cheveuxluxe.com\/index.php\/wp-json\/wp\/v2\/product\/31002","targetHints":{"allow":["GET"]}}],"collection":[{"href":"https:\/\/cheveuxluxe.com\/index.php\/wp-json\/wp\/v2\/product"}],"about":[{"href":"https:\/\/cheveuxluxe.com\/index.php\/wp-json\/wp\/v2\/types\/product"}],"replies":[{"embeddable":true,"href":"https:\/\/cheveuxluxe.com\/index.php\/wp-json\/wp\/v2\/comments?post=31002"}],"version-history":[{"count":0,"href":"https:\/\/cheveuxluxe.com\/index.php\/wp-json\/wp\/v2\/product\/31002\/revisions"}],"wp:featuredmedia":[{"embeddable":true,"href":"https:\/\/cheveuxluxe.com\/index.php\/wp-json\/wp\/v2\/media\/20610"}],"wp:attachment":[{"href":"https:\/\/cheveuxluxe.com\/index.php\/wp-json\/wp\/v2\/media?parent=31002"}],"wp:term":[{"taxonomy":"pwb-brand","embeddable":true,"href":"https:\/\/cheveuxluxe.com\/index.php\/wp-json\/wp\/v2\/pwb-brand?post=31002"},{"taxonomy":"product_cat","embeddable":true,"href":"https:\/\/cheveuxluxe.com\/index.php\/wp-json\/wp\/v2\/product_cat?post=31002"},{"taxonomy":"product_tag","embeddable":true,"href":"https:\/\/cheveuxluxe.com\/index.php\/wp-json\/wp\/v2\/product_tag?post=31002"}],"curies":[{"name":"wp","href":"https:\/\/api.w.org\/{rel}","templated":true}]}}