{"id":31014,"date":"2024-04-09T23:06:47","date_gmt":"2024-04-09T23:06:47","guid":{"rendered":"https:\/\/cheveuxluxe.com\/index.php\/product\/olaplex-no-5p-blonde-enhancer-apres-shampooing-tonifiant-1l\/"},"modified":"2024-04-13T16:04:12","modified_gmt":"2024-04-13T16:04:12","slug":"olaplex-no-5p-blonde-enhancer-apres-shampooing-tonifiant-1l","status":"publish","type":"product","link":"https:\/\/cheveuxluxe.com\/index.php\/product\/olaplex-no-5p-blonde-enhancer-apres-shampooing-tonifiant-1l\/","title":{"rendered":"Olaplex No. 5P Blonde Enhancer\u2122 Apr\u00e8s-Shampooing Tonifiant, 1L"},"content":{"rendered":"<div class=\"product-content_bottom\">\n<div class=\"pdp-info\">\n<div class=\"pdp-tabs tab-container\">\n<div class=\"tab js-tab\">\n<h3 class=\"tab-title pdp-tabs_title js-tab-mobile-title open\"><span>Points cl\u00e9s<\/span><\/h3>\n<div class=\"tab-description pdp-tabs_description js-tab-description open\" itemprop=\"description\">\n<ul>\n<li>Con\u00e7u pour les cheveux fragiles<\/li>\n<li>Maintient le blond et le platine d&rsquo;apparence saine<\/li>\n<li>Formul\u00e9 avec des pigments micro-fins<\/li>\n<li>Fixe la luminosit\u00e9 sur l&rsquo;ensemble du cheveu<\/li>\n<li>Neutralise les tons jaunes et nourrit l&rsquo;ensemble de la chevelure.<\/li>\n<\/ul>\n<\/div>\n<\/div>\n<div class=\"tab js-tab\">\n<h3 class=\"tab-title pdp-tabs_title js-tab-mobile-title\"><span>Description<\/span><\/h3>\n<div class=\"tab-description pdp-tabs_description js-tab-description\" itemprop=\"description\">Olaplex Bond Building Technology\u2122.<br \/>L&rsquo;avenir du blond, c&rsquo;est une luminosit\u00e9 haute d\u00e9finition et des cheveux doux, brillants et hydrat\u00e9s. L&rsquo;apr\u00e8s-shampooing tonifiant No.5P Blonde Enhancer\u2122 n&rsquo;est pas simplement un autre apr\u00e8s-shampooing violet. Il est formul\u00e9 avec des pigments micro-fins qui verrouille la luminosit\u00e9, neutralise les tons jaunes et nourrit chaque centim\u00e8tre du cheveu sans l&rsquo;alourdir. La technologie OLAPLEX Bond Building Technology\u2122 maintient le blond et le platine d&rsquo;apparence saine.<\/div>\n<\/div>\n<div class=\"tab js-tab\">\n<h3 class=\"tab-title pdp-tabs_title js-tab-mobile-title\"><span>Mode d&#8217;emploi<\/span><\/h3>\n<div class=\"tab-description pdp-tabs_description js-tab-description\">Appliquer une quantit\u00e9 g\u00e9n\u00e9reuse sur les cheveux propres et humides. Laisser agir pendant 3 minutes. Rincer abondamment. Utiliser chaque semaine ou selon les besoins. Formul\u00e9 pour \u00eatre utilis\u00e9 apr\u00e8s le shampooing tonifiant No.4P Blonde Enhancer\u2122 pour une coloration uniforme et optimale.<\/div>\n<\/div>\n<div class=\"tab js-tab\">\n<h3 class=\"tab-title pdp-tabs_title js-tab-mobile-title\"><span>Ingr\u00e9dients<\/span><\/h3>\n<div class=\"tab-description pdp-tabs_description js-tab-description\">Water (Aqua, Eau), Cetearyl Alcohol, Caprylic\/Capric Triglyceride, Cetrimonium Chloride, Behentrimonium Chloride, Phenoxyethanol, Butyrospermum Parkii (Shea) Butter, Parfum (Fragrance), PEG-40 Hydrogenated Castor Oil, PPG-26-Buteth-26, Polyquaternium-7, Isopropyl Alcohol, Ethylhexylglycerin, Citric Acid, Bis-Aminopropyl Diglycol Dimaleate, Sodium Benzoate, Limonene, Hexyl Cinnamal, Acid Violet 43 (CI 60730)<\/div>\n<\/div>\n<div class=\"tab js-tab\">\n<h3 class=\"tab-title pdp-tabs_title js-tab-mobile-title\"><span>Livraison et stock<\/span><\/h3>\n<div class=\"tab-description pdp-tabs_description js-tab-description\">\n<div class=\"pdp-delivery_info\">\n<div class=\"content-asset\">Livraison et d\u00e9laisRetours et remboursements<\/div>\n<\/div>\n<\/div>\n<\/div>\n<\/div>\n<\/div>\n<\/div>\n","protected":false},"excerpt":{"rendered":"<p>Points cl\u00e9s Con\u00e7u pour les cheveux fragiles Maintient le blond et le platine d&rsquo;apparence saine&hellip;<\/p>\n","protected":false},"featured_media":31005,"comment_status":"open","ping_status":"closed","template":"","meta":[],"pwb-brand":[662],"product_cat":[617],"product_tag":[274,260,273],"class_list":{"0":"post-31014","1":"product","2":"type-product","3":"status-publish","4":"has-post-thumbnail","6":"pwb-brand-olaplex","7":"product_cat-coiffure","8":"product_tag-coiffure","9":"product_tag-olaplex","10":"product_tag-vegan","12":"first","13":"instock","14":"taxable","15":"shipping-taxable","16":"purchasable","17":"product-type-simple","18":"layout-style-3","19":"col-md-4 col-sm-4 col-xs-6","20":"col-lg-3","21":"product-has-gallery","22":"product-style-default"},"aioseo_notices":[],"brands":[{"id":662,"name":"Olaplex","slug":"olaplex"}],"_links":{"self":[{"href":"https:\/\/cheveuxluxe.com\/index.php\/wp-json\/wp\/v2\/product\/31014","targetHints":{"allow":["GET"]}}],"collection":[{"href":"https:\/\/cheveuxluxe.com\/index.php\/wp-json\/wp\/v2\/product"}],"about":[{"href":"https:\/\/cheveuxluxe.com\/index.php\/wp-json\/wp\/v2\/types\/product"}],"replies":[{"embeddable":true,"href":"https:\/\/cheveuxluxe.com\/index.php\/wp-json\/wp\/v2\/comments?post=31014"}],"version-history":[{"count":0,"href":"https:\/\/cheveuxluxe.com\/index.php\/wp-json\/wp\/v2\/product\/31014\/revisions"}],"wp:featuredmedia":[{"embeddable":true,"href":"https:\/\/cheveuxluxe.com\/index.php\/wp-json\/wp\/v2\/media\/31005"}],"wp:attachment":[{"href":"https:\/\/cheveuxluxe.com\/index.php\/wp-json\/wp\/v2\/media?parent=31014"}],"wp:term":[{"taxonomy":"pwb-brand","embeddable":true,"href":"https:\/\/cheveuxluxe.com\/index.php\/wp-json\/wp\/v2\/pwb-brand?post=31014"},{"taxonomy":"product_cat","embeddable":true,"href":"https:\/\/cheveuxluxe.com\/index.php\/wp-json\/wp\/v2\/product_cat?post=31014"},{"taxonomy":"product_tag","embeddable":true,"href":"https:\/\/cheveuxluxe.com\/index.php\/wp-json\/wp\/v2\/product_tag?post=31014"}],"curies":[{"name":"wp","href":"https:\/\/api.w.org\/{rel}","templated":true}]}}