{"id":31018,"date":"2024-04-09T23:07:13","date_gmt":"2024-04-09T23:07:13","guid":{"rendered":"https:\/\/cheveuxluxe.com\/index.php\/product\/sibel-vanity-case-alux\/"},"modified":"2024-04-13T14:23:19","modified_gmt":"2024-04-13T14:23:19","slug":"sibel-vanity-case-alux","status":"publish","type":"product","link":"https:\/\/cheveuxluxe.com\/index.php\/product\/sibel-vanity-case-alux\/","title":{"rendered":"Sibel Vanity Case Alux"},"content":{"rendered":"<div class=\"product-content_bottom\">\n<div class=\"pdp-info\">\n<div class=\"pdp-tabs tab-container\">\n<div class=\"tab js-tab\">\n<h3 class=\"tab-title pdp-tabs_title js-tab-mobile-title open\"><span>Points cl\u00e9s<\/span><\/h3>\n<div class=\"tab-description pdp-tabs_description js-tab-description open\" itemprop=\"description\">\n<ul>\n<li> Rangement<\/li>\n<li>Trousse de coiffeur<\/li>\n<li>Mallette<\/li>\n<li>Transport de mat\u00e9riel<\/li>\n<li>L\u00e9g\u00e8re <\/li>\n<\/ul>\n<\/div>\n<\/div>\n<div class=\"tab js-tab\">\n<h3 class=\"tab-title pdp-tabs_title js-tab-mobile-title\"><span>Description<\/span><\/h3>\n<div class=\"tab-description pdp-tabs_description js-tab-description\" itemprop=\"description\">Avec le Vanity Case Alux de Sibel, vous avez la possibilit\u00e9 de garder \u00e0 tout moment avec vous toutes vos affaires, de vos pinces \u00e0 vos brosses, en passant par vos ciseaux. Id\u00e9ale pour les coiffeurs qui se rendent directement chez leur client, cette mallette vous assure de ne rien perdre de votre mat\u00e9riel et de l\u2019avoir bien rang\u00e9 \u00e0 votre disposition.Compact, le vanity case semble petit de l\u2019ext\u00e9rieur, mais est tr\u00e8s volumineux \u00e0 l\u2019int\u00e9rieur. Il vous permet ainsi d\u2019entreposer l\u2019ensemble de votre n\u00e9cessaire de coiffure et de ne pas vous s\u00e9parer de certains accessoires indispensables. Gr\u00e2ce \u00e0 sa poign\u00e9e et \u00e0 ses fermetures m\u00e9talliques robustes situ\u00e9es sur le devant, il est \u00e9galement pratique \u00e0 transporter.Gr\u00e2ce \u00e0 sa forme rectangulaire, la mallette se dote d\u2019un design contemporain. Elle se compose d\u2019aluminium, ce qui la rend aussi l\u00e9g\u00e8re que r\u00e9sistante. Dans ce cocon qu\u2019est le Vanity Case Alux de Sibel, votre mat\u00e9riel est prot\u00e9g\u00e9 en permanence.<\/div>\n<\/div>\n<div class=\"tab js-tab\">\n<h3 class=\"tab-title pdp-tabs_title js-tab-mobile-title\"><span>Mode d&#8217;emploi<\/span><\/h3>\n<div class=\"tab-description pdp-tabs_description js-tab-description\">Rangez tous vos ustensiles, pinces et brosses dans la mallette.Fermez le Vanity Case Alux de Sibel avant de l&#8217;emporter partout avec vous.Si vous avez beaucoup d&rsquo;affaires \u00e0 transporter, vous pouvez choisir le mod\u00e8le Alux L, qui poss\u00e8de une capacit\u00e9 de rangement plus importante.<\/div>\n<\/div>\n<div class=\"tab js-tab\">\n<h3 class=\"tab-title pdp-tabs_title js-tab-mobile-title\"><span>Livraison et stock<\/span><\/h3>\n<div class=\"tab-description pdp-tabs_description js-tab-description\">\n<div class=\"pdp-delivery_info\">\n<div class=\"content-asset\">Livraison et d\u00e9laisRetours et remboursements<\/div>\n<\/div>\n<\/div>\n<\/div>\n<\/div>\n<\/div>\n<\/div>\n","protected":false},"excerpt":{"rendered":"<p>Points cl\u00e9s Rangement Trousse de coiffeur Mallette Transport de mat\u00e9riel L\u00e9g\u00e8re Description Avec le Vanity&hellip;<\/p>\n","protected":false},"featured_media":17946,"comment_status":"open","ping_status":"closed","template":"","meta":[],"pwb-brand":[652],"product_cat":[612],"product_tag":[613,127,342],"class_list":{"0":"post-31018","1":"product","2":"type-product","3":"status-publish","4":"has-post-thumbnail","6":"pwb-brand-sibel","7":"product_cat-essentiels-coiffure-pour-etudiants","8":"product_tag-essentiels-coiffure-pour-etudiants","9":"product_tag-shampooing-et-coiffure","10":"product_tag-sibel","12":"first","13":"instock","14":"taxable","15":"shipping-taxable","16":"purchasable","17":"product-type-simple","18":"layout-style-3","19":"col-md-4 col-sm-4 col-xs-6","20":"col-lg-3","21":"product-has-gallery","22":"product-style-default"},"aioseo_notices":[],"brands":[{"id":652,"name":"Sibel","slug":"sibel"}],"_links":{"self":[{"href":"https:\/\/cheveuxluxe.com\/index.php\/wp-json\/wp\/v2\/product\/31018","targetHints":{"allow":["GET"]}}],"collection":[{"href":"https:\/\/cheveuxluxe.com\/index.php\/wp-json\/wp\/v2\/product"}],"about":[{"href":"https:\/\/cheveuxluxe.com\/index.php\/wp-json\/wp\/v2\/types\/product"}],"replies":[{"embeddable":true,"href":"https:\/\/cheveuxluxe.com\/index.php\/wp-json\/wp\/v2\/comments?post=31018"}],"version-history":[{"count":0,"href":"https:\/\/cheveuxluxe.com\/index.php\/wp-json\/wp\/v2\/product\/31018\/revisions"}],"wp:featuredmedia":[{"embeddable":true,"href":"https:\/\/cheveuxluxe.com\/index.php\/wp-json\/wp\/v2\/media\/17946"}],"wp:attachment":[{"href":"https:\/\/cheveuxluxe.com\/index.php\/wp-json\/wp\/v2\/media?parent=31018"}],"wp:term":[{"taxonomy":"pwb-brand","embeddable":true,"href":"https:\/\/cheveuxluxe.com\/index.php\/wp-json\/wp\/v2\/pwb-brand?post=31018"},{"taxonomy":"product_cat","embeddable":true,"href":"https:\/\/cheveuxluxe.com\/index.php\/wp-json\/wp\/v2\/product_cat?post=31018"},{"taxonomy":"product_tag","embeddable":true,"href":"https:\/\/cheveuxluxe.com\/index.php\/wp-json\/wp\/v2\/product_tag?post=31018"}],"curies":[{"name":"wp","href":"https:\/\/api.w.org\/{rel}","templated":true}]}}