{"id":31020,"date":"2024-04-09T23:07:30","date_gmt":"2024-04-09T23:07:30","guid":{"rendered":"https:\/\/cheveuxluxe.com\/index.php\/product\/sibel-elastiques-ronds-pour-bigoudis-a-permanente-85mm-x50\/"},"modified":"2024-04-13T14:23:21","modified_gmt":"2024-04-13T14:23:21","slug":"sibel-elastiques-ronds-pour-bigoudis-a-permanente-85mm-x50","status":"publish","type":"product","link":"https:\/\/cheveuxluxe.com\/index.php\/product\/sibel-elastiques-ronds-pour-bigoudis-a-permanente-85mm-x50\/","title":{"rendered":"Sibel \u00c9lastiques Ronds pour Bigoudis \u00e0 Permanente 85mm x50"},"content":{"rendered":"<div class=\"product-content_bottom\">\n<div class=\"pdp-info\">\n<div class=\"pdp-tabs tab-container\">\n<div class=\"tab js-tab\">\n<h3 class=\"tab-title pdp-tabs_title js-tab-mobile-title open\"><span>Points cl\u00e9s<\/span><\/h3>\n<div class=\"tab-description pdp-tabs_description js-tab-description open\" itemprop=\"description\">\n<ul>\n<li>\u00c9lastiques de remplacement<\/li>\n<li>Sp\u00e9cifiquement pour les bigoudis permanente SIBEL BI-COLOR<\/li>\n<li>En caoutchouc durable<\/li>\n<li>Forme ronde, 85 mm de longueur<\/li>\n<\/ul>\n<\/div>\n<\/div>\n<div class=\"tab js-tab\">\n<h3 class=\"tab-title pdp-tabs_title js-tab-mobile-title\"><span>Description<\/span><\/h3>\n<div class=\"tab-description pdp-tabs_description js-tab-description\" itemprop=\"description\">Ces \u00e9lastiques de remplacement sont sp\u00e9cifiquement adapt\u00e9s pour les bigoudis permanente SIBEL BI-COLOR. Ils sont fabriqu\u00e9s en caoutchouc durable de forme ronde, 85 mm de longueur.<\/div>\n<\/div>\n<div class=\"tab js-tab\">\n<h3 class=\"tab-title pdp-tabs_title js-tab-mobile-title\"><span>Livraison et stock<\/span><\/h3>\n<div class=\"tab-description pdp-tabs_description js-tab-description\">\n<div class=\"pdp-delivery_info\">\n<div class=\"content-asset\">Livraison et d\u00e9laisRetours et remboursements<\/div>\n<\/div>\n<\/div>\n<\/div>\n<\/div>\n<\/div>\n<\/div>\n","protected":false},"excerpt":{"rendered":"<p>Points cl\u00e9s \u00c9lastiques de remplacement Sp\u00e9cifiquement pour les bigoudis permanente SIBEL BI-COLOR En caoutchouc durable&hellip;<\/p>\n","protected":false},"featured_media":31019,"comment_status":"open","ping_status":"closed","template":"","meta":[],"pwb-brand":[652],"product_cat":[612],"product_tag":[613,127,342],"class_list":{"0":"post-31020","1":"product","2":"type-product","3":"status-publish","4":"has-post-thumbnail","6":"pwb-brand-sibel","7":"product_cat-essentiels-coiffure-pour-etudiants","8":"product_tag-essentiels-coiffure-pour-etudiants","9":"product_tag-shampooing-et-coiffure","10":"product_tag-sibel","12":"first","13":"instock","14":"taxable","15":"shipping-taxable","16":"purchasable","17":"product-type-simple","18":"layout-style-3","19":"col-md-4 col-sm-4 col-xs-6","20":"col-lg-3","21":"product-style-default"},"aioseo_notices":[],"brands":[{"id":652,"name":"Sibel","slug":"sibel"}],"_links":{"self":[{"href":"https:\/\/cheveuxluxe.com\/index.php\/wp-json\/wp\/v2\/product\/31020","targetHints":{"allow":["GET"]}}],"collection":[{"href":"https:\/\/cheveuxluxe.com\/index.php\/wp-json\/wp\/v2\/product"}],"about":[{"href":"https:\/\/cheveuxluxe.com\/index.php\/wp-json\/wp\/v2\/types\/product"}],"replies":[{"embeddable":true,"href":"https:\/\/cheveuxluxe.com\/index.php\/wp-json\/wp\/v2\/comments?post=31020"}],"version-history":[{"count":0,"href":"https:\/\/cheveuxluxe.com\/index.php\/wp-json\/wp\/v2\/product\/31020\/revisions"}],"wp:featuredmedia":[{"embeddable":true,"href":"https:\/\/cheveuxluxe.com\/index.php\/wp-json\/wp\/v2\/media\/31019"}],"wp:attachment":[{"href":"https:\/\/cheveuxluxe.com\/index.php\/wp-json\/wp\/v2\/media?parent=31020"}],"wp:term":[{"taxonomy":"pwb-brand","embeddable":true,"href":"https:\/\/cheveuxluxe.com\/index.php\/wp-json\/wp\/v2\/pwb-brand?post=31020"},{"taxonomy":"product_cat","embeddable":true,"href":"https:\/\/cheveuxluxe.com\/index.php\/wp-json\/wp\/v2\/product_cat?post=31020"},{"taxonomy":"product_tag","embeddable":true,"href":"https:\/\/cheveuxluxe.com\/index.php\/wp-json\/wp\/v2\/product_tag?post=31020"}],"curies":[{"name":"wp","href":"https:\/\/api.w.org\/{rel}","templated":true}]}}