{"id":31025,"date":"2024-04-09T23:07:34","date_gmt":"2024-04-09T23:07:34","guid":{"rendered":"https:\/\/cheveuxluxe.com\/index.php\/product\/sibel-brosse-pneumatique-classic-71\/"},"modified":"2024-04-13T14:23:37","modified_gmt":"2024-04-13T14:23:37","slug":"sibel-brosse-pneumatique-classic-71","status":"publish","type":"product","link":"https:\/\/cheveuxluxe.com\/index.php\/product\/sibel-brosse-pneumatique-classic-71\/","title":{"rendered":"Sibel Brosse pneumatique &#8211; Classic 71"},"content":{"rendered":"<div class=\"product-content_bottom\">\n<div class=\"pdp-info\">\n<div class=\"pdp-tabs tab-container\">\n<div class=\"tab js-tab\">\n<h3 class=\"tab-title pdp-tabs_title js-tab-mobile-title open\"><span>Points cl\u00e9s<\/span><\/h3>\n<div class=\"tab-description pdp-tabs_description js-tab-description open\" itemprop=\"description\">\n<ul>\n<li>Manche en ABS<\/li>\n<li>Soies de sanglier et de nylon <\/li>\n<li>Sur 11 rang\u00e9es <\/li>\n<li>22,2cm<\/li>\n<\/ul>\n<\/div>\n<\/div>\n<div class=\"tab js-tab\">\n<h3 class=\"tab-title pdp-tabs_title js-tab-mobile-title\"><span>Description<\/span><\/h3>\n<div class=\"tab-description pdp-tabs_description js-tab-description\" itemprop=\"description\">La brosse ovale Classic associe 11 rang\u00e9es de soies de sanglier et de nylon extra-longues.<br \/>Les soies m\u00e9lang\u00e9es associent le meilleur : d\u00e9m\u00ealer des cheveux tout en ajoutant une brillance glossy gr\u00e2ce \u00e0 la r\u00e9partition des huiles naturelles dans la chevelure.<br \/>Le coussin \u00e9pouse la forme du cuir chevelu, r\u00e9duisant ainsi les dommages au cuir chevelu ou la casse des cheveux.<br \/>Le manche est en ABS.<br \/>Cette version large est recommand\u00e9e pour les cheveux plus longs.<br \/>22,2cm<\/div>\n<\/div>\n<div class=\"tab js-tab\">\n<h3 class=\"tab-title pdp-tabs_title js-tab-mobile-title\"><span>Mode d&#8217;emploi<\/span><\/h3>\n<div class=\"tab-description pdp-tabs_description js-tab-description\">Pour d\u00e9m\u00ealer des cheveux longs avec la Brosse Classic 71 de Sibel, commencez par les pointes, sur une dizaine de centim\u00e8tres environ. Pr\u00e9levez les cheveux m\u00e8che par m\u00e8che et coiffez-les en proc\u00e9dant du haut vers le bas, \u00e0 l\u2019aide de mouvements doux et l\u00e9gers.Passez ensuite aux racines et descendez vers les pointes, en massant bien le cuir chevelu afin d\u2019\u00e9taler le s\u00e9bum sur toute la longueur du cheveu.<\/div>\n<\/div>\n<div class=\"tab js-tab\">\n<h3 class=\"tab-title pdp-tabs_title js-tab-mobile-title\"><span>Livraison et stock<\/span><\/h3>\n<div class=\"tab-description pdp-tabs_description js-tab-description\">\n<div class=\"pdp-delivery_info\">\n<div class=\"content-asset\">Livraison et d\u00e9laisRetours et remboursements<\/div>\n<\/div>\n<\/div>\n<\/div>\n<div class=\"tab js-tab\">\n<h3 class=\"tab-title pdp-tabs_title js-tab-mobile-title\"><span>Pr\u00e9cautions d&#8217;emploi<\/span><\/h3>\n<div class=\"tab-description pdp-tabs_description js-tab-description\">Conserver hors de la port\u00e9e des enfants.<\/div>\n<\/div>\n<\/div>\n<\/div>\n<\/div>\n","protected":false},"excerpt":{"rendered":"<p>Points cl\u00e9s Manche en ABS Soies de sanglier et de nylon Sur 11 rang\u00e9es 22,2cm&hellip;<\/p>\n","protected":false},"featured_media":19989,"comment_status":"open","ping_status":"closed","template":"","meta":[],"pwb-brand":[652],"product_cat":[612],"product_tag":[613,127,342],"class_list":{"0":"post-31025","1":"product","2":"type-product","3":"status-publish","4":"has-post-thumbnail","6":"pwb-brand-sibel","7":"product_cat-essentiels-coiffure-pour-etudiants","8":"product_tag-essentiels-coiffure-pour-etudiants","9":"product_tag-shampooing-et-coiffure","10":"product_tag-sibel","12":"first","13":"instock","14":"taxable","15":"shipping-taxable","16":"purchasable","17":"product-type-simple","18":"layout-style-3","19":"col-md-4 col-sm-4 col-xs-6","20":"col-lg-3","21":"product-style-default"},"aioseo_notices":[],"brands":[{"id":652,"name":"Sibel","slug":"sibel"}],"_links":{"self":[{"href":"https:\/\/cheveuxluxe.com\/index.php\/wp-json\/wp\/v2\/product\/31025","targetHints":{"allow":["GET"]}}],"collection":[{"href":"https:\/\/cheveuxluxe.com\/index.php\/wp-json\/wp\/v2\/product"}],"about":[{"href":"https:\/\/cheveuxluxe.com\/index.php\/wp-json\/wp\/v2\/types\/product"}],"replies":[{"embeddable":true,"href":"https:\/\/cheveuxluxe.com\/index.php\/wp-json\/wp\/v2\/comments?post=31025"}],"version-history":[{"count":0,"href":"https:\/\/cheveuxluxe.com\/index.php\/wp-json\/wp\/v2\/product\/31025\/revisions"}],"wp:featuredmedia":[{"embeddable":true,"href":"https:\/\/cheveuxluxe.com\/index.php\/wp-json\/wp\/v2\/media\/19989"}],"wp:attachment":[{"href":"https:\/\/cheveuxluxe.com\/index.php\/wp-json\/wp\/v2\/media?parent=31025"}],"wp:term":[{"taxonomy":"pwb-brand","embeddable":true,"href":"https:\/\/cheveuxluxe.com\/index.php\/wp-json\/wp\/v2\/pwb-brand?post=31025"},{"taxonomy":"product_cat","embeddable":true,"href":"https:\/\/cheveuxluxe.com\/index.php\/wp-json\/wp\/v2\/product_cat?post=31025"},{"taxonomy":"product_tag","embeddable":true,"href":"https:\/\/cheveuxluxe.com\/index.php\/wp-json\/wp\/v2\/product_tag?post=31025"}],"curies":[{"name":"wp","href":"https:\/\/api.w.org\/{rel}","templated":true}]}}