{"id":31027,"date":"2024-04-09T23:07:35","date_gmt":"2024-04-09T23:07:35","guid":{"rendered":"https:\/\/cheveuxluxe.com\/index.php\/product\/salon-services-cotton-meche-1-kg\/"},"modified":"2024-04-13T14:23:44","modified_gmt":"2024-04-13T14:23:44","slug":"salon-services-cotton-meche-1-kg","status":"publish","type":"product","link":"https:\/\/cheveuxluxe.com\/index.php\/product\/salon-services-cotton-meche-1-kg\/","title":{"rendered":"Salon Services Cotton M\u00e8che 1 kg"},"content":{"rendered":"<div class=\"product-content_bottom\">\n<div class=\"pdp-info\">\n<div class=\"pdp-tabs tab-container\">\n<div class=\"tab js-tab\">\n<h3 class=\"tab-title pdp-tabs_title js-tab-mobile-title\"><span>Description<\/span><\/h3>\n<div class=\"tab-description pdp-tabs_description js-tab-description\" itemprop=\"description\">M\u00e8che de coton hydrophile blanchi \u00e0 l\u2019eau oxyg\u00e9n\u00e9e, card\u00e9e et enroul\u00e9e automatiquement.<br \/>Poids au m\u00e8tre lin\u00e9aire de la m\u00e8che : 5 g, tol\u00e9rance de +\/- 0.4 g.<br \/>Nombre de rupture du ruban : &lt; 1 \/ 500m.<\/div>\n<\/div>\n<div class=\"tab js-tab\">\n<h3 class=\"tab-title pdp-tabs_title js-tab-mobile-title\"><span>Livraison et stock<\/span><\/h3>\n<div class=\"tab-description pdp-tabs_description js-tab-description\">\n<div class=\"pdp-delivery_info\">\n<div class=\"content-asset\">Livraison et d\u00e9laisRetours et remboursements<\/div>\n<\/div>\n<\/div>\n<\/div>\n<\/div>\n<\/div>\n<\/div>\n","protected":false},"excerpt":{"rendered":"<p>Description M\u00e8che de coton hydrophile blanchi \u00e0 l\u2019eau oxyg\u00e9n\u00e9e, card\u00e9e et enroul\u00e9e automatiquement.Poids au m\u00e8tre&hellip;<\/p>\n","protected":false},"featured_media":18270,"comment_status":"open","ping_status":"closed","template":"","meta":[],"pwb-brand":[691],"product_cat":[612],"product_tag":[613,512,127],"class_list":{"0":"post-31027","1":"product","2":"type-product","3":"status-publish","4":"has-post-thumbnail","6":"pwb-brand-salon-services","7":"product_cat-essentiels-coiffure-pour-etudiants","8":"product_tag-essentiels-coiffure-pour-etudiants","9":"product_tag-salon-services","10":"product_tag-shampooing-et-coiffure","12":"first","13":"instock","14":"taxable","15":"shipping-taxable","16":"purchasable","17":"product-type-simple","18":"layout-style-3","19":"col-md-4 col-sm-4 col-xs-6","20":"col-lg-3","21":"product-style-default"},"aioseo_notices":[],"brands":[{"id":691,"name":"Salon Services","slug":"salon-services"}],"_links":{"self":[{"href":"https:\/\/cheveuxluxe.com\/index.php\/wp-json\/wp\/v2\/product\/31027","targetHints":{"allow":["GET"]}}],"collection":[{"href":"https:\/\/cheveuxluxe.com\/index.php\/wp-json\/wp\/v2\/product"}],"about":[{"href":"https:\/\/cheveuxluxe.com\/index.php\/wp-json\/wp\/v2\/types\/product"}],"replies":[{"embeddable":true,"href":"https:\/\/cheveuxluxe.com\/index.php\/wp-json\/wp\/v2\/comments?post=31027"}],"version-history":[{"count":0,"href":"https:\/\/cheveuxluxe.com\/index.php\/wp-json\/wp\/v2\/product\/31027\/revisions"}],"wp:featuredmedia":[{"embeddable":true,"href":"https:\/\/cheveuxluxe.com\/index.php\/wp-json\/wp\/v2\/media\/18270"}],"wp:attachment":[{"href":"https:\/\/cheveuxluxe.com\/index.php\/wp-json\/wp\/v2\/media?parent=31027"}],"wp:term":[{"taxonomy":"pwb-brand","embeddable":true,"href":"https:\/\/cheveuxluxe.com\/index.php\/wp-json\/wp\/v2\/pwb-brand?post=31027"},{"taxonomy":"product_cat","embeddable":true,"href":"https:\/\/cheveuxluxe.com\/index.php\/wp-json\/wp\/v2\/product_cat?post=31027"},{"taxonomy":"product_tag","embeddable":true,"href":"https:\/\/cheveuxluxe.com\/index.php\/wp-json\/wp\/v2\/product_tag?post=31027"}],"curies":[{"name":"wp","href":"https:\/\/api.w.org\/{rel}","templated":true}]}}