{"id":31114,"date":"2024-04-14T11:41:11","date_gmt":"2024-04-14T11:41:11","guid":{"rendered":"https:\/\/cheveuxluxe.com\/?post_type=product&#038;p=31114"},"modified":"2024-04-14T11:41:34","modified_gmt":"2024-04-14T11:41:34","slug":"wunderbar-shampooing-color-refresh-cuivre-200ml","status":"publish","type":"product","link":"https:\/\/cheveuxluxe.com\/index.php\/product\/wunderbar-shampooing-color-refresh-cuivre-200ml\/","title":{"rendered":"Wunderbar Shampooing Color Refresh Cuivre 200ml"},"content":{"rendered":"<div class=\"product-content_bottom\">\n<div class=\"pdp-info\">\n<div class=\"pdp-tabs tab-container\">\n<div class=\"tab js-tab\">\n<h3 class=\"tab-title pdp-tabs_title js-tab-mobile-title open\"><span>Points cl\u00e9s<\/span><\/h3>\n<div class=\"tab-description pdp-tabs_description js-tab-description open\" itemprop=\"description\">\n<ul>\n<li>Cr\u00e9e des reflets cuivr\u00e9s intenses<\/li>\n<li>Coloration temporaire<\/li>\n<li>Anti-ternissement<\/li>\n<li>Sans sulfates<\/li>\n<\/ul>\n<\/div>\n<\/div>\n<div class=\"tab js-tab\">\n<h3 class=\"tab-title pdp-tabs_title js-tab-mobile-title\"><span>Description<\/span><\/h3>\n<div class=\"tab-description pdp-tabs_description js-tab-description\" itemprop=\"description\">Pour optimiser chaque couleur et prolonger sa beaut\u00e9, sa vitalit\u00e9 et sa brillance, Wunderbar Color Refresh ajoute \u00e0 sa gamme de produits de coloration un \u00e9ventail unique de shampooings de coloration temporaire. Ces shampooings conviennent aux tons chauds, froids et neutres. Ils ravivent et renforcent la couleur des cheveux, qu\u2019ils soient naturels, color\u00e9s ou m\u00e9ch\u00e9s, tout en les illuminant et en y ajoutant la nuance d\u00e9sir\u00e9e.<\/p>\n<p>La gamme de Color Refresh est disponible en 10 tons qui peuvent aussi \u00eatre m\u00e9lang\u00e9s pour un r\u00e9sultat plus personnalis\u00e9.<\/p><\/div>\n<\/div>\n<div class=\"tab js-tab\">\n<h3 class=\"tab-title pdp-tabs_title js-tab-mobile-title\"><span>Mode d&#8217;emploi<\/span><\/h3>\n<div class=\"tab-description pdp-tabs_description js-tab-description\">Les shampooings Color Refresh Wunderbar sont simples et faciles \u00e0 utiliser, que ce soit pour une utilisation domestique ou professionnelle. Pour un effet l\u00e9ger, il suffit de les utiliser une fois par semaine \u00e0 la place du shampooing traditionnel. Pour une couleur plus intense, ils peuvent \u00eatre appliqu\u00e9s m\u00e8che par m\u00e8che ou avec une brosse. En fonction de l\u2019effet souhait\u00e9, le temps de pause variera de 5 \u00e0 10 minutes (jusqu\u2019\u00e0 maximum 20 minutes).<\/div>\n<\/div>\n<div class=\"tab js-tab\">\n<h3 class=\"tab-title pdp-tabs_title js-tab-mobile-title\"><span>Ingr\u00e9dients<\/span><\/h3>\n<div class=\"tab-description pdp-tabs_description js-tab-description\">AQUA\/WATER, SODIUM COCOAMPHOACETATE, CAPRYLYL\/CAPRYL GLUCOSIDE, COCAMIDOPROPYLBETAINE, GLYCERYL CAPRYLATE\/CAPRATE, SODIUM CHLORIDE, ACRYLATES\/PALMETH-25 ACRYLATE COPOLYMER, TRIETHANOLAMINE, PALMITAMIDOPROPYLTRIMONIUM CHLORIDE, PROPYLENE GLYCOL, CITRIC ACID, DICAPRYLYL ETHER, LAURYL ALCOHOL, METHOXY PEG\/PPG-7\/3 AMINOPROPYL DIMETHICONE, POLYQUATERNIUM-22, GUAR HYDROXYPROPYLTRIMONIUM CHLORIDE, PARFUM\/FRAGRANCE, ACACIA SENEGAL GUM, MICA, XANTHAN GUM, BASIC BROWN 17, BASIC BROWN 16, CI 77491\/IRON OXIDES, PANTHENOL, PASSIFLORA EDULIS SEED OIL, CI 77891\/TITANIUM DIOXIDE, CI 77510\/FERRIC FERROCYANIDE, BASIC YELLOW 57, BASIC RED 76, MAGNESIUM NITRATE, BASIC RED 51, PEG-12 DIMETHICONE, SODIUM BENZOATE, METHYLCHLOROISOTHIAZOLINONE, MAGNESIUM CHLORIDE, METHYLISOTHIAZOLINONE, PENTAERYTHRITYL TETRA-DI-T-BUTYLHYDROXYHYDROCINNAMATE, TOCOPHEROL.<\/div>\n<\/div>\n<div class=\"tab js-tab\">\n<h3 class=\"tab-title pdp-tabs_title js-tab-mobile-title\"><span>Livraison et stock<\/span><\/h3>\n<div class=\"tab-description pdp-tabs_description js-tab-description\">\n<div class=\"pdp-delivery_info\">\n<div class=\"content-asset\"><a class=\"pdp-delivery_link\" href=\"\/livraison-delais\/\">Livraison et d\u00e9lais<\/a><a class=\"pdp-delivery_link\" href=\"\/retours-remboursements\/\">Retours et remboursements<\/a><\/div>\n<\/div>\n<\/div>\n<\/div>\n<div class=\"tab js-tab\">\n<h3 class=\"tab-title pdp-tabs_title js-tab-mobile-title\"><span>Pr\u00e9cautions d&#8217;emploi<\/span><\/h3>\n<div class=\"tab-description pdp-tabs_description js-tab-description\">Un test de sensibilit\u00e9 pr\u00e9alable est recommand\u00e9 : appliquer une petite quantit\u00e9 de produit derri\u00e8re l\u2019oreille et laisser poser 48 heures puis rincer.<br \/>Ne pas utiliser en cas de r\u00e9action allergique.<br \/>Tenir hors de port\u00e9e des enfants.<br \/>\u00c9viter tout contact avec les yeux.<\/div>\n<\/div>\n<\/div>\n<\/div>\n<\/div>\n","protected":false},"excerpt":{"rendered":"<p>Points cl\u00e9s Cr\u00e9e des reflets cuivr\u00e9s intenses Coloration temporaire Anti-ternissement Sans sulfates Description Pour optimiser&hellip;<\/p>\n","protected":false},"featured_media":19077,"comment_status":"open","ping_status":"closed","template":"","meta":[],"pwb-brand":[655],"product_cat":[343],"product_tag":[317,226,352],"class_list":{"0":"post-31114","1":"product","2":"type-product","3":"status-publish","4":"has-post-thumbnail","6":"pwb-brand-wunderbar","7":"product_cat-coloration-temporaire-coloration-9","8":"product_tag-coloration","9":"product_tag-coloration-temporaire","10":"product_tag-wunderbar","12":"first","13":"instock","14":"taxable","15":"shipping-taxable","16":"purchasable","17":"product-type-variable","18":"layout-style-3","19":"col-md-4 col-sm-4 col-xs-6","20":"col-lg-3","21":"product-has-gallery","22":"product-style-default"},"aioseo_notices":[],"brands":[{"id":655,"name":"Wunderbar","slug":"wunderbar"}],"_links":{"self":[{"href":"https:\/\/cheveuxluxe.com\/index.php\/wp-json\/wp\/v2\/product\/31114","targetHints":{"allow":["GET"]}}],"collection":[{"href":"https:\/\/cheveuxluxe.com\/index.php\/wp-json\/wp\/v2\/product"}],"about":[{"href":"https:\/\/cheveuxluxe.com\/index.php\/wp-json\/wp\/v2\/types\/product"}],"replies":[{"embeddable":true,"href":"https:\/\/cheveuxluxe.com\/index.php\/wp-json\/wp\/v2\/comments?post=31114"}],"version-history":[{"count":0,"href":"https:\/\/cheveuxluxe.com\/index.php\/wp-json\/wp\/v2\/product\/31114\/revisions"}],"wp:featuredmedia":[{"embeddable":true,"href":"https:\/\/cheveuxluxe.com\/index.php\/wp-json\/wp\/v2\/media\/19077"}],"wp:attachment":[{"href":"https:\/\/cheveuxluxe.com\/index.php\/wp-json\/wp\/v2\/media?parent=31114"}],"wp:term":[{"taxonomy":"pwb-brand","embeddable":true,"href":"https:\/\/cheveuxluxe.com\/index.php\/wp-json\/wp\/v2\/pwb-brand?post=31114"},{"taxonomy":"product_cat","embeddable":true,"href":"https:\/\/cheveuxluxe.com\/index.php\/wp-json\/wp\/v2\/product_cat?post=31114"},{"taxonomy":"product_tag","embeddable":true,"href":"https:\/\/cheveuxluxe.com\/index.php\/wp-json\/wp\/v2\/product_tag?post=31114"}],"curies":[{"name":"wp","href":"https:\/\/api.w.org\/{rel}","templated":true}]}}