{"id":31458,"date":"2024-04-14T11:50:05","date_gmt":"2024-04-14T11:50:05","guid":{"rendered":"https:\/\/cheveuxluxe.com\/?post_type=product&#038;p=31458"},"modified":"2024-04-14T11:55:08","modified_gmt":"2024-04-14T11:55:08","slug":"loreal-professionnel-majirel-coloration-permanente-creme-de-beaute-50ml","status":"publish","type":"product","link":"https:\/\/cheveuxluxe.com\/index.php\/product\/loreal-professionnel-majirel-coloration-permanente-creme-de-beaute-50ml\/","title":{"rendered":"L\u2019Or\u00e9al Professionnel Majirel Coloration Permanente Cr\u00e8me de Beaut\u00e9 50ml"},"content":{"rendered":"<div class=\"product-content_bottom\">\n<div class=\"pdp-info\">\n<div class=\"pdp-delivery_information\"><span class=\"pdp-delivery_label\">Information importante :<\/span> Combinez cette coloration avec un des oxydant Majirel.<br \/>Disponible en plusieurs volum\u00e9tries, recherchez \u00abL&rsquo;Or\u00e9al Professionnel Majirel Oxydant Cr\u00e8me Stabilis\u00e9 1L\u00bb.<br \/>D\u00e9couvrez le mode d&#8217;emploi ci-dessous pour plus de d\u00e9tails.<\/div>\n<div class=\"pdp-tabs tab-container\">\n<div class=\"tab js-tab\">\n<h3 class=\"tab-title pdp-tabs_title js-tab-mobile-title open\"><span>Points cl\u00e9s<\/span><\/h3>\n<div class=\"tab-description pdp-tabs_description js-tab-description open\" itemprop=\"description\">\n<ul>\n<li>Cheveux blancs couverts jusqu\u2019\u00e0 100 %<\/li>\n<li>Restaure, prot\u00e8ge et soigne la fibre capillaire<\/li>\n<li>R\u00e9sultats pr\u00e9cis garantis<\/li>\n<li>Couleur longue-dur\u00e9e avec une r\u00e9sistance sup\u00e9rieure<\/li>\n<li>Enrichit avec l\u2019Ion\u00e8ne G et l\u2019Incell<\/li>\n<\/ul>\n<\/div>\n<\/div>\n<div class=\"tab js-tab\">\n<h3 class=\"tab-title pdp-tabs_title js-tab-mobile-title\"><span>Description<\/span><\/h3>\n<div class=\"tab-description pdp-tabs_description js-tab-description\" itemprop=\"description\">La Cr\u00e8me de Beaut\u00e9 Majirel de L&rsquo;Or\u00e9al Professionnel offre une coloration riche et permanente qui couvre uniform\u00e9ment, tout en prenant soin de vos cheveux gr\u00e2ce \u00e0 deux actifs, le Ion\u00e8ne G \u00ae et l&rsquo;Incell \u00ae. Les cheveux sont donc plus brillants et plus doux au toucher apr\u00e8s la coloration.<\/p>\n<p>Avec un choix de plus de 100 teintes tendance, les possibilit\u00e9s sont infinies car elles offrent une couverture des cheveux blancs \u00e0 100 % et jusqu&rsquo;\u00e0 3 niveaux d&rsquo;intensit\u00e9, qu&rsquo;il s&rsquo;agisse d&rsquo;une teinte fonc\u00e9e ou claire. Sa formule avanc\u00e9e prot\u00e8ge la fibre capillaire tout en offrant une couleur riche et intense de la racine \u00e0 la pointe.<\/p>\n<p>Le tout nouvel emballage \u00e9l\u00e9gant (et recyclable) est dot\u00e9 d&rsquo;un code de couleur pour encore plus de simplicit\u00e9.<\/p><\/div>\n<\/div>\n<div class=\"tab js-tab\">\n<h3 class=\"tab-title pdp-tabs_title js-tab-mobile-title\"><span>Mode d&#8217;emploi<\/span><\/h3>\n<div class=\"tab-description pdp-tabs_description js-tab-description\">M\u00e9langer Majirel en 1 + 1.5 soit 50ml de coloration Majirel + 75ml d&rsquo;Oxydant Majirel.<br \/>Appliquer Majirel uniform\u00e9ment de la racine aux pointes et laisser poser 35 minutes.<br \/>\u00c9mulsionner avec de l&rsquo;eau puis rincer.<br \/>Faire un shampooing Post Color de L&rsquo;Or\u00e9al Professionnel pour un meilleur r\u00e9sultat.<\/div>\n<\/div>\n<div class=\"tab js-tab\">\n<h3 class=\"tab-title pdp-tabs_title js-tab-mobile-title\"><span>Ingr\u00e9dients<\/span><\/h3>\n<div class=\"tab-description pdp-tabs_description js-tab-description\">Aqua , Water, Cetearyl Alcohol, Oleth-30, Hexadimethrine Chloride, Ammonium Hydroxide, Oleic Acid, Oleyl Alcohol, 2, 4-Diaminophenoxyethanol Hcl, P-Aminophenol, M-Aminophenol, Sodium Metabisulfite, Ethanolamine, 6-Hydroxyindole, Thioglycerin, 2, 5-Diamine, Ammonium Thiolactate, 2-Methyl-5-Hydroxyethylaminophenol, Pentasodium Pentetate Benzyl Alcohol, 2-Oleamido-1, 3-Octadecanediol, Resorcinol<\/div>\n<\/div>\n<div class=\"tab js-tab\">\n<h3 class=\"tab-title pdp-tabs_title js-tab-mobile-title\"><span>Livraison et stock<\/span><\/h3>\n<div class=\"tab-description pdp-tabs_description js-tab-description\">\n<div class=\"pdp-delivery_info\">\n<div class=\"content-asset\"><a class=\"pdp-delivery_link\" href=\"\/livraison-delais\/\">Livraison et d\u00e9lais<\/a><a class=\"pdp-delivery_link\" href=\"\/retours-remboursements\/\">Retours et remboursements<\/a><\/div>\n<\/div>\n<\/div>\n<\/div>\n<div class=\"tab js-tab\">\n<h3 class=\"tab-title pdp-tabs_title js-tab-mobile-title\"><span>Pr\u00e9cautions d&#8217;emploi<\/span><\/h3>\n<div class=\"tab-description pdp-tabs_description js-tab-description\">Information importante :<br \/>L&rsquo;Or\u00e9al est en train de changer l&#8217;emballage de Majirel.<br \/>Il se peut donc que vous receviez l&#8217;emballage actuel ou l&rsquo;ancien emballage.<br \/>Malheureusement, vous ne pourrez pas choisir lequel vous recevrez.<\/div>\n<\/div>\n<\/div>\n<\/div>\n<\/div>\n","protected":false},"excerpt":{"rendered":"<p>Information importante : Combinez cette coloration avec un des oxydant Majirel.Disponible en plusieurs volum\u00e9tries, recherchez&hellip;<\/p>\n","protected":false},"featured_media":31509,"comment_status":"open","ping_status":"closed","template":"","meta":[],"pwb-brand":[649],"product_cat":[316],"product_tag":[317,318,325],"class_list":{"0":"post-31458","1":"product","2":"type-product","3":"status-publish","4":"has-post-thumbnail","6":"pwb-brand-loreal-professionnel","7":"product_cat-coloration-permanente","8":"product_tag-coloration","9":"product_tag-coloration-permanente","10":"product_tag-loreal-professionnel","12":"first","13":"instock","14":"taxable","15":"shipping-taxable","16":"purchasable","17":"product-type-variable","18":"layout-style-3","19":"col-md-4 col-sm-4 col-xs-6","20":"col-lg-3","21":"product-has-gallery","22":"product-style-default"},"aioseo_notices":[],"brands":[{"id":649,"name":"L'Or\u00e9al Professionnel","slug":"loreal-professionnel"}],"_links":{"self":[{"href":"https:\/\/cheveuxluxe.com\/index.php\/wp-json\/wp\/v2\/product\/31458","targetHints":{"allow":["GET"]}}],"collection":[{"href":"https:\/\/cheveuxluxe.com\/index.php\/wp-json\/wp\/v2\/product"}],"about":[{"href":"https:\/\/cheveuxluxe.com\/index.php\/wp-json\/wp\/v2\/types\/product"}],"replies":[{"embeddable":true,"href":"https:\/\/cheveuxluxe.com\/index.php\/wp-json\/wp\/v2\/comments?post=31458"}],"version-history":[{"count":0,"href":"https:\/\/cheveuxluxe.com\/index.php\/wp-json\/wp\/v2\/product\/31458\/revisions"}],"wp:featuredmedia":[{"embeddable":true,"href":"https:\/\/cheveuxluxe.com\/index.php\/wp-json\/wp\/v2\/media\/31509"}],"wp:attachment":[{"href":"https:\/\/cheveuxluxe.com\/index.php\/wp-json\/wp\/v2\/media?parent=31458"}],"wp:term":[{"taxonomy":"pwb-brand","embeddable":true,"href":"https:\/\/cheveuxluxe.com\/index.php\/wp-json\/wp\/v2\/pwb-brand?post=31458"},{"taxonomy":"product_cat","embeddable":true,"href":"https:\/\/cheveuxluxe.com\/index.php\/wp-json\/wp\/v2\/product_cat?post=31458"},{"taxonomy":"product_tag","embeddable":true,"href":"https:\/\/cheveuxluxe.com\/index.php\/wp-json\/wp\/v2\/product_tag?post=31458"}],"curies":[{"name":"wp","href":"https:\/\/api.w.org\/{rel}","templated":true}]}}