{"id":31779,"date":"2024-04-14T12:03:11","date_gmt":"2024-04-14T12:03:11","guid":{"rendered":"https:\/\/cheveuxluxe.com\/?post_type=product&#038;p=31779"},"modified":"2024-04-14T12:07:19","modified_gmt":"2024-04-14T12:07:19","slug":"wunderbar-coloration-creme-60-ml","status":"publish","type":"product","link":"https:\/\/cheveuxluxe.com\/index.php\/product\/wunderbar-coloration-creme-60-ml\/","title":{"rendered":"Wunderbar Coloration Cr\u00e8me 60 ml"},"content":{"rendered":"<div class=\"product-content_bottom\">\n<div class=\"pdp-info\">\n<div class=\"pdp-delivery_information\"><span class=\"pdp-delivery_label\">Information importante :<\/span> Combinez cette coloration avec un des oxydant Wunderbar.<br \/>Disponible en plusieurs volum\u00e9tries, recherchez \u00abWunderbar Cr\u00e8me Oxydante\u00bb.<br \/>D\u00e9couvrez le mode d&#8217;emploi ci-dessous pour plus de d\u00e9tails.<\/div>\n<div class=\"pdp-tabs tab-container\">\n<div class=\"tab js-tab\">\n<h3 class=\"tab-title pdp-tabs_title js-tab-mobile-title open\"><span>Points cl\u00e9s<\/span><\/h3>\n<div class=\"tab-description pdp-tabs_description js-tab-description open\" itemprop=\"description\">\n<ul>\n<li>Large palette de nuances, plus de 120 nuances<\/li>\n<li>Couverture jusqu&rsquo;\u00e0 100% des cheveux blancs<\/li>\n<li>Contient des agents de soin r\u00e9g\u00e9n\u00e9rant les cheveux et prot\u00e9geant la cuticule lors du processus de coloration<\/li>\n<li>Les mol\u00e9cules de couleur s\u00e9lectionn\u00e9es et la composition permettent d&rsquo;obtenir une coloration tr\u00e8s brillante<\/li>\n<li>Pas de gouttes, r\u00e9duction des taches sur le cuir chevelu<\/li>\n<li>Durabilit\u00e9 optimale<\/li>\n<\/ul>\n<\/div>\n<\/div>\n<div class=\"tab js-tab\">\n<h3 class=\"tab-title pdp-tabs_title js-tab-mobile-title\"><span>Description<\/span><\/h3>\n<div class=\"tab-description pdp-tabs_description js-tab-description\" itemprop=\"description\">La couleur naturelle de base, le pourcentage de cheveux blancs, la carnation de la peau\u2026 Autant de facteurs que vous prenez en compte pour d\u00e9finir la coloration parfaite pour chaque type de cheveux. Ajoutez \u00e0 ces variables les tendances et les styles qui \u00e9voluent chaque saison et vous obtenez des besoins tr\u00e8s diff\u00e9rents les uns des autres?!<\/p>\n<p>Avec ses 123 nuances, la gamme de coloration Wunderbar offre une r\u00e9ponse unique \u00e0 chacune de vos clientes. En mixant les couleurs de la palette, vous ouvrez la porte \u00e0 un nombre infini de possibilit\u00e9s?!<\/p>\n<p>Tous les produits de la gamme de coloration Wunderbar font appel \u00e0 une technologie sp\u00e9cifique. La Triple Color Technology au panth\u00e9nol et aux prot\u00e9ines v\u00e9g\u00e9tales assure une coloration \u00e9tincelante, coupl\u00e9e au soin et \u00e0 l\u2019hydratation des cheveux. La cuticule est prot\u00e9g\u00e9e pendant toute la dur\u00e9e de la coloration, les couleurs sont brillantes et les cheveux blancs couverts jusqu\u2019\u00e0 100 %.<\/p>\n<p>Compos\u00e9e d\u2019actifs de soins ultra performants, la cr\u00e8me colorante Wunderbar \u00e0 faible teneur en ammoniaque n\u2019irrite pas et ne tache pas le cuir chevelu\u2026 Et sa texture ne coule pas : facile \u00e0 appliquer pour un r\u00e9sultat \u00e9clatant de luminosit\u00e9, cette coloration cr\u00e8me est incontournable?!<\/p><\/div>\n<\/div>\n<div class=\"tab js-tab\">\n<h3 class=\"tab-title pdp-tabs_title js-tab-mobile-title\"><span>Mode d&#8217;emploi<\/span><\/h3>\n<div class=\"tab-description pdp-tabs_description js-tab-description\">La gamme de coloration Wunderbar s\u2019applique en deux \u00e9tapes : r\u00e9partissez le m\u00e9lange sur les longueurs et les pointes, jusqu\u2019\u00e0 environ 2 cm de la repousse, puis appliquez le m\u00e9lange sur la repousse.Respectez le temps de pause indiqu\u00e9 par la marque, \u00e9mulsionnez et rincez. Compl\u00e9tez le rin\u00e7age avec un shampoing sp\u00e9cifique aux cheveux color\u00e9s.Avant toute coloration, il conseill\u00e9 d\u2019effectuer un test de sensibilit\u00e9.<\/div>\n<\/div>\n<div class=\"tab js-tab\">\n<h3 class=\"tab-title pdp-tabs_title js-tab-mobile-title\"><span>Ingr\u00e9dients<\/span><\/h3>\n<div class=\"tab-description pdp-tabs_description js-tab-description\">Aqua (Water, Eau), Cetearyl Alcohol, Cocamide MEA, Oleic Acid, Ammonia, Glyceryl Stearate SE, Sodium Cetearyl Sulfate, PEG-5 Cocamide, Sodium Lauryl Sulfate, Sodium Sulfite, Ammonium Sulfate, Ascorbic Acid, Stearic Acid, Hydrolyzed Wheat Protein, Tetrasodium EDTA, Palmitic Acid, Phantenol, Potassium Sorbate, Phenoxyethanol, Benzyl Alchol, Sodium Benzoate, Glycerin, Verbascum Densiflorum Flower, Stem Extract, Citric Acid, Sodium Hydrosulfite, Parfum (Fragrance), Hexyl Cinnamal, m-Aminophenol, Toluene-2, 5-Diamine Sulfate, Resorcinol, 4-Amino-2-Hydroxytoluene.<\/div>\n<\/div>\n<div class=\"tab js-tab\">\n<h3 class=\"tab-title pdp-tabs_title js-tab-mobile-title\"><span>Livraison et stock<\/span><\/h3>\n<div class=\"tab-description pdp-tabs_description js-tab-description\">\n<div class=\"pdp-delivery_info\">\n<div class=\"content-asset\"><a class=\"pdp-delivery_link\" href=\"\/livraison-delais\/\">Livraison et d\u00e9lais<\/a><a class=\"pdp-delivery_link\" href=\"\/retours-remboursements\/\">Retours et remboursements<\/a><\/div>\n<\/div>\n<\/div>\n<\/div>\n<div class=\"tab js-tab\">\n<h3 class=\"tab-title pdp-tabs_title js-tab-mobile-title\"><span>Pr\u00e9cautions d&#8217;emploi<\/span><\/h3>\n<div class=\"tab-description pdp-tabs_description js-tab-description\">R\u00e9serv\u00e9 aux professionnels. Les colorants capillaires peuvent provoquer des r\u00e9actions allergiques s\u00e9v\u00e8res. Lire et suivre les instructions suivantes. Ce produit n\u2019est pas destin\u00e9 \u00e0 \u00eatre utilis\u00e9 sur les personnes de moins de 16 ans. Les tatouages temporaires noirs \u00e0 base de henn\u00e9 peuvent augmenter le risque d\u2019allergie. Porter des gants appropri\u00e9s. Eviter le contact avec les yeux. En cas de contact, rincer les yeux imm\u00e9diatement et abondamment \u00e0 l\u2019eau claire. Ne colorez pas les cheveux si : vous pr\u00e9sentez une \u00e9ruption cutan\u00e9e sur le visage ou si votre cuir chevelu est sensible, irrit\u00e9 ou ab\u00eem\u00e9 ; vous avez d\u00e9j\u00e0 fait une r\u00e9action apr\u00e8s avoir color\u00e9 vos cheveux ; vous avez fait par le pass\u00e9 une r\u00e9action \u00e0 un tatouage temporaire noir \u00e0 base de henn\u00e9. Pour r\u00e9duire ces risques, faire une touche d\u2019essai 48 heures avant chaque application. Ne pas utiliser pour teindre les cils et les sourcils. Bien rincer les cheveux apr\u00e8s emploi.<\/div>\n<\/div>\n<\/div>\n<\/div>\n<\/div>\n","protected":false},"excerpt":{"rendered":"<p>Information importante : Combinez cette coloration avec un des oxydant Wunderbar.Disponible en plusieurs volum\u00e9tries, recherchez&hellip;<\/p>\n","protected":false},"featured_media":18206,"comment_status":"open","ping_status":"closed","template":"","meta":[],"pwb-brand":[655],"product_cat":[316],"product_tag":[317,318,352],"class_list":{"0":"post-31779","1":"product","2":"type-product","3":"status-publish","4":"has-post-thumbnail","6":"pwb-brand-wunderbar","7":"product_cat-coloration-permanente","8":"product_tag-coloration","9":"product_tag-coloration-permanente","10":"product_tag-wunderbar","12":"first","13":"instock","14":"taxable","15":"shipping-taxable","16":"purchasable","17":"product-type-variable","18":"layout-style-3","19":"col-md-4 col-sm-4 col-xs-6","20":"col-lg-3","21":"product-has-gallery","22":"product-style-default"},"aioseo_notices":[],"brands":[{"id":655,"name":"Wunderbar","slug":"wunderbar"}],"_links":{"self":[{"href":"https:\/\/cheveuxluxe.com\/index.php\/wp-json\/wp\/v2\/product\/31779","targetHints":{"allow":["GET"]}}],"collection":[{"href":"https:\/\/cheveuxluxe.com\/index.php\/wp-json\/wp\/v2\/product"}],"about":[{"href":"https:\/\/cheveuxluxe.com\/index.php\/wp-json\/wp\/v2\/types\/product"}],"replies":[{"embeddable":true,"href":"https:\/\/cheveuxluxe.com\/index.php\/wp-json\/wp\/v2\/comments?post=31779"}],"version-history":[{"count":0,"href":"https:\/\/cheveuxluxe.com\/index.php\/wp-json\/wp\/v2\/product\/31779\/revisions"}],"wp:featuredmedia":[{"embeddable":true,"href":"https:\/\/cheveuxluxe.com\/index.php\/wp-json\/wp\/v2\/media\/18206"}],"wp:attachment":[{"href":"https:\/\/cheveuxluxe.com\/index.php\/wp-json\/wp\/v2\/media?parent=31779"}],"wp:term":[{"taxonomy":"pwb-brand","embeddable":true,"href":"https:\/\/cheveuxluxe.com\/index.php\/wp-json\/wp\/v2\/pwb-brand?post=31779"},{"taxonomy":"product_cat","embeddable":true,"href":"https:\/\/cheveuxluxe.com\/index.php\/wp-json\/wp\/v2\/product_cat?post=31779"},{"taxonomy":"product_tag","embeddable":true,"href":"https:\/\/cheveuxluxe.com\/index.php\/wp-json\/wp\/v2\/product_tag?post=31779"}],"curies":[{"name":"wp","href":"https:\/\/api.w.org\/{rel}","templated":true}]}}