{"id":32641,"date":"2024-04-14T12:22:15","date_gmt":"2024-04-14T12:22:15","guid":{"rendered":"https:\/\/cheveuxluxe.com\/?post_type=product&#038;p=32641"},"modified":"2024-04-14T12:24:58","modified_gmt":"2024-04-14T12:24:58","slug":"paul-mitchell-xg-color-coloration-permanente-90ml","status":"publish","type":"product","link":"https:\/\/cheveuxluxe.com\/index.php\/product\/paul-mitchell-xg-color-coloration-permanente-90ml\/","title":{"rendered":"Paul Mitchell XG Color Coloration permanente 90ml"},"content":{"rendered":"<div class=\"product-content_bottom\">\n<div class=\"pdp-info\">\n<div class=\"pdp-tabs tab-container\">\n<div class=\"tab js-tab\">\n<h3 class=\"tab-title pdp-tabs_title js-tab-mobile-title open\"><span>Points cl\u00e9s<\/span><\/h3>\n<div class=\"tab-description pdp-tabs_description js-tab-description open\" itemprop=\"description\">\n<ul>\n<li> Couleur intense<\/li>\n<li>Hydratation<\/li>\n<li>Cheveux disciplin\u00e9s et sains<\/li>\n<li>Brillance \u00e9clatante <\/li>\n<\/ul>\n<\/div>\n<\/div>\n<div class=\"tab js-tab\">\n<h3 class=\"tab-title pdp-tabs_title js-tab-mobile-title\"><span>Description<\/span><\/h3>\n<div class=\"tab-description pdp-tabs_description js-tab-description\" itemprop=\"description\">La gamme de coloration permanente XG Color de Paul Mitchell s\u2019appuie sur la technologie micromol\u00e9culaire : la dose d\u2019ammoniaque n\u00e9cessaire \u00e0 l\u2019ouverture de la cuticule du cheveu a \u00e9t\u00e9 revue \u00e0 la baisse.<br \/>\u00c0 la cl\u00e9, un produit plus doux et respectueux de la fibre capillaire et une couverture des cheveux blancs jusqu\u2019\u00e0 100 %. Apr\u00e8s le s\u00e9chage, les cheveux sont visiblement plus lumineux et faciles \u00e0 coiffer.<\/p>\n<p>Les professionnels Paul Mitchell ont con\u00e7u des produits ultra fiables : pas de surprise au moment du rin\u00e7age, la couleur personnalis\u00e9e que vous avez cr\u00e9\u00e9e pour votre client est identique \u00e0 celle que vous obtenez.<br \/>Une couleur intense, issue d\u2019une gamme de 78 nuances qui font de chacune de vos coiffures une coiffure unique?!<br \/>La marque Paul Mitchell est engag\u00e9e depuis plus de 35 ans contre les tests sur les animaux.<\/div>\n<\/div>\n<div class=\"tab js-tab\">\n<h3 class=\"tab-title pdp-tabs_title js-tab-mobile-title\"><span>Mode d&#8217;emploi<\/span><\/h3>\n<div class=\"tab-description pdp-tabs_description js-tab-description\">Pr\u00e9parez votre m\u00e9lange en 1+1,5 dans un r\u00e9cipient non m\u00e9tallique, puis appliquez sur les cheveux, des racines jusqu\u2019aux pointes, raie par raie.<\/p>\n<p>Laissez pauser puis rincez. Quand l\u2019eau de rin\u00e7age devient claire, passez au s\u00e9chage \u00e0 la serviette puis \u00e9ventuellement au s\u00e9choir.<\/p>\n<p>Compl\u00e9tez par des soins sp\u00e9cifiques pour booster l\u2019hydratation des cheveux.<\/p><\/div>\n<\/div>\n<div class=\"tab js-tab\">\n<h3 class=\"tab-title pdp-tabs_title js-tab-mobile-title\"><span>Ingr\u00e9dients<\/span><\/h3>\n<div class=\"tab-description pdp-tabs_description js-tab-description\">Aqua (Water, Eau), Cetearyl Alcohol, Ceteareth-30, Isodecyl Oleate, Propylene Glycol, Ammonium Hydroxide, Synthetic Beeswax, Cocamidopropyl Betaine, Polyquaternium-22, EDTA, Ascorbic Acid, Sodium Hydrosulfite, Peg-40 Hydrogenated Castor Oil, Oryza Sativa (Rice) Starch, Gossypium Herbaceum (Cotton) Seed Oil, Oryza Sativa (Rice) Bran Oil, Xanthan Gum, Hydrolyzed Rice Protein, 2-Amino-4-Hydroxyethylaminoanisole Sulfate, p-Phenylenediamine, mAminophenol, p-Aminophenol, Resorcinol, Parfum (Fragrance). Cont. 1\u20132\u20134<\/div>\n<\/div>\n<div class=\"tab js-tab\">\n<h3 class=\"tab-title pdp-tabs_title js-tab-mobile-title\"><span>Livraison et stock<\/span><\/h3>\n<div class=\"tab-description pdp-tabs_description js-tab-description\">\n<div class=\"pdp-delivery_info\">\n<div class=\"content-asset\"><a class=\"pdp-delivery_link\" href=\"\/livraison-delais\/\">Livraison et d\u00e9lais<\/a><a class=\"pdp-delivery_link\" href=\"\/retours-remboursements\/\">Retours et remboursements<\/a><\/div>\n<\/div>\n<\/div>\n<\/div>\n<\/div>\n<\/div>\n<\/div>\n","protected":false},"excerpt":{"rendered":"<p>Points cl\u00e9s Couleur intense Hydratation Cheveux disciplin\u00e9s et sains Brillance \u00e9clatante Description La gamme de&hellip;<\/p>\n","protected":false},"featured_media":18654,"comment_status":"open","ping_status":"closed","template":"","meta":[],"pwb-brand":[660],"product_cat":[316],"product_tag":[317,318,373],"class_list":{"0":"post-32641","1":"product","2":"type-product","3":"status-publish","4":"has-post-thumbnail","6":"pwb-brand-paul-mitchell","7":"product_cat-coloration-permanente","8":"product_tag-coloration","9":"product_tag-coloration-permanente","10":"product_tag-paul-mitchell","12":"first","13":"instock","14":"taxable","15":"shipping-taxable","16":"purchasable","17":"product-type-variable","18":"layout-style-3","19":"col-md-4 col-sm-4 col-xs-6","20":"col-lg-3","21":"product-has-gallery","22":"product-style-default"},"aioseo_notices":[],"brands":[{"id":660,"name":"Paul Mitchell","slug":"paul-mitchell"}],"_links":{"self":[{"href":"https:\/\/cheveuxluxe.com\/index.php\/wp-json\/wp\/v2\/product\/32641","targetHints":{"allow":["GET"]}}],"collection":[{"href":"https:\/\/cheveuxluxe.com\/index.php\/wp-json\/wp\/v2\/product"}],"about":[{"href":"https:\/\/cheveuxluxe.com\/index.php\/wp-json\/wp\/v2\/types\/product"}],"replies":[{"embeddable":true,"href":"https:\/\/cheveuxluxe.com\/index.php\/wp-json\/wp\/v2\/comments?post=32641"}],"version-history":[{"count":0,"href":"https:\/\/cheveuxluxe.com\/index.php\/wp-json\/wp\/v2\/product\/32641\/revisions"}],"wp:featuredmedia":[{"embeddable":true,"href":"https:\/\/cheveuxluxe.com\/index.php\/wp-json\/wp\/v2\/media\/18654"}],"wp:attachment":[{"href":"https:\/\/cheveuxluxe.com\/index.php\/wp-json\/wp\/v2\/media?parent=32641"}],"wp:term":[{"taxonomy":"pwb-brand","embeddable":true,"href":"https:\/\/cheveuxluxe.com\/index.php\/wp-json\/wp\/v2\/pwb-brand?post=32641"},{"taxonomy":"product_cat","embeddable":true,"href":"https:\/\/cheveuxluxe.com\/index.php\/wp-json\/wp\/v2\/product_cat?post=32641"},{"taxonomy":"product_tag","embeddable":true,"href":"https:\/\/cheveuxluxe.com\/index.php\/wp-json\/wp\/v2\/product_tag?post=32641"}],"curies":[{"name":"wp","href":"https:\/\/api.w.org\/{rel}","templated":true}]}}