{"id":32774,"date":"2024-04-14T12:24:27","date_gmt":"2024-04-14T12:24:27","guid":{"rendered":"https:\/\/cheveuxluxe.com\/?post_type=product&#038;p=32774"},"modified":"2024-04-14T12:24:58","modified_gmt":"2024-04-14T12:24:58","slug":"vitalitys-creme-colorante-pour-meches-hip-pop-60ml","status":"publish","type":"product","link":"https:\/\/cheveuxluxe.com\/index.php\/product\/vitalitys-creme-colorante-pour-meches-hip-pop-60ml\/","title":{"rendered":"Vitality&rsquo;s Cr\u00e8me colorante pour m\u00e8ches Hip Pop 60ml"},"content":{"rendered":"<div class=\"product-content_bottom\">\n<div class=\"pdp-info\">\n<div class=\"pdp-tabs tab-container\">\n<div class=\"tab js-tab\">\n<h3 class=\"tab-title pdp-tabs_title js-tab-mobile-title open\"><span>Points cl\u00e9s<\/span><\/h3>\n<div class=\"tab-description pdp-tabs_description js-tab-description open\" itemprop=\"description\">\n<ul>\n<li> 2-en 1<\/li>\n<li>D\u00e9colore<\/li>\n<li>Colore<\/li>\n<li>Prot\u00e8ge <\/li>\n<\/ul>\n<\/div>\n<\/div>\n<div class=\"tab js-tab\">\n<h3 class=\"tab-title pdp-tabs_title js-tab-mobile-title\"><span>Description<\/span><\/h3>\n<div class=\"tab-description pdp-tabs_description js-tab-description\" itemprop=\"description\">Facile \u00e0 appliquer, cette cr\u00e8me colorante vous permet de cr\u00e9er des effets partiels et des contrastes de couleur. La cr\u00e9ativit\u00e9 et l\u2019efficacit\u00e9 r\u00e9unies dans un produit unique pour un r\u00e9sultat bluffant et des couleurs vibrantes, notamment sur les cheveux naturels.Les cr\u00e8mes colorantes de la gamme Hip Pop contiennent du gamma-Oryzanol coupl\u00e9 \u00e0 une micro\u00e9mulsion d\u2019alcool gras : une formulation innovante qui r\u00e9g\u00e9n\u00e8re la k\u00e9ratine et d\u00e9veloppe un effet protecteur sur les cheveux. La fibre capillaire est prot\u00e9g\u00e9e etpr\u00eate \u00e0 absorber les pigments.Hip Pop, c\u2019est un seul temps de pause pour d\u00e9colorer et colorer, un seul produit qui fait briller et prot\u00e8ge les cheveux. Les pigments nouvelle g\u00e9n\u00e9ration n\u2019agressent pas le cheveu : la coloration est homog\u00e8ne et brillante ! Hip Pop se d\u00e9cline en 6 nuances : aubergine, rubis, magenta, cuivr\u00e9, caramel et miel.<\/div>\n<\/div>\n<div class=\"tab js-tab\">\n<h3 class=\"tab-title pdp-tabs_title js-tab-mobile-title\"><span>Mode d&#8217;emploi<\/span><\/h3>\n<div class=\"tab-description pdp-tabs_description js-tab-description\">Prot\u00e9gez vos mains avec des gants puis faites le m\u00e9lange de la cr\u00e8me colorante avec l\u2019oxydant dans un r\u00e9cipient non m\u00e9tallique.Selon le r\u00e9sultat que vous souhaitez obtenir, la dilution est de 1 pour 1,5 \u00e0 20, 30 ou 40 volumes. Le diagnostic du cheveu vous permettra d\u2019opter pour l\u2019oxydant le mieux adapt\u00e9 et le temps de pause id\u00e9al.Appliquez ensuite le m\u00e9lange sur les cheveux en commen\u00e7ant par les racines. Laissez pauser puis allongez sur les longueurs humidifi\u00e9es.\u00c9mulsionnez la couleur puis rincez abondamment.<\/div>\n<\/div>\n<div class=\"tab js-tab\">\n<h3 class=\"tab-title pdp-tabs_title js-tab-mobile-title\"><span>Ingr\u00e9dients<\/span><\/h3>\n<div class=\"tab-description pdp-tabs_description js-tab-description\">Aqua (Water), Cetearyl alcohol, Oleamide DEA, Ammonia, Oleic acid, PEG-40 castor oil, Sodium cetearyl sulfate, p-Aminophenol, p-Phenylenediamine, Butoxyethanol, Erythorbic acid, Ethanolamine, Hydrolyzed keratin, Oleyl alcohol, Oryza sativa (Rice) bran oil, Oryzanol, Tetrasodium EDTA, Resorcinol, Sodium bisulfite, 2-Methylresorcinol, Benzyl salicylate, Hexyl cinnamal, Linalool, Parfum (Fragrance).<\/div>\n<\/div>\n<div class=\"tab js-tab\">\n<h3 class=\"tab-title pdp-tabs_title js-tab-mobile-title\"><span>Livraison et stock<\/span><\/h3>\n<div class=\"tab-description pdp-tabs_description js-tab-description\">\n<div class=\"pdp-delivery_info\">\n<div class=\"content-asset\"><a class=\"pdp-delivery_link\" href=\"\/livraison-delais\/\">Livraison et d\u00e9lais<\/a><a class=\"pdp-delivery_link\" href=\"\/retours-remboursements\/\">Retours et remboursements<\/a><\/div>\n<\/div>\n<\/div>\n<\/div>\n<\/div>\n<\/div>\n<\/div>\n","protected":false},"excerpt":{"rendered":"<p>Points cl\u00e9s 2-en 1 D\u00e9colore Colore Prot\u00e8ge Description Facile \u00e0 appliquer, cette cr\u00e8me colorante vous&hellip;<\/p>\n","protected":false},"featured_media":18785,"comment_status":"open","ping_status":"closed","template":"","meta":[],"pwb-brand":[651],"product_cat":[316],"product_tag":[317,318,333],"class_list":{"0":"post-32774","1":"product","2":"type-product","3":"status-publish","4":"has-post-thumbnail","6":"pwb-brand-vitalitys","7":"product_cat-coloration-permanente","8":"product_tag-coloration","9":"product_tag-coloration-permanente","10":"product_tag-vitalitys","12":"first","13":"instock","14":"taxable","15":"shipping-taxable","16":"purchasable","17":"product-type-variable","18":"layout-style-3","19":"col-md-4 col-sm-4 col-xs-6","20":"col-lg-3","21":"product-has-gallery","22":"product-style-default"},"aioseo_notices":[],"brands":[{"id":651,"name":"Vitality's","slug":"vitalitys"}],"_links":{"self":[{"href":"https:\/\/cheveuxluxe.com\/index.php\/wp-json\/wp\/v2\/product\/32774","targetHints":{"allow":["GET"]}}],"collection":[{"href":"https:\/\/cheveuxluxe.com\/index.php\/wp-json\/wp\/v2\/product"}],"about":[{"href":"https:\/\/cheveuxluxe.com\/index.php\/wp-json\/wp\/v2\/types\/product"}],"replies":[{"embeddable":true,"href":"https:\/\/cheveuxluxe.com\/index.php\/wp-json\/wp\/v2\/comments?post=32774"}],"version-history":[{"count":0,"href":"https:\/\/cheveuxluxe.com\/index.php\/wp-json\/wp\/v2\/product\/32774\/revisions"}],"wp:featuredmedia":[{"embeddable":true,"href":"https:\/\/cheveuxluxe.com\/index.php\/wp-json\/wp\/v2\/media\/18785"}],"wp:attachment":[{"href":"https:\/\/cheveuxluxe.com\/index.php\/wp-json\/wp\/v2\/media?parent=32774"}],"wp:term":[{"taxonomy":"pwb-brand","embeddable":true,"href":"https:\/\/cheveuxluxe.com\/index.php\/wp-json\/wp\/v2\/pwb-brand?post=32774"},{"taxonomy":"product_cat","embeddable":true,"href":"https:\/\/cheveuxluxe.com\/index.php\/wp-json\/wp\/v2\/product_cat?post=32774"},{"taxonomy":"product_tag","embeddable":true,"href":"https:\/\/cheveuxluxe.com\/index.php\/wp-json\/wp\/v2\/product_tag?post=32774"}],"curies":[{"name":"wp","href":"https:\/\/api.w.org\/{rel}","templated":true}]}}