{"id":33037,"date":"2024-04-14T12:31:48","date_gmt":"2024-04-14T12:31:48","guid":{"rendered":"https:\/\/cheveuxluxe.com\/?post_type=product&#038;p=33037"},"modified":"2024-04-14T12:34:23","modified_gmt":"2024-04-14T12:34:23","slug":"eugene-perma-carmen-ultime-coloration-permanente-60ml","status":"publish","type":"product","link":"https:\/\/cheveuxluxe.com\/index.php\/product\/eugene-perma-carmen-ultime-coloration-permanente-60ml\/","title":{"rendered":"Eug\u00e8ne Perma Carmen Ultime Coloration Permanente 60ml"},"content":{"rendered":"<div class=\"product-content_bottom\">\n<div class=\"pdp-info\">\n<div class=\"pdp-tabs tab-container\">\n<div class=\"tab js-tab\">\n<h3 class=\"tab-title pdp-tabs_title js-tab-mobile-title open\"><span>Points cl\u00e9s<\/span><\/h3>\n<div class=\"tab-description pdp-tabs_description js-tab-description open\" itemprop=\"description\">\n<ul>\n<li> Des reflets envo\u00fbtants<\/li>\n<li>100% des cheveux blancs couverts<\/li>\n<li>Brillance extr\u00eame<\/li>\n<li>Douceur exalt\u00e9e <\/li>\n<\/ul>\n<\/div>\n<\/div>\n<div class=\"tab js-tab\">\n<h3 class=\"tab-title pdp-tabs_title js-tab-mobile-title\"><span>Description<\/span><\/h3>\n<div class=\"tab-description pdp-tabs_description js-tab-description\" itemprop=\"description\">La cr\u00e8me de coloration d&rsquo;oxydation Carmen d&rsquo;Eug\u00e8ne Perma est unique en son genre : elle d\u00e9cuple les reflets et la brillance de la chevelure gr\u00e2ce au Reflect Magnetic System.<\/p>\n<p>Cette nouvelle gamme sp\u00e9cifiquement mise au point par des professionnels pour des professionnels couvre 100% des cheveux blancs pour une couleur \u00e9blouissante et des cheveux \u00e9tincelants de vitalit\u00e9.<\/p>\n<p>Les couleurs Carmen Reflect Magnetiq d&rsquo;Eug\u00e8ne Perma garantissent trois fois plus de douceur et des cheveux beaucoup plus faciles \u00e0 d\u00e9m\u00e9ler (plus de 70% !) que d&rsquo;autres formules coloristiques, pour une tenue longue dur\u00e9e !<\/p>\n<p>La gamme Carmen Reflect Magnetiq d&rsquo;Eug\u00e8ne Perma est disponible en 103 nouvelles nuances.<\/p><\/div>\n<\/div>\n<div class=\"tab js-tab\">\n<h3 class=\"tab-title pdp-tabs_title js-tab-mobile-title\"><span>Mode d&#8217;emploi<\/span><\/h3>\n<div class=\"tab-description pdp-tabs_description js-tab-description\">Gr\u00e2ce sa texture fluide et onctueuse, cette coloration cr\u00e8me est facile \u00e0 poser !<\/p>\n<p>Dans un r\u00e9cipient non m\u00e9tallique, m\u00e9langez 1 dose de 60 ml de coloration avec 1 dose de 60 ml d&rsquo;oxydant pour les couleurs naturelles \u00e0 reflets. Pour \u00e9claircir le cheveu, m\u00e9langez une dose de Carmen super \u00e9claircissant avec 180 ml d&rsquo;oxydant 30V.<\/p>\n<p>Comptez un temps de pause de 35 minutes, \u00e0 faire varier selon le r\u00e9sultat final souhait\u00e9.<\/p><\/div>\n<\/div>\n<div class=\"tab js-tab\">\n<h3 class=\"tab-title pdp-tabs_title js-tab-mobile-title\"><span>Ingr\u00e9dients<\/span><\/h3>\n<div class=\"tab-description pdp-tabs_description js-tab-description\">CARMEN coloration cr\u00e8me 0, 10 BLEU, WATER, EAU, CETEARYL ALCOHOL, OLEAMIDE DEA, GLYCERYL STEARATE, COCOS NUCIFERA (COCONUT) OIL, STEARIC ACID, AMMONIUM HYDROXIDE, PEG-29 CASTOR OIL, CETEARETH-33, CETEARETH-20, RAPESEEDAMIDOPROPYL ETHYLDIMONIUM ETHOSULFATE, PARFUM (FRAGRANCE), SODIUM METABISULFITE, DIPROPYLENE GLYCOL, QUATERNIUM-96, TOLUENE-2, 5-DIAMINE SULFATE, 2, 4-DIAMINOPHENOXYETHANOL HCl, ASCORBIC ACID, PROPANEDIOL, BENZYL SALICYLATE, PENTASODIUM PENTETATE, COUMARIN, ALPHA-ISOMETHYL IONONE., cont 4-6<\/div>\n<\/div>\n<div class=\"tab js-tab\">\n<h3 class=\"tab-title pdp-tabs_title js-tab-mobile-title\"><span>Livraison et stock<\/span><\/h3>\n<div class=\"tab-description pdp-tabs_description js-tab-description\">\n<div class=\"pdp-delivery_info\">\n<div class=\"content-asset\"><a class=\"pdp-delivery_link\" href=\"\/livraison-delais\/\">Livraison et d\u00e9lais<\/a><a class=\"pdp-delivery_link\" href=\"\/retours-remboursements\/\">Retours et remboursements<\/a><\/div>\n<\/div>\n<\/div>\n<\/div>\n<\/div>\n<\/div>\n<\/div>\n","protected":false},"excerpt":{"rendered":"<p>Points cl\u00e9s Des reflets envo\u00fbtants 100% des cheveux blancs couverts Brillance extr\u00eame Douceur exalt\u00e9e Description&hellip;<\/p>\n","protected":false},"featured_media":18618,"comment_status":"open","ping_status":"closed","template":"","meta":[],"pwb-brand":[650],"product_cat":[316],"product_tag":[317,318,331],"class_list":{"0":"post-33037","1":"product","2":"type-product","3":"status-publish","4":"has-post-thumbnail","6":"pwb-brand-eugene-perma-professionnel","7":"product_cat-coloration-permanente","8":"product_tag-coloration","9":"product_tag-coloration-permanente","10":"product_tag-eugene-perma-professionnel","12":"first","13":"instock","14":"taxable","15":"shipping-taxable","16":"purchasable","17":"product-type-variable","18":"layout-style-3","19":"col-md-4 col-sm-4 col-xs-6","20":"col-lg-3","21":"product-has-gallery","22":"product-style-default"},"aioseo_notices":[],"brands":[{"id":650,"name":"Eugene Perma Professionnel","slug":"eugene-perma-professionnel"}],"_links":{"self":[{"href":"https:\/\/cheveuxluxe.com\/index.php\/wp-json\/wp\/v2\/product\/33037","targetHints":{"allow":["GET"]}}],"collection":[{"href":"https:\/\/cheveuxluxe.com\/index.php\/wp-json\/wp\/v2\/product"}],"about":[{"href":"https:\/\/cheveuxluxe.com\/index.php\/wp-json\/wp\/v2\/types\/product"}],"replies":[{"embeddable":true,"href":"https:\/\/cheveuxluxe.com\/index.php\/wp-json\/wp\/v2\/comments?post=33037"}],"version-history":[{"count":0,"href":"https:\/\/cheveuxluxe.com\/index.php\/wp-json\/wp\/v2\/product\/33037\/revisions"}],"wp:featuredmedia":[{"embeddable":true,"href":"https:\/\/cheveuxluxe.com\/index.php\/wp-json\/wp\/v2\/media\/18618"}],"wp:attachment":[{"href":"https:\/\/cheveuxluxe.com\/index.php\/wp-json\/wp\/v2\/media?parent=33037"}],"wp:term":[{"taxonomy":"pwb-brand","embeddable":true,"href":"https:\/\/cheveuxluxe.com\/index.php\/wp-json\/wp\/v2\/pwb-brand?post=33037"},{"taxonomy":"product_cat","embeddable":true,"href":"https:\/\/cheveuxluxe.com\/index.php\/wp-json\/wp\/v2\/product_cat?post=33037"},{"taxonomy":"product_tag","embeddable":true,"href":"https:\/\/cheveuxluxe.com\/index.php\/wp-json\/wp\/v2\/product_tag?post=33037"}],"curies":[{"name":"wp","href":"https:\/\/api.w.org\/{rel}","templated":true}]}}