{"id":33152,"date":"2024-04-14T12:33:55","date_gmt":"2024-04-14T12:33:55","guid":{"rendered":"https:\/\/cheveuxluxe.com\/?post_type=product&#038;p=33152"},"modified":"2024-04-14T12:37:35","modified_gmt":"2024-04-14T12:37:35","slug":"schwarzkopf-igora-coloration-permanente-60ml","status":"publish","type":"product","link":"https:\/\/cheveuxluxe.com\/index.php\/product\/schwarzkopf-igora-coloration-permanente-60ml\/","title":{"rendered":"Schwarzkopf Igora Coloration permanente 60ml"},"content":{"rendered":"<div class=\"product-content_bottom\">\n<div class=\"pdp-info\">\n<div class=\"pdp-delivery_information\"><span class=\"pdp-delivery_label\">Information importante :<\/span> Schwarzkopf est en train de changer l&#8217;emballage de Igora. Il se peut donc que vous receviez l&#8217;emballage actuel ou l&rsquo;ancien emballage.<br \/>Malheureusement, vous ne pourrez pas choisir lequel vous recevrez.<\/div>\n<div class=\"pdp-tabs tab-container\">\n<div class=\"tab js-tab\">\n<h3 class=\"tab-title pdp-tabs_title js-tab-mobile-title open\"><span>Points cl\u00e9s<\/span><\/h3>\n<div class=\"tab-description pdp-tabs_description js-tab-description open\" itemprop=\"description\">\n<ul>\n<li> Couleur uniforme <\/li>\n<li>Couverture optimum<\/li>\n<li>Coloration intense et \u00e9tincelant<\/li>\n<li>R\u00e9sultats fid\u00e8les <\/li>\n<\/ul>\n<\/div>\n<\/div>\n<div class=\"tab js-tab\">\n<h3 class=\"tab-title pdp-tabs_title js-tab-mobile-title\"><span>Description<\/span><\/h3>\n<div class=\"tab-description pdp-tabs_description js-tab-description\" itemprop=\"description\">Cr\u00e9\u00e9 par des coloristes pour des coloristes, Schwarzkopf Professional\u00ae Igora Royal vous assure une coloration haute d\u00e9finition et une couverture compl\u00e8te des cheveux blancs. Cette gamme sera votre nouvel alli\u00e9 du quotidien \u2014 avec Schwarzkopf Professional\u00ae, pas de mauvaise surprise : le r\u00e9sultat est parfaitement fid\u00e8le au nuancier, quelle que soit la condition de pose ou le type de cheveux de vos clients.La technologie Igora Royal combine plusieurs innovations : une matrice de pigments nouvelle g\u00e9n\u00e9ration pour des reflets flamboyants, des agents conducteurs de lipides pour une p\u00e9n\u00e9tration en profondeur, et des pigments scell\u00e9s pour une r\u00e9tention optimale de la couleur.Cette coloration offre une performance maximale pour des teintes uniformes, avec des reflets intenses des racines \u00e0 la pointe, m\u00eame sur les cheveux \u00e9pais et qui r\u00e9sistent.R\u00e9sultat : une brillance haute d\u00e9finition qui dure?!<\/div>\n<\/div>\n<div class=\"tab js-tab\">\n<h3 class=\"tab-title pdp-tabs_title js-tab-mobile-title\"><span>Mode d&#8217;emploi<\/span><\/h3>\n<div class=\"tab-description pdp-tabs_description js-tab-description\">Pour un r\u00e9sultat maximal, nous vous conseillons d\u2019utiliser cette coloration avec un oxydant Igora Royal :\u2013 3 %, pour foncer les cheveux\u2013 6 %, pour une coloration classique et une couverture optimale des cheveux blancs\u2013 9 %, pour un \u00e9claircissement de 1 \u00e0 3 tons\u2013 12 %, pour un \u00e9claircissement de 3 \u00e0 5 tons.<\/div>\n<\/div>\n<div class=\"tab js-tab\">\n<h3 class=\"tab-title pdp-tabs_title js-tab-mobile-title\"><span>Ingr\u00e9dients<\/span><\/h3>\n<div class=\"tab-description pdp-tabs_description js-tab-description\">Aqua, Cetearyl Alcohol, Glyceryl Stearate, Ammonium Hydroxide, Ceteareth-20, Octyldodecanol, Sodium Laureth Sulfate, Moringa Pterygosperma Seed Extract, Glycerin, 2, 5-Diamine Sulfate, Sodium Cetearyl Sulfate, Oleic Acid, Parfum, Sodium Sulfite, Potassium Stearate, Ethanolamine, Tetrasodium Edta, Resorcinol, Carbomer, Polyquaternium-39, 2-Amino-3-Hydroxypyridine, 2-Methylresorcinol, Potassium Hydroxide, Ascorbic Acid, M-Aminophenol, Linoleamidopropyl Pg-Dimonium Chloride Phosphate, Sodium Sulfate, Linalool, Benzoic Acid, Citric Acid, Ci 77891<\/div>\n<\/div>\n<div class=\"tab js-tab\">\n<h3 class=\"tab-title pdp-tabs_title js-tab-mobile-title\"><span>Livraison et stock<\/span><\/h3>\n<div class=\"tab-description pdp-tabs_description js-tab-description\">\n<div class=\"pdp-delivery_info\">\n<div class=\"content-asset\"><a class=\"pdp-delivery_link\" href=\"\/livraison-delais\/\">Livraison et d\u00e9lais<\/a><a class=\"pdp-delivery_link\" href=\"\/retours-remboursements\/\">Retours et remboursements<\/a><\/div>\n<\/div>\n<\/div>\n<\/div>\n<\/div>\n<\/div>\n<\/div>\n","protected":false},"excerpt":{"rendered":"<p>Information importante : Schwarzkopf est en train de changer l&#8217;emballage de Igora. Il se peut&hellip;<\/p>\n","protected":false},"featured_media":33171,"comment_status":"open","ping_status":"closed","template":"","meta":[],"pwb-brand":[646],"product_cat":[316],"product_tag":[317,318,319],"class_list":{"0":"post-33152","1":"product","2":"type-product","3":"status-publish","4":"has-post-thumbnail","6":"pwb-brand-schwarzkopf-professional","7":"product_cat-coloration-permanente","8":"product_tag-coloration","9":"product_tag-coloration-permanente","10":"product_tag-schwarzkopf-professional","12":"first","13":"instock","14":"taxable","15":"shipping-taxable","16":"purchasable","17":"product-type-variable","18":"layout-style-3","19":"col-md-4 col-sm-4 col-xs-6","20":"col-lg-3","21":"product-has-gallery","22":"product-style-default"},"aioseo_notices":[],"brands":[{"id":646,"name":"Schwarzkopf Professional","slug":"schwarzkopf-professional"}],"_links":{"self":[{"href":"https:\/\/cheveuxluxe.com\/index.php\/wp-json\/wp\/v2\/product\/33152","targetHints":{"allow":["GET"]}}],"collection":[{"href":"https:\/\/cheveuxluxe.com\/index.php\/wp-json\/wp\/v2\/product"}],"about":[{"href":"https:\/\/cheveuxluxe.com\/index.php\/wp-json\/wp\/v2\/types\/product"}],"replies":[{"embeddable":true,"href":"https:\/\/cheveuxluxe.com\/index.php\/wp-json\/wp\/v2\/comments?post=33152"}],"version-history":[{"count":0,"href":"https:\/\/cheveuxluxe.com\/index.php\/wp-json\/wp\/v2\/product\/33152\/revisions"}],"wp:featuredmedia":[{"embeddable":true,"href":"https:\/\/cheveuxluxe.com\/index.php\/wp-json\/wp\/v2\/media\/33171"}],"wp:attachment":[{"href":"https:\/\/cheveuxluxe.com\/index.php\/wp-json\/wp\/v2\/media?parent=33152"}],"wp:term":[{"taxonomy":"pwb-brand","embeddable":true,"href":"https:\/\/cheveuxluxe.com\/index.php\/wp-json\/wp\/v2\/pwb-brand?post=33152"},{"taxonomy":"product_cat","embeddable":true,"href":"https:\/\/cheveuxluxe.com\/index.php\/wp-json\/wp\/v2\/product_cat?post=33152"},{"taxonomy":"product_tag","embeddable":true,"href":"https:\/\/cheveuxluxe.com\/index.php\/wp-json\/wp\/v2\/product_tag?post=33152"}],"curies":[{"name":"wp","href":"https:\/\/api.w.org\/{rel}","templated":true}]}}