{"id":33234,"date":"2024-04-14T12:36:03","date_gmt":"2024-04-14T12:36:03","guid":{"rendered":"https:\/\/cheveuxluxe.com\/?post_type=product&#038;p=33234"},"modified":"2024-04-14T12:38:02","modified_gmt":"2024-04-14T12:38:02","slug":"revlonissimo-colorsmetique-violines-60ml","status":"publish","type":"product","link":"https:\/\/cheveuxluxe.com\/index.php\/product\/revlonissimo-colorsmetique-violines-60ml\/","title":{"rendered":"Revlonissimo Colorsmetique Violines 60ml"},"content":{"rendered":"<div class=\"product-content_bottom\">\n<div class=\"pdp-info\">\n<div class=\"pdp-tabs tab-container\">\n<div class=\"tab js-tab\">\n<h3 class=\"tab-title pdp-tabs_title js-tab-mobile-title open\"><span>Points cl\u00e9s<\/span><\/h3>\n<div class=\"tab-description pdp-tabs_description js-tab-description open\" itemprop=\"description\">\n<p>D\u00e8s la 1\u00e8re application<\/p>\n<ul>\n<li>2x plus de soin<\/li>\n<li>2x de brillance<\/li>\n<li>2x de reflets vibrants Am\u00e9liore la qualit\u00e9 des cheveux coloration apr\u00e8s coloration<\/li>\n<\/ul>\n<\/div>\n<\/div>\n<div class=\"tab js-tab\">\n<h3 class=\"tab-title pdp-tabs_title js-tab-mobile-title\"><span>Description<\/span><\/h3>\n<div class=\"tab-description pdp-tabs_description js-tab-description\" itemprop=\"description\">\n<p>Une double approche de la couleur : o\u00f9 science et beaut\u00e9 se rencontrent<\/p>\n<p>D\u00e9couvrez nos nouvelles formules Revlonissimo Colorsmetique\u2122 offrant une technologie avanc\u00e9e afin de vous proposer nos derni\u00e8res innovations pour une performance ultime. Profitez de notre expertise professionnelle avanc\u00e9e en coloration et en soins capillaires gr\u00e2ce \u00e0 nos ingr\u00e9dients cosm\u00e9tiques pour cr\u00e9er une nouvelle gamme de coloration formul\u00e9e comme si elle contenait un masque de soin.<\/p>\n<p>La Coloration permanente Revlonissimo Colorsmetique\u2122 Violines offre des r\u00e9sultats violets et riches gr\u00e2ce \u00e0 la mol\u00e9cule C5 pour des reflets \u00e9l\u00e9gants et mauves.<\/p>\n<p><u>C\u2019est pour qui?<\/u><\/p>\n<p>Pour les coiffeurs \u00e0 la recherche d\u2019une coloration permanente sophistiqu\u00e9e aux tons violines, \u00e9labor\u00e9e gr\u00e2ce au parfait \u00e9quilibre entre couverture, transparence, pigments couleurs et brillance pour une coloration fiable et haute performance des racines aux pointes.<\/p>\n<\/div>\n<\/div>\n<div class=\"tab js-tab\">\n<h3 class=\"tab-title pdp-tabs_title js-tab-mobile-title\"><span>Ingr\u00e9dients<\/span><\/h3>\n<div class=\"tab-description pdp-tabs_description js-tab-description\">Aqua\/Water\/Eau , Laureth-2 , Isostearic Acid , Propylene Glycol , Glyceryl Stearate Se , Ethanolamine , Cetearyl Alcohol , Ammonium Hydroxide , 1-Hydroxyethyl 4,5-Diamino Pyrazole Sulfate , Cocamidopropyl Betaine , Ammonium Lauryl Sulfate , Aminopropyl Phenyl Trimethicone , Dimethicone , Ceteareth-20 , Steartrimonium Chloride , Erythorbic Acid , Glycerin , Hydrolyzed Corn Protein , Hydrolyzed Hyaluronic Acid , Hydrolyzed Soy Protein , Hydrolyzed Wheat Protein , Isopropyl Alcohol , Panthenol , Polyquaternium-22 , Polyquaternium-6 , Saccharomyces Ferment Filtrate , Sodium Chloride , Tetrasodium Edta , Titanium Dioxide , Parfum (Fragrance) , Sodium Sulfite , 1-Naphthol ,2,4-Diaminophenoxyethanol Hcl , Toluene-2,5-Diamine Sulfate. B02689<\/div>\n<\/div>\n<div class=\"tab js-tab\">\n<h3 class=\"tab-title pdp-tabs_title js-tab-mobile-title\"><span>Livraison et stock<\/span><\/h3>\n<div class=\"tab-description pdp-tabs_description js-tab-description\">\n<div class=\"pdp-delivery_info\">\n<div class=\"content-asset\"><a class=\"pdp-delivery_link\" href=\"\/livraison-delais\/\">Livraison et d\u00e9lais<\/a><a class=\"pdp-delivery_link\" href=\"\/retours-remboursements\/\">Retours et remboursements<\/a><\/div>\n<\/div>\n<\/div>\n<\/div>\n<\/div>\n<\/div>\n<\/div>\n","protected":false},"excerpt":{"rendered":"<p>Points cl\u00e9s D\u00e8s la 1\u00e8re application 2x plus de soin 2x de brillance 2x de&hellip;<\/p>\n","protected":false},"featured_media":33289,"comment_status":"open","ping_status":"closed","template":"","meta":[],"pwb-brand":[659],"product_cat":[316],"product_tag":[317,318,372],"class_list":{"0":"post-33234","1":"product","2":"type-product","3":"status-publish","4":"has-post-thumbnail","6":"pwb-brand-revlon","7":"product_cat-coloration-permanente","8":"product_tag-coloration","9":"product_tag-coloration-permanente","10":"product_tag-revlon","12":"first","13":"instock","14":"taxable","15":"shipping-taxable","16":"purchasable","17":"product-type-variable","18":"layout-style-3","19":"col-md-4 col-sm-4 col-xs-6","20":"col-lg-3","21":"product-has-gallery","22":"product-style-default"},"aioseo_notices":[],"brands":[{"id":659,"name":"Revlon","slug":"revlon"}],"_links":{"self":[{"href":"https:\/\/cheveuxluxe.com\/index.php\/wp-json\/wp\/v2\/product\/33234","targetHints":{"allow":["GET"]}}],"collection":[{"href":"https:\/\/cheveuxluxe.com\/index.php\/wp-json\/wp\/v2\/product"}],"about":[{"href":"https:\/\/cheveuxluxe.com\/index.php\/wp-json\/wp\/v2\/types\/product"}],"replies":[{"embeddable":true,"href":"https:\/\/cheveuxluxe.com\/index.php\/wp-json\/wp\/v2\/comments?post=33234"}],"version-history":[{"count":0,"href":"https:\/\/cheveuxluxe.com\/index.php\/wp-json\/wp\/v2\/product\/33234\/revisions"}],"wp:featuredmedia":[{"embeddable":true,"href":"https:\/\/cheveuxluxe.com\/index.php\/wp-json\/wp\/v2\/media\/33289"}],"wp:attachment":[{"href":"https:\/\/cheveuxluxe.com\/index.php\/wp-json\/wp\/v2\/media?parent=33234"}],"wp:term":[{"taxonomy":"pwb-brand","embeddable":true,"href":"https:\/\/cheveuxluxe.com\/index.php\/wp-json\/wp\/v2\/pwb-brand?post=33234"},{"taxonomy":"product_cat","embeddable":true,"href":"https:\/\/cheveuxluxe.com\/index.php\/wp-json\/wp\/v2\/product_cat?post=33234"},{"taxonomy":"product_tag","embeddable":true,"href":"https:\/\/cheveuxluxe.com\/index.php\/wp-json\/wp\/v2\/product_tag?post=33234"}],"curies":[{"name":"wp","href":"https:\/\/api.w.org\/{rel}","templated":true}]}}