{"id":33501,"date":"2024-04-14T13:00:18","date_gmt":"2024-04-14T13:00:18","guid":{"rendered":"https:\/\/cheveuxluxe.com\/?post_type=product&#038;p=33501"},"modified":"2024-04-14T13:05:03","modified_gmt":"2024-04-14T13:05:03","slug":"wella-professionals-magma-120g-57","status":"publish","type":"product","link":"https:\/\/cheveuxluxe.com\/index.php\/product\/wella-professionals-magma-120g-57\/","title":{"rendered":"Wella Professionals Magma 120g \/57"},"content":{"rendered":"<div class=\"product-content_bottom\">\n<div class=\"pdp-info\">\n<div class=\"pdp-tabs tab-container\">\n<div class=\"tab js-tab\">\n<h3 class=\"tab-title pdp-tabs_title js-tab-mobile-title open\"><span>Points cl\u00e9s<\/span><\/h3>\n<div class=\"tab-description pdp-tabs_description js-tab-description open\" itemprop=\"description\">\n<ul>\n<li> D\u00e9coloration et recoloration <\/li>\n<li>16 nuances miscibles <\/li>\n<li>6 teintes d\u2019\u00e9claircissement <\/li>\n<li>Coloration permanente <\/li>\n<\/ul>\n<\/div>\n<\/div>\n<div class=\"tab js-tab\">\n<h3 class=\"tab-title pdp-tabs_title js-tab-mobile-title\"><span>Description<\/span><\/h3>\n<div class=\"tab-description pdp-tabs_description js-tab-description\" itemprop=\"description\">Avec Magma, finis les services couleurs en plusieurs \u00e9tapes ! Gr\u00e2ce \u00e0 sa formule exclusive, ce produit de la gamme Blondor vous permet d\u2019atteindre les teintes r\u00eav\u00e9es en un seul geste, sans passer par la case d\u00e9coloration. Destin\u00e9e aux cheveux naturels ou d\u00e9j\u00e0 trait\u00e9s, cette coloration vous promet des reflets doux et des nuances subtiles, dans le respect complet de l\u2019\u00e9quilibre de votre cuir chevelu.Et parce qu\u2019il en faut pour tous les go\u00fbts, Magma est disponible en 16 nuances, que vous pouvez m\u00e9langer les unes avec les autres. Avec cette coloration de Wella Professionals\u00ae, d\u00e9cuplez les possibilit\u00e9s chromatiques \u00e0 l\u2019infini, pour r\u00e9pondre \u00e0 toutes les envies.Magma by Blondor vous permet d\u2019\u00e9claircir jusqu\u2019\u00e0 6 tons et de recolorer en une application. Cette coloration est disponible en plus 16 nuances miscibles.<\/div>\n<\/div>\n<div class=\"tab js-tab\">\n<h3 class=\"tab-title pdp-tabs_title js-tab-mobile-title\"><span>Mode d&#8217;emploi<\/span><\/h3>\n<div class=\"tab-description pdp-tabs_description js-tab-description\">Cette coloration s\u2019utilise avec tous les oxydants Wella Professionals\u00ae, de 1,9 \u00e0 12 %. Pour des nuances cuivr\u00e9es, respectez un temps de pause de 30 \u00e0 60 minutes sans chaleur, et 20 \u00e0 40 avec. Les teintes blondes demanderont une p\u00e9riode de pause entre 20 et 40 minutes sans chaleur, et entre 15 et 30 avec.Pour une tenue optimale de la couleur, terminez avec un soin post traitement Magma.<\/div>\n<\/div>\n<div class=\"tab js-tab\">\n<h3 class=\"tab-title pdp-tabs_title js-tab-mobile-title\"><span>Ingr\u00e9dients<\/span><\/h3>\n<div class=\"tab-description pdp-tabs_description js-tab-description\">Kaolin, Sodium Silicate, Ammonium Persulfate, Potassium Persulfate, Paraffinum Liquidum, Disperse Red 17, Hydroxyethylcellulose, Acid Yellow 1, Sodium Stearate, Disodium EDTA, Carbomer, Acid Red 92, Oryza Sativa Starch, Xanthan Gum, Silica<\/div>\n<\/div>\n<div class=\"tab js-tab\">\n<h3 class=\"tab-title pdp-tabs_title js-tab-mobile-title\"><span>Livraison et stock<\/span><\/h3>\n<div class=\"tab-description pdp-tabs_description js-tab-description\">\n<div class=\"pdp-delivery_info\">\n<div class=\"content-asset\"><a class=\"pdp-delivery_link\" href=\"\/livraison-delais\/\">Livraison et d\u00e9lais<\/a><a class=\"pdp-delivery_link\" href=\"\/retours-remboursements\/\">Retours et remboursements<\/a><\/div>\n<\/div>\n<\/div>\n<\/div>\n<\/div>\n<\/div>\n<\/div>\n","protected":false},"excerpt":{"rendered":"<p>Points cl\u00e9s D\u00e9coloration et recoloration 16 nuances miscibles 6 teintes d\u2019\u00e9claircissement Coloration permanente Description Avec&hellip;<\/p>\n","protected":false},"featured_media":20029,"comment_status":"open","ping_status":"closed","template":"","meta":[],"pwb-brand":[648],"product_cat":[316],"product_tag":[317,318,323],"class_list":{"0":"post-33501","1":"product","2":"type-product","3":"status-publish","4":"has-post-thumbnail","6":"pwb-brand-wella-professionals","7":"product_cat-coloration-permanente","8":"product_tag-coloration","9":"product_tag-coloration-permanente","10":"product_tag-wella-professionals","12":"first","13":"instock","14":"taxable","15":"shipping-taxable","16":"purchasable","17":"product-type-variable","18":"layout-style-3","19":"col-md-4 col-sm-4 col-xs-6","20":"col-lg-3","21":"product-has-gallery","22":"product-style-default"},"aioseo_notices":[],"brands":[{"id":648,"name":"Wella Professionals","slug":"wella-professionals"}],"_links":{"self":[{"href":"https:\/\/cheveuxluxe.com\/index.php\/wp-json\/wp\/v2\/product\/33501","targetHints":{"allow":["GET"]}}],"collection":[{"href":"https:\/\/cheveuxluxe.com\/index.php\/wp-json\/wp\/v2\/product"}],"about":[{"href":"https:\/\/cheveuxluxe.com\/index.php\/wp-json\/wp\/v2\/types\/product"}],"replies":[{"embeddable":true,"href":"https:\/\/cheveuxluxe.com\/index.php\/wp-json\/wp\/v2\/comments?post=33501"}],"version-history":[{"count":0,"href":"https:\/\/cheveuxluxe.com\/index.php\/wp-json\/wp\/v2\/product\/33501\/revisions"}],"wp:featuredmedia":[{"embeddable":true,"href":"https:\/\/cheveuxluxe.com\/index.php\/wp-json\/wp\/v2\/media\/20029"}],"wp:attachment":[{"href":"https:\/\/cheveuxluxe.com\/index.php\/wp-json\/wp\/v2\/media?parent=33501"}],"wp:term":[{"taxonomy":"pwb-brand","embeddable":true,"href":"https:\/\/cheveuxluxe.com\/index.php\/wp-json\/wp\/v2\/pwb-brand?post=33501"},{"taxonomy":"product_cat","embeddable":true,"href":"https:\/\/cheveuxluxe.com\/index.php\/wp-json\/wp\/v2\/product_cat?post=33501"},{"taxonomy":"product_tag","embeddable":true,"href":"https:\/\/cheveuxluxe.com\/index.php\/wp-json\/wp\/v2\/product_tag?post=33501"}],"curies":[{"name":"wp","href":"https:\/\/api.w.org\/{rel}","templated":true}]}}