{"id":33703,"date":"2024-04-14T13:08:54","date_gmt":"2024-04-14T13:08:54","guid":{"rendered":"https:\/\/cheveuxluxe.com\/?post_type=product&#038;p=33703"},"modified":"2024-04-14T13:11:21","modified_gmt":"2024-04-14T13:11:21","slug":"wella-professionals-illumina-opal-essence-coloration-permanente-60ml","status":"publish","type":"product","link":"https:\/\/cheveuxluxe.com\/index.php\/product\/wella-professionals-illumina-opal-essence-coloration-permanente-60ml\/","title":{"rendered":"Wella Professionals Illumina Opal-Essence Coloration Permanente 60ml"},"content":{"rendered":"<div class=\"product-content_bottom\">\n<div class=\"pdp-info\">\n<div class=\"pdp-tabs tab-container\">\n<div class=\"tab js-tab\">\n<h3 class=\"tab-title pdp-tabs_title js-tab-mobile-title open\"><span>Points cl\u00e9s<\/span><\/h3>\n<div class=\"tab-description pdp-tabs_description js-tab-description open\" itemprop=\"description\">\n<ul>\n<li>Brillance m\u00e9tallique avec des r\u00e9flexions de lumi\u00e8re chaude et froide<\/li>\n<li>Les reflets des cheveux changent selon la lumi\u00e8re<\/li>\n<li>5 nouvelles nuances opalescentes sans hauteur de ton<\/li>\n<li>Utilis\u00e9 seul ou associ\u00e9 avec Illumina Color<\/li>\n<\/ul>\n<\/div>\n<\/div>\n<div class=\"tab js-tab\">\n<h3 class=\"tab-title pdp-tabs_title js-tab-mobile-title\"><span>Description<\/span><\/h3>\n<div class=\"tab-description pdp-tabs_description js-tab-description\" itemprop=\"description\">Selon l\u2019accroche de la lumi\u00e8re, le cheveu se pare de tonalit\u00e9s chaudes ou froides.<br \/>Ceci s\u2019explique par la composition des nuances elles-m\u00eames (sans hauteur de ton) : la lumi\u00e8re est moins absorb\u00e9e par les cheveux et p\u00e9n\u00e8tre plus \u00e0 l\u2019int\u00e9rieur de la fibre capillaire, expliquant ce jeu de reflets chauds et froids qui se refl\u00e8tent en fonction de l\u2019angle de la lumi\u00e8re.<\/p>\n<p>Nous avons r\u00e9ussi \u00e0 obtenir ces nouvelles nuances en tirant parti pour la premi\u00e8re fois de notre processus d\u2019intelligence artificielle exclusif Revelation\u2122.<\/p>\n<p>L\u2019imagination de nos stylistes est tr\u00e8s fertile. Par le biais de simulations \u00e0 l\u2019\u00e9cran en temps r\u00e9el, Revelation\u2122 contribue \u00e0 traduire leurs d\u00e9sirs dans une formule de nuances.<\/p>\n<p>L\u2019intelligence artificielle\/algorithme Revelation\u2122 est capable de produire rapidement des milliers de combinaisons de couleurs par rapport au petit nombre de strat\u00e9gies que proposerait dans le m\u00eame temps un concepteur humain exp\u00e9riment\u00e9. La pr\u00e9cision de la technologie r\u00e9ussit \u00e0 satisfaire.<\/p><\/div>\n<\/div>\n<div class=\"tab js-tab\">\n<h3 class=\"tab-title pdp-tabs_title js-tab-mobile-title\"><span>Mode d&#8217;emploi<\/span><\/h3>\n<div class=\"tab-description pdp-tabs_description js-tab-description\">\u00c0 utiliser seul ou \u00e0 m\u00e9langer avec Illumina Color.<\/div>\n<\/div>\n<div class=\"tab js-tab\">\n<h3 class=\"tab-title pdp-tabs_title js-tab-mobile-title\"><span>Ingr\u00e9dients<\/span><\/h3>\n<div class=\"tab-description pdp-tabs_description js-tab-description\">Aqua, Water, Eau, Cetearyl Alcohol, Propylene Glycol, Ammonia, Dicetyl Phosphate, Trisodium Ethylenediamine Disuccinate, Ceteth-10 Phosphate, Steareth-200, Ammonium Sulfate, Sodium Sulfate, Sodium Hydroxide, Sodium Sulfite, Ascorbic Acid, Parfum, Fragrance, Xanthan Gum, Disodium EDTA, 2-Methoxymethyl-p-Phenylenediamine, m-Aminophenol, Geraniol, Linalool, 4-Amino-2-Hydroxytoluene<\/div>\n<\/div>\n<div class=\"tab js-tab\">\n<h3 class=\"tab-title pdp-tabs_title js-tab-mobile-title\"><span>Livraison et stock<\/span><\/h3>\n<div class=\"tab-description pdp-tabs_description js-tab-description\">\n<div class=\"pdp-delivery_info\">\n<div class=\"content-asset\"><a class=\"pdp-delivery_link\" href=\"\/livraison-delais\/\">Livraison et d\u00e9lais<\/a><a class=\"pdp-delivery_link\" href=\"\/retours-remboursements\/\">Retours et remboursements<\/a><\/div>\n<\/div>\n<\/div>\n<\/div>\n<div class=\"tab js-tab\">\n<h3 class=\"tab-title pdp-tabs_title js-tab-mobile-title\"><span>Pr\u00e9cautions d&#8217;emploi<\/span><\/h3>\n<div class=\"tab-description pdp-tabs_description js-tab-description\">ATTENTION\u00a0: Les colorants capillaires peuvent provoquer des r\u00e9actions allergiques graves. LISEZ ET SUIVEZ LES INSTRUCTIONS. Ce produit n&rsquo;est pas destin\u00e9 \u00e0 \u00eatre utilis\u00e9 sur des personnes de moins de 16\u00a0ans. Les tatouages temporaires au henn\u00e9 noir peuvent augmenter votre risque d&rsquo;allergie. NE COLOREZ PAS VOS CHEVEUX SI\u00a0: vous avez une \u00e9ruption cutan\u00e9e sur le visage ou le cuir chevelu sensible, irrit\u00e9 ou endommag\u00e9, vous avez d\u00e9j\u00e0 eu une r\u00e9action apr\u00e8s avoir color\u00e9 vos cheveux, vous avez d\u00e9j\u00e0 eu une r\u00e9action \u00e0 un tatouage temporaire au henn\u00e9 noir dans le pass\u00e9. Usage professionnel uniquement. Rincez bien les cheveux apr\u00e8s l&rsquo;application. Rincez les yeux imm\u00e9diatement si le produit entre en contact avec eux. Ne pas utiliser pour teindre les cils ou les sourcils. Portez des gants appropri\u00e9s.<\/div>\n<\/div>\n<\/div>\n<\/div>\n<\/div>\n","protected":false},"excerpt":{"rendered":"<p>Points cl\u00e9s Brillance m\u00e9tallique avec des r\u00e9flexions de lumi\u00e8re chaude et froide Les reflets des&hellip;<\/p>\n","protected":false},"featured_media":33762,"comment_status":"open","ping_status":"closed","template":"","meta":[],"pwb-brand":[648],"product_cat":[316],"product_tag":[317,318,323],"class_list":{"0":"post-33703","1":"product","2":"type-product","3":"status-publish","4":"has-post-thumbnail","6":"pwb-brand-wella-professionals","7":"product_cat-coloration-permanente","8":"product_tag-coloration","9":"product_tag-coloration-permanente","10":"product_tag-wella-professionals","12":"first","13":"instock","14":"taxable","15":"shipping-taxable","16":"purchasable","17":"product-type-variable","18":"layout-style-3","19":"col-md-4 col-sm-4 col-xs-6","20":"col-lg-3","21":"product-has-gallery","22":"product-style-default"},"aioseo_notices":[],"brands":[{"id":648,"name":"Wella Professionals","slug":"wella-professionals"}],"_links":{"self":[{"href":"https:\/\/cheveuxluxe.com\/index.php\/wp-json\/wp\/v2\/product\/33703","targetHints":{"allow":["GET"]}}],"collection":[{"href":"https:\/\/cheveuxluxe.com\/index.php\/wp-json\/wp\/v2\/product"}],"about":[{"href":"https:\/\/cheveuxluxe.com\/index.php\/wp-json\/wp\/v2\/types\/product"}],"replies":[{"embeddable":true,"href":"https:\/\/cheveuxluxe.com\/index.php\/wp-json\/wp\/v2\/comments?post=33703"}],"version-history":[{"count":0,"href":"https:\/\/cheveuxluxe.com\/index.php\/wp-json\/wp\/v2\/product\/33703\/revisions"}],"wp:featuredmedia":[{"embeddable":true,"href":"https:\/\/cheveuxluxe.com\/index.php\/wp-json\/wp\/v2\/media\/33762"}],"wp:attachment":[{"href":"https:\/\/cheveuxluxe.com\/index.php\/wp-json\/wp\/v2\/media?parent=33703"}],"wp:term":[{"taxonomy":"pwb-brand","embeddable":true,"href":"https:\/\/cheveuxluxe.com\/index.php\/wp-json\/wp\/v2\/pwb-brand?post=33703"},{"taxonomy":"product_cat","embeddable":true,"href":"https:\/\/cheveuxluxe.com\/index.php\/wp-json\/wp\/v2\/product_cat?post=33703"},{"taxonomy":"product_tag","embeddable":true,"href":"https:\/\/cheveuxluxe.com\/index.php\/wp-json\/wp\/v2\/product_tag?post=33703"}],"curies":[{"name":"wp","href":"https:\/\/api.w.org\/{rel}","templated":true}]}}