{"id":33759,"date":"2024-04-14T13:10:32","date_gmt":"2024-04-14T13:10:32","guid":{"rendered":"https:\/\/cheveuxluxe.com\/?post_type=product&#038;p=33759"},"modified":"2024-04-14T13:13:10","modified_gmt":"2024-04-14T13:13:10","slug":"wella-professionals-eos-coloration-vegetale-120g","status":"publish","type":"product","link":"https:\/\/cheveuxluxe.com\/index.php\/product\/wella-professionals-eos-coloration-vegetale-120g\/","title":{"rendered":"Wella Professionals EOS Coloration V\u00e9g\u00e9tale 120g"},"content":{"rendered":"<div class=\"product-content_bottom\">\n<div class=\"pdp-info\">\n<div class=\"pdp-tabs tab-container\">\n<div class=\"tab js-tab\">\n<h3 class=\"tab-title pdp-tabs_title js-tab-mobile-title open\"><span>Points cl\u00e9s<\/span><\/h3>\n<div class=\"tab-description pdp-tabs_description js-tab-description open\" itemprop=\"description\">\n<ul>\n<li> Henn\u00e9<\/li>\n<li>Ingr\u00e9dients naturels <\/li>\n<li>Reflets intenses<\/li>\n<li>Brillance <\/li>\n<\/ul>\n<\/div>\n<\/div>\n<div class=\"tab js-tab\">\n<h3 class=\"tab-title pdp-tabs_title js-tab-mobile-title\"><span>Description<\/span><\/h3>\n<div class=\"tab-description pdp-tabs_description js-tab-description\" itemprop=\"description\">Ce concept de coloration convient particuli\u00e8rement aux clientes r\u00e9ticentes \u00e0 la coloration chimique. Dans sa formulation, vous retrouverez les principes actifs colorant et traitant du cheveu de l\u2019henn\u00e9 d\u2019Iran &amp; neutre. EOS couvre jusqu\u2019\u00e0 40% des cheveux blancs.Sans d\u00e9gagement de poussi\u00e8re et \u00e0 base d\u2019huile, la pr\u00e9paration et l\u2019application de EOS sont faciles et rapides. Les r\u00e9sultats de couleur sont d\u2019une beaut\u00e9 tr\u00e8s naturelle : les cheveux sont brillants et gain\u00e9s.Personnalisez vos couleurs avec EOS c\u2019est possible: toutes les nuances sont miscibles entre elles !On aime : la multitude reflets naturels dans les cheveux !<\/div>\n<\/div>\n<div class=\"tab js-tab\">\n<h3 class=\"tab-title pdp-tabs_title js-tab-mobile-title\"><span>Mode d&#8217;emploi<\/span><\/h3>\n<div class=\"tab-description pdp-tabs_description js-tab-description\">Faire un shampooing neutre et appliquer une cr\u00e8me protectrice sur les contours.<br \/>Appliquer le m\u00e9lange EOS sur cheveux essor\u00e9s et pr\u00e9-s\u00e9ch\u00e9s \u00e0 la serviette.<br \/>Ratio de m\u00e9lange : 1 part de poudre + 5 parts d&rsquo;eau.<br \/>Appliquer la cr\u00e8me EOS des racines jusqu&rsquo;aux pointes et laisser poser 30 \u00e0 40 min sous chaleur.<br \/>Une fois le temps de pose \u00e9coul\u00e9, \u00e9mulsionner et rincer \u00e0 l&rsquo;eau chaude puis utiliser \u00e0 nouveau un shampooing neutre avant de proc\u00e9der au coiffage.<\/div>\n<\/div>\n<div class=\"tab js-tab\">\n<h3 class=\"tab-title pdp-tabs_title js-tab-mobile-title\"><span>Ingr\u00e9dients<\/span><\/h3>\n<div class=\"tab-description pdp-tabs_description js-tab-description\">Lawsonia Inermis Leaf Powder, Indigofera Tinctoria Leaf Powder, Cassia Auriculata Leaf Powder, Paraffinum Liquidum, Cyamopsis Tetragonoloba Gum, HC Blue No. 2, Hydroxyethyl-2-Nitro-p-Toluidine, PEG-35 Castor Oil, Hexyldecyl Laurate, Hexyldecanol, HC Yellow No. 13, HC Red No. 3, 3-Nitro-p-Hydroxyethylaminophenol, Parfum, Limonene<\/div>\n<\/div>\n<div class=\"tab js-tab\">\n<h3 class=\"tab-title pdp-tabs_title js-tab-mobile-title\"><span>Livraison et stock<\/span><\/h3>\n<div class=\"tab-description pdp-tabs_description js-tab-description\">\n<div class=\"pdp-delivery_info\">\n<div class=\"content-asset\"><a class=\"pdp-delivery_link\" href=\"\/livraison-delais\/\">Livraison et d\u00e9lais<\/a><a class=\"pdp-delivery_link\" href=\"\/retours-remboursements\/\">Retours et remboursements<\/a><\/div>\n<\/div>\n<\/div>\n<\/div>\n<\/div>\n<\/div>\n<\/div>\n","protected":false},"excerpt":{"rendered":"<p>Points cl\u00e9s Henn\u00e9 Ingr\u00e9dients naturels Reflets intenses Brillance Description Ce concept de coloration convient particuli\u00e8rement&hellip;<\/p>\n","protected":false},"featured_media":33816,"comment_status":"open","ping_status":"closed","template":"","meta":[],"pwb-brand":[648],"product_cat":[316],"product_tag":[317,318,323],"class_list":{"0":"post-33759","1":"product","2":"type-product","3":"status-publish","4":"has-post-thumbnail","6":"pwb-brand-wella-professionals","7":"product_cat-coloration-permanente","8":"product_tag-coloration","9":"product_tag-coloration-permanente","10":"product_tag-wella-professionals","12":"first","13":"instock","14":"taxable","15":"shipping-taxable","16":"purchasable","17":"product-type-variable","18":"layout-style-3","19":"col-md-4 col-sm-4 col-xs-6","20":"col-lg-3","21":"product-has-gallery","22":"product-style-default"},"aioseo_notices":[],"brands":[{"id":648,"name":"Wella Professionals","slug":"wella-professionals"}],"_links":{"self":[{"href":"https:\/\/cheveuxluxe.com\/index.php\/wp-json\/wp\/v2\/product\/33759","targetHints":{"allow":["GET"]}}],"collection":[{"href":"https:\/\/cheveuxluxe.com\/index.php\/wp-json\/wp\/v2\/product"}],"about":[{"href":"https:\/\/cheveuxluxe.com\/index.php\/wp-json\/wp\/v2\/types\/product"}],"replies":[{"embeddable":true,"href":"https:\/\/cheveuxluxe.com\/index.php\/wp-json\/wp\/v2\/comments?post=33759"}],"version-history":[{"count":0,"href":"https:\/\/cheveuxluxe.com\/index.php\/wp-json\/wp\/v2\/product\/33759\/revisions"}],"wp:featuredmedia":[{"embeddable":true,"href":"https:\/\/cheveuxluxe.com\/index.php\/wp-json\/wp\/v2\/media\/33816"}],"wp:attachment":[{"href":"https:\/\/cheveuxluxe.com\/index.php\/wp-json\/wp\/v2\/media?parent=33759"}],"wp:term":[{"taxonomy":"pwb-brand","embeddable":true,"href":"https:\/\/cheveuxluxe.com\/index.php\/wp-json\/wp\/v2\/pwb-brand?post=33759"},{"taxonomy":"product_cat","embeddable":true,"href":"https:\/\/cheveuxluxe.com\/index.php\/wp-json\/wp\/v2\/product_cat?post=33759"},{"taxonomy":"product_tag","embeddable":true,"href":"https:\/\/cheveuxluxe.com\/index.php\/wp-json\/wp\/v2\/product_tag?post=33759"}],"curies":[{"name":"wp","href":"https:\/\/api.w.org\/{rel}","templated":true}]}}