{"id":33892,"date":"2024-04-14T13:14:53","date_gmt":"2024-04-14T13:14:53","guid":{"rendered":"https:\/\/cheveuxluxe.com\/?post_type=product&#038;p=33892"},"modified":"2024-04-14T13:17:42","modified_gmt":"2024-04-14T13:17:42","slug":"schwarzkopf-igora-absolutes-silverwhite-nuanceur-sublimateur-60ml","status":"publish","type":"product","link":"https:\/\/cheveuxluxe.com\/index.php\/product\/schwarzkopf-igora-absolutes-silverwhite-nuanceur-sublimateur-60ml\/","title":{"rendered":"Schwarzkopf Igora Absolutes Silverwhite Nuanceur Sublimateur 60ml"},"content":{"rendered":"<div class=\"product-content_bottom\">\n<div class=\"pdp-info\">\n<div class=\"pdp-delivery_information\"><span class=\"pdp-delivery_label\">Information importante :<\/span> Schwarzkopf est en train de changer l&#8217;emballage de Igora. Il se peut donc que vous receviez l&#8217;emballage actuel ou l&rsquo;ancien emballage.<br \/>Malheureusement, vous ne pourrez pas choisir lequel vous recevrez.<\/div>\n<div class=\"pdp-tabs tab-container\">\n<div class=\"tab js-tab\">\n<h3 class=\"tab-title pdp-tabs_title js-tab-mobile-title open\"><span>Points cl\u00e9s<\/span><\/h3>\n<div class=\"tab-description pdp-tabs_description js-tab-description open\" itemprop=\"description\">\n<ul>\n<li> Cheveux blancs ou gris<\/li>\n<li>Actifs anti-jaunissement <\/li>\n<li>Coloration directe <\/li>\n<li>Brillance intense <\/li>\n<\/ul>\n<\/div>\n<\/div>\n<div class=\"tab js-tab\">\n<h3 class=\"tab-title pdp-tabs_title js-tab-mobile-title\"><span>Description<\/span><\/h3>\n<div class=\"tab-description pdp-tabs_description js-tab-description\" itemprop=\"description\">Pour les chevelures blanches ou grises, choisissez ce sublimateur de nuances sign\u00e9 Schwarzkopf Professional\u00ae. Gr\u00e2ce \u00e0 ce produit qui harmonise et sublime les couleurs claires, vos clients peuvent enfin assumer leurs cheveux blancs ou gris ! Cette coloration semi-permanente vous assure des r\u00e9sultats fid\u00e8les au nuancier, tout en offrant une couverture optimale.Gr\u00e2ce \u00e0 son complexe Pro-Age, qui contient de la siliamine et du collag\u00e8ne, ainsi qu\u2019\u00e0 sa formule enrichie en agents actifs anti-jaunissement, les chevelures sont sublim\u00e9es pour un r\u00e9sultat ultra naturel. Affichant un pH neutre, cette coloration prend soin de la fibre capillaire, tout en apportant une brillance intense gr\u00e2ce \u00e0 ses pigments argent\u00e9s qui viennent neutraliser les tons chauds.Et pour s\u2019adapter \u00e0 toutes les nuances, ce produit est disponible en quatre d\u00e9clinaisons chromatiques aux reflets argent. Offrez un look branch\u00e9 et assum\u00e9 avec Schwarzkopf Professional\u00ae, pour des cheveux matures brillants et \u00e9l\u00e9gants !<\/div>\n<\/div>\n<div class=\"tab js-tab\">\n<h3 class=\"tab-title pdp-tabs_title js-tab-mobile-title\"><span>Mode d&#8217;emploi<\/span><\/h3>\n<div class=\"tab-description pdp-tabs_description js-tab-description\">M\u00e9langez un tube de coloration avec l\u2019oxydant \u00e0 dose \u00e9gale dans un r\u00e9cipient non m\u00e9tallique. Appliquez la coloration avant de laisser reposer entre 20 \u00e0 45 minutes, en fonction de la nuance choisie. Rincez jusqu\u2019\u00e0 ce que l\u2019eau soit claire.<\/div>\n<\/div>\n<div class=\"tab js-tab\">\n<h3 class=\"tab-title pdp-tabs_title js-tab-mobile-title\"><span>Ingr\u00e9dients<\/span><\/h3>\n<div class=\"tab-description pdp-tabs_description js-tab-description\">Aqua, Cetearyl Alcohol, Propylene Glycol, Paraffinum Liquidum, Ceteareth-20, Sodium Sulfite, Bis-Diisopropanolamino-Pg-Propyl Dimethicone, Bis-Isobutyl Peg-14 Copolymer, Moringa Pterygosperma Seed Extract, Biotin, Ammonium Sulfate, Glycerin, Steareth-100, Glyceryl Stearate, Tetrasodium Edta, Parfum, Ammonium Hydroxide, N, N-Bis(2-Hydroxyethyl)-P-Phenylenediamine Sulfate, Butyloctanol, Polysorbate 20, Ascorbic Acid, 2-Methylresorcinol, Linalool, Hydrolyzed Collagen, 2, 7-Naphthalenediol, Resorcinol, Citric Acid, 4-Amino-2-Hydroxy, ,<\/div>\n<\/div>\n<div class=\"tab js-tab\">\n<h3 class=\"tab-title pdp-tabs_title js-tab-mobile-title\"><span>Livraison et stock<\/span><\/h3>\n<div class=\"tab-description pdp-tabs_description js-tab-description\">\n<div class=\"pdp-delivery_info\">\n<div class=\"content-asset\"><a class=\"pdp-delivery_link\" href=\"\/livraison-delais\/\">Livraison et d\u00e9lais<\/a><a class=\"pdp-delivery_link\" href=\"\/retours-remboursements\/\">Retours et remboursements<\/a><\/div>\n<\/div>\n<\/div>\n<\/div>\n<\/div>\n<\/div>\n<\/div>\n","protected":false},"excerpt":{"rendered":"<p>Information importante : Schwarzkopf est en train de changer l&#8217;emballage de Igora. Il se peut&hellip;<\/p>\n","protected":false},"featured_media":33944,"comment_status":"open","ping_status":"closed","template":"","meta":[],"pwb-brand":[646],"product_cat":[316],"product_tag":[317,318,319],"class_list":{"0":"post-33892","1":"product","2":"type-product","3":"status-publish","4":"has-post-thumbnail","6":"pwb-brand-schwarzkopf-professional","7":"product_cat-coloration-permanente","8":"product_tag-coloration","9":"product_tag-coloration-permanente","10":"product_tag-schwarzkopf-professional","12":"first","13":"instock","14":"taxable","15":"shipping-taxable","16":"purchasable","17":"product-type-variable","18":"layout-style-3","19":"col-md-4 col-sm-4 col-xs-6","20":"col-lg-3","21":"product-has-gallery","22":"product-style-default"},"aioseo_notices":[],"brands":[{"id":646,"name":"Schwarzkopf Professional","slug":"schwarzkopf-professional"}],"_links":{"self":[{"href":"https:\/\/cheveuxluxe.com\/index.php\/wp-json\/wp\/v2\/product\/33892","targetHints":{"allow":["GET"]}}],"collection":[{"href":"https:\/\/cheveuxluxe.com\/index.php\/wp-json\/wp\/v2\/product"}],"about":[{"href":"https:\/\/cheveuxluxe.com\/index.php\/wp-json\/wp\/v2\/types\/product"}],"replies":[{"embeddable":true,"href":"https:\/\/cheveuxluxe.com\/index.php\/wp-json\/wp\/v2\/comments?post=33892"}],"version-history":[{"count":0,"href":"https:\/\/cheveuxluxe.com\/index.php\/wp-json\/wp\/v2\/product\/33892\/revisions"}],"wp:featuredmedia":[{"embeddable":true,"href":"https:\/\/cheveuxluxe.com\/index.php\/wp-json\/wp\/v2\/media\/33944"}],"wp:attachment":[{"href":"https:\/\/cheveuxluxe.com\/index.php\/wp-json\/wp\/v2\/media?parent=33892"}],"wp:term":[{"taxonomy":"pwb-brand","embeddable":true,"href":"https:\/\/cheveuxluxe.com\/index.php\/wp-json\/wp\/v2\/pwb-brand?post=33892"},{"taxonomy":"product_cat","embeddable":true,"href":"https:\/\/cheveuxluxe.com\/index.php\/wp-json\/wp\/v2\/product_cat?post=33892"},{"taxonomy":"product_tag","embeddable":true,"href":"https:\/\/cheveuxluxe.com\/index.php\/wp-json\/wp\/v2\/product_tag?post=33892"}],"curies":[{"name":"wp","href":"https:\/\/api.w.org\/{rel}","templated":true}]}}