{"id":33907,"date":"2024-04-14T13:15:17","date_gmt":"2024-04-14T13:15:17","guid":{"rendered":"https:\/\/cheveuxluxe.com\/?post_type=product&#038;p=33907"},"modified":"2024-04-14T13:23:45","modified_gmt":"2024-04-14T13:23:45","slug":"schwarzkopf-professional-igora-zero-ammonia-60ml","status":"publish","type":"product","link":"https:\/\/cheveuxluxe.com\/index.php\/product\/schwarzkopf-professional-igora-zero-ammonia-60ml\/","title":{"rendered":"Schwarzkopf Professional Igora Zero Ammonia 60ml"},"content":{"rendered":"<div class=\"product-content_bottom\">\n<div class=\"pdp-info\">\n<div class=\"pdp-tabs tab-container\">\n<div class=\"tab js-tab\">\n<h3 class=\"tab-title pdp-tabs_title js-tab-mobile-title open\"><span>Points cl\u00e9s<\/span><\/h3>\n<div class=\"tab-description pdp-tabs_description js-tab-description open\" itemprop=\"description\">\n<ul>\n<li>100% sans ammoniaque<\/li>\n<li>la formule sans ammoniaque contient la technologie Phytolipid<\/li>\n<li>des m\u00e9langes de pigments sp\u00e9ciaux et des huiles naturelles micronis\u00e9es qui scellent les pigments de couleur<\/li>\n<li>des r\u00e9sultats de couleur naturels, fid\u00e8les et durables<\/li>\n<li>Pas d&rsquo;odeur d\u00e9sagr\u00e9able d&rsquo;ammoniaque.<\/li>\n<\/ul>\n<\/div>\n<\/div>\n<div class=\"tab js-tab\">\n<h3 class=\"tab-title pdp-tabs_title js-tab-mobile-title\"><span>Mode d&#8217;emploi<\/span><\/h3>\n<div class=\"tab-description pdp-tabs_description js-tab-description\">M\u00e9langer la cr\u00e8me de coloration permanente 1:1 (1:2 pour la s\u00e9rie 10) avec le r\u00e9v\u00e9lateur d&rsquo;huile IGORA ROYAL 3%|10 Vol., 6%|20 Vol. ou 9%|30 Vol.Toujours porter des gants appropri\u00e9s et appliquer la cr\u00e8me Schwarzkopf Professional Skin Protect pour prot\u00e9ger la racine des cheveux et le s\u00e9rum Schwarzkopf Professional Scalp Protect pour prot\u00e9ger le cuir chevelu. Appliquer sur cheveux secs et non lav\u00e9s. Utilisez les nuances IGORA ZERO AMM pour les services d&rsquo;application rapide tels que les retouches de racines, les applications sur cheveux courts et les conceptions de couleurs partielles.Temps de d\u00e9veloppement : 30-45 minutesEmulsifier et rincer abondamment. Shampouiner les cheveux avec Bonacure Color Freeze ou Fibre Clinix Vibrancy et stabiliser les cheveux avec Schwarzkopf Professional Hair Sealer. Pour l&rsquo;entretien \u00e0 domicile, utiliser les gammes Bonacure Color Freeze ou Fibre Clinix Vibrancy.Veuillez consulter l&rsquo;IFU pour des instructions d\u00e9taill\u00e9es.<\/div>\n<\/div>\n<div class=\"tab js-tab\">\n<h3 class=\"tab-title pdp-tabs_title js-tab-mobile-title\"><span>Ingr\u00e9dients<\/span><\/h3>\n<div class=\"tab-description pdp-tabs_description js-tab-description\">Aqua (Water, Eau), Cetearyl Alcohol, Glyceryl Stearate SE, Ethanolamine, Prunus Armeniaca (Apricot) Kernel Oil, Glycerin, Octyldodecanol, Sodium Cetearyl Sulfate, Vitis Vinifera (Grape) Seed Oil, Cocamidopropyl Betaine, Chondrus Crispus Powder (Carrageenan), Sodium Sulfite, Sodium Chloride, Toluene-2,5-Diamine Sulfate, Caramel, Sodium Sulfate, Resorcinol, 4-Chlororesorcinol, 2,4-Diaminophenoxyethanol HCl, m-Aminophenol, 4-Amino-2-Hydroxytoluene<\/div>\n<\/div>\n<div class=\"tab js-tab\">\n<h3 class=\"tab-title pdp-tabs_title js-tab-mobile-title\"><span>Livraison et stock<\/span><\/h3>\n<div class=\"tab-description pdp-tabs_description js-tab-description\">\n<div class=\"pdp-delivery_info\">\n<div class=\"content-asset\"><a class=\"pdp-delivery_link\" href=\"\/livraison-delais\/\">Livraison et d\u00e9lais<\/a><a class=\"pdp-delivery_link\" href=\"\/retours-remboursements\/\">Retours et remboursements<\/a><\/div>\n<\/div>\n<\/div>\n<\/div>\n<div class=\"tab js-tab\">\n<h3 class=\"tab-title pdp-tabs_title js-tab-mobile-title\"><span>Pr\u00e9cautions d&#8217;emploi<\/span><\/h3>\n<div class=\"tab-description pdp-tabs_description js-tab-description\">R\u00e9serv\u00e9 aux professionnels. Les colorants capillaires peuvent provoquer des r\u00e9actions allergiques s\u00e9v\u00e8res. Lire et suivre les instructions. Ce produit n&rsquo;est pas destin\u00e9 \u00e0 \u00eatre utilis\u00e9 sur les personnes de moins de 16 ans. Les tatouages temporaires noirs \u00e0 base de henn\u00e9 peuvent augmenter le risque d&rsquo;allergie. Tenir hors de port\u00e9e des enfants. \u00c9vitez le contact avec les yeux. Rincez imm\u00e9diatement les yeux si le produit entre en contact avec ceux-ci. Ne pas les employer pour la coloration des cils ou des sourcils. Bien rincer les cheveux apr\u00e8s application. Portez des gants appropri\u00e9s. Conservez une trace du produit utilis\u00e9 pour r\u00e9f\u00e9rence ult\u00e9rieure (num\u00e9ro de teinte, code de lot).<\/div>\n<\/div>\n<\/div>\n<\/div>\n<\/div>\n","protected":false},"excerpt":{"rendered":"<p>Points cl\u00e9s 100% sans ammoniaque la formule sans ammoniaque contient la technologie Phytolipid des m\u00e9langes&hellip;<\/p>\n","protected":false},"featured_media":33955,"comment_status":"open","ping_status":"closed","template":"","meta":[],"pwb-brand":[646],"product_cat":[316],"product_tag":[317,318,319],"class_list":{"0":"post-33907","1":"product","2":"type-product","3":"status-publish","4":"has-post-thumbnail","6":"pwb-brand-schwarzkopf-professional","7":"product_cat-coloration-permanente","8":"product_tag-coloration","9":"product_tag-coloration-permanente","10":"product_tag-schwarzkopf-professional","12":"first","13":"instock","14":"taxable","15":"shipping-taxable","16":"purchasable","17":"product-type-variable","18":"layout-style-3","19":"col-md-4 col-sm-4 col-xs-6","20":"col-lg-3","21":"product-has-gallery","22":"product-style-default"},"aioseo_notices":[],"brands":[{"id":646,"name":"Schwarzkopf Professional","slug":"schwarzkopf-professional"}],"_links":{"self":[{"href":"https:\/\/cheveuxluxe.com\/index.php\/wp-json\/wp\/v2\/product\/33907","targetHints":{"allow":["GET"]}}],"collection":[{"href":"https:\/\/cheveuxluxe.com\/index.php\/wp-json\/wp\/v2\/product"}],"about":[{"href":"https:\/\/cheveuxluxe.com\/index.php\/wp-json\/wp\/v2\/types\/product"}],"replies":[{"embeddable":true,"href":"https:\/\/cheveuxluxe.com\/index.php\/wp-json\/wp\/v2\/comments?post=33907"}],"version-history":[{"count":0,"href":"https:\/\/cheveuxluxe.com\/index.php\/wp-json\/wp\/v2\/product\/33907\/revisions"}],"wp:featuredmedia":[{"embeddable":true,"href":"https:\/\/cheveuxluxe.com\/index.php\/wp-json\/wp\/v2\/media\/33955"}],"wp:attachment":[{"href":"https:\/\/cheveuxluxe.com\/index.php\/wp-json\/wp\/v2\/media?parent=33907"}],"wp:term":[{"taxonomy":"pwb-brand","embeddable":true,"href":"https:\/\/cheveuxluxe.com\/index.php\/wp-json\/wp\/v2\/pwb-brand?post=33907"},{"taxonomy":"product_cat","embeddable":true,"href":"https:\/\/cheveuxluxe.com\/index.php\/wp-json\/wp\/v2\/product_cat?post=33907"},{"taxonomy":"product_tag","embeddable":true,"href":"https:\/\/cheveuxluxe.com\/index.php\/wp-json\/wp\/v2\/product_tag?post=33907"}],"curies":[{"name":"wp","href":"https:\/\/api.w.org\/{rel}","templated":true}]}}