{"id":33999,"date":"2024-04-14T13:20:18","date_gmt":"2024-04-14T13:20:18","guid":{"rendered":"https:\/\/cheveuxluxe.com\/?post_type=product&#038;p=33999"},"modified":"2024-04-14T13:24:09","modified_gmt":"2024-04-14T13:24:09","slug":"loreal-coloration-doxydation-permanente-majirel-mix-50ml","status":"publish","type":"product","link":"https:\/\/cheveuxluxe.com\/index.php\/product\/loreal-coloration-doxydation-permanente-majirel-mix-50ml\/","title":{"rendered":"L&rsquo;Or\u00e9al Coloration d&rsquo;oxydation permanente Majirel Mix 50ml"},"content":{"rendered":"<div class=\"product-content_bottom\">\n<div class=\"pdp-info\">\n<div class=\"pdp-tabs tab-container\">\n<div class=\"tab js-tab\">\n<h3 class=\"tab-title pdp-tabs_title js-tab-mobile-title open\"><span>Points cl\u00e9s<\/span><\/h3>\n<div class=\"tab-description pdp-tabs_description js-tab-description open\" itemprop=\"description\">\n<ul>\n<li> Nuances boost\u00e9es <\/li>\n<li>Fibre prot\u00e9g\u00e9e <\/li>\n<li>Couverture jusqu\u2019\u00e0 100 % <\/li>\n<li>Nuances sur mesure <\/li>\n<\/ul>\n<\/div>\n<\/div>\n<div class=\"tab js-tab\">\n<h3 class=\"tab-title pdp-tabs_title js-tab-mobile-title\"><span>Description<\/span><\/h3>\n<div class=\"tab-description pdp-tabs_description js-tab-description\" itemprop=\"description\">Avec ses pigments purs, Majirel Mix stimule les nuances des colorations Majirel et Majirouge de L\u2019Or\u00e9al Professionnel\u00ae. Intensifiez, neutralisez ou cr\u00e9ez des effets personnalis\u00e9s\u2026 vous pouvez laisser libre cours \u00e0 votre cr\u00e9ativit\u00e9 avec ces mix qui ouvrent des possibilit\u00e9s chromatiques insoup\u00e7onn\u00e9es, tout en donnant de la brillance aux reflets.Pour une protection maximale de la fibre capillaire, Majirel Mix est enrichi en Ion\u00e8ne G, un actif d\u00e9velopp\u00e9 par L\u2019Or\u00e9al Professionnel\u00ae. Comment \u00e7a marche ? Pour lutter contre la fragilisation capillaire pendant et apr\u00e8s les services de coloration, cette macromol\u00e9cule r\u00e9pare et lisse la fibre du cheveu, pour des chevelures visiblement plus belles.Majirel Mix vous promet une couverture jusqu\u2019\u00e0 100 % des cheveux blancs.<\/div>\n<\/div>\n<div class=\"tab js-tab\">\n<h3 class=\"tab-title pdp-tabs_title js-tab-mobile-title\"><span>Mode d&#8217;emploi<\/span><\/h3>\n<div class=\"tab-description pdp-tabs_description js-tab-description\">M\u00e9langez un tube de Majirel ou de Majirouge avec un quart de tube de Majirel Mix et 75 ml d\u2019oxydant 20 ou 30 volumes. Le temps de pose indiqu\u00e9 oscille entre 20 et 35 minutes, en fonction de la technique choisie et du r\u00e9sultat attendu.Pour une tenue longue dur\u00e9e, terminez par un shampooing Pro-Classics Color.<\/div>\n<\/div>\n<div class=\"tab js-tab\">\n<h3 class=\"tab-title pdp-tabs_title js-tab-mobile-title\"><span>Ingr\u00e9dients<\/span><\/h3>\n<div class=\"tab-description pdp-tabs_description js-tab-description\">AQUA , WATER, CETEARYL ALCOHOL, OLETH-30, HEXADIMETHRINE CHLORIDE, OLEIC ACID, OLEYL ALCOHOL, AMMONIUM HYDROXIDE, 4-AMINO-2-HYDROXYTOLUENE, 5-AMINO-6-CHLORO-o-CRESOL, ETHANOLAMINE, THIOGLYCERIN, TOLUENE-2, 5-DIAMINE, AMMONIUM THIOLACTATE, 2-METHYL-5-HYDROXYETHYLAMINOPHENOL, BENZYL ALCOHOL, 2-OLEAMIDO-1, 3-OCTADECANEDIOL, EDTA, PARFUM , FRAGRANCE<\/div>\n<\/div>\n<div class=\"tab js-tab\">\n<h3 class=\"tab-title pdp-tabs_title js-tab-mobile-title\"><span>Livraison et stock<\/span><\/h3>\n<div class=\"tab-description pdp-tabs_description js-tab-description\">\n<div class=\"pdp-delivery_info\">\n<div class=\"content-asset\"><a class=\"pdp-delivery_link\" href=\"\/livraison-delais\/\">Livraison et d\u00e9lais<\/a><a class=\"pdp-delivery_link\" href=\"\/retours-remboursements\/\">Retours et remboursements<\/a><\/div>\n<\/div>\n<\/div>\n<\/div>\n<\/div>\n<\/div>\n<\/div>\n","protected":false},"excerpt":{"rendered":"<p>Points cl\u00e9s Nuances boost\u00e9es Fibre prot\u00e9g\u00e9e Couverture jusqu\u2019\u00e0 100 % Nuances sur mesure Description Avec&hellip;<\/p>\n","protected":false},"featured_media":34056,"comment_status":"open","ping_status":"closed","template":"","meta":[],"pwb-brand":[649],"product_cat":[316],"product_tag":[317,318,325],"class_list":{"0":"post-33999","1":"product","2":"type-product","3":"status-publish","4":"has-post-thumbnail","6":"pwb-brand-loreal-professionnel","7":"product_cat-coloration-permanente","8":"product_tag-coloration","9":"product_tag-coloration-permanente","10":"product_tag-loreal-professionnel","12":"first","13":"instock","14":"taxable","15":"shipping-taxable","16":"purchasable","17":"product-type-variable","18":"layout-style-3","19":"col-md-4 col-sm-4 col-xs-6","20":"col-lg-3","21":"product-has-gallery","22":"product-style-default"},"aioseo_notices":[],"brands":[{"id":649,"name":"L'Or\u00e9al Professionnel","slug":"loreal-professionnel"}],"_links":{"self":[{"href":"https:\/\/cheveuxluxe.com\/index.php\/wp-json\/wp\/v2\/product\/33999","targetHints":{"allow":["GET"]}}],"collection":[{"href":"https:\/\/cheveuxluxe.com\/index.php\/wp-json\/wp\/v2\/product"}],"about":[{"href":"https:\/\/cheveuxluxe.com\/index.php\/wp-json\/wp\/v2\/types\/product"}],"replies":[{"embeddable":true,"href":"https:\/\/cheveuxluxe.com\/index.php\/wp-json\/wp\/v2\/comments?post=33999"}],"version-history":[{"count":0,"href":"https:\/\/cheveuxluxe.com\/index.php\/wp-json\/wp\/v2\/product\/33999\/revisions"}],"wp:featuredmedia":[{"embeddable":true,"href":"https:\/\/cheveuxluxe.com\/index.php\/wp-json\/wp\/v2\/media\/34056"}],"wp:attachment":[{"href":"https:\/\/cheveuxluxe.com\/index.php\/wp-json\/wp\/v2\/media?parent=33999"}],"wp:term":[{"taxonomy":"pwb-brand","embeddable":true,"href":"https:\/\/cheveuxluxe.com\/index.php\/wp-json\/wp\/v2\/pwb-brand?post=33999"},{"taxonomy":"product_cat","embeddable":true,"href":"https:\/\/cheveuxluxe.com\/index.php\/wp-json\/wp\/v2\/product_cat?post=33999"},{"taxonomy":"product_tag","embeddable":true,"href":"https:\/\/cheveuxluxe.com\/index.php\/wp-json\/wp\/v2\/product_tag?post=33999"}],"curies":[{"name":"wp","href":"https:\/\/api.w.org\/{rel}","templated":true}]}}