{"id":34006,"date":"2024-04-14T13:20:42","date_gmt":"2024-04-14T13:20:42","guid":{"rendered":"https:\/\/cheveuxluxe.com\/?post_type=product&#038;p=34006"},"modified":"2024-04-14T13:24:09","modified_gmt":"2024-04-14T13:24:09","slug":"lome-paris-coloration-creme-permanente-50ml-clear","status":"publish","type":"product","link":"https:\/\/cheveuxluxe.com\/index.php\/product\/lome-paris-coloration-creme-permanente-50ml-clear\/","title":{"rendered":"L\u00f4m\u00e9 Paris Coloration Cr\u00e8me Permanente 50ml Clear"},"content":{"rendered":"<div class=\"product-content_bottom\">\n<div class=\"pdp-info\">\n<div class=\"pdp-delivery_information\"><span class=\"pdp-delivery_label\">Information importante :<\/span> <\/p>\n<p>Combinez cette coloration avec un des <a href=\"https:\/\/www.pro-duo.fr\/oxydant-avec-ammoniaque\/PI000179.html\">oxydants L\u00f4m\u00e9 Paris<\/a>.<\/p>\n<p>D\u00e9couvrez le mode d&#8217;emploi ci-dessous pour plus de d\u00e9tails.<\/p>\n<\/div>\n<div class=\"pdp-tabs tab-container\">\n<div class=\"tab js-tab\">\n<h3 class=\"tab-title pdp-tabs_title js-tab-mobile-title open\"><span>Points cl\u00e9s<\/span><\/h3>\n<div class=\"tab-description pdp-tabs_description js-tab-description open\" itemprop=\"description\">\n<ul>\n<li> 100 tons au choix<\/li>\n<li>Couverture des cheveux gris jusqu&rsquo;\u00e0 100%<\/li>\n<li>R\u00e9sultat de couleur durable avec un \u00e9tat optimal des cheveux<\/li>\n<li>R\u00e9sultat de couleur naturelle, avec une brillance intense <\/li>\n<\/ul>\n<\/div>\n<\/div>\n<div class=\"tab js-tab\">\n<h3 class=\"tab-title pdp-tabs_title js-tab-mobile-title\"><span>Description<\/span><\/h3>\n<div class=\"tab-description pdp-tabs_description js-tab-description\" itemprop=\"description\">Cr\u00e8me colorante permanente inspir\u00e9e par le style parisien. La gamme L\u00f4m\u00e9 Paris garantie une couverture des cheveux blancs \u00e0 100 %. Elle promet un r\u00e9sultat longue dur\u00e9e, tout en prot\u00e9geant la fibre capillaire. Sa formule unique offre aux cheveux une couleur intense et flamboyante, ainsi qu\u2019un \u00e9clat naturel multi-tons.<\/p>\n<p>Notre derni\u00e8re g\u00e9n\u00e9ration de colorations permanentes est enrichie de trois ingr\u00e9dients protecteurs etnourrissants :<br \/>\u2022 Glyc\u00e9rine &#8211; pour l\u2019hydratation et l\u2019\u00e9lasticit\u00e9<br \/>\u2022 Pro-Vitamine B5 &#8211; pour nourrir et prot\u00e9ger la structure capillaire<br \/>\u2022 Prot\u00e9ines de bl\u00e9 &#8211; pour la r\u00e9paration et la brillance<\/div>\n<\/div>\n<div class=\"tab js-tab\">\n<h3 class=\"tab-title pdp-tabs_title js-tab-mobile-title\"><span>Mode d&#8217;emploi<\/span><\/h3>\n<div class=\"tab-description pdp-tabs_description js-tab-description\">M\u00c9LANGE 1:1<br \/>Versez 60 ml de Cr\u00e8me Oxydante et 60 ml de Cr\u00e8me Colorante dans un bol ou shaker non m\u00e9tallique. M\u00e9langez bien jusqu\u2019\u00e0 obtention d\u2019une p\u00e2te lisse et homog\u00e8ne.<br \/>\u00c9TAPE 1: Application de la couleur<br \/>Appliquez la couleur avec un pinceau sur les cheveux secs non lav\u00e9s ou l\u00e9g\u00e8rement humides.<br \/>\u00c9TAPE 2: Temps de pose<br \/>Le temps de pose moyen est de 30 minutes et peut varier en fonction de la nuance initiale. Pour les types de cheveux r\u00e9sistants, vous pouvez prolonger le temps de pose jusqu\u2019\u00e0 45 minutes.<br \/>\u00c9TAPE 3: \u00c9mulsion et rin\u00e7age<br \/>\u00c9mulsionnez la couleur avec de l\u2019eau. Rincez abondamment jusqu\u2019\u00e0 ceque l\u2019eau soit claire, puis lavez et neutralisez les cheveux avec le Shampooing Post-Coloration L\u00f4m\u00e9 Paris.<\/div>\n<\/div>\n<div class=\"tab js-tab\">\n<h3 class=\"tab-title pdp-tabs_title js-tab-mobile-title\"><span>Ingr\u00e9dients<\/span><\/h3>\n<div class=\"tab-description pdp-tabs_description js-tab-description\">Aqua (Water\/Eau), Cetearyl Alcohol, Laureth-3, Petrolatum, Polysorbate 60, Propylene Glycol, Sorbitan Stearate, Ammonia, Oleic Acid, Cocamidopropyl Betaine, Glyceryl Isostearate, Cocos Nucifera Oil (Cocos Nucifera (Coconut) Oil), Sorbitan Oleate, Parfum (Fragrance), Polyquaternium-22, Cera Alba (Beeswax\/Cire d&rsquo;Abeille), Ceteareth-20, Hydrogenated Castor Oil, Palmitic Acid, Stearic Acid, Sodium Sulfite, Sodium Hydrosulfite, Bisabolol, Glycerin, EtIdronic Acid, Erythorbic Acid, Panthenol, Simethicone, Tetrasodium EDTA, Hydrolyzed Wheat Protein, Citronellol, Linalool<\/div>\n<\/div>\n<div class=\"tab js-tab\">\n<h3 class=\"tab-title pdp-tabs_title js-tab-mobile-title\"><span>Livraison et stock<\/span><\/h3>\n<div class=\"tab-description pdp-tabs_description js-tab-description\">\n<div class=\"pdp-delivery_info\">\n<div class=\"content-asset\"><a class=\"pdp-delivery_link\" href=\"\/livraison-delais\/\">Livraison et d\u00e9lais<\/a><a class=\"pdp-delivery_link\" href=\"\/retours-remboursements\/\">Retours et remboursements<\/a><\/div>\n<\/div>\n<\/div>\n<\/div>\n<\/div>\n<\/div>\n<\/div>\n","protected":false},"excerpt":{"rendered":"<p>Information importante : Combinez cette coloration avec un des oxydants L\u00f4m\u00e9 Paris. D\u00e9couvrez le mode&hellip;<\/p>\n","protected":false},"featured_media":19004,"comment_status":"open","ping_status":"closed","template":"","meta":[],"pwb-brand":[656],"product_cat":[316],"product_tag":[317,318,355],"class_list":{"0":"post-34006","1":"product","2":"type-product","3":"status-publish","4":"has-post-thumbnail","6":"pwb-brand-lome-paris","7":"product_cat-coloration-permanente","8":"product_tag-coloration","9":"product_tag-coloration-permanente","10":"product_tag-lome-paris","12":"first","13":"instock","14":"taxable","15":"shipping-taxable","16":"purchasable","17":"product-type-variable","18":"layout-style-3","19":"col-md-4 col-sm-4 col-xs-6","20":"col-lg-3","21":"product-has-gallery","22":"product-style-default"},"aioseo_notices":[],"brands":[{"id":656,"name":"L\u00f4m\u00e9 Paris","slug":"lome-paris"}],"_links":{"self":[{"href":"https:\/\/cheveuxluxe.com\/index.php\/wp-json\/wp\/v2\/product\/34006","targetHints":{"allow":["GET"]}}],"collection":[{"href":"https:\/\/cheveuxluxe.com\/index.php\/wp-json\/wp\/v2\/product"}],"about":[{"href":"https:\/\/cheveuxluxe.com\/index.php\/wp-json\/wp\/v2\/types\/product"}],"replies":[{"embeddable":true,"href":"https:\/\/cheveuxluxe.com\/index.php\/wp-json\/wp\/v2\/comments?post=34006"}],"version-history":[{"count":0,"href":"https:\/\/cheveuxluxe.com\/index.php\/wp-json\/wp\/v2\/product\/34006\/revisions"}],"wp:featuredmedia":[{"embeddable":true,"href":"https:\/\/cheveuxluxe.com\/index.php\/wp-json\/wp\/v2\/media\/19004"}],"wp:attachment":[{"href":"https:\/\/cheveuxluxe.com\/index.php\/wp-json\/wp\/v2\/media?parent=34006"}],"wp:term":[{"taxonomy":"pwb-brand","embeddable":true,"href":"https:\/\/cheveuxluxe.com\/index.php\/wp-json\/wp\/v2\/pwb-brand?post=34006"},{"taxonomy":"product_cat","embeddable":true,"href":"https:\/\/cheveuxluxe.com\/index.php\/wp-json\/wp\/v2\/product_cat?post=34006"},{"taxonomy":"product_tag","embeddable":true,"href":"https:\/\/cheveuxluxe.com\/index.php\/wp-json\/wp\/v2\/product_tag?post=34006"}],"curies":[{"name":"wp","href":"https:\/\/api.w.org\/{rel}","templated":true}]}}