{"id":34013,"date":"2024-04-14T13:21:05","date_gmt":"2024-04-14T13:21:05","guid":{"rendered":"https:\/\/cheveuxluxe.com\/?post_type=product&#038;p=34013"},"modified":"2024-04-14T13:24:09","modified_gmt":"2024-04-14T13:24:09","slug":"loreal-majiblond-ultra-coloration-permanente-super-eclaircissante-50ml","status":"publish","type":"product","link":"https:\/\/cheveuxluxe.com\/index.php\/product\/loreal-majiblond-ultra-coloration-permanente-super-eclaircissante-50ml\/","title":{"rendered":"L&rsquo;Or\u00e9al Majiblond Ultra Coloration permanente super-\u00e9claircissante 50ml"},"content":{"rendered":"<div class=\"product-content_bottom\">\n<div class=\"pdp-info\">\n<div class=\"pdp-tabs tab-container\">\n<div class=\"tab js-tab\">\n<h3 class=\"tab-title pdp-tabs_title js-tab-mobile-title open\"><span>Points cl\u00e9s<\/span><\/h3>\n<div class=\"tab-description pdp-tabs_description js-tab-description open\" itemprop=\"description\">\n<ul>\n<li> Coloration d\u2019oxydation<\/li>\n<li>\u00c9claircissant<\/li>\n<li>Jusqu\u2019\u00e0 4 tons et demi<\/li>\n<li>Blond \u00e9clatant <\/li>\n<\/ul>\n<\/div>\n<\/div>\n<div class=\"tab js-tab\">\n<h3 class=\"tab-title pdp-tabs_title js-tab-mobile-title\"><span>Description<\/span><\/h3>\n<div class=\"tab-description pdp-tabs_description js-tab-description\" itemprop=\"description\">Les cheveux clairs ont d\u00e9sormais leur coloration \u00e9claircissante : MajiBlond de L\u2019Or\u00e9al Professionnel\u00ae permet de passer du ch\u00e2tain au blond en seulement une \u00e9tape !Gr\u00e2ce aux actifs de soin uniques, le Iog\u00e8ne G\u2122 et l&rsquo;Incell\u2122, les cheveux restent prot\u00e9g\u00e9s pour un blond ultime d\u2019une extraordinaire brillance. Leur couleur est sublim\u00e9e et la chevelure resplendissante de beaut\u00e9 !MajiBlond de L\u2019Or\u00e9al Professionnel\u00ae ne permet pas de couvrir les cheveux blancs, mais son pouvoir \u00e9claircissant peut s\u2019appliquer sur un faible pourcentage (maximum 30%) de cheveux blancs r\u00e9partis sur l\u2019ensemble de la chevelure.Cette coloration d\u2019oxydation permanente est disponible en deux nuances.Majiblond de L\u2019Or\u00e9al Professionnel\u00ae s&rsquo;utilise en m\u00e9lange de 1 tube 50ml avec 100ml d&rsquo;oxydant cr\u00e8me 30 volumes ou 40 volumes.<\/div>\n<\/div>\n<div class=\"tab js-tab\">\n<h3 class=\"tab-title pdp-tabs_title js-tab-mobile-title\"><span>Mode d&#8217;emploi<\/span><\/h3>\n<div class=\"tab-description pdp-tabs_description js-tab-description\">Appliquez la coloration au pinceau sur cheveux secs non lav\u00e9s en commen\u00e7ant par les racines. 5 minutes avant la fin du temps de pause, allongez sur les longueurs et les pointes puis malaxez la chevelure. \u00c9mulsionnez soigneusement et rincez abondamment. Terminez en utilisant un shampooing sp\u00e9cifique pour cheveux color\u00e9s.Comptez un temps de pause de 50 minutes. Ce temps indicatif peut varier selon la technique choisie par le coloriste professionnel.<\/div>\n<\/div>\n<div class=\"tab js-tab\">\n<h3 class=\"tab-title pdp-tabs_title js-tab-mobile-title\"><span>Livraison et stock<\/span><\/h3>\n<div class=\"tab-description pdp-tabs_description js-tab-description\">\n<div class=\"pdp-delivery_info\">\n<div class=\"content-asset\"><a class=\"pdp-delivery_link\" href=\"\/livraison-delais\/\">Livraison et d\u00e9lais<\/a><a class=\"pdp-delivery_link\" href=\"\/retours-remboursements\/\">Retours et remboursements<\/a><\/div>\n<\/div>\n<\/div>\n<\/div>\n<\/div>\n<\/div>\n<\/div>\n","protected":false},"excerpt":{"rendered":"<p>Points cl\u00e9s Coloration d\u2019oxydation \u00c9claircissant Jusqu\u2019\u00e0 4 tons et demi Blond \u00e9clatant Description Les cheveux&hellip;<\/p>\n","protected":false},"featured_media":19167,"comment_status":"open","ping_status":"closed","template":"","meta":[],"pwb-brand":[649],"product_cat":[316],"product_tag":[317,318,325],"class_list":{"0":"post-34013","1":"product","2":"type-product","3":"status-publish","4":"has-post-thumbnail","6":"pwb-brand-loreal-professionnel","7":"product_cat-coloration-permanente","8":"product_tag-coloration","9":"product_tag-coloration-permanente","10":"product_tag-loreal-professionnel","12":"first","13":"instock","14":"taxable","15":"shipping-taxable","16":"purchasable","17":"product-type-variable","18":"layout-style-3","19":"col-md-4 col-sm-4 col-xs-6","20":"col-lg-3","21":"product-has-gallery","22":"product-style-default"},"aioseo_notices":[],"brands":[{"id":649,"name":"L'Or\u00e9al Professionnel","slug":"loreal-professionnel"}],"_links":{"self":[{"href":"https:\/\/cheveuxluxe.com\/index.php\/wp-json\/wp\/v2\/product\/34013","targetHints":{"allow":["GET"]}}],"collection":[{"href":"https:\/\/cheveuxluxe.com\/index.php\/wp-json\/wp\/v2\/product"}],"about":[{"href":"https:\/\/cheveuxluxe.com\/index.php\/wp-json\/wp\/v2\/types\/product"}],"replies":[{"embeddable":true,"href":"https:\/\/cheveuxluxe.com\/index.php\/wp-json\/wp\/v2\/comments?post=34013"}],"version-history":[{"count":0,"href":"https:\/\/cheveuxluxe.com\/index.php\/wp-json\/wp\/v2\/product\/34013\/revisions"}],"wp:featuredmedia":[{"embeddable":true,"href":"https:\/\/cheveuxluxe.com\/index.php\/wp-json\/wp\/v2\/media\/19167"}],"wp:attachment":[{"href":"https:\/\/cheveuxluxe.com\/index.php\/wp-json\/wp\/v2\/media?parent=34013"}],"wp:term":[{"taxonomy":"pwb-brand","embeddable":true,"href":"https:\/\/cheveuxluxe.com\/index.php\/wp-json\/wp\/v2\/pwb-brand?post=34013"},{"taxonomy":"product_cat","embeddable":true,"href":"https:\/\/cheveuxluxe.com\/index.php\/wp-json\/wp\/v2\/product_cat?post=34013"},{"taxonomy":"product_tag","embeddable":true,"href":"https:\/\/cheveuxluxe.com\/index.php\/wp-json\/wp\/v2\/product_tag?post=34013"}],"curies":[{"name":"wp","href":"https:\/\/api.w.org\/{rel}","templated":true}]}}