{"id":34045,"date":"2024-04-14T13:23:03","date_gmt":"2024-04-14T13:23:03","guid":{"rendered":"https:\/\/cheveuxluxe.com\/?post_type=product&#038;p=34045"},"modified":"2024-04-14T13:25:01","modified_gmt":"2024-04-14T13:25:01","slug":"schwarzkopf-igora-mix-coloration-permanente-60ml","status":"publish","type":"product","link":"https:\/\/cheveuxluxe.com\/index.php\/product\/schwarzkopf-igora-mix-coloration-permanente-60ml\/","title":{"rendered":"Schwarzkopf Igora Mix Coloration permanente 60ml"},"content":{"rendered":"<div class=\"product-content_bottom\">\n<div class=\"pdp-info\">\n<div class=\"pdp-delivery_information\"><span class=\"pdp-delivery_label\">Information importante :<\/span> Schwarzkopf est en train de changer l&#8217;emballage de Igora. Il se peut donc que vous receviez l&#8217;emballage actuel ou l&rsquo;ancien emballage.<br \/>Malheureusement, vous ne pourrez pas choisir lequel vous recevrez.<\/div>\n<div class=\"pdp-tabs tab-container\">\n<div class=\"tab js-tab\">\n<h3 class=\"tab-title pdp-tabs_title js-tab-mobile-title open\"><span>Points cl\u00e9s<\/span><\/h3>\n<div class=\"tab-description pdp-tabs_description js-tab-description open\" itemprop=\"description\">\n<ul>\n<li> Haute technologie au Color Crystal Complex<\/li>\n<li>Prot\u00e9ines du Miracle Tree<\/li>\n<li>Couverture jusqu\u2019\u00e0 100 % des cheveux blancs<\/li>\n<li>R\u00e9sultats intenses et longue dur\u00e9e<\/li>\n<li>Prot\u00e8ge des UV <\/li>\n<\/ul>\n<\/div>\n<\/div>\n<div class=\"tab js-tab\">\n<h3 class=\"tab-title pdp-tabs_title js-tab-mobile-title\"><span>Description<\/span><\/h3>\n<div class=\"tab-description pdp-tabs_description js-tab-description\" itemprop=\"description\">Associ\u00e9e au r\u00e9v\u00e9lateur Igora, la cr\u00e8me de coloration permanente Igora Royal Mix de Schwarzkopf permet de rendre plus neutre une autre nuance ou de diluer des tons pastel.Cette coloration b\u00e9n\u00e9ficie d\u2019une formule unique haute technologie au Color Crystal Complex contenant des prot\u00e9ines du Miracle Tree. Le Color Crystal Complex est compos\u00e9 de microparticules iridescentes haute performance qui p\u00e9n\u00e8trent au c\u0153ur de la fibre capillaire et fixent les pigments comme un aimant permettant une adh\u00e9rence exceptionnelle pour des r\u00e9sultats intenses et longue dur\u00e9e. Les prot\u00e9ines du Miracle Tree r\u00e9g\u00e9n\u00e8rent et fortifient le cheveu tout en le prot\u00e9geant contre la pollution et les UV.Elle couvre jusqu\u2019\u00e0 100 % des cheveux blancs, donne aux cheveux une brillance incomparable et un toucher soyeux.<\/div>\n<\/div>\n<div class=\"tab js-tab\">\n<h3 class=\"tab-title pdp-tabs_title js-tab-mobile-title\"><span>Mode d&#8217;emploi<\/span><\/h3>\n<div class=\"tab-description pdp-tabs_description js-tab-description\">Pour une coloration classique, m\u00e9langez 1 tube de coloration avec 60 ml de r\u00e9v\u00e9lateur Igora Royal.Appliquez sur cheveux secs non lav\u00e9s, en commen\u00e7ant par les longueurs et les pointes.Laissez poser 30 \u00e0 45 minutes maximum.\u00c9mulsionnez, lavez, puis rincez abondamment.<\/div>\n<\/div>\n<div class=\"tab js-tab\">\n<h3 class=\"tab-title pdp-tabs_title js-tab-mobile-title\"><span>Ingr\u00e9dients<\/span><\/h3>\n<div class=\"tab-description pdp-tabs_description js-tab-description\">Aqua, Cetearyl Alcohol, Ammonium Hydroxide, Glyceryl Stearate, Ceteareth-20, Octyldodecanol, 1-Hydroxyethyl 4, 5-Diamino Pyrazole Sulfate, Ethanolamine, Sodium Laureth Sulfate, 1-Naphthol, Glycerin, Sodium Cetearyl Sulfate, CI 77891, Oleic Acid, Parfum, Potassium Stearate, Sodium Sulfite, Tetrasodium EDTA, Carbomer, Polyquaternium-39, Potassium Hydroxide, Ascorbic Acid, Linoleamidopropyl PG-Dimonium Chloride Phosphate, Sodium Sulfate, Linalool, Benzoic Acid, Moringa Oleifera Seed Extract (Moringa Pterygosperma Seed Extract), Citric Acid<\/div>\n<\/div>\n<div class=\"tab js-tab\">\n<h3 class=\"tab-title pdp-tabs_title js-tab-mobile-title\"><span>Livraison et stock<\/span><\/h3>\n<div class=\"tab-description pdp-tabs_description js-tab-description\">\n<div class=\"pdp-delivery_info\">\n<div class=\"content-asset\"><a class=\"pdp-delivery_link\" href=\"\/livraison-delais\/\">Livraison et d\u00e9lais<\/a><a class=\"pdp-delivery_link\" href=\"\/retours-remboursements\/\">Retours et remboursements<\/a><\/div>\n<\/div>\n<\/div>\n<\/div>\n<\/div>\n<\/div>\n<\/div>\n","protected":false},"excerpt":{"rendered":"<p>Information importante : Schwarzkopf est en train de changer l&#8217;emballage de Igora. Il se peut&hellip;<\/p>\n","protected":false},"featured_media":19178,"comment_status":"open","ping_status":"closed","template":"","meta":[],"pwb-brand":[646],"product_cat":[316],"product_tag":[317,318,319],"class_list":{"0":"post-34045","1":"product","2":"type-product","3":"status-publish","4":"has-post-thumbnail","6":"pwb-brand-schwarzkopf-professional","7":"product_cat-coloration-permanente","8":"product_tag-coloration","9":"product_tag-coloration-permanente","10":"product_tag-schwarzkopf-professional","12":"first","13":"instock","14":"taxable","15":"shipping-taxable","16":"purchasable","17":"product-type-variable","18":"layout-style-3","19":"col-md-4 col-sm-4 col-xs-6","20":"col-lg-3","21":"product-has-gallery","22":"product-style-default"},"aioseo_notices":[],"brands":[{"id":646,"name":"Schwarzkopf Professional","slug":"schwarzkopf-professional"}],"_links":{"self":[{"href":"https:\/\/cheveuxluxe.com\/index.php\/wp-json\/wp\/v2\/product\/34045","targetHints":{"allow":["GET"]}}],"collection":[{"href":"https:\/\/cheveuxluxe.com\/index.php\/wp-json\/wp\/v2\/product"}],"about":[{"href":"https:\/\/cheveuxluxe.com\/index.php\/wp-json\/wp\/v2\/types\/product"}],"replies":[{"embeddable":true,"href":"https:\/\/cheveuxluxe.com\/index.php\/wp-json\/wp\/v2\/comments?post=34045"}],"version-history":[{"count":0,"href":"https:\/\/cheveuxluxe.com\/index.php\/wp-json\/wp\/v2\/product\/34045\/revisions"}],"wp:featuredmedia":[{"embeddable":true,"href":"https:\/\/cheveuxluxe.com\/index.php\/wp-json\/wp\/v2\/media\/19178"}],"wp:attachment":[{"href":"https:\/\/cheveuxluxe.com\/index.php\/wp-json\/wp\/v2\/media?parent=34045"}],"wp:term":[{"taxonomy":"pwb-brand","embeddable":true,"href":"https:\/\/cheveuxluxe.com\/index.php\/wp-json\/wp\/v2\/pwb-brand?post=34045"},{"taxonomy":"product_cat","embeddable":true,"href":"https:\/\/cheveuxluxe.com\/index.php\/wp-json\/wp\/v2\/product_cat?post=34045"},{"taxonomy":"product_tag","embeddable":true,"href":"https:\/\/cheveuxluxe.com\/index.php\/wp-json\/wp\/v2\/product_tag?post=34045"}],"curies":[{"name":"wp","href":"https:\/\/api.w.org\/{rel}","templated":true}]}}