{"id":34105,"date":"2024-04-14T13:25:07","date_gmt":"2024-04-14T13:25:07","guid":{"rendered":"https:\/\/cheveuxluxe.com\/?post_type=product&#038;p=34105"},"modified":"2024-04-14T13:26:43","modified_gmt":"2024-04-14T13:26:43","slug":"loreal-inoa-2-coloration-doxydation-sans-ammoniaque-60g-2","status":"publish","type":"product","link":"https:\/\/cheveuxluxe.com\/index.php\/product\/loreal-inoa-2-coloration-doxydation-sans-ammoniaque-60g-2\/","title":{"rendered":"L&rsquo;Or\u00e9al Inoa 2 Coloration d&rsquo;oxydation sans ammoniaque 60g"},"content":{"rendered":"<div class=\"product-content_bottom\">\n<div class=\"pdp-info\">\n<div class=\"pdp-tabs tab-container\">\n<div class=\"tab js-tab\">\n<h3 class=\"tab-title pdp-tabs_title js-tab-mobile-title open\"><span>Points cl\u00e9s<\/span><\/h3>\n<div class=\"tab-description pdp-tabs_description js-tab-description open\" itemprop=\"description\">\n<ul>\n<li>L&rsquo;Or\u00e9al Professionnel INOA ODS2<\/li>\n<li>Couleur permanente inodore et sans ammoniaque<\/li>\n<li>Jusqu&rsquo;\u00e0 100\u00a0% de couverture des cheveux gris\/blancs<\/li>\n<li>Les cheveux sont intens\u00e9ment nourris et hydrat\u00e9s, avec une brillance \u00e9clatante<\/li>\n<\/ul>\n<\/div>\n<\/div>\n<div class=\"tab js-tab\">\n<h3 class=\"tab-title pdp-tabs_title js-tab-mobile-title\"><span>Description<\/span><\/h3>\n<div class=\"tab-description pdp-tabs_description js-tab-description\" itemprop=\"description\">L&rsquo;Or\u00e9al Professionnel INOA ODS2 est une coloration pour cheveux permanente inodore et sans ammoniaque. Optimis\u00e9e pour le confort du cuir chevelu, elle respecte \u00e9galement les cheveux. Avec des r\u00e9sultats de couleur illimit\u00e9s et une brillance sublime. Jusqu&rsquo;\u00e0 100\u00a0% de couverture des cheveux gris\/blancs Les cheveux sont intens\u00e9ment nourris et hydrat\u00e9s, pour une brillance \u00e9clatante. Les cheveux sont plus doux qu&rsquo;avant le processus de coloration.<\/div>\n<\/div>\n<div class=\"tab js-tab\">\n<h3 class=\"tab-title pdp-tabs_title js-tab-mobile-title\"><span>Mode d&#8217;emploi<\/span><\/h3>\n<div class=\"tab-description pdp-tabs_description js-tab-description\">Temps de d\u00e9veloppement\u00a0: 35\u00a0minutes. Le temps total de service peut varier en fonction du service fourni.<\/div>\n<\/div>\n<div class=\"tab js-tab\">\n<h3 class=\"tab-title pdp-tabs_title js-tab-mobile-title\"><span>Ingr\u00e9dients<\/span><\/h3>\n<div class=\"tab-description pdp-tabs_description js-tab-description\">AQUA \/ WATER, ETHANOLAMINE, STEARETH-2, STEARAMIDE MEA, C20-22 ALCOHOLS, OLEIC ACID, AMMONIUM HYDROXIDE, POLYQUATERNIUM-6, PEG-40 STEARATE, OLETH-30, HEXADIMETHRINE CHLORIDE, CI 77891 \/ TITANIUM DIOXIDE, 2,3-DIAMINODIHYDROPYRAZOLO PYRAZOLONE DIMETHOSULFONATE, 2-AMINO-3-HYDROXYPYRIDINE, SODIUM SULFITE, HYDROXYPROPYL METHYLCELLULOSE, HYDROXYBENZOMORPHOLINE, SODIUM CHLORIDE, STEARIC ACID, 1-HYDROXYETHYL 4,5-DIAMINO PYRAZOLE SULFATE, 2-METHYLRESORCINOL, N,N-BIS(2-HYDROXYETHYL)-p-PHENYLENEDIAMINE SULFATE, BENZYL ALCOHOL, 2-OLEAMIDO-1,3-OCTADECANEDIOL, CETYL HYDROXYETHYLCELLULOSE, EDTA, ERYTHORBIC ACID, PARFUM \/ FRAGRANCE<\/div>\n<\/div>\n<div class=\"tab js-tab\">\n<h3 class=\"tab-title pdp-tabs_title js-tab-mobile-title\"><span>Livraison et stock<\/span><\/h3>\n<div class=\"tab-description pdp-tabs_description js-tab-description\">\n<div class=\"pdp-delivery_info\">\n<div class=\"content-asset\"><a class=\"pdp-delivery_link\" href=\"\/livraison-delais\/\">Livraison et d\u00e9lais<\/a><a class=\"pdp-delivery_link\" href=\"\/retours-remboursements\/\">Retours et remboursements<\/a><\/div>\n<\/div>\n<\/div>\n<\/div>\n<div class=\"tab js-tab\">\n<h3 class=\"tab-title pdp-tabs_title js-tab-mobile-title\"><span>Pr\u00e9cautions d&#8217;emploi<\/span><\/h3>\n<div class=\"tab-description pdp-tabs_description js-tab-description\">Ce produit n&rsquo;est pas destin\u00e9 \u00e0 \u00eatre utilis\u00e9 sur des personnes de moins de 16\u00a0ans. Les tatouages temporaires au \u00ab\u00a0henn\u00e9 noir\u00a0\u00bb peuvent augmenter le risque d&rsquo;allergie. Ne colorez pas vos cheveux si vous avez une \u00e9ruption cutan\u00e9e sur le visage ou si votre cuir chevelu est sensible, irrit\u00e9 ou endommag\u00e9, si vous avez d\u00e9j\u00e0 eu une r\u00e9action apr\u00e8s avoir color\u00e9 vos cheveux ou si vous avez d\u00e9j\u00e0 eu une r\u00e9action \u00e0 un tatouage temporaire au \u00ab\u00a0henn\u00e9 noir\u00a0\u00bb dans le pass\u00e9. Faites un test cutan\u00e9 sur une petite surface avant de l&rsquo;utiliser. Contient des ph\u00e9nyl\u00e8nediamines. Ne pas utiliser pour teindre les cils ou les sourcils. Pour un usage professionnel uniquement. Portez des gants appropri\u00e9s.<\/div>\n<\/div>\n<\/div>\n<\/div>\n<\/div>\n","protected":false},"excerpt":{"rendered":"<p>Points cl\u00e9s L&rsquo;Or\u00e9al Professionnel INOA ODS2 Couleur permanente inodore et sans ammoniaque Jusqu&rsquo;\u00e0 100\u00a0% de&hellip;<\/p>\n","protected":false},"featured_media":18454,"comment_status":"open","ping_status":"closed","template":"","meta":[],"pwb-brand":[649],"product_cat":[316],"product_tag":[317,318,325],"class_list":{"0":"post-34105","1":"product","2":"type-product","3":"status-publish","4":"has-post-thumbnail","6":"pwb-brand-loreal-professionnel","7":"product_cat-coloration-permanente","8":"product_tag-coloration","9":"product_tag-coloration-permanente","10":"product_tag-loreal-professionnel","12":"first","13":"instock","14":"taxable","15":"shipping-taxable","16":"purchasable","17":"product-type-variable","18":"layout-style-3","19":"col-md-4 col-sm-4 col-xs-6","20":"col-lg-3","21":"product-has-gallery","22":"product-style-default"},"aioseo_notices":[],"brands":[{"id":649,"name":"L'Or\u00e9al Professionnel","slug":"loreal-professionnel"}],"_links":{"self":[{"href":"https:\/\/cheveuxluxe.com\/index.php\/wp-json\/wp\/v2\/product\/34105","targetHints":{"allow":["GET"]}}],"collection":[{"href":"https:\/\/cheveuxluxe.com\/index.php\/wp-json\/wp\/v2\/product"}],"about":[{"href":"https:\/\/cheveuxluxe.com\/index.php\/wp-json\/wp\/v2\/types\/product"}],"replies":[{"embeddable":true,"href":"https:\/\/cheveuxluxe.com\/index.php\/wp-json\/wp\/v2\/comments?post=34105"}],"version-history":[{"count":0,"href":"https:\/\/cheveuxluxe.com\/index.php\/wp-json\/wp\/v2\/product\/34105\/revisions"}],"wp:featuredmedia":[{"embeddable":true,"href":"https:\/\/cheveuxluxe.com\/index.php\/wp-json\/wp\/v2\/media\/18454"}],"wp:attachment":[{"href":"https:\/\/cheveuxluxe.com\/index.php\/wp-json\/wp\/v2\/media?parent=34105"}],"wp:term":[{"taxonomy":"pwb-brand","embeddable":true,"href":"https:\/\/cheveuxluxe.com\/index.php\/wp-json\/wp\/v2\/pwb-brand?post=34105"},{"taxonomy":"product_cat","embeddable":true,"href":"https:\/\/cheveuxluxe.com\/index.php\/wp-json\/wp\/v2\/product_cat?post=34105"},{"taxonomy":"product_tag","embeddable":true,"href":"https:\/\/cheveuxluxe.com\/index.php\/wp-json\/wp\/v2\/product_tag?post=34105"}],"curies":[{"name":"wp","href":"https:\/\/api.w.org\/{rel}","templated":true}]}}