{"id":34146,"date":"2024-04-14T13:26:21","date_gmt":"2024-04-14T13:26:21","guid":{"rendered":"https:\/\/cheveuxluxe.com\/?post_type=product&#038;p=34146"},"modified":"2024-04-14T13:28:10","modified_gmt":"2024-04-14T13:28:10","slug":"loreal-coloration-creme-inoa-high-resist-60g","status":"publish","type":"product","link":"https:\/\/cheveuxluxe.com\/index.php\/product\/loreal-coloration-creme-inoa-high-resist-60g\/","title":{"rendered":"L&rsquo;Or\u00e9al Coloration Cr\u00e8me Inoa High Resist 60g"},"content":{"rendered":"<div class=\"product-content_bottom\">\n<div class=\"pdp-info\">\n<div class=\"pdp-tabs tab-container\">\n<div class=\"tab js-tab\">\n<h3 class=\"tab-title pdp-tabs_title js-tab-mobile-title open\"><span>Points cl\u00e9s<\/span><\/h3>\n<div class=\"tab-description pdp-tabs_description js-tab-description open\" itemprop=\"description\">\n<ul>\n<li> Marrons<\/li>\n<li>Sans amoniaque<\/li>\n<li>Longue tenue<\/li>\n<li>Sans odeur<\/li>\n<li>Hydratation<\/li>\n<li>100% des cheveux blancs <\/li>\n<\/ul>\n<\/div>\n<\/div>\n<div class=\"tab js-tab\">\n<h3 class=\"tab-title pdp-tabs_title js-tab-mobile-title\"><span>Description<\/span><\/h3>\n<div class=\"tab-description pdp-tabs_description js-tab-description\" itemprop=\"description\">Gr\u00e2ce \u00e0 la nouvelle technologie brevet\u00e9e High Resist, d\u00e9couvrez les reflets longue dur\u00e9e, infaillibles, m\u00eame apr\u00e8s 42 shampooings. Inoa Brown Resist la premi\u00e8re Coloration Cr\u00e8me sans ammoniaque, sans odeur, qui offre un confort optimal du cuir chevelu en am\u00e9liorant visiblement la qualit\u00e9 du cheveu.Inoa respecte totalement le cuir chevelu et le cheveu.Optez pour un reflet brun inimitable avec Inoa Brown Resist. Le marron est de retour cette saison. Cette nouvelle gamme Brown vous propose 9 nuances.L&rsquo;Oreal Professionnel a r\u00e9ussi l&rsquo;inconcevable : repenser totalement le processus de coloration classique, pour inventer une coloration d&rsquo;oxydation \u00e0 la performance unique, sans ammoniaque, sans odeur, qui apporte une hydratation intense avec un respect optimal de la fibre et du cuir chevelu.Elle \u00e9claircit jusqu&rsquo;\u00e0 3 tons en 35 minutes pour une couverture de 100% des cheveux Blancs, avec une uniformit\u00e9 et une tenue parfaite de la couleur Inoa au fil du temps.<\/div>\n<\/div>\n<div class=\"tab js-tab\">\n<h3 class=\"tab-title pdp-tabs_title js-tab-mobile-title\"><span>Mode d&#8217;emploi<\/span><\/h3>\n<div class=\"tab-description pdp-tabs_description js-tab-description\">Appliquez de la racine aux pointes, puis emulsionnez et rincez abondemment jusqu&rsquo;\u00e0 ce que l&rsquo;eau soit claire.Terminez par un shampooing Inoa Post.Pour une couverture optimale des cheveux blancs, m\u00e9langez 1\/2 tube de votre nuance + 1\/2 tube de nuance fondamentale ( 1,2,3,4,5,6,7,8,9,10 ).<\/div>\n<\/div>\n<div class=\"tab js-tab\">\n<h3 class=\"tab-title pdp-tabs_title js-tab-mobile-title\"><span>Ingr\u00e9dients<\/span><\/h3>\n<div class=\"tab-description pdp-tabs_description js-tab-description\">PARAFFINUM LIQUIDUM , MINERAL OIL , WATER, GLYCERIN, C20-22 ALCOHOLS, ETHANOLAMINE, OLETH-20, CETYL PALMITATE, DECETH-5, OLETH-10, 2, 4-DIAMINOPHENOXYETHANOL HCl, m-AMINOPHENOL, ASCORBIC ACID, SODIUM METABISULFITE, HYDROXYETHOXY AMINOPYRAZOLOPYRIDINE HCL, THIOGLYCERIN, TOLUENE-2, 5-DIAMINE, CARBOMER, RESORCINOL, EDTA, CETEARETH-60 MYRISTYL GLYCOL<\/div>\n<\/div>\n<div class=\"tab js-tab\">\n<h3 class=\"tab-title pdp-tabs_title js-tab-mobile-title\"><span>Livraison et stock<\/span><\/h3>\n<div class=\"tab-description pdp-tabs_description js-tab-description\">\n<div class=\"pdp-delivery_info\">\n<div class=\"content-asset\"><a class=\"pdp-delivery_link\" href=\"\/livraison-delais\/\">Livraison et d\u00e9lais<\/a><a class=\"pdp-delivery_link\" href=\"\/retours-remboursements\/\">Retours et remboursements<\/a><\/div>\n<\/div>\n<\/div>\n<\/div>\n<\/div>\n<\/div>\n<\/div>\n","protected":false},"excerpt":{"rendered":"<p>Points cl\u00e9s Marrons Sans amoniaque Longue tenue Sans odeur Hydratation 100% des cheveux blancs Description&hellip;<\/p>\n","protected":false},"featured_media":18989,"comment_status":"open","ping_status":"closed","template":"","meta":[],"pwb-brand":[649],"product_cat":[316],"product_tag":[317,318,325],"class_list":{"0":"post-34146","1":"product","2":"type-product","3":"status-publish","4":"has-post-thumbnail","6":"pwb-brand-loreal-professionnel","7":"product_cat-coloration-permanente","8":"product_tag-coloration","9":"product_tag-coloration-permanente","10":"product_tag-loreal-professionnel","12":"first","13":"instock","14":"taxable","15":"shipping-taxable","16":"purchasable","17":"product-type-variable","18":"layout-style-3","19":"col-md-4 col-sm-4 col-xs-6","20":"col-lg-3","21":"product-has-gallery","22":"product-style-default"},"aioseo_notices":[],"brands":[{"id":649,"name":"L'Or\u00e9al Professionnel","slug":"loreal-professionnel"}],"_links":{"self":[{"href":"https:\/\/cheveuxluxe.com\/index.php\/wp-json\/wp\/v2\/product\/34146","targetHints":{"allow":["GET"]}}],"collection":[{"href":"https:\/\/cheveuxluxe.com\/index.php\/wp-json\/wp\/v2\/product"}],"about":[{"href":"https:\/\/cheveuxluxe.com\/index.php\/wp-json\/wp\/v2\/types\/product"}],"replies":[{"embeddable":true,"href":"https:\/\/cheveuxluxe.com\/index.php\/wp-json\/wp\/v2\/comments?post=34146"}],"version-history":[{"count":0,"href":"https:\/\/cheveuxluxe.com\/index.php\/wp-json\/wp\/v2\/product\/34146\/revisions"}],"wp:featuredmedia":[{"embeddable":true,"href":"https:\/\/cheveuxluxe.com\/index.php\/wp-json\/wp\/v2\/media\/18989"}],"wp:attachment":[{"href":"https:\/\/cheveuxluxe.com\/index.php\/wp-json\/wp\/v2\/media?parent=34146"}],"wp:term":[{"taxonomy":"pwb-brand","embeddable":true,"href":"https:\/\/cheveuxluxe.com\/index.php\/wp-json\/wp\/v2\/pwb-brand?post=34146"},{"taxonomy":"product_cat","embeddable":true,"href":"https:\/\/cheveuxluxe.com\/index.php\/wp-json\/wp\/v2\/product_cat?post=34146"},{"taxonomy":"product_tag","embeddable":true,"href":"https:\/\/cheveuxluxe.com\/index.php\/wp-json\/wp\/v2\/product_tag?post=34146"}],"curies":[{"name":"wp","href":"https:\/\/api.w.org\/{rel}","templated":true}]}}