{"id":34171,"date":"2024-04-14T13:27:15","date_gmt":"2024-04-14T13:27:15","guid":{"rendered":"https:\/\/cheveuxluxe.com\/?post_type=product&#038;p=34171"},"modified":"2024-04-14T13:28:43","modified_gmt":"2024-04-14T13:28:43","slug":"loreal-majirouge-coloration-doxydation-permanente-50ml","status":"publish","type":"product","link":"https:\/\/cheveuxluxe.com\/index.php\/product\/loreal-majirouge-coloration-doxydation-permanente-50ml\/","title":{"rendered":"L&rsquo;Or\u00e9al Majirouge Coloration d&rsquo;Oxydation Permanente 50ml"},"content":{"rendered":"<div class=\"product-content_bottom\">\n<div class=\"pdp-info\">\n<div class=\"pdp-tabs tab-container\">\n<div class=\"tab js-tab\">\n<h3 class=\"tab-title pdp-tabs_title js-tab-mobile-title open\"><span>Points cl\u00e9s<\/span><\/h3>\n<div class=\"tab-description pdp-tabs_description js-tab-description open\" itemprop=\"description\">\n<ul>\n<li> Texture cr\u00e8me<\/li>\n<li>Rouges profonds<\/li>\n<li>Coloration d\u2019oxydation permanente<\/li>\n<li>Jusqu\u2019\u00e0 100% des cheveux blancs couverts <\/li>\n<\/ul>\n<\/div>\n<\/div>\n<div class=\"tab js-tab\">\n<h3 class=\"tab-title pdp-tabs_title js-tab-mobile-title\"><span>Description<\/span><\/h3>\n<div class=\"tab-description pdp-tabs_description js-tab-description\" itemprop=\"description\">Laissez-vous tenter par le nuancier audacieux de Majirouge ! Du cuivr\u00e9 au rouge violine, les rouges intenses de cette gamme de L\u2019Or\u00e9al Professionnel\u00ae r\u00e9pondront \u00e0 toutes les envies de vos clientes.Gr\u00e2ce \u00e0 sa technologie Ion\u00e8ne G + Incell, la coloration cr\u00e8me Majirouge agit \u00e0 la fois en profondeur et \u00e0 la surface du cheveu, pour un r\u00e9sultat harmonieux et des reflets cuivr\u00e9s \u00e0 l\u2019infini.Dot\u00e9e d\u2019un pouvoir \u00e9claircissant jusqu\u2019\u00e0 trois tons, cette coloration d\u2019oxydation permanente couvre jusqu\u2019\u00e0 100% des cheveux blancs. Les rouges de Majirouge sont fid\u00e8les et tenaces : coloration apr\u00e8s coloration, la mati\u00e8re est soign\u00e9e et prot\u00e9g\u00e9e, pour une couleur vibrante et lumineuse.<\/div>\n<\/div>\n<div class=\"tab js-tab\">\n<h3 class=\"tab-title pdp-tabs_title js-tab-mobile-title\"><span>Mode d&#8217;emploi<\/span><\/h3>\n<div class=\"tab-description pdp-tabs_description js-tab-description\">M\u00e9lange : 1 +1,5 (m\u00e9langer 50ml de cr\u00e8me colorante avec 75ml d\u2019oxydant)Pour une couverture de 0% \u00e0 50% de cheveux blancs : appliquez la couleur d\u00e9sir\u00e9e sans m\u00e9lange pr\u00e9alable.Pour une couverture de 50% \u00e0 100% de cheveux blancs : m\u00e9langez la couleur d\u00e9sir\u00e9e \u00bd+ \u00bd avec une fondamentale, fondamentale dor\u00e9e (,3) ou fondamentale naturelle dor\u00e9e (,03) de m\u00eame hauteur de ton et Oxydant Cr\u00e8me 20 vol. (6%).Le temps de pause de 35 minutes peut varier selon la technique choisie et le r\u00e9sultat souhait\u00e9.<\/div>\n<\/div>\n<div class=\"tab js-tab\">\n<h3 class=\"tab-title pdp-tabs_title js-tab-mobile-title\"><span>Ingr\u00e9dients<\/span><\/h3>\n<div class=\"tab-description pdp-tabs_description js-tab-description\">Aqua , Water, Cetearyl Alcohol, Oleth-30, Hexadimethrine Chloride, Ammonium Hydroxide, Oleic Acid, Oleyl Alcohol, 2, 4-Diaminophenoxyethanol Hcl, P-Aminophenol, M-Aminophenol, Sodium Metabisulfite, Ethanolamine, 6-Hydroxyindole, Thioglycerin, 2, 5-Diamine, Ammonium Thiolactate, 2-Methyl-5-Hydroxyethylaminophenol, Pentasodium Pentetate Benzyl Alcohol, 2-Oleamido-1, 3-Octadecanediol, Resorcinol<\/div>\n<\/div>\n<div class=\"tab js-tab\">\n<h3 class=\"tab-title pdp-tabs_title js-tab-mobile-title\"><span>Livraison et stock<\/span><\/h3>\n<div class=\"tab-description pdp-tabs_description js-tab-description\">\n<div class=\"pdp-delivery_info\">\n<div class=\"content-asset\"><a class=\"pdp-delivery_link\" href=\"\/livraison-delais\/\">Livraison et d\u00e9lais<\/a><a class=\"pdp-delivery_link\" href=\"\/retours-remboursements\/\">Retours et remboursements<\/a><\/div>\n<\/div>\n<\/div>\n<\/div>\n<\/div>\n<\/div>\n<\/div>\n","protected":false},"excerpt":{"rendered":"<p>Points cl\u00e9s Texture cr\u00e8me Rouges profonds Coloration d\u2019oxydation permanente Jusqu\u2019\u00e0 100% des cheveux blancs couverts&hellip;<\/p>\n","protected":false},"featured_media":19064,"comment_status":"open","ping_status":"closed","template":"","meta":[],"pwb-brand":[649],"product_cat":[316],"product_tag":[317,318,325],"class_list":{"0":"post-34171","1":"product","2":"type-product","3":"status-publish","4":"has-post-thumbnail","6":"pwb-brand-loreal-professionnel","7":"product_cat-coloration-permanente","8":"product_tag-coloration","9":"product_tag-coloration-permanente","10":"product_tag-loreal-professionnel","12":"first","13":"instock","14":"taxable","15":"shipping-taxable","16":"purchasable","17":"product-type-variable","18":"layout-style-3","19":"col-md-4 col-sm-4 col-xs-6","20":"col-lg-3","21":"product-has-gallery","22":"product-style-default"},"aioseo_notices":[],"brands":[{"id":649,"name":"L'Or\u00e9al Professionnel","slug":"loreal-professionnel"}],"_links":{"self":[{"href":"https:\/\/cheveuxluxe.com\/index.php\/wp-json\/wp\/v2\/product\/34171","targetHints":{"allow":["GET"]}}],"collection":[{"href":"https:\/\/cheveuxluxe.com\/index.php\/wp-json\/wp\/v2\/product"}],"about":[{"href":"https:\/\/cheveuxluxe.com\/index.php\/wp-json\/wp\/v2\/types\/product"}],"replies":[{"embeddable":true,"href":"https:\/\/cheveuxluxe.com\/index.php\/wp-json\/wp\/v2\/comments?post=34171"}],"version-history":[{"count":0,"href":"https:\/\/cheveuxluxe.com\/index.php\/wp-json\/wp\/v2\/product\/34171\/revisions"}],"wp:featuredmedia":[{"embeddable":true,"href":"https:\/\/cheveuxluxe.com\/index.php\/wp-json\/wp\/v2\/media\/19064"}],"wp:attachment":[{"href":"https:\/\/cheveuxluxe.com\/index.php\/wp-json\/wp\/v2\/media?parent=34171"}],"wp:term":[{"taxonomy":"pwb-brand","embeddable":true,"href":"https:\/\/cheveuxluxe.com\/index.php\/wp-json\/wp\/v2\/pwb-brand?post=34171"},{"taxonomy":"product_cat","embeddable":true,"href":"https:\/\/cheveuxluxe.com\/index.php\/wp-json\/wp\/v2\/product_cat?post=34171"},{"taxonomy":"product_tag","embeddable":true,"href":"https:\/\/cheveuxluxe.com\/index.php\/wp-json\/wp\/v2\/product_tag?post=34171"}],"curies":[{"name":"wp","href":"https:\/\/api.w.org\/{rel}","templated":true}]}}