{"id":34265,"date":"2024-04-14T13:30:24","date_gmt":"2024-04-14T13:30:24","guid":{"rendered":"https:\/\/cheveuxluxe.com\/?post_type=product&#038;p=34265"},"modified":"2024-04-14T13:32:46","modified_gmt":"2024-04-14T13:32:46","slug":"loreal-majirel-glow-50ml","status":"publish","type":"product","link":"https:\/\/cheveuxluxe.com\/index.php\/product\/loreal-majirel-glow-50ml\/","title":{"rendered":"L&rsquo;Or\u00e9al Majirel Glow 50ml"},"content":{"rendered":"<div class=\"product-content_bottom\">\n<div class=\"pdp-info\">\n<div class=\"pdp-tabs tab-container\">\n<div class=\"tab js-tab\">\n<h3 class=\"tab-title pdp-tabs_title js-tab-mobile-title open\"><span>Points cl\u00e9s<\/span><\/h3>\n<div class=\"tab-description pdp-tabs_description js-tab-description open\" itemprop=\"description\">\n<ul>\n<li>Finitions neutralis\u00e9es<\/li>\n<li>Luminosit\u00e9 extr\u00eame<\/li>\n<li>Au-del\u00e0 de 30% de cheveux blancs<\/li>\n<li>TENUE<\/li>\n<li>Coloration permanente<\/li>\n<li>POUVOIR \u00c9CLAIRCISSANT<\/li>\n<li>Peut \u00e9claricir jusqu&rsquo;\u00e0 trois niveaux<\/li>\n<\/ul>\n<\/div>\n<\/div>\n<div class=\"tab js-tab\">\n<h3 class=\"tab-title pdp-tabs_title js-tab-mobile-title\"><span>Description<\/span><\/h3>\n<div class=\"tab-description pdp-tabs_description js-tab-description\" itemprop=\"description\">LA 1\u00c8RE COLORATION TRANSLUCIDE PERMANENTE pour une finition neutralis\u00e9e et une luminosit\u00e9 extr\u00eame.<br \/>Une nouvelle palette de teintes renrichie en reflets froids, pour un r\u00e9sultat de couleur neutralis\u00e9e ultime.<br \/>Majirel Glow, c&rsquo;est plus de brillance gr\u00e2ce \u00e0 50% de r\u00e9flexion suppl\u00e9mentaire de la lumi\u00e8re.<br \/>La nouvelle coloration Majirel Glow, c&rsquo;est aussi plus de l\u00e9g\u00e8ret\u00e9 avec 4X plus de transparence gr\u00e2ce \u00e0 un \u00e9quilibre sp\u00e9cifique des colorants.<\/div>\n<\/div>\n<div class=\"tab js-tab\">\n<h3 class=\"tab-title pdp-tabs_title js-tab-mobile-title\"><span>Mode d&#8217;emploi<\/span><\/h3>\n<div class=\"tab-description pdp-tabs_description js-tab-description\">35 min : la dur\u00e9e totale du service peut varier selon le service fourni par votre coiffeur professionnel<\/div>\n<\/div>\n<div class=\"tab js-tab\">\n<h3 class=\"tab-title pdp-tabs_title js-tab-mobile-title\"><span>Ingr\u00e9dients<\/span><\/h3>\n<div class=\"tab-description pdp-tabs_description js-tab-description\">AQUA , WATER, ETHANOLAMINE, STEARETH-2, AMMONIUM HYDROXIDE, STEARAMIDE MEA, C20-22 ALCOHOLS, OLEIC ACID, POLYQUATERNIUM-6, PEG-40 STEARATE, OLETH-30, HEXADIMETHRINE CHLORIDE, CI 77891 , TITANIUM DIOXIDE, HYDROXYETHOXY AMINOPYRAZOLOPYRIDINE HCL, SODIUM SULFITE, HYDROXYPROPYL METHYLCELLULOSE, SODIUM CHLORIDE, STEARIC ACID, 1-HYDROXYETHYL 4, 5-DIAMINO PYRAZOLE SULFATE, 1-NAPHTHOL, BENZYL ALCOHOL, 2-OLEAMIDO-1, 3-OCTADECANEDIOL, CETYL HYDROXYETHYLCELLULOSE, EDTA, ERYTHORBIC ACID, PARFUM , FRAGRANCE<\/div>\n<\/div>\n<div class=\"tab js-tab\">\n<h3 class=\"tab-title pdp-tabs_title js-tab-mobile-title\"><span>Livraison et stock<\/span><\/h3>\n<div class=\"tab-description pdp-tabs_description js-tab-description\">\n<div class=\"pdp-delivery_info\">\n<div class=\"content-asset\"><a class=\"pdp-delivery_link\" href=\"\/livraison-delais\/\">Livraison et d\u00e9lais<\/a><a class=\"pdp-delivery_link\" href=\"\/retours-remboursements\/\">Retours et remboursements<\/a><\/div>\n<\/div>\n<\/div>\n<\/div>\n<\/div>\n<\/div>\n<\/div>\n","protected":false},"excerpt":{"rendered":"<p>Points cl\u00e9s Finitions neutralis\u00e9es Luminosit\u00e9 extr\u00eame Au-del\u00e0 de 30% de cheveux blancs TENUE Coloration permanente&hellip;<\/p>\n","protected":false},"featured_media":34323,"comment_status":"open","ping_status":"closed","template":"","meta":[],"pwb-brand":[649],"product_cat":[316],"product_tag":[317,318,325],"class_list":{"0":"post-34265","1":"product","2":"type-product","3":"status-publish","4":"has-post-thumbnail","6":"pwb-brand-loreal-professionnel","7":"product_cat-coloration-permanente","8":"product_tag-coloration","9":"product_tag-coloration-permanente","10":"product_tag-loreal-professionnel","12":"first","13":"instock","14":"taxable","15":"shipping-taxable","16":"purchasable","17":"product-type-variable","18":"layout-style-3","19":"col-md-4 col-sm-4 col-xs-6","20":"col-lg-3","21":"product-has-gallery","22":"product-style-default"},"aioseo_notices":[],"brands":[{"id":649,"name":"L'Or\u00e9al Professionnel","slug":"loreal-professionnel"}],"_links":{"self":[{"href":"https:\/\/cheveuxluxe.com\/index.php\/wp-json\/wp\/v2\/product\/34265","targetHints":{"allow":["GET"]}}],"collection":[{"href":"https:\/\/cheveuxluxe.com\/index.php\/wp-json\/wp\/v2\/product"}],"about":[{"href":"https:\/\/cheveuxluxe.com\/index.php\/wp-json\/wp\/v2\/types\/product"}],"replies":[{"embeddable":true,"href":"https:\/\/cheveuxluxe.com\/index.php\/wp-json\/wp\/v2\/comments?post=34265"}],"version-history":[{"count":0,"href":"https:\/\/cheveuxluxe.com\/index.php\/wp-json\/wp\/v2\/product\/34265\/revisions"}],"wp:featuredmedia":[{"embeddable":true,"href":"https:\/\/cheveuxluxe.com\/index.php\/wp-json\/wp\/v2\/media\/34323"}],"wp:attachment":[{"href":"https:\/\/cheveuxluxe.com\/index.php\/wp-json\/wp\/v2\/media?parent=34265"}],"wp:term":[{"taxonomy":"pwb-brand","embeddable":true,"href":"https:\/\/cheveuxluxe.com\/index.php\/wp-json\/wp\/v2\/pwb-brand?post=34265"},{"taxonomy":"product_cat","embeddable":true,"href":"https:\/\/cheveuxluxe.com\/index.php\/wp-json\/wp\/v2\/product_cat?post=34265"},{"taxonomy":"product_tag","embeddable":true,"href":"https:\/\/cheveuxluxe.com\/index.php\/wp-json\/wp\/v2\/product_tag?post=34265"}],"curies":[{"name":"wp","href":"https:\/\/api.w.org\/{rel}","templated":true}]}}