{"id":34330,"date":"2024-04-14T13:32:25","date_gmt":"2024-04-14T13:32:25","guid":{"rendered":"https:\/\/cheveuxluxe.com\/?post_type=product&#038;p=34330"},"modified":"2024-04-14T13:34:07","modified_gmt":"2024-04-14T13:34:07","slug":"loreal-luocolor-coloration-doxydation-permanente-lumiere-50ml","status":"publish","type":"product","link":"https:\/\/cheveuxluxe.com\/index.php\/product\/loreal-luocolor-coloration-doxydation-permanente-lumiere-50ml\/","title":{"rendered":"L&rsquo;Or\u00e9al Luocolor Coloration d&rsquo;oxydation permanente lumi\u00e8re 50ml"},"content":{"rendered":"<div class=\"product-content_bottom\">\n<div class=\"pdp-info\">\n<div class=\"pdp-tabs tab-container\">\n<div class=\"tab js-tab\">\n<h3 class=\"tab-title pdp-tabs_title js-tab-mobile-title open\"><span>Points cl\u00e9s<\/span><\/h3>\n<div class=\"tab-description pdp-tabs_description js-tab-description open\" itemprop=\"description\">\n<ul>\n<li> Huile de p\u00e9pins de raisin<\/li>\n<li>Brillance intense<\/li>\n<li>Nutrigel\u00e9e<\/li>\n<li>Couverture naturelle <\/li>\n<\/ul>\n<\/div>\n<\/div>\n<div class=\"tab js-tab\">\n<h3 class=\"tab-title pdp-tabs_title js-tab-mobile-title\"><span>Description<\/span><\/h3>\n<div class=\"tab-description pdp-tabs_description js-tab-description\" itemprop=\"description\">Avec Luocolor et ses 46 nuances, laissez libre cours \u00e0 votre cr\u00e9ativit\u00e9?! Pour des couleurs fra\u00eeches et une brillance intense, faites confiance aux experts : con\u00e7ue dans les laboratoires de L\u2019Or\u00e9al Professionel\u00ae, cette coloration d\u2019oxydation trouve sa force dans l\u2019huile de p\u00e9pins de raisin, riche en acide gras, pour une protection renforc\u00e9e en profondeur de la fibre capillaire. Gr\u00e2ce \u00e0 cette technologie nourrissante innovante, les cheveux sont visiblement plus forts et plus brillants?!Cette coloration vous promet de couvrir jusqu\u2019\u00e0 70 % des cheveux blancs, tout en vous garantissant des couleurs fra\u00eeches, de la lumi\u00e8re et du relief. Luocolor vous assure jusqu\u2019\u00e0 3 tons d\u2019\u00e9claircissement, dans un produit facile d\u2019utilisation : sa texture nutrigel\u00e9e nacr\u00e9e vous permet d\u2019appliquer le produit en toute simplicit\u00e9, en combinant le confort de la cr\u00e8me \u00e0 l\u2019efficacit\u00e9 du gel. Ni trop fluide ni trop \u00e9pais, ce produit est id\u00e9al pour un usage professionnel au quotidien?!<\/div>\n<\/div>\n<div class=\"tab js-tab\">\n<h3 class=\"tab-title pdp-tabs_title js-tab-mobile-title\"><span>Mode d&#8217;emploi<\/span><\/h3>\n<div class=\"tab-description pdp-tabs_description js-tab-description\">Cette coloration s\u2019utilise sur des cheveux secs non lav\u00e9s, ou l\u00e9g\u00e8rement humides. La dur\u00e9e de pause conseill\u00e9e est de 20 minutes, temps indicatif qui peut varier selon les techniques utilis\u00e9es.\u00c0 savoir : avant toute application d\u2019une coloration pour la premi\u00e8re fois, il est conseill\u00e9 de r\u00e9aliser un test de sensibilit\u00e9.<\/div>\n<\/div>\n<div class=\"tab js-tab\">\n<h3 class=\"tab-title pdp-tabs_title js-tab-mobile-title\"><span>Ingr\u00e9dients<\/span><\/h3>\n<div class=\"tab-description pdp-tabs_description js-tab-description\">AQUA \/ WATER, CETEARYL ALCOHOL, PROPYLENE GLYCOL, DECETH-3, LAURETH-12, AMMONIUM HYDROXIDE, OLETH-30, LAURIC ACID, GLYCOL DISTEARATE, POLYQUATERNIUM-6, HEXADIMETHRINE CHLORIDE, TOLUENE-2,5-DIAMINE, ETHANOLAMINE, SILICA DIMETHYL SILYLATE [NANO] \/ SILICA DIMETHYL SILYLATE, RESORCINOL, CI 77891 \/ TITANIUM DIOXIDE, CI 77491 \/ IRON OXIDES, 2,4-DIAMINOPHENOXYETHANOL HCl, m-AMINOPHENOL, MICA, ASCORBIC ACID, TOCOPHEROL, SODIUM METABISULFITE, THIOGLYCERIN, HELIANTHUS ANNUUS SEED OIL \/ SUNFLOWER SEED OIL, DIMETHICONE, N,N-BIS(2-HYDROXYETHYL)-p-PHENYLENEDIAMINE SULFATE, ALPHA-ISOMETHYL IONONE, CARBOMER, GERANIOL, ROSMARINUS OFFICINALIS (ROSEMARY) EXTRACT, EDTA, VITIS VINIFERA SEED OIL \/ GRAPE SEED OIL, PARFUM \/ FRAGRANCE<\/div>\n<\/div>\n<div class=\"tab js-tab\">\n<h3 class=\"tab-title pdp-tabs_title js-tab-mobile-title\"><span>Livraison et stock<\/span><\/h3>\n<div class=\"tab-description pdp-tabs_description js-tab-description\">\n<div class=\"pdp-delivery_info\">\n<div class=\"content-asset\"><a class=\"pdp-delivery_link\" href=\"\/livraison-delais\/\">Livraison et d\u00e9lais<\/a><a class=\"pdp-delivery_link\" href=\"\/retours-remboursements\/\">Retours et remboursements<\/a><\/div>\n<\/div>\n<\/div>\n<\/div>\n<\/div>\n<\/div>\n<\/div>\n","protected":false},"excerpt":{"rendered":"<p>Points cl\u00e9s Huile de p\u00e9pins de raisin Brillance intense Nutrigel\u00e9e Couverture naturelle Description Avec Luocolor&hellip;<\/p>\n","protected":false},"featured_media":18943,"comment_status":"open","ping_status":"closed","template":"","meta":[],"pwb-brand":[649],"product_cat":[316],"product_tag":[317,318,325],"class_list":{"0":"post-34330","1":"product","2":"type-product","3":"status-publish","4":"has-post-thumbnail","6":"pwb-brand-loreal-professionnel","7":"product_cat-coloration-permanente","8":"product_tag-coloration","9":"product_tag-coloration-permanente","10":"product_tag-loreal-professionnel","12":"first","13":"instock","14":"taxable","15":"shipping-taxable","16":"purchasable","17":"product-type-variable","18":"layout-style-3","19":"col-md-4 col-sm-4 col-xs-6","20":"col-lg-3","21":"product-has-gallery","22":"product-style-default"},"aioseo_notices":[],"brands":[{"id":649,"name":"L'Or\u00e9al Professionnel","slug":"loreal-professionnel"}],"_links":{"self":[{"href":"https:\/\/cheveuxluxe.com\/index.php\/wp-json\/wp\/v2\/product\/34330","targetHints":{"allow":["GET"]}}],"collection":[{"href":"https:\/\/cheveuxluxe.com\/index.php\/wp-json\/wp\/v2\/product"}],"about":[{"href":"https:\/\/cheveuxluxe.com\/index.php\/wp-json\/wp\/v2\/types\/product"}],"replies":[{"embeddable":true,"href":"https:\/\/cheveuxluxe.com\/index.php\/wp-json\/wp\/v2\/comments?post=34330"}],"version-history":[{"count":0,"href":"https:\/\/cheveuxluxe.com\/index.php\/wp-json\/wp\/v2\/product\/34330\/revisions"}],"wp:featuredmedia":[{"embeddable":true,"href":"https:\/\/cheveuxluxe.com\/index.php\/wp-json\/wp\/v2\/media\/18943"}],"wp:attachment":[{"href":"https:\/\/cheveuxluxe.com\/index.php\/wp-json\/wp\/v2\/media?parent=34330"}],"wp:term":[{"taxonomy":"pwb-brand","embeddable":true,"href":"https:\/\/cheveuxluxe.com\/index.php\/wp-json\/wp\/v2\/pwb-brand?post=34330"},{"taxonomy":"product_cat","embeddable":true,"href":"https:\/\/cheveuxluxe.com\/index.php\/wp-json\/wp\/v2\/product_cat?post=34330"},{"taxonomy":"product_tag","embeddable":true,"href":"https:\/\/cheveuxluxe.com\/index.php\/wp-json\/wp\/v2\/product_tag?post=34330"}],"curies":[{"name":"wp","href":"https:\/\/api.w.org\/{rel}","templated":true}]}}