{"id":34346,"date":"2024-04-14T13:32:52","date_gmt":"2024-04-14T13:32:52","guid":{"rendered":"https:\/\/cheveuxluxe.com\/?post_type=product&#038;p=34346"},"modified":"2024-04-14T13:39:03","modified_gmt":"2024-04-14T13:39:03","slug":"loreal-professionnel-dia-light-coloration-ton-sur-ton-50ml","status":"publish","type":"product","link":"https:\/\/cheveuxluxe.com\/index.php\/product\/loreal-professionnel-dia-light-coloration-ton-sur-ton-50ml\/","title":{"rendered":"L&rsquo;Or\u00e9al Professionnel Dia Light Coloration Ton sur Ton 50ml"},"content":{"rendered":"<div class=\"product-content_bottom\">\n<div class=\"pdp-info\">\n<div class=\"pdp-tabs tab-container\">\n<div class=\"tab js-tab\">\n<h3 class=\"tab-title pdp-tabs_title js-tab-mobile-title open\"><span>Points cl\u00e9s<\/span><\/h3>\n<div class=\"tab-description pdp-tabs_description js-tab-description open\" itemprop=\"description\">\n<ul>\n<li>Ton sur ton<\/li>\n<li>Formule gel-cr\u00e8me sans ammoniaque<\/li>\n<li>pH proche de celui du cheveu<\/li>\n<li>Homog\u00e9n\u00e9it\u00e9<\/li>\n<li>Id\u00e9al pour un service \u00ab French glossing \u00bb, en association avec Majirel ou Inoa<\/li>\n<\/ul>\n<\/div>\n<\/div>\n<div class=\"tab js-tab\">\n<h3 class=\"tab-title pdp-tabs_title js-tab-mobile-title\"><span>Description<\/span><\/h3>\n<div class=\"tab-description pdp-tabs_description js-tab-description\" itemprop=\"description\">Gr\u00e2ce \u00e0 son pH acide proche de celui du cheveu, le Soin gloss Dia light Dia Light vous assure une coloration \u00e9blouissante sans agresser la chevelure, pour un r\u00e9sultat haute t\u00e9nacit\u00e9 et soin intense. Id\u00e9al pour travailler avec des clientes au cuir chevelu sensible ou d\u00e9j\u00e0 color\u00e9, il neutralise les reflets apr\u00e8s un \u00e9claircissement et ravive l&rsquo;\u00e9clat de la couleur sur les longueurs.<\/p>\n<p>Affichant une tenue jusqu\u2019\u00e0 six semaines, Dia Light est disponible en 46 nuances \u2014 ce qui en fait votre meilleur alli\u00e9 pour tous vos travaux de correction, vous garantissant une chevelure au toucher naturel et aux \u00e9clats intenses.<\/p>\n<p>Ce produit reste l\u2019arme secr\u00e8te de tous ceux et celles qui souhaitent raviver leur couleur et illuminer les blonds d\u2019une brillance vinyle. Vous pouvez utiliser Dia Light pour patiner les m\u00e8ches sans \u00e9claircir la base naturelle, pour foncer ou uniformiser les longueurs et les pointes d\u00e9lav\u00e9es, mais aussi pour raviver la coloration.<\/p>\n<p>Le plus : Dia Light est garantie sans ammoniaque, donc sans odeur<\/p><\/div>\n<\/div>\n<div class=\"tab js-tab\">\n<h3 class=\"tab-title pdp-tabs_title js-tab-mobile-title\"><span>Mode d&#8217;emploi<\/span><\/h3>\n<div class=\"tab-description pdp-tabs_description js-tab-description\">Appliquez la coloration sur cheveux secs non lav\u00e9s. R\u00e9partissez la pr\u00e9paration de mani\u00e8re uniforme sur l\u2019ensemble de la t\u00eate, en r\u00e9alisant des mouvements des racines aux pointes. Laissez reposer entre 5 et 20 minutes, en fonction de la teinte souhait\u00e9e. Rincez abondamment, afin d\u2019\u00e9liminer tous r\u00e9sidus.<\/p>\n<p>Pour une couleur encore plus \u00e9clatante, appliquez un masque post-coloration.<\/p><\/div>\n<\/div>\n<div class=\"tab js-tab\">\n<h3 class=\"tab-title pdp-tabs_title js-tab-mobile-title\"><span>Ingr\u00e9dients<\/span><\/h3>\n<div class=\"tab-description pdp-tabs_description js-tab-description\">AQUA \/ WATER \/ EAU , LAURETH-2 , TRIDECETH-2 CARBOXAMIDE MEA , PEG-4 RAPESEEDAMIDE , GLYCERIN , LAURETH-12 , OLETH-30 , SODIUM CETEARYL SULFATE , POLYQUATERNIUM-6 , PARFUM \/ FRAGRANCE , ERYTHORBIC ACID , CETYL HYDROXYETHYLCELLULOSE , ETHANOLAMINE , EDTA , CI 77891 \/ TITANIUM DIOXIDE , SODIUM SULFITE , TOLUENE-2,5-DIAMINE , 4-AMINO-2-HYDROXYTOLUENE , RESORCINOL , 2,4-DIAMINOPHENOXYETHANOL HCl , THIOGLYCERIN<\/div>\n<\/div>\n<div class=\"tab js-tab\">\n<h3 class=\"tab-title pdp-tabs_title js-tab-mobile-title\"><span>Livraison et stock<\/span><\/h3>\n<div class=\"tab-description pdp-tabs_description js-tab-description\">\n<div class=\"pdp-delivery_info\">\n<div class=\"content-asset\"><a class=\"pdp-delivery_link\" href=\"\/livraison-delais\/\">Livraison et d\u00e9lais<\/a><a class=\"pdp-delivery_link\" href=\"\/retours-remboursements\/\">Retours et remboursements<\/a><\/div>\n<\/div>\n<\/div>\n<\/div>\n<\/div>\n<\/div>\n<\/div>\n","protected":false},"excerpt":{"rendered":"<p>Points cl\u00e9s Ton sur ton Formule gel-cr\u00e8me sans ammoniaque pH proche de celui du cheveu&hellip;<\/p>\n","protected":false},"featured_media":34396,"comment_status":"open","ping_status":"closed","template":"","meta":[],"pwb-brand":[649],"product_cat":[320],"product_tag":[317,230,325],"class_list":{"0":"post-34346","1":"product","2":"type-product","3":"status-publish","4":"has-post-thumbnail","6":"pwb-brand-loreal-professionnel","7":"product_cat-coloration-semi-permanente","8":"product_tag-coloration","9":"product_tag-coloration-semi-permanente","10":"product_tag-loreal-professionnel","12":"first","13":"instock","14":"taxable","15":"shipping-taxable","16":"purchasable","17":"product-type-variable","18":"layout-style-3","19":"col-md-4 col-sm-4 col-xs-6","20":"col-lg-3","21":"product-has-gallery","22":"product-style-default"},"aioseo_notices":[],"brands":[{"id":649,"name":"L'Or\u00e9al Professionnel","slug":"loreal-professionnel"}],"_links":{"self":[{"href":"https:\/\/cheveuxluxe.com\/index.php\/wp-json\/wp\/v2\/product\/34346","targetHints":{"allow":["GET"]}}],"collection":[{"href":"https:\/\/cheveuxluxe.com\/index.php\/wp-json\/wp\/v2\/product"}],"about":[{"href":"https:\/\/cheveuxluxe.com\/index.php\/wp-json\/wp\/v2\/types\/product"}],"replies":[{"embeddable":true,"href":"https:\/\/cheveuxluxe.com\/index.php\/wp-json\/wp\/v2\/comments?post=34346"}],"version-history":[{"count":0,"href":"https:\/\/cheveuxluxe.com\/index.php\/wp-json\/wp\/v2\/product\/34346\/revisions"}],"wp:featuredmedia":[{"embeddable":true,"href":"https:\/\/cheveuxluxe.com\/index.php\/wp-json\/wp\/v2\/media\/34396"}],"wp:attachment":[{"href":"https:\/\/cheveuxluxe.com\/index.php\/wp-json\/wp\/v2\/media?parent=34346"}],"wp:term":[{"taxonomy":"pwb-brand","embeddable":true,"href":"https:\/\/cheveuxluxe.com\/index.php\/wp-json\/wp\/v2\/pwb-brand?post=34346"},{"taxonomy":"product_cat","embeddable":true,"href":"https:\/\/cheveuxluxe.com\/index.php\/wp-json\/wp\/v2\/product_cat?post=34346"},{"taxonomy":"product_tag","embeddable":true,"href":"https:\/\/cheveuxluxe.com\/index.php\/wp-json\/wp\/v2\/product_tag?post=34346"}],"curies":[{"name":"wp","href":"https:\/\/api.w.org\/{rel}","templated":true}]}}