{"id":34484,"date":"2024-04-14T13:37:03","date_gmt":"2024-04-14T13:37:03","guid":{"rendered":"https:\/\/cheveuxluxe.com\/?post_type=product&#038;p=34484"},"modified":"2024-04-14T13:42:46","modified_gmt":"2024-04-14T13:42:46","slug":"redken-shades-eq-ton-sur-ton-sans-amoniaque-60ml","status":"publish","type":"product","link":"https:\/\/cheveuxluxe.com\/index.php\/product\/redken-shades-eq-ton-sur-ton-sans-amoniaque-60ml\/","title":{"rendered":"Redken Shades EQ Ton sur Ton Sans Amoniaque 60ml"},"content":{"rendered":"<div class=\"product-content_bottom\">\n<div class=\"pdp-info\">\n<div class=\"pdp-tabs tab-container\">\n<div class=\"tab js-tab\">\n<h3 class=\"tab-title pdp-tabs_title js-tab-mobile-title open\"><span>Points cl\u00e9s<\/span><\/h3>\n<div class=\"tab-description pdp-tabs_description js-tab-description open\" itemprop=\"description\">\n<ul>\n<li>Ton sur ton<\/li>\n<li>Brillance miroir<\/li>\n<li>50% de couverture des cheveux blancs<\/li>\n<li>Sans ammoniaque<\/li>\n<li>Tenue jusqu\u2019\u00e0 18 shampooings<\/li>\n<li>Temps de pose rapide<\/li>\n<\/ul>\n<\/div>\n<\/div>\n<div class=\"tab js-tab\">\n<h3 class=\"tab-title pdp-tabs_title js-tab-mobile-title\"><span>Description<\/span><\/h3>\n<div class=\"tab-description pdp-tabs_description js-tab-description\" itemprop=\"description\">\n<p>Les colorations ton-sur-ton Shades EQ Gloss sont enrichie en prot\u00e9ines de bl\u00e9 et ont un pH acide pour fournir un traitement en douceur et une brillance miroir. Elles offrent un r\u00e9sultat naturel qui dure jusqu\u2019\u00e0 18 shampooings ! La coloration ultra-brillante s\u2019estompe graduellement et est visible sur les cheveux color\u00e9s, m\u00e9ch\u00e9s et naturels.<\/p>\n<p>Les Shades EQ Gloss peuvent \u00eatre utilis\u00e9es pour trois services diff\u00e9rents :<\/p>\n<ol>\n<li>Apr\u00e8s une coloration pour neutraliser les reflets ind\u00e9sirables et patiner les cheveux blonds<\/li>\n<li>Pour rafraichir une des colorations permanentes de Redken entre deux colorations et faire briller les cheveux<\/li>\n<li>Comme coloration semi-permanente ou ton sur ton qui colore sans changer le pigment naturel du cheveu<\/li>\n<\/ol>\n<p>\u00a0<\/p>\n<p>Appr\u00e9ci\u00e9 par les coloristes du monde entier, sa formule acide sans ammoniaque contient un m\u00e9lange de colorants directs et oxydatifs pour des r\u00e9sultats transparents, parfaits pour chaque couleur, chaque client et chaque technique. Les colorants permettent une coloration semi-permanente qui dure jusqu\u2019\u00e0 18 shampooings.<\/p>\n<p>Pour consulter le nuancier, <a href=\"https:\/\/www.pro-duo.fr\/on\/demandware.static\/-\/Sites-ProDuo_Retail_FR-Library\/default\/dwf980435f\/pdf\/410508%20Redken%20A5%20Booklet%20Shades%20EQ%20Chart.pdf\">cliquez ici<\/a>.<\/p>\n<\/div>\n<\/div>\n<div class=\"tab js-tab\">\n<h3 class=\"tab-title pdp-tabs_title js-tab-mobile-title\"><span>Mode d&#8217;emploi<\/span><\/h3>\n<div class=\"tab-description pdp-tabs_description js-tab-description\">\n<ol>\n<li>M\u00e9langez dans un rapport de 1:1 avec la solution de traitement EQ Shades Gloss<\/li>\n<li>Shades EQ Gloss Crystal Clear peut \u00eatre m\u00e9lang\u00e9 \u00e0 n&rsquo;importe quelle teinte pour att\u00e9nuer ou \u00e9claircir le ton de la formule<\/li>\n<li>Traiter pendant 20 minutes<\/li>\n<\/ol>\n<\/div>\n<\/div>\n<div class=\"tab js-tab\">\n<h3 class=\"tab-title pdp-tabs_title js-tab-mobile-title\"><span>Ingr\u00e9dients<\/span><\/h3>\n<div class=\"tab-description pdp-tabs_description js-tab-description\">AQUA\/WATER, ISOPROPYL ALCOHOL, SODIUM C14-16 OLEFIN SULFONATE, DECETH-3, PROPYLENE GLYCOL, COCAMIDE MIPA, OLEYL ALCOHOL, PPG-2 BUTYL ETHER, L AURYL ALCOHOL, PEG\/PPG-4\/12 DIMETHICONE, SODIUM SULFITE, PPG-5-CETETH-10 PHOSPHATE, COCO-BETAINE, MYRISTYL ALCOHOL, PARFUM\/FRAGRANCE, SODIUM CHLORIDE, ETHANOLAMINE, ERYTHORBIC ACID, CETYL ALCOHOL, SODIUM CITRATE, WHEAT AMINO ACIDS, BENZOIC ACID, EDTA, 2-METHYLRESORCINOL, p-PHENYLENEDIAMINE, TETRASODIUM EDTA, 2-AMINO-6-CHLORO-4-NITROPHENOL, RESORCINOL, PHENOXYETHANOL, DISODIUM EDTA, POTASSIUM SORBATE, PENTAERYTHRITYLTETRA-DI-T-BUTYLHYDROXYHYDROCINNAMATE(D203427\/1)<\/div>\n<\/div>\n<div class=\"tab js-tab\">\n<h3 class=\"tab-title pdp-tabs_title js-tab-mobile-title\"><span>Livraison et stock<\/span><\/h3>\n<div class=\"tab-description pdp-tabs_description js-tab-description\">\n<div class=\"pdp-delivery_info\">\n<div class=\"content-asset\"><a class=\"pdp-delivery_link\" href=\"\/livraison-delais\/\">Livraison et d\u00e9lais<\/a><a class=\"pdp-delivery_link\" href=\"\/retours-remboursements\/\">Retours et remboursements<\/a><\/div>\n<\/div>\n<\/div>\n<\/div>\n<\/div>\n<\/div>\n<\/div>\n","protected":false},"excerpt":{"rendered":"<p>Points cl\u00e9s Ton sur ton Brillance miroir 50% de couverture des cheveux blancs Sans ammoniaque&hellip;<\/p>\n","protected":false},"featured_media":34540,"comment_status":"open","ping_status":"closed","template":"","meta":[],"pwb-brand":[647],"product_cat":[320],"product_tag":[317,230,321],"class_list":{"0":"post-34484","1":"product","2":"type-product","3":"status-publish","4":"has-post-thumbnail","6":"pwb-brand-redken","7":"product_cat-coloration-semi-permanente","8":"product_tag-coloration","9":"product_tag-coloration-semi-permanente","10":"product_tag-redken","12":"first","13":"instock","14":"taxable","15":"shipping-taxable","16":"purchasable","17":"product-type-variable","18":"layout-style-3","19":"col-md-4 col-sm-4 col-xs-6","20":"col-lg-3","21":"product-has-gallery","22":"product-style-default"},"aioseo_notices":[],"brands":[{"id":647,"name":"Redken","slug":"redken"}],"_links":{"self":[{"href":"https:\/\/cheveuxluxe.com\/index.php\/wp-json\/wp\/v2\/product\/34484","targetHints":{"allow":["GET"]}}],"collection":[{"href":"https:\/\/cheveuxluxe.com\/index.php\/wp-json\/wp\/v2\/product"}],"about":[{"href":"https:\/\/cheveuxluxe.com\/index.php\/wp-json\/wp\/v2\/types\/product"}],"replies":[{"embeddable":true,"href":"https:\/\/cheveuxluxe.com\/index.php\/wp-json\/wp\/v2\/comments?post=34484"}],"version-history":[{"count":0,"href":"https:\/\/cheveuxluxe.com\/index.php\/wp-json\/wp\/v2\/product\/34484\/revisions"}],"wp:featuredmedia":[{"embeddable":true,"href":"https:\/\/cheveuxluxe.com\/index.php\/wp-json\/wp\/v2\/media\/34540"}],"wp:attachment":[{"href":"https:\/\/cheveuxluxe.com\/index.php\/wp-json\/wp\/v2\/media?parent=34484"}],"wp:term":[{"taxonomy":"pwb-brand","embeddable":true,"href":"https:\/\/cheveuxluxe.com\/index.php\/wp-json\/wp\/v2\/pwb-brand?post=34484"},{"taxonomy":"product_cat","embeddable":true,"href":"https:\/\/cheveuxluxe.com\/index.php\/wp-json\/wp\/v2\/product_cat?post=34484"},{"taxonomy":"product_tag","embeddable":true,"href":"https:\/\/cheveuxluxe.com\/index.php\/wp-json\/wp\/v2\/product_tag?post=34484"}],"curies":[{"name":"wp","href":"https:\/\/api.w.org\/{rel}","templated":true}]}}