{"id":35213,"date":"2024-04-14T13:58:19","date_gmt":"2024-04-14T13:58:19","guid":{"rendered":"https:\/\/cheveuxluxe.com\/?post_type=product&#038;p=35213"},"modified":"2024-04-14T14:03:29","modified_gmt":"2024-04-14T14:03:29","slug":"paul-mitchell-coloration-demi-permanente-the-demi-60ml","status":"publish","type":"product","link":"https:\/\/cheveuxluxe.com\/index.php\/product\/paul-mitchell-coloration-demi-permanente-the-demi-60ml\/","title":{"rendered":"Paul Mitchell Coloration Demi-Permanente The Demi 60ml"},"content":{"rendered":"<div class=\"product-content_bottom\">\n<div class=\"pdp-info\">\n<div class=\"pdp-tabs tab-container\">\n<div class=\"tab js-tab\">\n<h3 class=\"tab-title pdp-tabs_title js-tab-mobile-title open\"><span>Points cl\u00e9s<\/span><\/h3>\n<div class=\"tab-description pdp-tabs_description js-tab-description open\" itemprop=\"description\">\n<ul>\n<li>Couleur liquide semi-permanente 100 % v\u00e9g\u00e9talienne pour des r\u00e9sultats qui durent jusqu&rsquo;\u00e0 4-6 semaines.<\/li>\n<li>PH neutre avec des lipides d&rsquo;origine v\u00e9g\u00e9tale et de l&rsquo;acide ol\u00e9ique pour nourrir et revitaliser<\/li>\n<li>La formule sans ammoniaque, sans MEA et sans lifting n&rsquo;\u00e9claircit pas le pigment naturel du cheveu<\/li>\n<li>Des nuances faciles \u00e0 formuler et \u00e0 m\u00e9langer, avec un temps de traitement rapide de 5 \u00e0 20 minutes<\/li>\n<li>Formule polyvalente pour une gamme de services professionnels de coloration rapides et faciles, y compris la tonification, le rafra\u00eechissement, la correction de la couleur et l&rsquo;estompement des gris<\/li>\n<\/ul>\n<\/div>\n<\/div>\n<div class=\"tab js-tab\">\n<h3 class=\"tab-title pdp-tabs_title js-tab-mobile-title\"><span>Description<\/span><\/h3>\n<div class=\"tab-description pdp-tabs_description js-tab-description\" itemprop=\"description\">Veuillez lire attentivement tous les avertissements, les consignes de s\u00e9curit\u00e9, le mode d\u2019emploi et les informations relatives au test pr\u00e9liminaire d\u2019allergie figurant sur l\u2019encart inclus avant toute utilisation. Veuillez suivre les instructions.<\/p>\n<p>CONTIENT: R\u00e9sorcine 1, Diaminobenz\u00e8nes 2. Ce produit n\u2019est pas destin\u00e9 \u00e0 \u00eatre utilis\u00e9 sur les personnes de moins de 16 ans. Les tatouages temporaires noirs \u00e0 base de henn\u00e9 peuvent augmenter le risque d\u2019allergie. Ne vous colorez pas le cheveux si: vous pr\u00e9sentez une \u00e9ruption cutan\u00e9e sur le visage ou si votre cuir chevelu est sensible, irrit\u00e9 ou abim\u00e9; vous avez d\u00e9j\u00e0 fait une r\u00e9action apr\u00e8s avoir color\u00e9 vos cheveux; vous avez fait par le pass\u00e9 une r\u00e9action \u00e0 un tatouage temporaire noir \u00e0 base de henn\u00e9. Ne pas employer pour la coloration des cils et des sourcils. Danger de c\u00e9cit\u00e9. \u00c9viter tout contact avec les yeux. Rincer imm\u00e9diatement les yeux si le produit entre en contact avec ceux-ci. Si l\u2019irritation oculaire persiste: consulter un m\u00e9decin. Porter des gants ad\u00e9quats. Rincer bien les cheveux apr\u00e8s application. Le ration de m\u00e9lange 1:1 (couleur + r\u00e9v\u00e9lateur) doit \u00eatre respect\u00e9.<\/p><\/div>\n<\/div>\n<div class=\"tab js-tab\">\n<h3 class=\"tab-title pdp-tabs_title js-tab-mobile-title\"><span>Mode d&#8217;emploi<\/span><\/h3>\n<div class=\"tab-description pdp-tabs_description js-tab-description\">Mode d\u2019emploi: toujours m\u00e9langer le the demi et le processing liquid (r\u00e9v\u00e9lateur) en quantit\u00e9s identiques (rapport 1:1). Les flash toners peuvent \u00eatre m\u00e9lang\u00e9s avec d\u2019autres nuances flash toner ou clear, mais il n\u2019est pas recommand\u00e9 de les m\u00e9langer avec d\u2019autres nuances the demi. Les nuances lavender, rose gold, silver et evening jade muted metallics ne peuvent pas \u00eatre m\u00e9lang\u00e9s avec d\u2019autres nuances, \u00e0 l\u2019exception de clear.<\/p>\n<p>Application: appliquez sur cheveux secs en utilisant soit le flacon applicateur soit un bol et un pinceau. Appliquez des racines aux extr\u00eamit\u00e9s. Peut \u00eatre appliqu\u00e9 sur cheveux humides apr\u00e8s un balayage, une permanente ou un relaxant.<\/p>\n<p>Temps de traitement standard: 20 minutes. Temps de travail de la teinture: 2-10 minutes. Ne pas travailler \u00e0 la chaleur.Une fois le processus termin\u00e9, \u00e9mulsionnez, rincez, shampouinez et appliquez un soin si d\u00e9sir\u00e9.<\/p><\/div>\n<\/div>\n<div class=\"tab js-tab\">\n<h3 class=\"tab-title pdp-tabs_title js-tab-mobile-title\"><span>Ingr\u00e9dients<\/span><\/h3>\n<div class=\"tab-description pdp-tabs_description js-tab-description\">Aqua (Water, Eau), Laureth-2, Oleic Acid, Propylene Glycol, Ethoxydiglycol, Dimethyl Isosorbide, Isopropyl Alcohol, Aminomethyl Propanol, Steareth-20, Linoleic Acid, Sodium Lauryl Sulfate, Ceteth-2, Di-C12-C15 Alketh-4 Phosphate, Lauryl Alcohol, Linolenic Acid, Myristic Acid, Palmitic Acid, PEG-12 Dimethicone, Dihydroxypropyl PEG-5 Linoleammonium Chloride, Myristyl Alcohol, Erythorbic Acid, Disodium EDTA, Stearic Acid, Hydrolyzed Soy Protein, Sodium Hydroxide, Sodium Sulfite, Phenoxyethanol, 2-Amino-4-Hydroxyethylaminoanisole Sulfate, 2-Amino-3-Hydroxypyridine, 4-Amino-2-Hydroxytoluene, 1-Hydroxyethyl-4,5-Diamino Pyrazole Sulfate, 1-Naphthol, p-Phenylenediamine, Resorcinol, Parfum (Fragrance), Benzyl Salicylate, Eugenol, Hexyl Cinnamal, Limonene, Linalool.<\/div>\n<\/div>\n<div class=\"tab js-tab\">\n<h3 class=\"tab-title pdp-tabs_title js-tab-mobile-title\"><span>Livraison et stock<\/span><\/h3>\n<div class=\"tab-description pdp-tabs_description js-tab-description\">\n<div class=\"pdp-delivery_info\">\n<div class=\"content-asset\"><a class=\"pdp-delivery_link\" href=\"\/livraison-delais\/\">Livraison et d\u00e9lais<\/a><a class=\"pdp-delivery_link\" href=\"\/retours-remboursements\/\">Retours et remboursements<\/a><\/div>\n<\/div>\n<\/div>\n<\/div>\n<div class=\"tab js-tab\">\n<h3 class=\"tab-title pdp-tabs_title js-tab-mobile-title\"><span>Pr\u00e9cautions d&#8217;emploi<\/span><\/h3>\n<div class=\"tab-description pdp-tabs_description js-tab-description\">NE PAS TRAVAILLER \u00c0 LA CHALEUR.<br \/><vr>Une fois le processus termin\u00e9, \u00e9mulsionnez, rincez, shampouinez et appliquez un soin si d\u00e9sir\u00e9.<\/p>\n<p>ATTENTION: Les colorants pour cheveux peuvent provoquer des reactions allergiques graves.<\/vr><\/div>\n<\/div>\n<\/div>\n<\/div>\n<\/div>\n","protected":false},"excerpt":{"rendered":"<p>Points cl\u00e9s Couleur liquide semi-permanente 100 % v\u00e9g\u00e9talienne pour des r\u00e9sultats qui durent jusqu&rsquo;\u00e0 4-6&hellip;<\/p>\n","protected":false},"featured_media":35257,"comment_status":"open","ping_status":"closed","template":"","meta":[],"pwb-brand":[660],"product_cat":[320],"product_tag":[317,230,373],"class_list":{"0":"post-35213","1":"product","2":"type-product","3":"status-publish","4":"has-post-thumbnail","6":"pwb-brand-paul-mitchell","7":"product_cat-coloration-semi-permanente","8":"product_tag-coloration","9":"product_tag-coloration-semi-permanente","10":"product_tag-paul-mitchell","12":"first","13":"instock","14":"taxable","15":"shipping-taxable","16":"purchasable","17":"product-type-variable","18":"layout-style-3","19":"col-md-4 col-sm-4 col-xs-6","20":"col-lg-3","21":"product-has-gallery","22":"product-style-default"},"aioseo_notices":[],"brands":[{"id":660,"name":"Paul Mitchell","slug":"paul-mitchell"}],"_links":{"self":[{"href":"https:\/\/cheveuxluxe.com\/index.php\/wp-json\/wp\/v2\/product\/35213","targetHints":{"allow":["GET"]}}],"collection":[{"href":"https:\/\/cheveuxluxe.com\/index.php\/wp-json\/wp\/v2\/product"}],"about":[{"href":"https:\/\/cheveuxluxe.com\/index.php\/wp-json\/wp\/v2\/types\/product"}],"replies":[{"embeddable":true,"href":"https:\/\/cheveuxluxe.com\/index.php\/wp-json\/wp\/v2\/comments?post=35213"}],"version-history":[{"count":0,"href":"https:\/\/cheveuxluxe.com\/index.php\/wp-json\/wp\/v2\/product\/35213\/revisions"}],"wp:featuredmedia":[{"embeddable":true,"href":"https:\/\/cheveuxluxe.com\/index.php\/wp-json\/wp\/v2\/media\/35257"}],"wp:attachment":[{"href":"https:\/\/cheveuxluxe.com\/index.php\/wp-json\/wp\/v2\/media?parent=35213"}],"wp:term":[{"taxonomy":"pwb-brand","embeddable":true,"href":"https:\/\/cheveuxluxe.com\/index.php\/wp-json\/wp\/v2\/pwb-brand?post=35213"},{"taxonomy":"product_cat","embeddable":true,"href":"https:\/\/cheveuxluxe.com\/index.php\/wp-json\/wp\/v2\/product_cat?post=35213"},{"taxonomy":"product_tag","embeddable":true,"href":"https:\/\/cheveuxluxe.com\/index.php\/wp-json\/wp\/v2\/product_tag?post=35213"}],"curies":[{"name":"wp","href":"https:\/\/api.w.org\/{rel}","templated":true}]}}