{"id":35319,"date":"2024-04-14T14:01:35","date_gmt":"2024-04-14T14:01:35","guid":{"rendered":"https:\/\/cheveuxluxe.com\/?post_type=product&#038;p=35319"},"modified":"2024-04-14T14:03:57","modified_gmt":"2024-04-14T14:03:57","slug":"revlon-nutri-color-filters-240ml","status":"publish","type":"product","link":"https:\/\/cheveuxluxe.com\/index.php\/product\/revlon-nutri-color-filters-240ml\/","title":{"rendered":"Revlon Nutri Color Filters 240ml"},"content":{"rendered":"<div class=\"product-content_bottom\">\n<div class=\"pdp-info\">\n<div class=\"pdp-tabs tab-container\">\n<div class=\"tab js-tab\">\n<h3 class=\"tab-title pdp-tabs_title js-tab-mobile-title open\"><span>Points cl\u00e9s<\/span><\/h3>\n<div class=\"tab-description pdp-tabs_description js-tab-description open\" itemprop=\"description\">\n<ul>\n<li>Nutri Color\u2122 Filters offre une coloration semi-permanente intense, un soin et de la brillance dans une formule unique de masque cr\u00e8me<\/li>\n<li>La provitamine B5 prot\u00e8ge, nourrit et r\u00e9duit la casse pour des cheveux en meilleure sant\u00e9<\/li>\n<li>Les pigments ioniques se fixent aux cuticules des cheveux pour une couleur multidimensionnelle et instantan\u00e9e en seulement 3 minutes<\/li>\n<li>Parfait pour rafra\u00eechir la coloration ou les effets cr\u00e9atifs<\/li>\n<li>Une palette de couleurs enti\u00e8rement miscibles.<\/li>\n<\/ul>\n<\/div>\n<\/div>\n<div class=\"tab js-tab\">\n<h3 class=\"tab-title pdp-tabs_title js-tab-mobile-title\"><span>Description<\/span><\/h3>\n<div class=\"tab-description pdp-tabs_description js-tab-description\" itemprop=\"description\">La cr\u00e8me Revlon Nutri Color\u2122 Filters Cream, avec ses filtres sublimateurs de couleur, vous invite \u00e0 oser bien au-del\u00e0 de la couleur gr\u00e2ce \u00e0 la nouvelle technologie Insta-Pic 3-en-1 : Une couleur, un soin et une brillance intenses dans un masque unique qui ouvre un monde de possibilit\u00e9s multichromatiques.<br \/>Gr\u00e2ce \u00e0 la provitamine B5, les masques Nutri Color\u2122 subliment, prot\u00e8gent et nourrissent pour des cheveux en meilleure sant\u00e9. Ils d\u00e9m\u00ealent et r\u00e9duisent la casse, sans les alourdir. Les pigments ioniques intensifient votre couleur en se fixant \u00e0 la cuticule du cheveu par interaction \u00e9lectrostatique pour offrir une couleur \u00e9clatante, instantan\u00e9e et multidimensionnelle en seulement 3 minutes. Gr\u00e2ce \u00e0 sa formule enrichie en agents cosm\u00e9tiques, Nutri Color\u2122 Filters lisse et fixe les cuticules des cheveux pour une brillance intense, saine et \u00e9clatante. Les nuances miscibles permettent d\u2019atteindre le summum de la personnalisation. Il suffit de les m\u00e9langer pour obtenir votre propre nuance !<\/p>\n<p>Principaux b\u00e9n\u00e9fices :<\/p>\n<ul>\n<li>Une couleur multidimensionnelle et instantan\u00e9e en seulement 3 minutes<\/li>\n<li>Une palette de couleurs miscibles pour des nuances personnalis\u00e9es<\/li>\n<li>La provitamine B5 r\u00e9duit la casse tout en nourrissant et en d\u00e9m\u00ealant les cheveux<\/li>\n<li>Une formule enrichie en agents cosm\u00e9tiques pour fixer les cuticules et obtenir une brillance intense et saine<\/li>\n<li>Un emballage 100 % recyclable.<\/li>\n<\/ul>\n<\/div>\n<\/div>\n<div class=\"tab js-tab\">\n<h3 class=\"tab-title pdp-tabs_title js-tab-mobile-title\"><span>Mode d&#8217;emploi<\/span><\/h3>\n<div class=\"tab-description pdp-tabs_description js-tab-description\">Faites un shampooing et s\u00e9chez vos cheveux avec une serviette. Appliquez le Nutri Color\u2122 Filters.<br \/>Laissez agir : 3 minutes pour rafra\u00eechir la couleur, ou 15 minutes pour des couleurs tendance ou intenses sur des cheveux pr\u00e9-\u00e9claircis ou d\u00e9color\u00e9s.<br \/>Rincez abondamment et coiffez comme souhait\u00e9. Selon la couleur de base, la porosit\u00e9 du cheveu et le temps de traitement, le Nutri Color\u2122 Filters peut durer jusqu&rsquo;\u00e0 8 shampooings.<\/div>\n<\/div>\n<div class=\"tab js-tab\">\n<h3 class=\"tab-title pdp-tabs_title js-tab-mobile-title\"><span>Ingr\u00e9dients<\/span><\/h3>\n<div class=\"tab-description pdp-tabs_description js-tab-description\">Aqua\/Water\/Eau, Propylene Glycol, Cetyl Alcohol, Dicetyldimonium Chloride, Dimethicone, Stearamidopropyl Dimethylamine, Behentrimonium Chloride, Cetearyl Alcohol, Cetrimonium Chloride, Citric Acid, Dicaprylyl Carbonate, Dimethiconol, Ethylhexylglycerin, Hydroxyethylcellulose, Isopropyl Alcohol, Lauryl Glucoside, Panthenol, Polyquaternium-37, Parfum (Fragrance), Benzyl Alcohol, Basic Brown 17, Basic Red 76.<\/div>\n<\/div>\n<div class=\"tab js-tab\">\n<h3 class=\"tab-title pdp-tabs_title js-tab-mobile-title\"><span>Livraison et stock<\/span><\/h3>\n<div class=\"tab-description pdp-tabs_description js-tab-description\">\n<div class=\"pdp-delivery_info\">\n<div class=\"content-asset\"><a class=\"pdp-delivery_link\" href=\"\/livraison-delais\/\">Livraison et d\u00e9lais<\/a><a class=\"pdp-delivery_link\" href=\"\/retours-remboursements\/\">Retours et remboursements<\/a><\/div>\n<\/div>\n<\/div>\n<\/div>\n<\/div>\n<\/div>\n<\/div>\n","protected":false},"excerpt":{"rendered":"<p>Points cl\u00e9s Nutri Color\u2122 Filters offre une coloration semi-permanente intense, un soin et de la&hellip;<\/p>\n","protected":false},"featured_media":18167,"comment_status":"open","ping_status":"closed","template":"","meta":[],"pwb-brand":[659],"product_cat":[320],"product_tag":[317,230,372],"class_list":{"0":"post-35319","1":"product","2":"type-product","3":"status-publish","4":"has-post-thumbnail","6":"pwb-brand-revlon","7":"product_cat-coloration-semi-permanente","8":"product_tag-coloration","9":"product_tag-coloration-semi-permanente","10":"product_tag-revlon","12":"first","13":"instock","14":"taxable","15":"shipping-taxable","16":"purchasable","17":"product-type-variable","18":"layout-style-3","19":"col-md-4 col-sm-4 col-xs-6","20":"col-lg-3","21":"product-has-gallery","22":"product-style-default"},"aioseo_notices":[],"brands":[{"id":659,"name":"Revlon","slug":"revlon"}],"_links":{"self":[{"href":"https:\/\/cheveuxluxe.com\/index.php\/wp-json\/wp\/v2\/product\/35319","targetHints":{"allow":["GET"]}}],"collection":[{"href":"https:\/\/cheveuxluxe.com\/index.php\/wp-json\/wp\/v2\/product"}],"about":[{"href":"https:\/\/cheveuxluxe.com\/index.php\/wp-json\/wp\/v2\/types\/product"}],"replies":[{"embeddable":true,"href":"https:\/\/cheveuxluxe.com\/index.php\/wp-json\/wp\/v2\/comments?post=35319"}],"version-history":[{"count":0,"href":"https:\/\/cheveuxluxe.com\/index.php\/wp-json\/wp\/v2\/product\/35319\/revisions"}],"wp:featuredmedia":[{"embeddable":true,"href":"https:\/\/cheveuxluxe.com\/index.php\/wp-json\/wp\/v2\/media\/18167"}],"wp:attachment":[{"href":"https:\/\/cheveuxluxe.com\/index.php\/wp-json\/wp\/v2\/media?parent=35319"}],"wp:term":[{"taxonomy":"pwb-brand","embeddable":true,"href":"https:\/\/cheveuxluxe.com\/index.php\/wp-json\/wp\/v2\/pwb-brand?post=35319"},{"taxonomy":"product_cat","embeddable":true,"href":"https:\/\/cheveuxluxe.com\/index.php\/wp-json\/wp\/v2\/product_cat?post=35319"},{"taxonomy":"product_tag","embeddable":true,"href":"https:\/\/cheveuxluxe.com\/index.php\/wp-json\/wp\/v2\/product_tag?post=35319"}],"curies":[{"name":"wp","href":"https:\/\/api.w.org\/{rel}","templated":true}]}}