{"id":35345,"date":"2024-04-14T14:02:21","date_gmt":"2024-04-14T14:02:21","guid":{"rendered":"https:\/\/cheveuxluxe.com\/?post_type=product&#038;p=35345"},"modified":"2024-04-14T14:04:43","modified_gmt":"2024-04-14T14:04:43","slug":"vitalitys-creme-colorante-tone-intense","status":"publish","type":"product","link":"https:\/\/cheveuxluxe.com\/index.php\/product\/vitalitys-creme-colorante-tone-intense\/","title":{"rendered":"Vitality&rsquo;s Cr\u00e8me Colorante Tone Intense"},"content":{"rendered":"<div class=\"product-content_bottom\">\n<div class=\"pdp-info\">\n<div class=\"pdp-tabs tab-container\">\n<div class=\"tab js-tab\">\n<h3 class=\"tab-title pdp-tabs_title js-tab-mobile-title open\"><span>Points cl\u00e9s<\/span><\/h3>\n<div class=\"tab-description pdp-tabs_description js-tab-description open\" itemprop=\"description\">\n<ul>\n<li> Tonalit\u00e9<\/li>\n<li>Luminosit\u00e9<\/li>\n<li>Naturel<\/li>\n<li>Reflets<\/li>\n<li>Brillance <\/li>\n<\/ul>\n<\/div>\n<\/div>\n<div class=\"tab js-tab\">\n<h3 class=\"tab-title pdp-tabs_title js-tab-mobile-title\"><span>Description<\/span><\/h3>\n<div class=\"tab-description pdp-tabs_description js-tab-description\" itemprop=\"description\">Vous \u00eates \u00e0 la recherche d\u2019une couleur parfaite, lumineuse et qui masque avant tout vos cheveux blancs ? Vitality\u2019s a cr\u00e9\u00e9 pour vous la Cr\u00e8me Colorante Tone Intense.Le logo de Tone, un bouton d\u2019allumage, traduit l\u2019acc\u00e8s a? une nouvelle mani\u00e8re de se teindre les cheveux. C\u2019est une coloration subtile, ton sur ton, sans ammoniaque qui s\u2019estompe graduellement avec le temps. Elle n\u2019\u00e9claircit pas la base. R\u00e9sultat, une couleur parfaitement naturelle.Gr\u00e2ce a? la Switch-on Technology, chaque nuance a \u00e9t\u00e9 d\u00e9compos\u00e9e dans toutes ses tonalit\u00e9s afin d\u2019\u00e9quilibrer scientifiquement les pourcentages de pigments color\u00e9s et d\u2019obtenir ainsi des nuances pures.Intense assure 70% de couvrance des cheveux blancs et sublime la couleur naturelle en apportant un reflet aux cheveux et en ravivant la couleur cosm\u00e9tique.<\/div>\n<\/div>\n<div class=\"tab js-tab\">\n<h3 class=\"tab-title pdp-tabs_title js-tab-mobile-title\"><span>Mode d&#8217;emploi<\/span><\/h3>\n<div class=\"tab-description pdp-tabs_description js-tab-description\">Dans un r\u00e9cipient non m\u00e9tallique, m\u00e9langez soigneusement la Cr\u00e8me Colorante Tone Intense de Vitality\u2019s avec l\u2019Activateur Tone (1.9%-6Vol ou 4%-13Vol), afin d&rsquo;obtenir un m\u00e9lange homog\u00e8ne, puis appliquez sur la chevelure. Bien respecter le temps de pose indiqu\u00e9 et terminez toujours par un shampooing sp\u00e9cifique post-coloration. Le m\u00e9lange est de 1+2.<\/div>\n<\/div>\n<div class=\"tab js-tab\">\n<h3 class=\"tab-title pdp-tabs_title js-tab-mobile-title\"><span>Ingr\u00e9dients<\/span><\/h3>\n<div class=\"tab-description pdp-tabs_description js-tab-description\">Aqua, Water, Eau, Cetearyl Alcohol, Propylene Glycol, Ammonia, Dicetyl Phosphate, Trisodium Ethylenediamine Disuccinate, Ceteth-10 Phosphate, Steareth-200, 2-Methoxymethyl-p-Phenylenediamine, Ammonium Sulfate, Sodium Sulfate, Xanthan Gum, Hydroxyethyl-3, 4-Methylenedioxyaniline HCl, Sodium Hydroxide, Sodium Sulfite, Ascorbic Acid, Parfum, Fragrance, Resorcinol, CI 77891, Titanium Dioxide, Disodium EDTA, 1-Naphthol, 2-Amino-4-Hydroxyethylaminoanisole Sulfate<\/div>\n<\/div>\n<div class=\"tab js-tab\">\n<h3 class=\"tab-title pdp-tabs_title js-tab-mobile-title\"><span>Livraison et stock<\/span><\/h3>\n<div class=\"tab-description pdp-tabs_description js-tab-description\">\n<div class=\"pdp-delivery_info\">\n<div class=\"content-asset\"><a class=\"pdp-delivery_link\" href=\"\/livraison-delais\/\">Livraison et d\u00e9lais<\/a><a class=\"pdp-delivery_link\" href=\"\/retours-remboursements\/\">Retours et remboursements<\/a><\/div>\n<\/div>\n<\/div>\n<\/div>\n<\/div>\n<\/div>\n<\/div>\n","protected":false},"excerpt":{"rendered":"<p>Points cl\u00e9s Tonalit\u00e9 Luminosit\u00e9 Naturel Reflets Brillance Description Vous \u00eates \u00e0 la recherche d\u2019une couleur&hellip;<\/p>\n","protected":false},"featured_media":19132,"comment_status":"open","ping_status":"closed","template":"","meta":[],"pwb-brand":[651],"product_cat":[320],"product_tag":[317,230,333],"class_list":{"0":"post-35345","1":"product","2":"type-product","3":"status-publish","4":"has-post-thumbnail","6":"pwb-brand-vitalitys","7":"product_cat-coloration-semi-permanente","8":"product_tag-coloration","9":"product_tag-coloration-semi-permanente","10":"product_tag-vitalitys","12":"first","13":"instock","14":"taxable","15":"shipping-taxable","16":"purchasable","17":"product-type-variable","18":"layout-style-3","19":"col-md-4 col-sm-4 col-xs-6","20":"col-lg-3","21":"product-has-gallery","22":"product-style-default"},"aioseo_notices":[],"brands":[{"id":651,"name":"Vitality's","slug":"vitalitys"}],"_links":{"self":[{"href":"https:\/\/cheveuxluxe.com\/index.php\/wp-json\/wp\/v2\/product\/35345","targetHints":{"allow":["GET"]}}],"collection":[{"href":"https:\/\/cheveuxluxe.com\/index.php\/wp-json\/wp\/v2\/product"}],"about":[{"href":"https:\/\/cheveuxluxe.com\/index.php\/wp-json\/wp\/v2\/types\/product"}],"replies":[{"embeddable":true,"href":"https:\/\/cheveuxluxe.com\/index.php\/wp-json\/wp\/v2\/comments?post=35345"}],"version-history":[{"count":0,"href":"https:\/\/cheveuxluxe.com\/index.php\/wp-json\/wp\/v2\/product\/35345\/revisions"}],"wp:featuredmedia":[{"embeddable":true,"href":"https:\/\/cheveuxluxe.com\/index.php\/wp-json\/wp\/v2\/media\/19132"}],"wp:attachment":[{"href":"https:\/\/cheveuxluxe.com\/index.php\/wp-json\/wp\/v2\/media?parent=35345"}],"wp:term":[{"taxonomy":"pwb-brand","embeddable":true,"href":"https:\/\/cheveuxluxe.com\/index.php\/wp-json\/wp\/v2\/pwb-brand?post=35345"},{"taxonomy":"product_cat","embeddable":true,"href":"https:\/\/cheveuxluxe.com\/index.php\/wp-json\/wp\/v2\/product_cat?post=35345"},{"taxonomy":"product_tag","embeddable":true,"href":"https:\/\/cheveuxluxe.com\/index.php\/wp-json\/wp\/v2\/product_tag?post=35345"}],"curies":[{"name":"wp","href":"https:\/\/api.w.org\/{rel}","templated":true}]}}