{"id":35521,"date":"2024-04-14T14:06:35","date_gmt":"2024-04-14T14:06:35","guid":{"rendered":"https:\/\/cheveuxluxe.com\/?post_type=product&#038;p=35521"},"modified":"2024-04-14T14:08:04","modified_gmt":"2024-04-14T14:08:04","slug":"wella-professionals-color-fresh-create-coloration-temporaire-60ml","status":"publish","type":"product","link":"https:\/\/cheveuxluxe.com\/index.php\/product\/wella-professionals-color-fresh-create-coloration-temporaire-60ml\/","title":{"rendered":"Wella Professionals Color Fresh Create Coloration Temporaire 60ml"},"content":{"rendered":"<div class=\"product-content_bottom\">\n<div class=\"pdp-info\">\n<div class=\"pdp-tabs tab-container\">\n<div class=\"tab js-tab\">\n<h3 class=\"tab-title pdp-tabs_title js-tab-mobile-title open\"><span>Points cl\u00e9s<\/span><\/h3>\n<div class=\"tab-description pdp-tabs_description js-tab-description open\" itemprop=\"description\">\n<ul>\n<li>Une palette de colorations temporaires flamboyantes et expressives<\/li>\n<li>Avec 12 nuances lumineuses con\u00e7ues sp\u00e9cialement et 3 additifs<\/li>\n<li>Associations infinies, effets pastel et r\u00e9sultats de tons superbes<\/li>\n<li>Nuances qui s\u2019estompent naturellement et durent jusqu\u2019\u00e0 20 lavages<\/li>\n<\/ul>\n<\/div>\n<\/div>\n<div class=\"tab js-tab\">\n<h3 class=\"tab-title pdp-tabs_title js-tab-mobile-title\"><span>Description<\/span><\/h3>\n<div class=\"tab-description pdp-tabs_description js-tab-description\" itemprop=\"description\">Color Fresh Create s&rsquo;efface au fil du temps et s\u2019estompe \u00e0 chaque lavage, se transformant progressivement en de belles et douces teintes pastel. Cela est d\u00fb \u00e0 des colorants soigneusement s\u00e9lectionn\u00e9s qui \u00e9vitent une d\u00e9coloration. Pour obtenir une pastelisation douce d\u00e8s le d\u00e9but, combinez une nuance expressive de Color Fresh Create avec Color Fresh Create Tomorrow Clear. Id\u00e9al pour le m\u00e9lange cr\u00e9atif et la cr\u00e9ativit\u00e9 illimit\u00e9e des couleurs avec un fondu encha\u00een\u00e9 fid\u00e8le aux tons.<\/div>\n<\/div>\n<div class=\"tab js-tab\">\n<h3 class=\"tab-title pdp-tabs_title js-tab-mobile-title\"><span>Mode d&#8217;emploi<\/span><\/h3>\n<div class=\"tab-description pdp-tabs_description js-tab-description\">Application directe\u00a0: Appliquez directement sur les cheveux blonds clairs naturels, blancs ou pr\u00e9-\u00e9claircis. Portez des gants et ne vous frottez pas \u00e0 la peau. Des teintes intenses peuvent tacher la peau. Pastelisation\u00a0: Pour des r\u00e9sultats audacieux, utilisez la couleur pure ou dilu\u00e9e avec Color Fresh CREATE Tomorrow Clear \u00e0 l&rsquo;intensit\u00e9 souhait\u00e9e, par exemple de 1:1 \u00e0 1:30, puis appliquez-la uniform\u00e9ment sur des cheveux propres, secs ou pr\u00e9-shampooin\u00e9s et s\u00e9ch\u00e9s \u00e0 la serviette. Peignez la couleur uniform\u00e9ment sur toute la longueur des cheveux pour obtenir un r\u00e9sultat uniforme. M\u00e9lange\u00a0: M\u00e9langez la quantit\u00e9 souhait\u00e9e dans un bol et appliquez directement sur les cheveux. \u00c9vitez tout contact direct avec la zone du cuir chevelu. Aucun d\u00e9veloppeur n&rsquo;est n\u00e9cessaire, totalement interchangeable. Temps de d\u00e9veloppement\u00a0: D\u00e9velopper pendant 20\u00a0minutes. Pour plus de pastelisation ou des teintes plus douces, d\u00e9veloppez pendant 5 \u00e0 10 minutes. Pour plus de dynamisme et d&rsquo;intensit\u00e9, prolongez la dur\u00e9e de d\u00e9veloppement jusqu&rsquo;\u00e0 30 minutes maximum. Retrait\u00a0: Rincez abondamment jusqu&rsquo;\u00e0 ce que l&rsquo;eau soit claire. Pour obtenir une couleur optimale, ne pas shampooiner les cheveux apr\u00e8s la coloration.<\/div>\n<\/div>\n<div class=\"tab js-tab\">\n<h3 class=\"tab-title pdp-tabs_title js-tab-mobile-title\"><span>Ingr\u00e9dients<\/span><\/h3>\n<div class=\"tab-description pdp-tabs_description js-tab-description\">Water, Eau, Cetearyl Alcohol, Propylene Glycol, Steareth-20, Phenoxyethanol, Mica, Potassium Phosphate, Titanium Dioxide, CI77891, Sodium Hydroxide, Citric Acid<\/div>\n<\/div>\n<div class=\"tab js-tab\">\n<h3 class=\"tab-title pdp-tabs_title js-tab-mobile-title\"><span>Livraison et stock<\/span><\/h3>\n<div class=\"tab-description pdp-tabs_description js-tab-description\">\n<div class=\"pdp-delivery_info\">\n<div class=\"content-asset\"><a class=\"pdp-delivery_link\" href=\"\/livraison-delais\/\">Livraison et d\u00e9lais<\/a><a class=\"pdp-delivery_link\" href=\"\/retours-remboursements\/\">Retours et remboursements<\/a><\/div>\n<\/div>\n<\/div>\n<\/div>\n<\/div>\n<\/div>\n<\/div>\n","protected":false},"excerpt":{"rendered":"<p>Points cl\u00e9s Une palette de colorations temporaires flamboyantes et expressives Avec 12 nuances lumineuses con\u00e7ues&hellip;<\/p>\n","protected":false},"featured_media":19629,"comment_status":"open","ping_status":"closed","template":"","meta":[],"pwb-brand":[648],"product_cat":[320],"product_tag":[317,230,323],"class_list":{"0":"post-35521","1":"product","2":"type-product","3":"status-publish","4":"has-post-thumbnail","6":"pwb-brand-wella-professionals","7":"product_cat-coloration-semi-permanente","8":"product_tag-coloration","9":"product_tag-coloration-semi-permanente","10":"product_tag-wella-professionals","12":"first","13":"instock","14":"taxable","15":"shipping-taxable","16":"purchasable","17":"product-type-variable","18":"layout-style-3","19":"col-md-4 col-sm-4 col-xs-6","20":"col-lg-3","21":"product-has-gallery","22":"product-style-default"},"aioseo_notices":[],"brands":[{"id":648,"name":"Wella Professionals","slug":"wella-professionals"}],"_links":{"self":[{"href":"https:\/\/cheveuxluxe.com\/index.php\/wp-json\/wp\/v2\/product\/35521","targetHints":{"allow":["GET"]}}],"collection":[{"href":"https:\/\/cheveuxluxe.com\/index.php\/wp-json\/wp\/v2\/product"}],"about":[{"href":"https:\/\/cheveuxluxe.com\/index.php\/wp-json\/wp\/v2\/types\/product"}],"replies":[{"embeddable":true,"href":"https:\/\/cheveuxluxe.com\/index.php\/wp-json\/wp\/v2\/comments?post=35521"}],"version-history":[{"count":0,"href":"https:\/\/cheveuxluxe.com\/index.php\/wp-json\/wp\/v2\/product\/35521\/revisions"}],"wp:featuredmedia":[{"embeddable":true,"href":"https:\/\/cheveuxluxe.com\/index.php\/wp-json\/wp\/v2\/media\/19629"}],"wp:attachment":[{"href":"https:\/\/cheveuxluxe.com\/index.php\/wp-json\/wp\/v2\/media?parent=35521"}],"wp:term":[{"taxonomy":"pwb-brand","embeddable":true,"href":"https:\/\/cheveuxluxe.com\/index.php\/wp-json\/wp\/v2\/pwb-brand?post=35521"},{"taxonomy":"product_cat","embeddable":true,"href":"https:\/\/cheveuxluxe.com\/index.php\/wp-json\/wp\/v2\/product_cat?post=35521"},{"taxonomy":"product_tag","embeddable":true,"href":"https:\/\/cheveuxluxe.com\/index.php\/wp-json\/wp\/v2\/product_tag?post=35521"}],"curies":[{"name":"wp","href":"https:\/\/api.w.org\/{rel}","templated":true}]}}