{"id":35524,"date":"2024-04-14T14:06:35","date_gmt":"2024-04-14T14:06:35","guid":{"rendered":"https:\/\/cheveuxluxe.com\/?post_type=product&#038;p=35524"},"modified":"2024-04-14T14:08:31","modified_gmt":"2024-04-14T14:08:31","slug":"schwarzkopf-professional-igora-royal-highlift-60ml-2","status":"publish","type":"product","link":"https:\/\/cheveuxluxe.com\/index.php\/product\/schwarzkopf-professional-igora-royal-highlift-60ml-2\/","title":{"rendered":"Schwarzkopf Professional Igora Royal Highlift 60ml"},"content":{"rendered":"<div class=\"product-content_bottom\">\n<div class=\"pdp-info\">\n<div class=\"pdp-tabs tab-container\">\n<div class=\"tab js-tab\">\n<h3 class=\"tab-title pdp-tabs_title js-tab-mobile-title open\"><span>Points cl\u00e9s<\/span><\/h3>\n<div class=\"tab-description pdp-tabs_description js-tab-description open\" itemprop=\"description\">\n<ul>\n<li>\u00c9claircissant Naturel<\/li>\n<li>Pour les bases 7 et 8<\/li>\n<\/ul>\n<\/div>\n<\/div>\n<div class=\"tab js-tab\">\n<h3 class=\"tab-title pdp-tabs_title js-tab-mobile-title\"><span>Description<\/span><\/h3>\n<div class=\"tab-description pdp-tabs_description js-tab-description\" itemprop=\"description\">Avec un effet \u00e9claircissant et une neutralisation optimale, la coloration IGORA ROYAL Highlifts 10-0 \u00c9claircissant Naturel est sp\u00e9cialement formul\u00e9e pour obtenir une nuance blonde claire ultime.<\/div>\n<\/div>\n<div class=\"tab js-tab\">\n<h3 class=\"tab-title pdp-tabs_title js-tab-mobile-title\"><span>Mode d&#8217;emploi<\/span><\/h3>\n<div class=\"tab-description pdp-tabs_description js-tab-description\">\u00c0 utiliser sur des bases 7 et 8.<br \/>Toujours m\u00e9langer la cr\u00e8me \u00e9claircissante IGORA ROYAL Highlifts avec le r\u00e9v\u00e9lateur enrichi en huile IGORA ROYAL Oil Developer.<br \/>Appliquez sur cheveux secs, ne pas faire de shampooing au pr\u00e9alable.<br \/>Appliquez le m\u00e9lange en fines sections imm\u00e9diatement apr\u00e8s la pr\u00e9paration.<br \/>Utilisez une quantit\u00e9 g\u00e9n\u00e9reuse du produit de coloration \u00e9claircissante pour les cheveux afin d&rsquo;obtenir le meilleur r\u00e9sultat possible.<\/div>\n<\/div>\n<div class=\"tab js-tab\">\n<h3 class=\"tab-title pdp-tabs_title js-tab-mobile-title\"><span>Ingr\u00e9dients<\/span><\/h3>\n<div class=\"tab-description pdp-tabs_description js-tab-description\">Aqua (Water, Eau)*Cetearyl Alcohol*Ammonium Hydroxide*Glyceryl Stearate SE*Ceteareth-20*Octyldodecanol*Sodium Laureth Sulfate*Succinic Acid*Sodium Cetearyl Sulfate*Potassium Hydroxide*Oleic Acid*Parfum (Fragrance)*Glycerin*Arginine*Lysine HCl*Carbomer*Polyquaternium-39*Etidronic Acid*Sodium Sulfite*Toluene-2,5-Diamine Sulfate*Resorcinol*Sodium Sulfate*Linoleamidopropyl PG-Dimonium Chloride Phosphate*Linalool*Propylene Glycol*Sodium Benzoate*Moringa Oleifera Seed Extract (Moringa Pterygosperma Seed Extract)*Chlorphenesin*Citric Acid*Methylparaben*Ethylparaben*Benzyl Alcohol*CI 77891 (Titanium Dioxide)<\/div>\n<\/div>\n<div class=\"tab js-tab\">\n<h3 class=\"tab-title pdp-tabs_title js-tab-mobile-title\"><span>Livraison et stock<\/span><\/h3>\n<div class=\"tab-description pdp-tabs_description js-tab-description\">\n<div class=\"pdp-delivery_info\">\n<div class=\"content-asset\"><a class=\"pdp-delivery_link\" href=\"\/livraison-delais\/\">Livraison et d\u00e9lais<\/a><a class=\"pdp-delivery_link\" href=\"\/retours-remboursements\/\">Retours et remboursements<\/a><\/div>\n<\/div>\n<\/div>\n<\/div>\n<div class=\"tab js-tab\">\n<h3 class=\"tab-title pdp-tabs_title js-tab-mobile-title\"><span>Pr\u00e9cautions d&#8217;emploi<\/span><\/h3>\n<div class=\"tab-description pdp-tabs_description js-tab-description\">Cr\u00e8me de coloration \u00e9claircissante permanente. Pour un usage professionnel uniquement. Les colorants capillaires peuvent provoquer des r\u00e9actions allergiques graves. Lire et suivre les instructions. Ce produit n&rsquo;est pas destin\u00e9 \u00e0 \u00eatre utilis\u00e9 sur des personnes de moins de 16 ans. Les tatouages temporaires au \u00ab\u00a0henn\u00e9 noir\u00a0\u00bb peuvent augmenter le risque d&rsquo;allergie. Ne colorez pas les cheveux de vos clients s&rsquo;ils : ont une \u00e9ruption cutan\u00e9e sur le visage ou un cuir chevelu sensible, irrit\u00e9 et endommag\u00e9 ; ont d\u00e9j\u00e0 eu une r\u00e9action apr\u00e8s avoir color\u00e9 leurs cheveux ; ou ont eu une r\u00e9action \u00e0 un tatouage temporaire au \u00ab\u00a0henn\u00e9 noir\u00a0\u00bb dans le pass\u00e9. Tenir hors de port\u00e9e des enfants. \u00c9vitez tout contact avec les yeux. Rincez imm\u00e9diatement si le produit entre en contact avec les yeux. Ne pas utiliser pour teindre les cils ou les sourcils. Bien rincer les cheveux apr\u00e8s l&rsquo;application. Portez des gants appropri\u00e9s. (USA\/CA) ATTENTION : Ce produit contient des ingr\u00e9dients qui peuvent provoquer une irritation de la peau chez certaines personnes et un test pr\u00e9liminaire selon les instructions jointes doit \u00eatre effectu\u00e9. Ce produit ne doit pas \u00eatre utilis\u00e9 pour la teinture des cils ou des sourcils. Cela pourrait entra\u00eener l&rsquo;aveuglement.<\/div>\n<\/div>\n<\/div>\n<\/div>\n<\/div>\n","protected":false},"excerpt":{"rendered":"<p>Points cl\u00e9s \u00c9claircissant Naturel Pour les bases 7 et 8 Description Avec un effet \u00e9claircissant&hellip;<\/p>\n","protected":false},"featured_media":34123,"comment_status":"open","ping_status":"closed","template":"","meta":[],"pwb-brand":[646],"product_cat":[320],"product_tag":[317,230,319],"class_list":{"0":"post-35524","1":"product","2":"type-product","3":"status-publish","4":"has-post-thumbnail","6":"pwb-brand-schwarzkopf-professional","7":"product_cat-coloration-semi-permanente","8":"product_tag-coloration","9":"product_tag-coloration-semi-permanente","10":"product_tag-schwarzkopf-professional","12":"first","13":"instock","14":"taxable","15":"shipping-taxable","16":"purchasable","17":"product-type-variable","18":"layout-style-3","19":"col-md-4 col-sm-4 col-xs-6","20":"col-lg-3","21":"product-has-gallery","22":"product-style-default"},"aioseo_notices":[],"brands":[{"id":646,"name":"Schwarzkopf Professional","slug":"schwarzkopf-professional"}],"_links":{"self":[{"href":"https:\/\/cheveuxluxe.com\/index.php\/wp-json\/wp\/v2\/product\/35524","targetHints":{"allow":["GET"]}}],"collection":[{"href":"https:\/\/cheveuxluxe.com\/index.php\/wp-json\/wp\/v2\/product"}],"about":[{"href":"https:\/\/cheveuxluxe.com\/index.php\/wp-json\/wp\/v2\/types\/product"}],"replies":[{"embeddable":true,"href":"https:\/\/cheveuxluxe.com\/index.php\/wp-json\/wp\/v2\/comments?post=35524"}],"version-history":[{"count":0,"href":"https:\/\/cheveuxluxe.com\/index.php\/wp-json\/wp\/v2\/product\/35524\/revisions"}],"wp:featuredmedia":[{"embeddable":true,"href":"https:\/\/cheveuxluxe.com\/index.php\/wp-json\/wp\/v2\/media\/34123"}],"wp:attachment":[{"href":"https:\/\/cheveuxluxe.com\/index.php\/wp-json\/wp\/v2\/media?parent=35524"}],"wp:term":[{"taxonomy":"pwb-brand","embeddable":true,"href":"https:\/\/cheveuxluxe.com\/index.php\/wp-json\/wp\/v2\/pwb-brand?post=35524"},{"taxonomy":"product_cat","embeddable":true,"href":"https:\/\/cheveuxluxe.com\/index.php\/wp-json\/wp\/v2\/product_cat?post=35524"},{"taxonomy":"product_tag","embeddable":true,"href":"https:\/\/cheveuxluxe.com\/index.php\/wp-json\/wp\/v2\/product_tag?post=35524"}],"curies":[{"name":"wp","href":"https:\/\/api.w.org\/{rel}","templated":true}]}}