{"id":35714,"date":"2024-04-14T14:12:36","date_gmt":"2024-04-14T14:12:36","guid":{"rendered":"https:\/\/cheveuxluxe.com\/?post_type=product&#038;p=35714"},"modified":"2024-04-14T14:13:22","modified_gmt":"2024-04-14T14:13:22","slug":"wella-professionals-color-touch-plus-coloration-semi-permanente-60ml","status":"publish","type":"product","link":"https:\/\/cheveuxluxe.com\/index.php\/product\/wella-professionals-color-touch-plus-coloration-semi-permanente-60ml\/","title":{"rendered":"Wella Professionals Color Touch Plus Coloration semi-permanente 60ml"},"content":{"rendered":"<div class=\"product-content_bottom\">\n<div class=\"pdp-info\">\n<div class=\"pdp-tabs tab-container\">\n<div class=\"tab js-tab\">\n<h3 class=\"tab-title pdp-tabs_title js-tab-mobile-title open\"><span>Points cl\u00e9s<\/span><\/h3>\n<div class=\"tab-description pdp-tabs_description js-tab-description open\" itemprop=\"description\">\n<ul>\n<li> Couvre jusqu\u2019\u00e0 70% des cheveux blancs<\/li>\n<li>Tenue longue dur\u00e9e<\/li>\n<li>Couleurs vibrantes <\/li>\n<\/ul>\n<\/div>\n<\/div>\n<div class=\"tab js-tab\">\n<h3 class=\"tab-title pdp-tabs_title js-tab-mobile-title\"><span>Description<\/span><\/h3>\n<div class=\"tab-description pdp-tabs_description js-tab-description\" itemprop=\"description\">La promesse de Color Touch Plus de Wella Professionals\u00ae ? Couvrir jusqu\u2019\u00e0 70% des cheveux blancs, et pour longtemps ! Cette coloration ton sur ton sans ammoniaque s\u2019estompe progressivement jusqu\u2019\u00e0 24 shampooings.Son secret ? Son complexe Light\u00b2 Color, compos\u00e9 de k\u00e9ratine et de cire naturelle, il uniformise la couleur et prend soin de la fibre capillaire pendant et apr\u00e8s la coloration. Gr\u00e2ce \u00e0 ses pigments r\u00e9flecteurs de lumi\u00e8re, les cheveux sont \u00e9clatants de beaut\u00e9 et d\u2019une brillance \u00e0 couper le souffle !Colour Touch Plus de Wella Professionals\u00ae, c\u2019est aussi une gamme de 16 nuances riches et vibrantes qui r\u00e9pondent \u00e0 toutes les envies, des couleurs les plus claires, aux plus gourmandes ainsi qu\u2019aux plus audacieuses !<\/div>\n<\/div>\n<div class=\"tab js-tab\">\n<h3 class=\"tab-title pdp-tabs_title js-tab-mobile-title\"><span>Mode d&#8217;emploi<\/span><\/h3>\n<div class=\"tab-description pdp-tabs_description js-tab-description\">Dans un bol non m\u00e9tallique, m\u00e9langez Color Touch Plus avec l&rsquo;\u00e9mulsion Color Touch Plus 4% appropri\u00e9e en respectant les proportions de 1:2, par exemple : 30 g de cr\u00e8me + 60 g d&rsquo;\u00e9mulsion. Lavez et s\u00e9chez les cheveux \u00e0 la serviette puis appliquez le m\u00e9lange uniform\u00e9ment des repousses aux pointes.Pour les temps de pause, pr\u00e9voyez 20 mn sans chaleur (15 mn apr\u00e8s une permanente ou un lissage). Si vous utilisez un appareil chauffant type Climazon, comptez 15 mn (10 mn apr\u00e8s une permanente ou un lissage).<\/div>\n<\/div>\n<div class=\"tab js-tab\">\n<h3 class=\"tab-title pdp-tabs_title js-tab-mobile-title\"><span>Ingr\u00e9dients<\/span><\/h3>\n<div class=\"tab-description pdp-tabs_description js-tab-description\">Enth\u00e4lt, Contient, Contiene, Bevat, Contains, Indeholder, Inneh\u00e5ller, Inneholder, , Sis\u00e4lt\u00e4\u00e4 1 = Phenylendiamine (Toluylendiamine), Ph\u00e9nyl\u00e8nediamines, (Tolu\u00e8nediamines), Diamminotolueni, Fenyleendiamine (diaminotolueen), Phenylenediamines, (Toluenediamines), Fenylendiaminer (Toluendiaminer), Phenylendiaminer, (Toluendiaminer), Fenyleenidiamiineja (Tolueenidiamiineja), 2 = Resorcin, , R\u00e9sorcine, Resorcina, Resorcinol, Resorsinolia, 3 = Phenylendiamin, Ph\u00e9nyl\u00e8nediamines, , Diamminobenzeni, Fenyleendiamine, Phenylenediamines, Fenylendiaminer, , Phenylendiaminer, Fenyleenidiamiineja, 4 = Ammoniak, Ammoniaque, , Ammoniaca, Ammonia, Ammoniakk, Ammoniakkia<\/div>\n<\/div>\n<div class=\"tab js-tab\">\n<h3 class=\"tab-title pdp-tabs_title js-tab-mobile-title\"><span>Livraison et stock<\/span><\/h3>\n<div class=\"tab-description pdp-tabs_description js-tab-description\">\n<div class=\"pdp-delivery_info\">\n<div class=\"content-asset\"><a class=\"pdp-delivery_link\" href=\"\/livraison-delais\/\">Livraison et d\u00e9lais<\/a><a class=\"pdp-delivery_link\" href=\"\/retours-remboursements\/\">Retours et remboursements<\/a><\/div>\n<\/div>\n<\/div>\n<\/div>\n<\/div>\n<\/div>\n<\/div>\n","protected":false},"excerpt":{"rendered":"<p>Points cl\u00e9s Couvre jusqu\u2019\u00e0 70% des cheveux blancs Tenue longue dur\u00e9e Couleurs vibrantes Description La&hellip;<\/p>\n","protected":false},"featured_media":35745,"comment_status":"open","ping_status":"closed","template":"","meta":[],"pwb-brand":[648],"product_cat":[320],"product_tag":[317,230,323],"class_list":{"0":"post-35714","1":"product","2":"type-product","3":"status-publish","4":"has-post-thumbnail","6":"pwb-brand-wella-professionals","7":"product_cat-coloration-semi-permanente","8":"product_tag-coloration","9":"product_tag-coloration-semi-permanente","10":"product_tag-wella-professionals","12":"first","13":"instock","14":"taxable","15":"shipping-taxable","16":"purchasable","17":"product-type-variable","18":"layout-style-3","19":"col-md-4 col-sm-4 col-xs-6","20":"col-lg-3","21":"product-has-gallery","22":"product-style-default"},"aioseo_notices":[],"brands":[{"id":648,"name":"Wella Professionals","slug":"wella-professionals"}],"_links":{"self":[{"href":"https:\/\/cheveuxluxe.com\/index.php\/wp-json\/wp\/v2\/product\/35714","targetHints":{"allow":["GET"]}}],"collection":[{"href":"https:\/\/cheveuxluxe.com\/index.php\/wp-json\/wp\/v2\/product"}],"about":[{"href":"https:\/\/cheveuxluxe.com\/index.php\/wp-json\/wp\/v2\/types\/product"}],"replies":[{"embeddable":true,"href":"https:\/\/cheveuxluxe.com\/index.php\/wp-json\/wp\/v2\/comments?post=35714"}],"version-history":[{"count":0,"href":"https:\/\/cheveuxluxe.com\/index.php\/wp-json\/wp\/v2\/product\/35714\/revisions"}],"wp:featuredmedia":[{"embeddable":true,"href":"https:\/\/cheveuxluxe.com\/index.php\/wp-json\/wp\/v2\/media\/35745"}],"wp:attachment":[{"href":"https:\/\/cheveuxluxe.com\/index.php\/wp-json\/wp\/v2\/media?parent=35714"}],"wp:term":[{"taxonomy":"pwb-brand","embeddable":true,"href":"https:\/\/cheveuxluxe.com\/index.php\/wp-json\/wp\/v2\/pwb-brand?post=35714"},{"taxonomy":"product_cat","embeddable":true,"href":"https:\/\/cheveuxluxe.com\/index.php\/wp-json\/wp\/v2\/product_cat?post=35714"},{"taxonomy":"product_tag","embeddable":true,"href":"https:\/\/cheveuxluxe.com\/index.php\/wp-json\/wp\/v2\/product_tag?post=35714"}],"curies":[{"name":"wp","href":"https:\/\/api.w.org\/{rel}","templated":true}]}}