{"id":35850,"date":"2024-04-14T14:15:47","date_gmt":"2024-04-14T14:15:47","guid":{"rendered":"https:\/\/cheveuxluxe.com\/?post_type=product&#038;p=35850"},"modified":"2024-04-14T14:16:34","modified_gmt":"2024-04-14T14:16:34","slug":"eugene-perma-blush-satine-coloration-semi-permanente-sans-ammoniaque-100ml-2","status":"publish","type":"product","link":"https:\/\/cheveuxluxe.com\/index.php\/product\/eugene-perma-blush-satine-coloration-semi-permanente-sans-ammoniaque-100ml-2\/","title":{"rendered":"Eugene Perma Blush Satine Coloration semi-permanente sans ammoniaque 100ml"},"content":{"rendered":"<div class=\"product-content_bottom\">\n<div class=\"pdp-info\">\n<div class=\"pdp-tabs tab-container\">\n<div class=\"tab js-tab\">\n<h3 class=\"tab-title pdp-tabs_title js-tab-mobile-title open\"><span>Points cl\u00e9s<\/span><\/h3>\n<div class=\"tab-description pdp-tabs_description js-tab-description open\" itemprop=\"description\">\n<ul>\n<li> Coloration directe <\/li>\n<li>Rectification de nuance<\/li>\n<li>Ravive les couleurs <\/li>\n<li>R\u00e9sultat naturel <\/li>\n<\/ul>\n<\/div>\n<\/div>\n<div class=\"tab js-tab\">\n<h3 class=\"tab-title pdp-tabs_title js-tab-mobile-title\"><span>Description<\/span><\/h3>\n<div class=\"tab-description pdp-tabs_description js-tab-description\" itemprop=\"description\">Pas toujours facile de se lancer dans une nouvelle couleur. Alors, pour aider vos clientes \u00e0 franchir le pas, pourquoi ne pas leur proposer une coloration directe ? Avec Eugene Perma\u00ae, osez un look qui change, sans contrainte : sans effet repousse, cette couleur s\u2019estompera progressivement au bout de 10 et 15 shampooings.Avec ce produit Eugene Perma\u00ae, vous pouvez \u00e9galement rectifier ou raviver une nuance, et accentuer les reflets naturels. Vous pouvez aussi utiliser Blush Satine pour couvrir les premiers cheveux blancs.Sans oxydation, ce produit prend soin des cheveux gr\u00e2ce \u00e0 sa technologie innovante Intuitive Color System. Blush Satine est recommand\u00e9 pour la coloration des cheveux cr\u00e9pus d\u00e9fris\u00e9s, et vous offre un r\u00e9sultat subtil et naturel sur des chevelures masculines.La gamme Blush Satine se d\u00e9cline en 25 teintes.<\/div>\n<\/div>\n<div class=\"tab js-tab\">\n<h3 class=\"tab-title pdp-tabs_title js-tab-mobile-title\"><span>Mode d&#8217;emploi<\/span><\/h3>\n<div class=\"tab-description pdp-tabs_description js-tab-description\">Cette coloration s\u2019utilise sur des cheveux lav\u00e9s et essor\u00e9s. Posez Blush Satine \u00e0 l\u2019aide d\u2019un pinceau, ou avec l\u2019embout applicateur. La texture de ce produit a \u00e9t\u00e9 pens\u00e9e pour faciliter la r\u00e9partition sur la chevelure.Pour une p\u00e9n\u00e9tration maximale, laisser poser entre 5 et 20 minutes sous un film plastique.<\/div>\n<\/div>\n<div class=\"tab js-tab\">\n<h3 class=\"tab-title pdp-tabs_title js-tab-mobile-title\"><span>Ingr\u00e9dients<\/span><\/h3>\n<div class=\"tab-description pdp-tabs_description js-tab-description\">BLUSH SATINE GRIS ACIER MOYEN, WATER, EAU, UREA, STEARAMIDOPROPYL DIMETHYLAMINE, CETEARYL ALCOHOL, DICAPRYLYL CARBONATE, GLYCERYL STEARATE, CETEARETH-20, PARFUM (FRAGRANCE), BASIC BLUE 99 (CI 56059), HC BLUE NO. 2, TOCOPHEROL, BASIC BROWN 16 (CI 12250), HEXYL CINNAMAL, LINALOOL, BUTYLPHENYL METHYLPROPIONAL, HYDROXYCITRONELLAL, LIMONENE, CITRONELLOL, BENZYL SALICYLATE, BENZYL BENZOATE, GERANIOL.<\/div>\n<\/div>\n<div class=\"tab js-tab\">\n<h3 class=\"tab-title pdp-tabs_title js-tab-mobile-title\"><span>Livraison et stock<\/span><\/h3>\n<div class=\"tab-description pdp-tabs_description js-tab-description\">\n<div class=\"pdp-delivery_info\">\n<div class=\"content-asset\"><a class=\"pdp-delivery_link\" href=\"\/livraison-delais\/\">Livraison et d\u00e9lais<\/a><a class=\"pdp-delivery_link\" href=\"\/retours-remboursements\/\">Retours et remboursements<\/a><\/div>\n<\/div>\n<\/div>\n<\/div>\n<\/div>\n<\/div>\n<\/div>\n","protected":false},"excerpt":{"rendered":"<p>Points cl\u00e9s Coloration directe Rectification de nuance Ravive les couleurs R\u00e9sultat naturel Description Pas toujours&hellip;<\/p>\n","protected":false},"featured_media":19250,"comment_status":"open","ping_status":"closed","template":"","meta":[],"pwb-brand":[650],"product_cat":[343],"product_tag":[317,226,331],"class_list":{"0":"post-35850","1":"product","2":"type-product","3":"status-publish","4":"has-post-thumbnail","6":"pwb-brand-eugene-perma-professionnel","7":"product_cat-coloration-temporaire-coloration-9","8":"product_tag-coloration","9":"product_tag-coloration-temporaire","10":"product_tag-eugene-perma-professionnel","12":"first","13":"instock","14":"taxable","15":"shipping-taxable","16":"purchasable","17":"product-type-variable","18":"layout-style-3","19":"col-md-4 col-sm-4 col-xs-6","20":"col-lg-3","21":"product-has-gallery","22":"product-style-default"},"aioseo_notices":[],"brands":[{"id":650,"name":"Eugene Perma Professionnel","slug":"eugene-perma-professionnel"}],"_links":{"self":[{"href":"https:\/\/cheveuxluxe.com\/index.php\/wp-json\/wp\/v2\/product\/35850","targetHints":{"allow":["GET"]}}],"collection":[{"href":"https:\/\/cheveuxluxe.com\/index.php\/wp-json\/wp\/v2\/product"}],"about":[{"href":"https:\/\/cheveuxluxe.com\/index.php\/wp-json\/wp\/v2\/types\/product"}],"replies":[{"embeddable":true,"href":"https:\/\/cheveuxluxe.com\/index.php\/wp-json\/wp\/v2\/comments?post=35850"}],"version-history":[{"count":0,"href":"https:\/\/cheveuxluxe.com\/index.php\/wp-json\/wp\/v2\/product\/35850\/revisions"}],"wp:featuredmedia":[{"embeddable":true,"href":"https:\/\/cheveuxluxe.com\/index.php\/wp-json\/wp\/v2\/media\/19250"}],"wp:attachment":[{"href":"https:\/\/cheveuxluxe.com\/index.php\/wp-json\/wp\/v2\/media?parent=35850"}],"wp:term":[{"taxonomy":"pwb-brand","embeddable":true,"href":"https:\/\/cheveuxluxe.com\/index.php\/wp-json\/wp\/v2\/pwb-brand?post=35850"},{"taxonomy":"product_cat","embeddable":true,"href":"https:\/\/cheveuxluxe.com\/index.php\/wp-json\/wp\/v2\/product_cat?post=35850"},{"taxonomy":"product_tag","embeddable":true,"href":"https:\/\/cheveuxluxe.com\/index.php\/wp-json\/wp\/v2\/product_tag?post=35850"}],"curies":[{"name":"wp","href":"https:\/\/api.w.org\/{rel}","templated":true}]}}